{"id":8357,"date":"2023-10-09T10:05:48","date_gmt":"2023-10-09T09:05:48","guid":{"rendered":"https:\/\/reparatur24.berlin\/?page_id=8357"},"modified":"2026-04-17T07:30:32","modified_gmt":"2026-04-17T06:30:32","slug":"geschirrspueler-reparatur","status":"publish","type":"page","link":"https:\/\/reparatur24.berlin\/staging\/geschirrspueler-reparatur\/","title":{"rendered":"Geschirrsp\u00fcler Reparatur Berlin- DUPLIKAT"},"content":{"rendered":"<p>[vc_row full_width=&#8220;stretch_row_content_no_spaces&#8220; gap=&#8220;35&#8243; equal_height=&#8220;yes&#8220;][vc_column width=&#8220;1\/4&#8243; css=&#8220;.vc_custom_1600885269069{border-top-width: 50px !important;border-left-width: 25px !important;padding-top: 50px !important;padding-left: 50px !important;background-color: #fbd232 !important;}&#8220;][vc_column_text css=&#8220;.vc_custom_1696838663170{padding-top: 35px !important;padding-bottom: 45px !important;padding-left: -30px !important;}&#8220;]<\/p>\n<h4><img loading=\"lazy\" decoding=\"async\" class=\"aligncenter wp-image-7819\" src=\"https:\/\/reparatur24.berlin\/staging\/wp-content\/uploads\/2020\/09\/zuhause-300x300.png\" alt=\"\" width=\"50\" height=\"50\" srcset=\"https:\/\/reparatur24.berlin\/staging\/wp-content\/uploads\/2020\/09\/zuhause-300x300.png 300w, https:\/\/reparatur24.berlin\/staging\/wp-content\/uploads\/2020\/09\/zuhause-150x150.png 150w, https:\/\/reparatur24.berlin\/staging\/wp-content\/uploads\/2020\/09\/zuhause-100x100.png 100w, https:\/\/reparatur24.berlin\/staging\/wp-content\/uploads\/2020\/09\/zuhause.png 512w\" sizes=\"auto, (max-width: 50px) 100vw, 50px\" \/><\/h4>\n<h4 style=\"text-align: center\">Vor-Ort Kundendienst<\/h4>\n<h4 style=\"text-align: center\">innerhalb von 24 Std.<\/h4>\n<h4 style=\"text-align: center\">24h-Hotline: \u00a0<a href=\"tel:030 \/ 58 74 07 55 0\">030 \/ 58 74 07 55 0<\/a><\/h4>\n<p>[\/vc_column_text][\/vc_column][vc_column width=&#8220;1\/4&#8243; css=&#8220;.vc_custom_1600885372306{background-color: #f4f4f4 !important;}&#8220;][vc_column_text css=&#8220;.vc_custom_1600885418318{padding-top: 25px !important;padding-bottom: 63px !important;}&#8220;]<img loading=\"lazy\" decoding=\"async\" class=\"aligncenter wp-image-4036\" src=\"https:\/\/reparatur24.berlin\/staging\/wp-content\/uploads\/2019\/10\/512px-IHK_Berlin_Logo-300x92.png\" alt=\"\" width=\"215\" height=\"66\" srcset=\"https:\/\/reparatur24.berlin\/staging\/wp-content\/uploads\/2019\/10\/512px-IHK_Berlin_Logo-300x92.png 300w, https:\/\/reparatur24.berlin\/staging\/wp-content\/uploads\/2019\/10\/512px-IHK_Berlin_Logo.png 512w\" sizes=\"auto, (max-width: 215px) 100vw, 215px\" \/><\/p>\n<h4 style=\"text-align: center\">IHK-Mitglied und Ingenieurbetrieb<\/h4>\n<p style=\"text-align: center\">mit \u00fcber 30 Jahre Erfahrung<\/p>\n<p>[\/vc_column_text][\/vc_column][vc_column width=&#8220;1\/4&#8243; css=&#8220;.vc_custom_1600885444853{background-color: #f4f4f4 !important;}&#8220;][vc_column_text css=&#8220;.vc_custom_1600885491069{padding-bottom: 63px !important;}&#8220;]<\/p>\n<h4 style=\"text-align: center\"><img loading=\"lazy\" decoding=\"async\" class=\"aligncenter wp-image-4039 size-medium\" src=\"https:\/\/reparatur24.berlin\/staging\/wp-content\/uploads\/2019\/10\/HWK_Berlin_RGB_S-300x108.png\" alt=\"\" width=\"300\" height=\"108\" srcset=\"https:\/\/reparatur24.berlin\/staging\/wp-content\/uploads\/2019\/10\/HWK_Berlin_RGB_S-300x108.png 300w, https:\/\/reparatur24.berlin\/staging\/wp-content\/uploads\/2019\/10\/HWK_Berlin_RGB_S-768x277.png 768w, https:\/\/reparatur24.berlin\/staging\/wp-content\/uploads\/2019\/10\/HWK_Berlin_RGB_S-1024x369.png 1024w, https:\/\/reparatur24.berlin\/staging\/wp-content\/uploads\/2019\/10\/HWK_Berlin_RGB_S.png 1966w\" sizes=\"auto, (max-width: 300px) 100vw, 300px\" \/>Fachwerkstatt<\/h4>\n<p style=\"text-align: center\">mit bis zu 24 Monaten Reparaturgarantie<\/p>\n<p>[\/vc_column_text][\/vc_column][vc_column width=&#8220;1\/4&#8243; css=&#8220;.vc_custom_1600885519591{background-color: #fbd232 !important;}&#8220;][vc_column_text css=&#8220;.vc_custom_1696838356805{padding-top: 45px !important;padding-bottom: 72px !important;}&#8220;]<\/p>\n<h4 style=\"text-align: center\"><strong>16\u20ac<\/strong><\/h4>\n<p>&nbsp;<\/p>\n<h2 style=\"text-align: center\">Anfahrt Inkl. Kostenvoranschlag<\/h2>\n<h4 style=\"text-align: center\"><\/h4>\n<p>[\/vc_column_text][\/vc_column][\/vc_row][vc_row][vc_column width=&#8220;2\/3&#8243;][vc_column_text css_animation=&#8220;bounceInLeft&#8220;]<\/p>\n<p class=\"western\"><strong>Schnell, kompetent &amp; g\u00fcnstig<\/strong><\/p>\n<p>Sie w\u00fcnschen sich Ihr Geschirrsp\u00fcler in gewohnter Qualit\u00e4t zur\u00fcck? Wir sind der richtige Ansprechpartner, denn wir haben uns auf die Reparatur von Geschirrsp\u00fclern spezialisiert. Wir schicken t\u00e4glich in Berlin Techniker zu unseren Kunden, die dort das Ger\u00e4t untersuchen und ein Angebot erstellt. F\u00fcr Anfahrt, Untersuchung und Kostenvoranschlag berechnen wir nur 16,- Euro.<br \/>\nL\u00e4sst sich der Fehler vor Ort reparieren, wird das sofort erledigt.<\/p>\n<p><strong>Der Geschirrsp\u00fcler zieht kein Wasser, was tun?<br \/>\n<\/strong>Es ist kein Druck auf dem Wasserhahn oder der Wasserzulauf der Sp\u00fclmaschine ist unterbrochen, weil der Wasserhahn verstopft ist. Es kann auch sein, das ein Aquastop ausgel\u00f6st wurde, weil der Zulaufschlauch defekt ist.<\/p>\n<p>&nbsp;<\/p>\n<p><strong>F\u00fcr Ihren Anruf bei unserem Reparaturservice halten Sie bitte folgende Informationen bereit:<\/strong><\/p>\n<ul>\n<li>welche Marke<b> <\/b>hat das Ger\u00e4t?(zum Beispiel: Siemens, Miele, Bosch, Bauknecht, AEG, etc.)<\/li>\n<\/ul>\n<ul>\n<li style=\"list-style-type: none\">\n<ul>\n<li>k\u00f6nnen Sie uns eine <a href=\"https:\/\/de.wikipedia.org\/wiki\/Typenschild#Beispiele\" target=\"_blank\" rel=\"noopener\"><b>Fabrikationsnummer<\/b><\/a><a href=\"https:\/\/de.wikipedia.org\/wiki\/Typenschild#Beispiele\" target=\"_blank\" rel=\"noopener\">\/<\/a> <b>Ger\u00e4tenummer<\/b> nennen?<\/li>\n<li>kurze Beschreibung der St\u00f6rung<b> <\/b>hilft sehr.<\/li>\n<li>Ihr Name, Anschrift und Kontaktdaten<b> <\/b>ist sehr wichtig.<\/li>\n<li>Ihre pers\u00f6nliche und telefonische Erreichbarkeit<b> <\/b>erleichtert den R\u00fcckruf.<\/li>\n<\/ul>\n<\/li>\n<\/ul>\n<p><strong>Die Geschirrsp\u00fcler-Umw\u00e4lzpumpe reagiert nicht oder ist defekt, was tun?<\/strong><\/p>\n<p>Die Umw\u00e4lzpumpe muss das Sp\u00fclwasser immer wieder von der Wassertasche in die Spr\u00fcharme pumpen. Sollte das nicht der Fall sein, k\u00f6nnte der Wasserzulauf die Ursache daf\u00fcr sein:<\/p>\n<p>Knick im Zulaufschlauch.<\/p>\n<p>&#8211; Das Aquastop der Sp\u00fclmaschine hat ausgel\u00f6st.<\/p>\n<p>&#8211; Das Sperrventil (haus- bzw. wandseitig) ist Defekt.<\/p>\n<p>&#8211; Das Sieb zwischen Sperrventil und Zulaufschlauch ist dicht.<\/p>\n<p class=\"western\"><strong>Anfahrt, Diagnose &amp; Kostenangebot nur 16,- Euro<\/strong><\/p>\n<p>Unsere Empfehlung ist unser Vor-Ort-Service bei dem einer unserer Techniker direkt zu ihnen kommt um sich ein besseres Bild machen zu k\u00f6nnen. Dabei \u00fcberpr\u00fcft er das Ger\u00e4t genau auf Funktionsst\u00f6rungen. Anschlie\u00dfend macht er Ihnen einen Kostenvoranschlag. F\u00fcr diesen Service berechnen wir 16,- Euro. Diese Einheitliche Anfahrtspauschale gilt nur f\u00fcr Berlin und 20km Umkreis. Rufen Sie uns schnellstm\u00f6glichst an um einen Termin zu vereinbaren.<\/p>\n<p><strong>Aus dem Geschirrsp\u00fcler l\u00e4uft Wasser aus, was tun?<\/strong><\/p>\n<p>Der Wasserdruck bewirkt, dass sich die Spr\u00fcharme drehen. Durch die Drehung wird das Wasser w\u00e4hrend des Sp\u00fclprogramms auf das gesamte Geschirr gespritzt. Wenn die Spr\u00fcharme besch\u00e4digt oder verschlissen sind, flie\u00dft das Wasser in die Ecken der T\u00fcr, so dass es aus der Sp\u00fclmaschine austritt.<\/p>\n<p class=\"western\"><strong>Kundendienst nur nach Ablauf der Hersteller Garantiezeit<\/strong><\/p>\n<p>Wir k\u00f6nnen Ihnen unseren Kundendienst erst nach Ablauf der vom Hersteller \u00fcbernommenen Garantiezeit ( 2 Jahre ) anbieten. Wir sind ein unabh\u00e4ngiger und freier Reparaturdienst und kein Werkskundendienst. Erst nach dieser Zeit sind wir f\u00fcr Sie zust\u00e4ndig.<\/p>\n<p><strong>Der Geschirrsp\u00fcler trocknet nicht richtig, was tun?<\/strong><\/p>\n<p>Wenn ihre Sp\u00fclmaschine nicht richtig trocknet, weist es auf einen defekten Thermostat oder einen durchgebrannten Heizelement. Ein weiteres Problem k\u00f6nnte auch ein verstopfter Zufluss oder defekte Ventile am Wassertaschenzulauf sein.<\/p>\n<p class=\"western\"><strong>Vor-Ort-Reparatur und Werkstatt Service in Berlin<\/strong><\/p>\n<p>Unsere Techniker werden immer versuchen den Fehler sofort vor Ort sofort zu reparieren. Hierf\u00fcr haben wir n\u00f6tige Ersatzteile und Spezialwerkzeug dabei. Sollte die ben\u00f6tigte Zeit sehr lange ausfallen, das Ersatzteil nicht vor Ort sein oder der Platz nicht ausreichen um gr\u00fcndlich zu arbeiten, dann k\u00f6nnen wir Ihr Ger\u00e4t auch in unserer Werkstatt in Berlin reparieren. Dies macht Sinn, weil die Techniker dort Abl\u00e4ufe optimiert haben und somit in viel k\u00fcrzerer Zeit Fehler beheben k\u00f6nnen. Dabei sind Abholung und Lieferung stets in unseren Angeboten enthalten.<\/p>\n<p><strong>Der Geschirrsp\u00fcler macht das Geschirr nicht richtig sauber, was tun?<\/strong><\/p>\n<p>Es kann sein, dass der Spr\u00fcharm oder Sieb verschmutzt ist oder bei einem grauem Belag Salzmangel oder ein Defekt des Ionenaustauschers entstanden ist. Weitere Probleme k\u00f6nnten auftreten wenn der Produktbeh\u00e4lter, das Heizelement oder der Temperatursensor defekt sind. Durch die Schmutzreste k\u00f6nnte auch die Umw\u00e4lzpumpe behindert oder verstopft sein und sie funktioniert nicht mehr richtig. \u00dcberpr\u00fcfen Sie das Geschirr richtig einger\u00e4umt haben und ob gen\u00fcgend Klarsp\u00fcler sowie Regeneriersalz vorhaden sind.<\/p>\n<p class=\"western\"><strong>Geschirrsp\u00fcler Reparatur Berlin<\/strong><\/p>\n<p>Wir haben langj\u00e4hrige Erfahrung als Reparaturdienst. Dadurch k\u00f6nnen unsere stets geschulten Techniker fast alle Probleme direkt vor Ort erledigen. Bei manchen F\u00e4llen muss jedoch der defekte Geschirrsp\u00fcler mit in unsere Werkstatt genommen werden. Zum Beispiel aufgrund nicht eindeutiger Fehler oder weil nur schwer an das defekte Teil heranzukommen ist. Genauso kann es zum Pr\u00fcfen n\u00f6tig sein<\/p>\n<figure id=\"attachment_2743\" aria-describedby=\"caption-attachment-2743\" style=\"width: 276px\" class=\"wp-caption alignright\"><img loading=\"lazy\" decoding=\"async\" class=\" wp-image-2743\" src=\"https:\/\/reparatur24.berlin\/staging\/wp-content\/uploads\/2017\/11\/Offener-Geschirrsp\u00fcler-nach-Reparatur-1024x1024.jpg\" alt=\"Offener Geschirrsp\u00fcler nach abgeschlossener Reparatur\" width=\"276\" height=\"276\" srcset=\"https:\/\/reparatur24.berlin\/staging\/wp-content\/uploads\/2017\/11\/Offener-Geschirrsp\u00fcler-nach-Reparatur-1024x1024.jpg 1024w, https:\/\/reparatur24.berlin\/staging\/wp-content\/uploads\/2017\/11\/Offener-Geschirrsp\u00fcler-nach-Reparatur-1024x1024-150x150.jpg 150w, https:\/\/reparatur24.berlin\/staging\/wp-content\/uploads\/2017\/11\/Offener-Geschirrsp\u00fcler-nach-Reparatur-1024x1024-300x300.jpg 300w, https:\/\/reparatur24.berlin\/staging\/wp-content\/uploads\/2017\/11\/Offener-Geschirrsp\u00fcler-nach-Reparatur-1024x1024-768x768.jpg 768w, https:\/\/reparatur24.berlin\/staging\/wp-content\/uploads\/2017\/11\/Offener-Geschirrsp\u00fcler-nach-Reparatur-1024x1024-100x100.jpg 100w, https:\/\/reparatur24.berlin\/staging\/wp-content\/uploads\/2017\/11\/Offener-Geschirrsp\u00fcler-nach-Reparatur-1024x1024-180x180.jpg 180w, https:\/\/reparatur24.berlin\/staging\/wp-content\/uploads\/2017\/11\/Offener-Geschirrsp\u00fcler-nach-Reparatur-1024x1024-600x600.jpg 600w\" sizes=\"auto, (max-width: 276px) 100vw, 276px\" \/><figcaption id=\"caption-attachment-2743\" class=\"wp-caption-text\">offener Geschirrsp\u00fcler<\/figcaption><\/figure>\n<p>das Ger\u00e4t in die Werkstatt zu bringen.<\/p>\n<p>Unser Vor-Ort-Service beinhaltet einen Kostenvoranschlag, so dass Sie danach einfach entscheiden k\u00f6nnen ob Sie eine Reparatur durchf\u00fchren m\u00f6chten oder nicht. Der Techniker vor Ort wird Ihnen bei Ihrer Entscheidung helfen und Ihnen sagen ob eine Reparatur sich bei diesem Ger\u00e4t oder Fehler lohnt und\/oder wirtschaftlich ist.<\/p>\n<p>F\u00fcr unsere Anfahrt, Ger\u00e4tepr\u00fcfung &amp; den Kostenvoranschlag berechnen wir eine Pauschale von 16,- Euro.<\/p>\n<p><b>Wir denken es lohnt sich, in Ihr Ger\u00e4t zu investieren.<\/b><\/p>\n<p>Falls Sie noch Fragen haben k\u00f6nnen Sie uns einfach hier Kontaktieren!<\/p>\n<p><strong>Der Geschirrsp\u00fcler <\/strong><strong>heizt nicht, was tun?<\/strong><\/p>\n<p>Finden Sie zun\u00e4chst heraus, ob das Wasser komplett kalt bleibt oder ob es zumindest noch ein wenig warm wird. Heizt das Wasser noch etwas auf, kann der Heizstab verkalkt sein. Bleibt das Wasser kalt, liegt ein elektrischer Defekt vor. Umw\u00e4lzpumpe, Theromstat, Steuerungsrelais, Platine oder Heizstab sind meistens die Ursachen.[\/vc_column_text][thememove_button text=&#8220;Kontakt aufnehmen&#8220; link=&#8220;url:https%3A%2F%2Freparatur24.berlin%2Fstaging%2Fkontakt%2F|title:KONTAKT||&#8220;][\/vc_column][vc_column width=&#8220;1\/3&#8243;][thememove_button text=&#8220;TEL.: 030 \/ 58 74 07 55 0&#8243; link=&#8220;url:tel%3A030%20%2F%2058%2074%2007%2055%200|||&#8220;][vc_column_text]<\/p>\n<p class=\"p1\"><b>Sie finden uns hier:<\/b><\/p>\n<p class=\"p2\"><b>Kundendienst in Berlin &amp; Umland<\/b><br \/>\nBrandenburgische Stra\u00dfe 77<br \/>\n10713 Berlin<br \/>\nTelefon: <strong><span class=\"s1\">030 \/ 58 74 07 55 0<\/span><\/strong><\/p>\n<p class=\"p2\"><b>Unsere \u00d6ffnungszeiten:<\/b><br \/>\nMo \u2013 Fr: 07:00 \u2013 20:00 Uhr<br \/>\nSa: 10:00 \u2013 14:00 Uhr<\/p>\n<p class=\"p3\"><span class=\"s1\"><a href=\"https:\/\/reparatur24.berlin\/staging\/impressum\/\">Impressum<\/a><\/span><\/p>\n<p class=\"p1\"><b>\u00a0<\/b><\/p>\n<p class=\"p1\"><b>Wir reparieren:<\/b><\/p>\n<p class=\"p3\"><span class=\"s1\"><a href=\"https:\/\/reparatur24.berlin\/staging\/waschmaschinen-reparatur\/\">Waschmaschinen<\/a><\/span><\/p>\n<p class=\"p3\"><span class=\"s1\"><a href=\"https:\/\/reparatur24.berlin\/staging\/waeschetrockner-reparatur\/\">W\u00e4schetrockner<\/a><\/span><\/p>\n<p class=\"p3\"><span class=\"s1\"><a href=\"https:\/\/reparatur24.berlin\/staging\/waschtrockner-reparatur-berlin\/\">Waschtrockner<\/a><\/span><\/p>\n<p class=\"p3\"><span class=\"s1\"><a href=\"https:\/\/reparatur24.berlin\/staging\/geschirrspueler-reparatur\/\">Geschirrsp\u00fcler<\/a><\/span><\/p>\n<p class=\"p3\"><span class=\"s1\"><a href=\"https:\/\/reparatur24.berlin\/staging\/elektroherd-reparatur\/\">Elektroherde<\/a><\/span><\/p>\n<p class=\"p3\"><span class=\"s1\"><a href=\"https:\/\/reparatur24.berlin\/staging\/kaffeevollautomaten-reparatur-in-berlin\/\">Kaffeevollautomaten<\/a><\/span><\/p>\n<p class=\"p1\"><b>\u00a0<\/b><\/p>\n<p class=\"p1\"><b>Reparatur-Garantie:<\/b><\/p>\n<p class=\"p2\">Wir arbeiten gewissenhaft, kompetent und kosteng\u00fcnstig mit einer <b>Garantie von 24 Monaten<\/b>.<br \/>\nUnsere Kunden wissen das sehr zu sch\u00e4tzen.<\/p>\n<p class=\"p1\"><b>\u00a0<\/b><\/p>\n<p class=\"p1\"><b>Unsere Leistungen:<\/b><\/p>\n<ul class=\"ul1\">\n<li class=\"li2\">24 Stunden Notdienst<\/li>\n<li class=\"li2\">Reparaturen nach der Hersteller Garantiezeit<\/li>\n<li class=\"li2\">unsere Reparaturgarantie von 24 Monaten<\/li>\n<li class=\"li2\">Wartungsservice aller Art<\/li>\n<li class=\"li2\">Fachberatung f\u00fcr Qualit\u00e4tsware<\/li>\n<li class=\"li2\">Neukauf, wenn Reparatur unwirtschaftlich<\/li>\n<li class=\"li2\">Entsorgung von Altger\u00e4ten<\/li>\n<li class=\"li2\">Lieferung zu Ihnen nach Hause<\/li>\n<li class=\"li2\">Anschluss &amp; Installation<\/li>\n<li class=\"li2\">pers\u00f6nlicher Kundendienst<\/li>\n<\/ul>\n<p class=\"p1\"><b>\u00a0<\/b><\/p>\n<p class=\"p1\"><b>Zentrale Berlin &amp; Umland<\/b><\/p>\n<p class=\"p2\">Anfahrt &amp; Kostenvoranschlag 16 \u20ac<\/p>\n<p>[\/vc_column_text][\/vc_column][\/vc_row][vc_row css=&#8220;.vc_custom_1443177632481{margin-bottom: 70px !important;}&#8220;][vc_column width=&#8220;1\/3&#8243;][vc_row_inner css=&#8220;.vc_custom_1443496397223{margin-bottom: -10px !important;}&#8220;][vc_column_inner el_class=&#8220;hot-line&#8220;][vc_column_text]<img loading=\"lazy\" decoding=\"async\" class=\"alignnone\" src=\"https:\/\/renovation.thememove.com\/data\/images\/contact-hot-line.jpg\" alt=\"\" width=\"370\" height=\"250\" \/>[\/vc_column_text][vc_column_text]<\/p>\n<h4>24\/7 HOTLINE<\/h4>\n<h4 class=\"p1\"><strong><span class=\"s1\">030 \/ 58 74 07 55 0<\/span><\/strong><\/h4>\n<p>[\/vc_column_text][\/vc_column_inner][\/vc_row_inner][vc_column_text]Wir sind von von Montag bis Samstag in der Zeit von 7 bis 22 Uhr f\u00fcr Sie erreichbar.<br \/>\nSenden Sie Ihre Anfrage bitte mit Hilfe des unten folgenden Formulars, oder rufen Sie uns ganz unkompliziert an!<br \/>\nNat\u00fcrlich k\u00f6nnen Sie uns auch gerne in unserem Laden in der Brandenburgische Stra\u00dfe 77, in 10713 Berlin-Wilmersdorf vorbeikommen.[\/vc_column_text][vc_row_inner css=&#8220;.vc_custom_1443177442599{margin-bottom: 20px !important;}&#8220; el_class=&#8220;call-us&#8220;][vc_column_inner width=&#8220;1\/6&#8243; offset=&#8220;vc_col-xs-2&#8243;][thememove_icon icon_fontawesome=&#8220;fa fa-phone&#8220; font_size=&#8220;18&#8243; font_color=&#8220;#111111&#8243;][\/vc_column_inner][vc_column_inner width=&#8220;5\/6&#8243; offset=&#8220;vc_col-xs-10&#8243;][vc_custom_heading text=&#8220;030 \/ 58 74 07 55 0&#8243; font_container=&#8220;tag:h3|font_size:20|text_align:left|color:%23111111&#8243; link=&#8220;url:tel%3A030%20%2F%2058%2074%2007%2055%200|||&#8220;][vc_custom_heading text=&#8220;info@reparatur24.berlin&#8220; font_container=&#8220;tag:p|font_size:14|text_align:left|color:%23111111&#8243;][\/vc_column_inner][\/vc_row_inner][vc_row_inner el_class=&#8220;call-us&#8220;][vc_column_inner width=&#8220;1\/6&#8243; offset=&#8220;vc_col-xs-2&#8243;][thememove_icon icon_fontawesome=&#8220;fa fa-home&#8220; font_size=&#8220;18&#8243; font_color=&#8220;#111111&#8243;][\/vc_column_inner][vc_column_inner width=&#8220;5\/6&#8243; offset=&#8220;vc_col-xs-10&#8243;][vc_custom_heading text=&#8220;Brandenburgische Stra\u00dfe 77<br \/>\n10713 Berlin&#8220; font_container=&#8220;tag:p|font_size:14|text_align:left|color:%23111111&#8243;][\/vc_column_inner][\/vc_row_inner][\/vc_column][vc_column width=&#8220;2\/3&#8243;][vc_gmaps link=&#8220;#E-8_JTNDaWZyYW1lJTIwc3JjJTNEJTIyaHR0cHMlM0ElMkYlMkZ3d3cuZ29vZ2xlLmNvbSUyRm1hcHMlMkZlbWJlZCUzRnBiJTNEJTIxMW0xOCUyMTFtMTIlMjExbTMlMjExZDM4ODcyLjMxNTUyNDk2MjM5NiUyMTJkMTMuMjgyNzkzMDc2ODY4ODcyJTIxM2Q1Mi40ODc4MzExNzk4MDgxNSUyMTJtMyUyMTFmMCUyMTJmMCUyMTNmMCUyMTNtMiUyMTFpMTAyNCUyMTJpNzY4JTIxNGYxMy4xJTIxM20zJTIxMW0yJTIxMXMweDQ3YTg1MTEzNGI4YzMwMjklMjUzQTB4YjU4YTA5Zjc4NTI2ZDcwYiUyMTJzVGVjaG5pa0NlbnRlcjI0JTI1MjBVRyUyMTVlMCUyMTNtMiUyMTFzZGUlMjEyc2RlJTIxNHYxNjM2Mjg4Mzc0OTM3JTIxNW0yJTIxMXNkZSUyMTJzZGUlMjIlMjB3aWR0aCUzRCUyMjYwMCUyMiUyMGhlaWdodCUzRCUyMjQ1MCUyMiUyMHN0eWxlJTNEJTIyYm9yZGVyJTNBMCUzQiUyMiUyMGFsbG93ZnVsbHNjcmVlbiUzRCUyMiUyMiUyMGxvYWRpbmclM0QlMjJsYXp5JTIyJTNFJTNDJTJGaWZyYW1lJTNF&#8220;][contact-form-7 id=&#8220;5&#8243;][vc_column_text]<\/p>\n<p style=\"text-align: center\">Unser Dienst kommt zu Ihnen!<br \/>\nAnfahrt + Kostenvoranschlag innerhalb Berlin kostet Sie lediglich 16\u20ac und Umland allein 29\u20ac. Haben Sie Anliegen? Oder wollen Sie ohne Zeitverzug einen Termin vereinbaren? Rufen Sie uns augenblicklich an:[\/vc_column_text][\/vc_column][\/vc_row][vc_row full_width=&#8220;stretch_row&#8220; el_class=&#8220;be-a-piece-of-us middle&#8220; css=&#8220;.vc_custom_1439191711650{margin-bottom: 0px !important;padding-top: 65px !important;padding-bottom: 68px !important;background-color: #eeeeee !important;}&#8220;][vc_column width=&#8220;1\/12&#8243; el_class=&#8220;center&#8220;][thememove_icon icon_fontawesome=&#8220;fa fa-users&#8220; font_size=&#8220;26&#8243; font_color=&#8220;#111111&#8243;][\/vc_column][vc_column width=&#8220;2\/3&#8243; el_class=&#8220;center-xs start-sm&#8220;][vc_custom_heading text=&#8220;Bewirb Dich heute und starte morgen.&#8220; font_container=&#8220;tag:h3|font_size:32|text_align:left|color:%231d2736&#8243; link=&#8220;url:http%3A%2F%2Freparatur24.berlin%2Fhaushalt%2Fjob-karriere%2F|||&#8220;][vc_column_text]Wir freuen uns, Dich in unserm Team begr\u00fc\u00dfen zu d\u00fcrfen, Werde Teil des Teams![\/vc_column_text][\/vc_column][vc_column width=&#8220;1\/4&#8243; el_class=&#8220;center&#8220;][\/vc_column][\/vc_row]<\/p>\n","protected":false},"excerpt":{"rendered":"<p>[vc_row full_width=&#8220;stretch_row_content_no_spaces&#8220; gap=&#8220;35&#8243; equal_height=&#8220;yes&#8220;][vc_column width=&#8220;1\/4&#8243; css=&#8220;.vc_custom_1600885269069{border-top-width: 50px !important;border-left-width: 25px !important;padding-top: 50px !important;padding-left: 50px !important;background-color: #fbd232 !important;}&#8220;][vc_column_text css=&#8220;.vc_custom_1696838663170{padding-top: 35px !important;padding-bottom: 45px !important;padding-left: -30px !important;}&#8220;] Vor-Ort Kundendienst innerhalb von 24 Std. 24h-Hotline: \u00a0030 \/ 58 74 07 55 0 [\/vc_column_text][\/vc_column][vc_column width=&#8220;1\/4&#8243; css=&#8220;.vc_custom_1600885372306{background-color: #f4f4f4 !important;}&#8220;][vc_column_text css=&#8220;.vc_custom_1600885418318{padding-top: 25px !important;padding-bottom: 63px !important;}&#8220;] IHK-Mitglied und Ingenieurbetrieb mit \u00fcber 30 Jahre Erfahrung [&hellip;]<\/p>\n","protected":false},"author":1,"featured_media":0,"parent":0,"menu_order":0,"comment_status":"closed","ping_status":"closed","template":"","meta":{"_uag_custom_page_level_css":"","site-sidebar-layout":"no-sidebar","site-content-layout":"plain-container","ast-site-content-layout":"default","site-content-style":"default","site-sidebar-style":"default","ast-global-header-display":"","ast-banner-title-visibility":"","ast-main-header-display":"","ast-hfb-above-header-display":"","ast-hfb-below-header-display":"","ast-hfb-mobile-header-display":"","site-post-title":"disabled","ast-breadcrumbs-content":"","ast-featured-img":"disabled","footer-sml-layout":"","ast-disable-related-posts":"","theme-transparent-header-meta":"","adv-header-id-meta":"","stick-header-meta":"","header-above-stick-meta":"","header-main-stick-meta":"","header-below-stick-meta":"","astra-migrate-meta-layouts":"default","ast-page-background-enabled":"default","ast-page-background-meta":{"desktop":{"background-color":"","background-image":"","background-repeat":"repeat","background-position":"center center","background-size":"auto","background-attachment":"scroll","background-type":"","background-media":"","overlay-type":"","overlay-color":"","overlay-opacity":"","overlay-gradient":""},"tablet":{"background-color":"","background-image":"","background-repeat":"repeat","background-position":"center center","background-size":"auto","background-attachment":"scroll","background-type":"","background-media":"","overlay-type":"","overlay-color":"","overlay-opacity":"","overlay-gradient":""},"mobile":{"background-color":"","background-image":"","background-repeat":"repeat","background-position":"center center","background-size":"auto","background-attachment":"scroll","background-type":"","background-media":"","overlay-type":"","overlay-color":"","overlay-opacity":"","overlay-gradient":""}},"ast-content-background-meta":{"desktop":{"background-color":"var(--ast-global-color-5)","background-image":"","background-repeat":"repeat","background-position":"center center","background-size":"auto","background-attachment":"scroll","background-type":"","background-media":"","overlay-type":"","overlay-color":"","overlay-opacity":"","overlay-gradient":""},"tablet":{"background-color":"var(--ast-global-color-5)","background-image":"","background-repeat":"repeat","background-position":"center center","background-size":"auto","background-attachment":"scroll","background-type":"","background-media":"","overlay-type":"","overlay-color":"","overlay-opacity":"","overlay-gradient":""},"mobile":{"background-color":"var(--ast-global-color-5)","background-image":"","background-repeat":"repeat","background-position":"center center","background-size":"auto","background-attachment":"scroll","background-type":"","background-media":"","overlay-type":"","overlay-color":"","overlay-opacity":"","overlay-gradient":""}},"footnotes":""},"class_list":["post-8357","page","type-page","status-publish","hentry"],"uagb_featured_image_src":{"full":false,"thumbnail":false,"medium":false,"medium_large":false,"large":false,"1536x1536":false,"2048x2048":false},"uagb_author_info":{"display_name":"samir","author_link":"https:\/\/reparatur24.berlin\/staging\/author\/samir\/"},"uagb_comment_info":0,"uagb_excerpt":"[vc_row full_width=&#8220;stretch_row_content_no_spaces&#8220; gap=&#8220;35&#8243; equal_height=&#8220;yes&#8220;][vc_column width=&#8220;1\/4&#8243; css=&#8220;.vc_custom_1600885269069{border-top-width: 50px !important;border-left-width: 25px !important;padding-top: 50px !important;padding-left: 50px !important;background-color: #fbd232 !important;}&#8220;][vc_column_text css=&#8220;.vc_custom_1696838663170{padding-top: 35px !important;padding-bottom: 45px !important;padding-left: -30px !important;}&#8220;] Vor-Ort Kundendienst innerhalb von 24 Std. 24h-Hotline: \u00a0030 \/ 58 74 07 55 0 [\/vc_column_text][\/vc_column][vc_column width=&#8220;1\/4&#8243; css=&#8220;.vc_custom_1600885372306{background-color: #f4f4f4 !important;}&#8220;][vc_column_text css=&#8220;.vc_custom_1600885418318{padding-top: 25px !important;padding-bottom: 63px !important;}&#8220;] IHK-Mitglied und Ingenieurbetrieb mit \u00fcber 30 Jahre Erfahrung&hellip;","_links":{"self":[{"href":"https:\/\/reparatur24.berlin\/staging\/wp-json\/wp\/v2\/pages\/8357","targetHints":{"allow":["GET"]}}],"collection":[{"href":"https:\/\/reparatur24.berlin\/staging\/wp-json\/wp\/v2\/pages"}],"about":[{"href":"https:\/\/reparatur24.berlin\/staging\/wp-json\/wp\/v2\/types\/page"}],"author":[{"embeddable":true,"href":"https:\/\/reparatur24.berlin\/staging\/wp-json\/wp\/v2\/users\/1"}],"replies":[{"embeddable":true,"href":"https:\/\/reparatur24.berlin\/staging\/wp-json\/wp\/v2\/comments?post=8357"}],"version-history":[{"count":1,"href":"https:\/\/reparatur24.berlin\/staging\/wp-json\/wp\/v2\/pages\/8357\/revisions"}],"predecessor-version":[{"id":10222,"href":"https:\/\/reparatur24.berlin\/staging\/wp-json\/wp\/v2\/pages\/8357\/revisions\/10222"}],"wp:attachment":[{"href":"https:\/\/reparatur24.berlin\/staging\/wp-json\/wp\/v2\/media?parent=8357"}],"curies":[{"name":"wp","href":"https:\/\/api.w.org\/{rel}","templated":true}]}}