{"id":6276,"date":"2020-01-17T12:03:14","date_gmt":"2020-01-17T11:03:14","guid":{"rendered":"http:\/\/reparatur24.berlin\/?page_id=6276"},"modified":"2020-01-31T11:51:48","modified_gmt":"2020-01-31T10:51:48","slug":"zanker-kundendienst-berlin","status":"publish","type":"page","link":"https:\/\/reparatur24.berlin\/staging\/zanker-kundendienst-berlin\/","title":{"rendered":"Zanker Kundendienst Berlin"},"content":{"rendered":"<p>[vc_row][vc_column width=&#8220;2\/3&#8243;][vc_column_text]<\/p>\n<h1 class=\"western\"><span style=\"color: #1d2634;\"><span style=\"font-family: Montserrat, Helvetica, Arial, sans-serif;\"><span style=\"font-size: x-large;\"><b>Zanker Kundendienst Berlin<\/b><\/span><\/span><\/span><\/h1>\n<p><span style=\"color: #777777;\"><span style=\"font-family: Lato, Helvetica, Arial, sans-serif;\"><span style=\"font-size: medium;\">Wir sind der Gallas Zanker Kundendienst f\u00fcr Berlin und Berliner Umland<\/span><\/span><\/span><br \/>\n<span style=\"color: #777777;\"><span style=\"font-family: Lato, Helvetica, Arial, sans-serif;\"><span style=\"font-size: medium;\">Wenn Ihr Zanker Ger\u00e4t einen Defekt aufweist, dann sind wir der richtige Ansprechpartner. Heutzutage ist es kaum vorstellbar in einem Haushalt zu leben ohne Waschmaschine, Geschirrsp\u00fcler oder einem Trockner. Also was tun wenn ein Ger\u00e4t mal kaputt ist? Entweder neu kaufen oder Reparieren lassen. Daher, dass ein Neukauf schnell mal teuer werden kann, ist es meistens schlauer und g\u00fcnstiger, das Ger\u00e4t Reparieren zu lassen. Vor allem bei so guten Marken wie Zanker lohnen sich Reparaturen besonders.<\/span><\/span><\/span><\/p>\n<h3 class=\"western\"><span style=\"color: #1d2634;\"><span style=\"font-family: Montserrat, Helvetica, Arial, sans-serif;\"><span style=\"font-size: large;\"><b>Was sind wir eigentlich ? Was macht uns besonders?<\/b><\/span><\/span><\/span><\/h3>\n<p><span style=\"color: #777777;\"><span style=\"font-family: Lato, Helvetica, Arial, sans-serif;\"><span style=\"font-size: medium;\">Wir sind ein unabh\u00e4ngiger Zanker Kundenservice in Berlin und Berliner Umland. Als Zanker Kundendienst k\u00fcmmern wir uns gerne um die Probleme ihres Ger\u00e4tes. Wir sind ein Unternehmen, was bei der Handwerkskammer registriert ist und was schon mehr als 15 Jahre Erfahrung im Kundendienst gesammelt hat. Wir sorgen daf\u00fcr, dass unsere Kunden kosteng\u00fcnstige und professionelle Zanker Reparaturen erhalten. Bei Problemen jeglicher Art von ihrem Zanker Ger\u00e4t beraten wir Sie gerne \u00fcber Ihre Reparaturm\u00f6glichkeiten.<\/span><\/span><\/span><\/p>\n<h3 class=\"western\"><span style=\"color: #1d2634;\"><span style=\"font-family: Montserrat, Helvetica, Arial, sans-serif;\"><span style=\"font-size: large;\"><b>Wie gehen wir vor? Wie arbeitet unser Unternehmen?<\/b><\/span><\/span><\/span><\/h3>\n<p><span style=\"color: #777777;\"><span style=\"font-family: Lato, Helvetica, Arial, sans-serif;\"><span style=\"font-size: medium;\">Wir gehen folgender ma\u00dfen vor. Als erstes analysieren wir den Fehler Ihres Zanker Ger\u00e4ts, in dem wir eine Fehlerdiagnose durchf\u00fchren. Unser zweite Schritt ist das wir Ihnen ein dem entsprechendes Reparatur Angebot erstellen. Dann wenn alle Details mit ihnen geregelt sind kommt der letzte und wichtigste Schritt, wir fangen mit der Reparatur Ihres Ger\u00e4tes an. Darauf hin leisten wir eine Garantie von 24 Monaten auf alle von uns reparierten Ger\u00e4te.<\/span><\/span><\/span><\/p>\n<h3 class=\"western\"><span style=\"color: #1d2634;\"><span style=\"font-family: Montserrat, Helvetica, Arial, sans-serif;\"><span style=\"font-size: large;\"><b>Wie k\u00f6nnen Sie uns helfen, damit Wir Ihnen besser und schneller Helfen k\u00f6nnen?<\/b><\/span><\/span><\/span><\/h3>\n<p><span style=\"color: #777777;\"><span style=\"font-family: Lato, Helvetica, Arial, sans-serif;\"><span style=\"font-size: medium;\">Wir bitten Sie bei Ihrem Anruf folgende Informationen bereit zu halten:<\/span><\/span><\/span><\/p>\n<p><span style=\"color: #777777;\"><span style=\"font-family: Lato, Helvetica, Arial, sans-serif;\"><span style=\"font-size: medium;\">Um was f\u00fcr ein Ger\u00e4t handelt es sich ? (Geschirrsp\u00fcler, Waschmaschine etc.)<br \/>\nVon welcher Marke ist das Ger\u00e4t? (Zanker, Miele, Bauknecht, Samsung, etc.)<br \/>\nWie lautet die Fabrikationsnummer oder Ger\u00e4tenummer?<br \/>\nWas f\u00fcr einen Fehler wei\u00dft das Ger\u00e4t auf?<br \/>\nWer stellt den Reparaturauftrag? (Name, Anschrift etc.)<br \/>\nUm den R\u00fcckruf zu erleichtern ben\u00f6tigen wir Ihre telefonische Erreichbarkeit.<\/span><\/span><\/span><\/p>\n<h3 class=\"western\"><span style=\"color: #1d2634;\"><span style=\"font-family: Montserrat, Helvetica, Arial, sans-serif;\"><span style=\"font-size: large;\"><b>Unser Zanker Reparaturservice Berlin<\/b><\/span><\/span><\/span><\/h3>\n<p><span style=\"color: #1d2634;\"><span style=\"font-family: Montserrat, Helvetica, Arial, sans-serif;\"><span style=\"font-size: large;\"><span style=\"color: #777777;\"><span style=\"font-family: Lato, Helvetica, Arial, sans-serif;\"><span style=\"font-size: medium;\">Wir versuchen immer so gut wie es geht Ihr Zanker Ger\u00e4t vor Ort zu reparieren. Deswegen nehmen unsere Techniker Ersatzteile mit. Was passiert wenn das Ersatzteil nicht an Ihr Zanker Ger\u00e4t passt, der Platz bei Ihnen zu Hause nicht ausreichen sollte oder der verursachte Dreck bei ihnen zu Hause zu gro\u00df ist ? In F\u00e4llen wie diesen k\u00f6nnen wir Ihr Zanker Ger\u00e4t mit in unsere hauseigene Werkstatt nehmen um der Sache endg\u00fcltig auf den Grund zu kommen. Nat\u00fcrlich beraten wir Sie ob sich eine Reparatur bei dem Fehler Ihres Ger\u00e4tes lohnen w\u00fcrde oder nicht<\/span><\/span><\/span><b> <\/b><\/span><\/span><\/span>[\/vc_column_text][thememove_button text=&#8220;Kontakt Aufnahme&#8220; link=&#8220;url:http%3A%2F%2Freparatur24.berlin%2Fkontakt%2F|||&#8220;][vc_column_text]&nbsp;<\/p>\n<p>&nbsp;<\/p>\n<p>&nbsp;<\/p>\n<p>&nbsp;<\/p>\n<p>&nbsp;<\/p>\n<p>&nbsp;<\/p>\n<p>&nbsp;<\/p>\n<p>&nbsp;[\/vc_column_text][vc_raw_html]JTNDZGl2JTIwc3R5bGUlM0QlMjJvdmVyZmxvdyUzQWhpZGRlbiUzQndpZHRoJTNBJTIwMTkwMHB4JTNCcG9zaXRpb24lM0ElMjByZWxhdGl2ZSUzQiUyMiUzRSUzQ2ZpZ3VyZSUzRSUzQ2lmcmFtZSUyMHdpZHRoJTNEJTIyMTEwMCUyMiUyMGhlaWdodCUzRCUyMjMwMCUyMiUyMHNyYyUzRCUyMmh0dHBzJTNBJTJGJTJGbWFwcy5nb29nbGUuY29tJTJGbWFwcyUzRndpZHRoJTNEMTkwMCUyNmFtcCUzQmhlaWdodCUzRDQ0MCUyNmFtcCUzQmhsJTNEZW4lMjZhbXAlM0JxJTNERUclMjUyMEdhbGxhcyUyNTIwQ29tcGFueSUyQiUyOEVHJTI1MjBHYWxsYXMlMjUyMENvbXBhbnklMjUyMCUyOSUyNmFtcCUzQmllJTNEVVRGOCUyNmFtcCUzQnQlM0QlMjZhbXAlM0J6JTNEMTQlMjZhbXAlM0Jpd2xvYyUzREIlMjZhbXAlM0JvdXRwdXQlM0RlbWJlZCUyMiUyMGZyYW1lYm9yZGVyJTNEJTIyMCUyMiUyMHNjcm9sbGluZyUzRCUyMm5vJTIyJTIwbWFyZ2luaGVpZ2h0JTNEJTIyMCUyMiUyMG1hcmdpbndpZHRoJTNEJTIyMCUyMiUzRSUzQyUyRmlmcmFtZSUzRSUzQyUyRmZpZ3VyZSUzRSUzQ2RpdiUyMHN0eWxlJTNEJTIycG9zaXRpb24lM0ElMjBhYnNvbHV0ZSUzQndpZHRoJTNBJTIwODAlMjUlM0Jib3R0b20lM0ElMjAxMHB4JTNCbGVmdCUzQSUyMDAlM0JyaWdodCUzQSUyMDAlM0JtYXJnaW4tbGVmdCUzQSUyMGF1dG8lM0JtYXJnaW4tcmlnaHQlM0ElMjBhdXRvJTNCY29sb3IlM0ElMjAlMjMwMDAlM0J0ZXh0LWFsaWduJTNBJTIwY2VudGVyJTNCJTIyJTNFJTNDc21hbGwlMjBzdHlsZSUzRCUyMmxpbmUtaGVpZ2h0JTNBJTIwMS44JTNCZm9udC1zaXplJTNBJTIwMnB4JTNCYmFja2dyb3VuZCUzQSUyMCUyM2ZmZiUzQiUyMiUzRVBvd2VyZWQlMjBieSUyMCUzQ2ElMjBocmVmJTNEJTIyaHR0cHMlM0ElMkYlMkZlbWJlZGdvb2dsZW1hcHMuY29tJTJGZnIlMkYlMjIlM0VodHRwcyUzQSUyRiUyRmVtYmVkZ29vZ2xlbWFwcy5jb20lMkZmciUyRiUzQyUyRmElM0UlMjAlMjZhbXAlM0IlMjAlM0NhJTIwaHJlZiUzRCUyMmh0dHBzJTNBJTJGJTJGY3VzdG9tbWFwcG9zdGVyLmNvbSUyRmRlJTJGJTIyJTNFY3VzdG9tbWFwcG9zdGVyLmNvbSUyRmRlJTJGJTNDJTJGYSUzRSUzQyUyRnNtYWxsJTNFJTNDJTJGZGl2JTNFJTNDc3R5bGUlM0UlMjNnbWFwX2NhbnZhcyUyMGltZyU3Qm1heC13aWR0aCUzQW5vbmUlMjFpbXBvcnRhbnQlM0JiYWNrZ3JvdW5kJTNBbm9uZSUyMWltcG9ydGFudCU3RCUzQyUyRnN0eWxlJTNFJTNDJTJGZGl2JTNFJTBB[\/vc_raw_html][\/vc_column][vc_column width=&#8220;1\/3&#8243;][vc_column_text]<span style=\"color: #777777;\"><span style=\"font-family: Lato, Helvetica, Arial, sans-serif;\"><span style=\"font-size: medium;\">Sie finden uns hier:<\/span><\/span><\/span><\/p>\n<p><span style=\"color: #777777;\"><span style=\"font-family: Lato, Helvetica, Arial, sans-serif;\"><span style=\"font-size: medium;\">Kundendienst in Berlin &amp; Umland<br \/>\nBrandenburgische Stra\u00dfe 77<br \/>\n10713 Berlin<br \/>\nTelefon:030 \/ 58 7407 55 0<\/span><\/span><\/span><\/p>\n<p><span style=\"color: #777777;\"><span style=\"font-family: Lato, Helvetica, Arial, sans-serif;\"><span style=\"font-size: medium;\">Unsere \u00d6ffnungszeiten:<br \/>\nMo \u2013 Fr: 07:00 \u2013 20:00 Uhr<br \/>\nSa: 10:00 \u2013 14:00 Uhr<\/span><\/span><\/span><\/p>\n<p><span style=\"color: #777777;\"><span style=\"font-family: Lato, Helvetica, Arial, sans-serif;\"><span style=\"font-size: medium;\">Impressum<\/span><\/span><\/span><\/p>\n<p><span style=\"color: #777777;\"><span style=\"font-family: Lato, Helvetica, Arial, sans-serif;\"><span style=\"font-size: medium;\">Wir reparieren:<\/span><\/span><\/span><\/p>\n<p><span style=\"color: #777777;\"><span style=\"font-family: Lato, Helvetica, Arial, sans-serif;\"><span style=\"font-size: medium;\">Waschmaschinen<\/span><\/span><\/span><\/p>\n<p><span style=\"color: #777777;\"><span style=\"font-family: Lato, Helvetica, Arial, sans-serif;\"><span style=\"font-size: medium;\">W\u00e4schetrockner<\/span><\/span><\/span><\/p>\n<p><span style=\"color: #777777;\"><span style=\"font-family: Lato, Helvetica, Arial, sans-serif;\"><span style=\"font-size: medium;\">Waschtrockner<\/span><\/span><\/span><\/p>\n<p><span style=\"color: #777777;\"><span style=\"font-family: Lato, Helvetica, Arial, sans-serif;\"><span style=\"font-size: medium;\">Geschirrsp\u00fcler<\/span><\/span><\/span><\/p>\n<p><span style=\"color: #777777;\"><span style=\"font-family: Lato, Helvetica, Arial, sans-serif;\"><span style=\"font-size: medium;\">Elektroherde<\/span><\/span><\/span><\/p>\n<p><span style=\"color: #777777;\"><span style=\"font-family: Lato, Helvetica, Arial, sans-serif;\"><span style=\"font-size: medium;\">Kaffeevollautomaten<\/span><\/span><\/span><\/p>\n<p><span style=\"color: #777777;\"><span style=\"font-family: Lato, Helvetica, Arial, sans-serif;\"><span style=\"font-size: medium;\">Reparatur-Garantie:<\/span><\/span><\/span><\/p>\n<p><span style=\"color: #777777;\"><span style=\"font-family: Lato, Helvetica, Arial, sans-serif;\"><span style=\"font-size: medium;\">Wir arbeiten gewissenhaft, kompetent und kosteng\u00fcnstig mit einer Garantie von 24 Monaten.<br \/>\nUnsere Kunden wissen das sehr zu sch\u00e4tzen.<\/span><\/span><\/span><\/p>\n<p><span style=\"color: #777777;\"><span style=\"font-family: Lato, Helvetica, Arial, sans-serif;\"><span style=\"font-size: medium;\">Unsere Leistungen:<\/span><\/span><\/span><\/p>\n<p><span style=\"color: #777777;\"><span style=\"font-family: Lato, Helvetica, Arial, sans-serif;\"><span style=\"font-size: medium;\">24 Stunden Notdienst<br \/>\nReparaturen nach der Hersteller Garantiezeit<br \/>\nunsere Reparaturgarantie von 24 Monaten<br \/>\nWartungsservice aller Art<br \/>\nFachberatung f\u00fcr Qualit\u00e4tsware<br \/>\nNeukauf, wenn Reparatur unwirtschaftlich<br \/>\nEntsorgung von Altger\u00e4ten<br \/>\nLieferung zu Ihnen nach Hause<br \/>\nAnschluss &amp; Installation<br \/>\npers\u00f6nlicher Kundendienst<\/span><\/span><\/span><\/p>\n<p><span style=\"color: #777777;\"><span style=\"font-family: Lato, Helvetica, Arial, sans-serif;\"><span style=\"font-size: medium;\">Zentrale Berlin &amp; Umland<\/span><\/span><\/span><\/p>\n<p><span style=\"color: #777777;\"><span style=\"font-family: Lato, Helvetica, Arial, sans-serif;\"><span style=\"font-size: medium;\">Anfahrt &amp; Kostenvoranschlag 16 \u20ac<\/span><\/span><\/span>[\/vc_column_text][thememove_button text=&#8220;JETZT ANRUFEN!&#8220; link=&#8220;url:tel%3A030%2F587407550|||&#8220;][\/vc_column][\/vc_row]<\/p>\n","protected":false},"excerpt":{"rendered":"<p>[vc_row][vc_column width=&#8220;2\/3&#8243;][vc_column_text] Zanker Kundendienst Berlin Wir sind der Gallas Zanker Kundendienst f\u00fcr Berlin und Berliner Umland Wenn Ihr Zanker Ger\u00e4t einen Defekt aufweist, dann sind wir der richtige Ansprechpartner. Heutzutage ist es kaum vorstellbar in einem Haushalt zu leben ohne Waschmaschine, Geschirrsp\u00fcler oder einem Trockner. Also was tun wenn ein Ger\u00e4t mal kaputt ist? Entweder [&hellip;]<\/p>\n","protected":false},"author":1,"featured_media":0,"parent":0,"menu_order":0,"comment_status":"closed","ping_status":"closed","template":"","meta":{"_uag_custom_page_level_css":"","site-sidebar-layout":"default","site-content-layout":"","ast-site-content-layout":"default","site-content-style":"default","site-sidebar-style":"default","ast-global-header-display":"","ast-banner-title-visibility":"","ast-main-header-display":"","ast-hfb-above-header-display":"","ast-hfb-below-header-display":"","ast-hfb-mobile-header-display":"","site-post-title":"","ast-breadcrumbs-content":"","ast-featured-img":"","footer-sml-layout":"","ast-disable-related-posts":"","theme-transparent-header-meta":"","adv-header-id-meta":"","stick-header-meta":"","header-above-stick-meta":"","header-main-stick-meta":"","header-below-stick-meta":"","astra-migrate-meta-layouts":"default","ast-page-background-enabled":"default","ast-page-background-meta":{"desktop":{"background-color":"","background-image":"","background-repeat":"repeat","background-position":"center center","background-size":"auto","background-attachment":"scroll","background-type":"","background-media":"","overlay-type":"","overlay-color":"","overlay-opacity":"","overlay-gradient":""},"tablet":{"background-color":"","background-image":"","background-repeat":"repeat","background-position":"center center","background-size":"auto","background-attachment":"scroll","background-type":"","background-media":"","overlay-type":"","overlay-color":"","overlay-opacity":"","overlay-gradient":""},"mobile":{"background-color":"","background-image":"","background-repeat":"repeat","background-position":"center center","background-size":"auto","background-attachment":"scroll","background-type":"","background-media":"","overlay-type":"","overlay-color":"","overlay-opacity":"","overlay-gradient":""}},"ast-content-background-meta":{"desktop":{"background-color":"var(--ast-global-color-5)","background-image":"","background-repeat":"repeat","background-position":"center center","background-size":"auto","background-attachment":"scroll","background-type":"","background-media":"","overlay-type":"","overlay-color":"","overlay-opacity":"","overlay-gradient":""},"tablet":{"background-color":"var(--ast-global-color-5)","background-image":"","background-repeat":"repeat","background-position":"center center","background-size":"auto","background-attachment":"scroll","background-type":"","background-media":"","overlay-type":"","overlay-color":"","overlay-opacity":"","overlay-gradient":""},"mobile":{"background-color":"var(--ast-global-color-5)","background-image":"","background-repeat":"repeat","background-position":"center center","background-size":"auto","background-attachment":"scroll","background-type":"","background-media":"","overlay-type":"","overlay-color":"","overlay-opacity":"","overlay-gradient":""}},"footnotes":""},"class_list":["post-6276","page","type-page","status-publish","hentry"],"uagb_featured_image_src":{"full":false,"thumbnail":false,"medium":false,"medium_large":false,"large":false,"1536x1536":false,"2048x2048":false},"uagb_author_info":{"display_name":"samir","author_link":"https:\/\/reparatur24.berlin\/staging\/author\/samir\/"},"uagb_comment_info":0,"uagb_excerpt":"[vc_row][vc_column width=&#8220;2\/3&#8243;][vc_column_text] Zanker Kundendienst Berlin Wir sind der Gallas Zanker Kundendienst f\u00fcr Berlin und Berliner Umland Wenn Ihr Zanker Ger\u00e4t einen Defekt aufweist, dann sind wir der richtige Ansprechpartner. Heutzutage ist es kaum vorstellbar in einem Haushalt zu leben ohne Waschmaschine, Geschirrsp\u00fcler oder einem Trockner. Also was tun wenn ein Ger\u00e4t mal kaputt ist? Entweder&hellip;","_links":{"self":[{"href":"https:\/\/reparatur24.berlin\/staging\/wp-json\/wp\/v2\/pages\/6276","targetHints":{"allow":["GET"]}}],"collection":[{"href":"https:\/\/reparatur24.berlin\/staging\/wp-json\/wp\/v2\/pages"}],"about":[{"href":"https:\/\/reparatur24.berlin\/staging\/wp-json\/wp\/v2\/types\/page"}],"author":[{"embeddable":true,"href":"https:\/\/reparatur24.berlin\/staging\/wp-json\/wp\/v2\/users\/1"}],"replies":[{"embeddable":true,"href":"https:\/\/reparatur24.berlin\/staging\/wp-json\/wp\/v2\/comments?post=6276"}],"version-history":[{"count":0,"href":"https:\/\/reparatur24.berlin\/staging\/wp-json\/wp\/v2\/pages\/6276\/revisions"}],"wp:attachment":[{"href":"https:\/\/reparatur24.berlin\/staging\/wp-json\/wp\/v2\/media?parent=6276"}],"curies":[{"name":"wp","href":"https:\/\/api.w.org\/{rel}","templated":true}]}}