{"id":5534,"date":"2019-12-18T13:56:27","date_gmt":"2019-12-18T12:56:27","guid":{"rendered":"https:\/\/reparatur24.berlin\/?page_id=5534"},"modified":"2019-12-18T15:10:55","modified_gmt":"2019-12-18T14:10:55","slug":"bezirk-pankow","status":"publish","type":"page","link":"https:\/\/reparatur24.berlin\/staging\/bezirk-pankow\/","title":{"rendered":"Bezirk &#8211; Pankow"},"content":{"rendered":"<p>[vc_row full_width=&#8220;stretch_row_content_no_spaces&#8220; css=&#8220;.vc_custom_1441358061785{margin-bottom: 0px !important;}&#8220;][vc_column][rev_slider_vc alias=&#8220;homepage-02&#8243;][\/vc_column][\/vc_row][vc_row el_class=&#8220;we-are-layout2&#8243; css=&#8220;.vc_custom_1441967601701{margin-bottom: 0px !important;}&#8220;][vc_column width=&#8220;2\/3&#8243; css=&#8220;.vc_custom_1509744727286{padding-top: 10px !important;padding-bottom: 30px !important;background-image: url(https:\/\/renovation.thememove.com\/wp-content\/uploads\/2015\/09\/home02_section1_bg.png?id=1623) !important;background-position: center !important;background-repeat: no-repeat !important;background-size: cover !important;}&#8220;][vc_column_text]<\/p>\n<h2 style=\"text-align: center;\"><\/h2>\n<h1 style=\"text-align: center;\">Ihr Kundendienst f\u00fcr Pankow<\/h1>\n<h2 style=\"text-align: center;\">Ihr Ger\u00e4t gibt den Geist auf und das ganz und gar nicht zu Ihrer Freude&#8230;<\/h2>\n<p style=\"text-align: center;\">Wir geben Ihnen die Garantie, dass eine Reparatur lohnenswerter ist als ein Neukauf. Ihr Ger\u00e4t hat Ihnen immer einen perfekten Dienst geleistet und gerade solch ein Ger\u00e4t sollte man wegen einem defektes nicht wegschmei\u00dfen. Sparen Sie und nutzen Sie die alternative unseren Reparaturdienst in Pankow in Anspruch zu nehmen, damit Ihr Ger\u00e4t schnell wieder in Betrieb genommen werden kann.<\/p>\n<h3 style=\"text-align: center;\">Wir sind der Kundenservice Ihres Vertrauens in ganz Berlin.<\/h3>\n<p style=\"text-align: center;\">Wenn Ihr Haushaltsger\u00e4t defekt, kaputt ist oder nicht funktioniert.<br \/>\nDie\u00a0Waschmaschine\u00a0w\u00e4scht nicht mehr?<br \/>\nDer\u00a0Geschirrsp\u00fcler\u00a0brummt nur noch?\u00a0Der Elektroherd\u00a0wird nicht mehr warm?<br \/>\nDer\u00a0Kaffeevollautomat\u00a0macht alles nur keinen Kaffee?<br \/>\nDer\u00a0W\u00e4schetrockner\u00a0trocknet nichts?<br \/>\nUnd der\u00a0Fernseher\u00a0zeigt kein Bild oder hat keinen Ton?<br \/>\nAnders ausgedr\u00fcckt: Es l\u00e4uft nicht richtig?<br \/>\nOder ben\u00f6tigen Sie Hilfe bei der Installation eines Ger\u00e4tes?<\/p>\n<p style=\"text-align: center;\">Wir haben unsere Standorte in ganz Berlin, weshalb unsere Techniker schon am n\u00e4chsten Tag bei ihnen in Pankow vorbeischauen k\u00f6nnen.<br \/>\nUnsere Au\u00dfendienstmitarbeiter, welche von 7-22 Uhr f\u00fcr Sie zust\u00e4ndig sind, kommen und agieren aus verschiedenen Bezirken aus Berlin und Berlin Umland.<\/p>\n<p style=\"text-align: center;\">Jetzt Termin vereinbaren.<br \/>\n030 \/\u00a058 74 07 55 0<\/p>\n<p style=\"text-align: center;\">Brandenburgische Stra\u00dfe 77<br \/>\n10713 Berlin<\/p>\n<p>[\/vc_column_text][vc_column_text]<\/p>\n<p><img loading=\"lazy\" decoding=\"async\" class=\"alignnone size-full wp-image-2837\" src=\"https:\/\/reparatur24.berlin\/staging\/wp-content\/uploads\/2017\/11\/Berlin_Bezirken.jpg\" alt=\"Karte von Steglitz-Zehlendorf\" width=\"799\" height=\"601\" srcset=\"https:\/\/reparatur24.berlin\/staging\/wp-content\/uploads\/2017\/11\/Berlin_Bezirken.jpg 799w, https:\/\/reparatur24.berlin\/staging\/wp-content\/uploads\/2017\/11\/Berlin_Bezirken-300x226.jpg 300w, https:\/\/reparatur24.berlin\/staging\/wp-content\/uploads\/2017\/11\/Berlin_Bezirken-768x578.jpg 768w\" sizes=\"auto, (max-width: 799px) 100vw, 799px\" \/>[\/vc_column_text][\/vc_column][vc_column width=&#8220;1\/3&#8243;][thememove_button text=&#8220;Tel.: 030\/587407550&#8243; link=&#8220;url:tel%3A030%2F587407550|||&#8220;][vc_column_text]<\/p>\n<p class=\"p1\"><b>Sie finden uns hier:<\/b><\/p>\n<p class=\"p2\"><b>Kundendienst in Berlin &amp; Umland<\/b><br \/>\nBrandenburgische Stra\u00dfe 77<br \/>\n10713 Berlin<br \/>\nTelefon:030 \/ 58 7407 55 0<\/p>\n<p class=\"p2\"><b>Unsere \u00d6ffnungszeiten:<\/b><br \/>\nMo \u2013 Fr: 07:00 \u2013 20:00 Uhr<br \/>\nSa: 10:00 \u2013 14:00 Uhr<\/p>\n<p class=\"p3\"><span class=\"s1\"><a href=\"https:\/\/reparatur24.berlin\/staging\/impressum\/\">Impressum<\/a><\/span><\/p>\n<p class=\"p1\"><b>\u00a0<\/b><\/p>\n<p class=\"p1\"><b>Wir reparieren:<\/b><\/p>\n<p class=\"p3\"><span class=\"s1\"><a href=\"https:\/\/reparatur24.berlin\/staging\/waschmaschinen-reparatur\/\">Waschmaschinen<\/a><\/span><\/p>\n<p class=\"p3\"><span class=\"s1\"><a href=\"https:\/\/reparatur24.berlin\/staging\/waeschetrockner-reparatur\/\">W\u00e4schetrockner<\/a><\/span><\/p>\n<p class=\"p3\"><span class=\"s1\"><a href=\"https:\/\/reparatur24.berlin\/staging\/waschtrockner-reparatur-berlin\/\">Waschtrockner<\/a><\/span><\/p>\n<p class=\"p3\"><span class=\"s1\"><a href=\"https:\/\/reparatur24.berlin\/staging\/geschirrspueler-reparatur\/\">Geschirrsp\u00fcler<\/a><\/span><\/p>\n<p class=\"p3\"><span class=\"s1\"><a href=\"https:\/\/reparatur24.berlin\/staging\/elektroherd-reparatur\/\">Elektroherde<\/a><\/span><\/p>\n<p class=\"p3\"><span class=\"s1\"><a href=\"https:\/\/reparatur24.berlin\/staging\/kaffeevollautomaten-reparatur-in-berlin\/\">Kaffeevollautomaten<\/a><\/span><\/p>\n<p class=\"p1\"><b>\u00a0<\/b><\/p>\n<p class=\"p1\"><b>Reparatur-Garantie:<\/b><\/p>\n<p class=\"p2\">Wir arbeiten gewissenhaft, kompetent und kosteng\u00fcnstig mit einer <b>Garantie von 24 Monaten<\/b>.<br \/>\nUnsere Kunden wissen das sehr zu sch\u00e4tzen.<\/p>\n<p class=\"p1\"><b>\u00a0<\/b><\/p>\n<p class=\"p1\"><b>Unsere Leistungen:<\/b><\/p>\n<ul class=\"ul1\">\n<li class=\"li2\">24 Stunden Notdienst<\/li>\n<li class=\"li2\">Reparaturen nach der Hersteller Garantiezeit<\/li>\n<li class=\"li2\">unsere Reparaturgarantie von 24 Monaten<\/li>\n<li class=\"li2\">Wartungsservice aller Art<\/li>\n<li class=\"li2\">Fachberatung f\u00fcr Qualit\u00e4tsware<\/li>\n<li class=\"li2\">Neukauf, wenn Reparatur unwirtschaftlich<\/li>\n<li class=\"li2\">Entsorgung von Altger\u00e4ten<\/li>\n<li class=\"li2\">Lieferung zu Ihnen nach Hause<\/li>\n<li class=\"li2\">Anschluss &amp; Installation<\/li>\n<li class=\"li2\">pers\u00f6nlicher Kundendienst<\/li>\n<\/ul>\n<p class=\"p1\"><b>\u00a0<\/b><\/p>\n<p class=\"p1\"><b>Zentrale Berlin &amp; Umland<\/b><\/p>\n<p class=\"p2\">Anfahrt &amp; Kostenvoranschlag 16 \u20ac<\/p>\n<p>[\/vc_column_text][\/vc_column][\/vc_row][vc_row full_width=&#8220;stretch_row&#8220; parallax=&#8220;content-moving&#8220; parallax_image=&#8220;1400&#8243; el_class=&#8220;our-features-layout2 center&#8220; css=&#8220;.vc_custom_1441960383083{margin-bottom: 0px !important;padding-top: 60px !important;padding-bottom: 30px !important;}&#8220;][vc_column width=&#8220;1\/3&#8243; css=&#8220;.vc_custom_1439360282029{margin-bottom: 30px !important;}&#8220;][vc_single_image image=&#8220;2845&#8243; alignment=&#8220;center&#8220;][vc_custom_heading text=&#8220;Reparaturen&#8220; font_container=&#8220;tag:h3|font_size:20|text_align:center|color:%23ffffff&#8220; css=&#8220;.vc_custom_1509742527813{margin-top: 5px !important;margin-bottom: 5px !important;}&#8220;][vc_column_text]<\/p>\n<p style=\"text-align: center;\">Ihr Haushaltsger\u00e4t ist defekt? Sie ben\u00f6tigen Hilfe bei der Installation? Wir helfen Ihnen auf jeden Fall gern und schnell!<\/p>\n<p>[\/vc_column_text][\/vc_column][vc_column width=&#8220;1\/3&#8243; css=&#8220;.vc_custom_1439360289713{margin-bottom: 30px !important;}&#8220;][vc_single_image image=&#8220;2846&#8243; alignment=&#8220;center&#8220;][vc_custom_heading text=&#8220;24\/7 Service&#8220; font_container=&#8220;tag:h3|font_size:20|text_align:center|color:%23ffffff&#8220; css=&#8220;.vc_custom_1509743026986{margin-top: 5px !important;margin-bottom: 5px !important;}&#8220;][vc_column_text]Wir f\u00fchren Ersatzteile aller g\u00e4ngigen Fabrikate. Dadurch ist das Ersatzteil meistens innerhalb von 24 Stunden bei Ihnen.[\/vc_column_text][\/vc_column][vc_column width=&#8220;1\/3&#8243; css=&#8220;.vc_custom_1439360299267{margin-bottom: 30px !important;}&#8220;][vc_single_image image=&#8220;2838&#8243; alignment=&#8220;center&#8220;][vc_custom_heading text=&#8220;Kosten&#8220; font_container=&#8220;tag:h3|font_size:20|text_align:center|color:%23ffffff&#8220; css=&#8220;.vc_custom_1509743138038{margin-top: 5px !important;margin-bottom: 5px !important;}&#8220;][vc_column_text]<\/p>\n<p style=\"text-align: center;\">Unsere Preise und Kosten\u00a0sind fair kalkuliert. Deswegen sind wir einer der g\u00fcnstigsten Kundendienste in Berlin.<\/p>\n<p>[\/vc_column_text][\/vc_column][\/vc_row][vc_row full_width=&#8220;stretch_row&#8220; el_class=&#8220;heading-title-with-subtitle&#8211;dark&#8220; css=&#8220;.vc_custom_1441959779860{padding-top: 70px !important;padding-bottom: 70px !important;background-color: #111111 !important;}&#8220;][vc_column][vc_custom_heading text=&#8220;Unser Service&#8220; font_container=&#8220;tag:h2|font_size:32|text_align:center|color:%23ffffff|line_height:1.2&#8243; css=&#8220;.vc_custom_1509744864098{margin-bottom: 10px !important;}&#8220;][vc_column_text]<\/p>\n<p style=\"text-align: center;\">Unsere Dienstleistung wird in Berlin und 20 km Umgebung erbracht.<\/p>\n<p style=\"text-align: center;\">Wir bieten Ihnen unseren Vor- Ort- Service an. Der Defekt wird vom Techniker ermittelt und stellt eine Diagnose um Ihnen genaustens einen Kostenvoranschlag erstellen zu k\u00f6nnen. Ebenfalls werden Sie \u00fcber die Wirtschaftlichkeit einer Reparatur beraten.<\/p>\n<p style=\"text-align: center;\">Der Pauschalpreis hierf\u00fcr betr\u00e4gt inklusive Anfahrt 16,- Euro.<\/p>\n<p>Hier gibt es mehr zu unserem Service !<\/p>\n<p><a href=\"http:\/\/waschmaschinen-reparaturen.berlin\" target=\"_blank\" rel=\"noopener\">http:\/\/waschmaschinen-reparaturen.berlin<\/a>[\/vc_column_text][thememove_button text=&#8220;Mehr zu unserem Service !&#8220; link=&#8220;url:http%3A%2F%2Fwaschmaschinen-reparaturen.berlin|||&#8220;][\/vc_column][\/vc_row][vc_row][vc_column][vc_column_text]<\/p>\n<p style=\"text-align: center;\"><a href=\"https:\/\/reparatur24.berlin\/staging\/haushalt\/aeg\/\">AEG<\/a>\u00a0|\u00a0<a href=\"https:\/\/reparatur24.berlin\/staging\/haushalt\/amica\/\">AMICA<\/a>\u00a0|\u00a0<a href=\"https:\/\/reparatur24.berlin\/staging\/haushalt\/ariston\/\">ARISTON <\/a>|\u00a0<a href=\"https:\/\/reparatur24.berlin\/staging\/haushalt\/bauknecht\/\">BAUKNECHT <\/a>|\u00a0<a href=\"https:\/\/reparatur24.berlin\/staging\/haushalt\/beko\/\">Beko <\/a>|\u00a0<a href=\"https:\/\/reparatur24.berlin\/staging\/haushalt\/blomberg\/\">Blomberg<\/a> |\u00a0<a href=\"https:\/\/reparatur24.berlin\/staging\/haushalt\/bosch\/\">BOSCH <\/a>|\u00a0<a href=\"https:\/\/reparatur24.berlin\/staging\/haushalt\/candy\/\">CANDY <\/a>|\u00a0<a href=\"https:\/\/reparatur24.berlin\/staging\/haushalt\/clatronic\/\">CLATRONIC <\/a>|\u00a0<a href=\"https:\/\/reparatur24.berlin\/staging\/haushalt\/constructa\/\">CONSTRUCTA <\/a>|\u00a0<a href=\"https:\/\/reparatur24.berlin\/staging\/haushalt\/ebd\/\">EBD <\/a>|<\/p>\n<p style=\"text-align: center;\">| <a href=\"https:\/\/reparatur24.berlin\/staging\/haushalt\/electrolux\/\">ELECTROLUX <\/a>|\u00a0<a href=\"https:\/\/reparatur24.berlin\/staging\/haushalt\/fagor\/\">FAGOR <\/a>| <a href=\"https:\/\/reparatur24.berlin\/staging\/haushalt\/foron\/\">FORON <\/a>|\u00a0<a href=\"https:\/\/reparatur24.berlin\/staging\/haushalt\/gorenje\/\">GORENJE <\/a>|\u00a0<a href=\"https:\/\/reparatur24.berlin\/staging\/haushalt\/hanseatic\/\">HANSEATIC <\/a>|\u00a0<a href=\"https:\/\/reparatur24.berlin\/staging\/haushalt\/hoover\/\">HOOVER <\/a>|\u00a0<a href=\"https:\/\/reparatur24.berlin\/staging\/haushalt\/ignis\/\">IGNIS <\/a>|\u00a0<a href=\"https:\/\/reparatur24.berlin\/staging\/haushalt\/indesit\/\">INDESIT <\/a>|\u00a0<a href=\"https:\/\/reparatur24.berlin\/staging\/haushalt\/juno\/\">JUNO <\/a>|\u00a0<a href=\"https:\/\/reparatur24.berlin\/staging\/haushalt\/lg\/\">LG <\/a>|\u00a0<a href=\"https:\/\/reparatur24.berlin\/staging\/haushalt\/liebherr\/\">LIEBHERR <\/a>|<\/p>\n<p style=\"text-align: center;\">|\u00a0<a href=\"https:\/\/reparatur24.berlin\/staging\/haushalt\/lloyds\/\">Lloyds <\/a>|\u00a0<a href=\"https:\/\/reparatur24.berlin\/staging\/haushalt\/miele-2\/\">MIELE <\/a>|\u00a0<a href=\"https:\/\/reparatur24.berlin\/staging\/haushalt\/neff\/\">NEFF <\/a>|\u00a0<a href=\"https:\/\/reparatur24.berlin\/staging\/haushalt\/panasonic\/\">PANASONIC <\/a>|\u00a0<a href=\"https:\/\/reparatur24.berlin\/staging\/haushalt\/philips\/\">PHILIPS <\/a>|\u00a0<a href=\"https:\/\/reparatur24.berlin\/staging\/haushalt\/privileg\/\">PRIVILEG <\/a>|\u00a0<a href=\"https:\/\/reparatur24.berlin\/staging\/haushalt\/samsung\/\">SAMSUNG <\/a>|\u00a0<a href=\"https:\/\/reparatur24.berlin\/staging\/haushalt\/seg\/\">SEG <\/a>|\u00a0<a href=\"https:\/\/reparatur24.berlin\/staging\/haushalt\/siemens\/\">SIEMENS<\/a> |\u00a0<a href=\"https:\/\/reparatur24.berlin\/staging\/haushalt\/smeg\/\">SMEG <\/a>|\u00a0<a href=\"https:\/\/reparatur24.berlin\/staging\/haushalt\/techwood\/\">TECHWOOD <\/a>|<\/p>\n<p style=\"text-align: center;\">|\u00a0<a href=\"https:\/\/reparatur24.berlin\/staging\/haushalt\/whirlpool\/\">WHIRLPOOL <\/a>|\u00a0<a href=\"https:\/\/reparatur24.berlin\/staging\/haushalt\/zanker\/\">ZANKER <\/a>|\u00a0<a href=\"https:\/\/reparatur24.berlin\/staging\/haushalt\/zanussi\/\">ZANUSSI <\/a>|<\/p>\n<p>[\/vc_column_text][\/vc_column][\/vc_row][vc_row full_width=&#8220;stretch_row&#8220; el_class=&#8220;be-a-piece-of-us style2 middle&#8220; css=&#8220;.vc_custom_1442027143933{margin-bottom: 0px !important;padding-top: 65px !important;padding-bottom: 68px !important;background-color: #111111 !important;}&#8220;][vc_column width=&#8220;1\/12&#8243; el_class=&#8220;center&#8220;][thememove_icon icon_fontawesome=&#8220;fa fa-users&#8220; font_size=&#8220;26&#8243; font_color=&#8220;#111111&#8243;][\/vc_column][vc_column width=&#8220;2\/3&#8243; el_class=&#8220;center-xs start-sm&#8220;][vc_custom_heading text=&#8220;Vereinbaren Sie noch Heute einen Termin!&#8220; font_container=&#8220;tag:h2|font_size:32|text_align:left|color:%23ffffff&#8220; link=&#8220;|||&#8220;][vc_column_text]<\/p>\n<h4>030 \/ 55 46 32 05<\/h4>\n<p>[\/vc_column_text][\/vc_column][vc_column width=&#8220;1\/4&#8243; el_class=&#8220;center&#8220;][\/vc_column][\/vc_row]<\/p>\n","protected":false},"excerpt":{"rendered":"<p>[vc_row full_width=&#8220;stretch_row_content_no_spaces&#8220; css=&#8220;.vc_custom_1441358061785{margin-bottom: 0px !important;}&#8220;][vc_column][rev_slider_vc alias=&#8220;homepage-02&#8243;][\/vc_column][\/vc_row][vc_row el_class=&#8220;we-are-layout2&#8243; css=&#8220;.vc_custom_1441967601701{margin-bottom: 0px !important;}&#8220;][vc_column width=&#8220;2\/3&#8243; css=&#8220;.vc_custom_1509744727286{padding-top: 10px !important;padding-bottom: 30px !important;background-image: url(https:\/\/renovation.thememove.com\/wp-content\/uploads\/2015\/09\/home02_section1_bg.png?id=1623) !important;background-position: center !important;background-repeat: no-repeat !important;background-size: cover !important;}&#8220;][vc_column_text] Ihr Kundendienst f\u00fcr Pankow Ihr Ger\u00e4t gibt den Geist auf und das ganz und gar nicht zu Ihrer Freude&#8230; Wir geben Ihnen die Garantie, dass eine Reparatur lohnenswerter ist als ein [&hellip;]<\/p>\n","protected":false},"author":1,"featured_media":0,"parent":0,"menu_order":0,"comment_status":"open","ping_status":"open","template":"","meta":{"_uag_custom_page_level_css":"","site-sidebar-layout":"no-sidebar","site-content-layout":"plain-container","ast-site-content-layout":"default","site-content-style":"default","site-sidebar-style":"default","ast-global-header-display":"","ast-banner-title-visibility":"","ast-main-header-display":"","ast-hfb-above-header-display":"","ast-hfb-below-header-display":"","ast-hfb-mobile-header-display":"","site-post-title":"disabled","ast-breadcrumbs-content":"","ast-featured-img":"disabled","footer-sml-layout":"","ast-disable-related-posts":"","theme-transparent-header-meta":"","adv-header-id-meta":"","stick-header-meta":"","header-above-stick-meta":"","header-main-stick-meta":"","header-below-stick-meta":"","astra-migrate-meta-layouts":"default","ast-page-background-enabled":"default","ast-page-background-meta":{"desktop":{"background-color":"","background-image":"","background-repeat":"repeat","background-position":"center center","background-size":"auto","background-attachment":"scroll","background-type":"","background-media":"","overlay-type":"","overlay-color":"","overlay-opacity":"","overlay-gradient":""},"tablet":{"background-color":"","background-image":"","background-repeat":"repeat","background-position":"center center","background-size":"auto","background-attachment":"scroll","background-type":"","background-media":"","overlay-type":"","overlay-color":"","overlay-opacity":"","overlay-gradient":""},"mobile":{"background-color":"","background-image":"","background-repeat":"repeat","background-position":"center center","background-size":"auto","background-attachment":"scroll","background-type":"","background-media":"","overlay-type":"","overlay-color":"","overlay-opacity":"","overlay-gradient":""}},"ast-content-background-meta":{"desktop":{"background-color":"var(--ast-global-color-5)","background-image":"","background-repeat":"repeat","background-position":"center center","background-size":"auto","background-attachment":"scroll","background-type":"","background-media":"","overlay-type":"","overlay-color":"","overlay-opacity":"","overlay-gradient":""},"tablet":{"background-color":"var(--ast-global-color-5)","background-image":"","background-repeat":"repeat","background-position":"center center","background-size":"auto","background-attachment":"scroll","background-type":"","background-media":"","overlay-type":"","overlay-color":"","overlay-opacity":"","overlay-gradient":""},"mobile":{"background-color":"var(--ast-global-color-5)","background-image":"","background-repeat":"repeat","background-position":"center center","background-size":"auto","background-attachment":"scroll","background-type":"","background-media":"","overlay-type":"","overlay-color":"","overlay-opacity":"","overlay-gradient":""}},"footnotes":""},"class_list":["post-5534","page","type-page","status-publish","hentry"],"uagb_featured_image_src":{"full":false,"thumbnail":false,"medium":false,"medium_large":false,"large":false,"1536x1536":false,"2048x2048":false},"uagb_author_info":{"display_name":"samir","author_link":"https:\/\/reparatur24.berlin\/staging\/author\/samir\/"},"uagb_comment_info":0,"uagb_excerpt":"[vc_row full_width=&#8220;stretch_row_content_no_spaces&#8220; css=&#8220;.vc_custom_1441358061785{margin-bottom: 0px !important;}&#8220;][vc_column][rev_slider_vc alias=&#8220;homepage-02&#8243;][\/vc_column][\/vc_row][vc_row el_class=&#8220;we-are-layout2&#8243; css=&#8220;.vc_custom_1441967601701{margin-bottom: 0px !important;}&#8220;][vc_column width=&#8220;2\/3&#8243; css=&#8220;.vc_custom_1509744727286{padding-top: 10px !important;padding-bottom: 30px !important;background-image: url(https:\/\/renovation.thememove.com\/wp-content\/uploads\/2015\/09\/home02_section1_bg.png?id=1623) !important;background-position: center !important;background-repeat: no-repeat !important;background-size: cover !important;}&#8220;][vc_column_text] Ihr Kundendienst f\u00fcr Pankow Ihr Ger\u00e4t gibt den Geist auf und das ganz und gar nicht zu Ihrer Freude&#8230; Wir geben Ihnen die Garantie, dass eine Reparatur lohnenswerter ist als ein&hellip;","_links":{"self":[{"href":"https:\/\/reparatur24.berlin\/staging\/wp-json\/wp\/v2\/pages\/5534","targetHints":{"allow":["GET"]}}],"collection":[{"href":"https:\/\/reparatur24.berlin\/staging\/wp-json\/wp\/v2\/pages"}],"about":[{"href":"https:\/\/reparatur24.berlin\/staging\/wp-json\/wp\/v2\/types\/page"}],"author":[{"embeddable":true,"href":"https:\/\/reparatur24.berlin\/staging\/wp-json\/wp\/v2\/users\/1"}],"replies":[{"embeddable":true,"href":"https:\/\/reparatur24.berlin\/staging\/wp-json\/wp\/v2\/comments?post=5534"}],"version-history":[{"count":0,"href":"https:\/\/reparatur24.berlin\/staging\/wp-json\/wp\/v2\/pages\/5534\/revisions"}],"wp:attachment":[{"href":"https:\/\/reparatur24.berlin\/staging\/wp-json\/wp\/v2\/media?parent=5534"}],"curies":[{"name":"wp","href":"https:\/\/api.w.org\/{rel}","templated":true}]}}