{"id":5411,"date":"2019-12-16T16:10:10","date_gmt":"2019-12-16T15:10:10","guid":{"rendered":"https:\/\/reparatur24.berlin\/?page_id=5411"},"modified":"2019-12-16T16:10:11","modified_gmt":"2019-12-16T15:10:11","slug":"elektroherd-electrolux-fehlercodes","status":"publish","type":"page","link":"https:\/\/reparatur24.berlin\/staging\/elektroherd-electrolux-fehlercodes\/","title":{"rendered":"Elektroherd Electrolux Fehlercodes"},"content":{"rendered":"<p>[vc_row][vc_column width=&#8220;2\/3&#8243;][vc_separator color=&#8220;orange&#8220;][vc_toggle title=&#8220;E11&#8243; style=&#8220;rounded&#8220; color=&#8220;orange&#8220; use_custom_heading=&#8220;true&#8220;]Probleme mit Wasserzulauf in der Waschphase[\/vc_toggle][vc_btn title=&#8220;Weiter lesen..&#8220; style=&#8220;custom&#8220; custom_background=&#8220;#dd9933&#8243; custom_text=&#8220;#ffffff&#8220; shape=&#8220;round&#8220; size=&#8220;lg&#8220; align=&#8220;center&#8220; i_type=&#8220;pixelicons&#8220; add_icon=&#8220;true&#8220; link=&#8220;url:https%3A%2F%2Freparatur24.berlin%2Fstaging%2Faeg-fehler-code-e11%2F|||&#8220;][vc_separator color=&#8220;orange&#8220;][vc_toggle title=&#8220;E12&#8243; style=&#8220;rounded&#8220; color=&#8220;orange&#8220; use_custom_heading=&#8220;true&#8220;]Probleme beim Wasserf\u00fcllen im Trockenprogramm[\/vc_toggle][vc_btn title=&#8220;Weiter lesen..&#8220; style=&#8220;custom&#8220; custom_background=&#8220;#dd9933&#8243; custom_text=&#8220;#ffffff&#8220; shape=&#8220;round&#8220; size=&#8220;lg&#8220; align=&#8220;center&#8220; i_type=&#8220;pixelicons&#8220; add_icon=&#8220;true&#8220; link=&#8220;url:https%3A%2F%2Freparatur24.berlin%2Fstaging%2Faeg-fehler-code-e12%2F|||&#8220;][vc_separator color=&#8220;orange&#8220;][vc_toggle title=&#8220;E13&#8243; style=&#8220;rounded&#8220; color=&#8220;orange&#8220; use_custom_heading=&#8220;true&#8220;]Wasser tritt aus[\/vc_toggle][vc_btn title=&#8220;Weiter lesen..&#8220; style=&#8220;custom&#8220; custom_background=&#8220;#dd9933&#8243; custom_text=&#8220;#ffffff&#8220; shape=&#8220;round&#8220; size=&#8220;lg&#8220; align=&#8220;center&#8220; i_type=&#8220;pixelicons&#8220; add_icon=&#8220;true&#8220; link=&#8220;url:https%3A%2F%2Freparatur24.berlin%2Fstaging%2Faeg-fehler-code-e13%2F|||&#8220;][vc_separator color=&#8220;orange&#8220;][vc_toggle title=&#8220;E21&#8243; style=&#8220;rounded&#8220; color=&#8220;orange&#8220; use_custom_heading=&#8220;true&#8220;]Probleme mit Wasserablauf[\/vc_toggle][vc_btn title=&#8220;Weiter lesen..&#8220; style=&#8220;custom&#8220; custom_background=&#8220;#dd9933&#8243; custom_text=&#8220;#ffffff&#8220; shape=&#8220;round&#8220; size=&#8220;lg&#8220; align=&#8220;center&#8220; i_type=&#8220;pixelicons&#8220; add_icon=&#8220;true&#8220; link=&#8220;url:https%3A%2F%2Freparatur24.berlin%2Fstaging%2Faeg-fehler-code-e21%2F|||&#8220;][vc_separator color=&#8220;orange&#8220;][vc_toggle title=&#8220;E22&#8243; style=&#8220;rounded&#8220; color=&#8220;orange&#8220; use_custom_heading=&#8220;true&#8220;]Abpumpprobleme w\u00e4hrend des Trockenvorgangs[\/vc_toggle][vc_btn title=&#8220;Weiter lesen..&#8220; style=&#8220;custom&#8220; custom_background=&#8220;#dd9933&#8243; custom_text=&#8220;#ffffff&#8220; shape=&#8220;round&#8220; size=&#8220;lg&#8220; align=&#8220;center&#8220; i_type=&#8220;pixelicons&#8220; add_icon=&#8220;true&#8220; link=&#8220;url:https%3A%2F%2Freparatur24.berlin%2Fstaging%2Faeg-fehler-code-e22%2F|||&#8220;][vc_separator color=&#8220;orange&#8220;][vc_toggle title=&#8220;E23&#8243; style=&#8220;rounded&#8220; color=&#8220;orange&#8220; use_custom_heading=&#8220;true&#8220;]Triac f\u00fcr Ablaufpumpe defekt[\/vc_toggle][vc_btn title=&#8220;Weiter lesen..&#8220; style=&#8220;custom&#8220; custom_background=&#8220;#dd9933&#8243; custom_text=&#8220;#ffffff&#8220; shape=&#8220;round&#8220; size=&#8220;lg&#8220; align=&#8220;center&#8220; i_type=&#8220;pixelicons&#8220; add_icon=&#8220;true&#8220; link=&#8220;url:https%3A%2F%2Freparatur24.berlin%2Fstaging%2Faeg-fehler-code-e23%2F|||&#8220;][vc_separator color=&#8220;orange&#8220;][vc_toggle title=&#8220;E24&#8243; style=&#8220;rounded&#8220; color=&#8220;orange&#8220; use_custom_heading=&#8220;true&#8220;]Ablaufpumpe Triac \u00dcberwachungskreisfehler[\/vc_toggle][vc_btn title=&#8220;Weiter lesen..&#8220; style=&#8220;custom&#8220; custom_background=&#8220;#dd9933&#8243; custom_text=&#8220;#ffffff&#8220; shape=&#8220;round&#8220; size=&#8220;lg&#8220; align=&#8220;center&#8220; i_type=&#8220;pixelicons&#8220; add_icon=&#8220;true&#8220; link=&#8220;url:https%3A%2F%2Freparatur24.berlin%2Fstaging%2Faeg-fehler-code-e24%2F|||&#8220;][vc_separator color=&#8220;orange&#8220;][vc_toggle title=&#8220;E31&#8243; style=&#8220;rounded&#8220; color=&#8220;orange&#8220; use_custom_heading=&#8220;true&#8220;]Elektronischer Drucksensor[\/vc_toggle][vc_btn title=&#8220;Weiter lesen..&#8220; style=&#8220;custom&#8220; custom_background=&#8220;#dd9933&#8243; custom_text=&#8220;#ffffff&#8220; shape=&#8220;round&#8220; size=&#8220;lg&#8220; align=&#8220;center&#8220; i_type=&#8220;pixelicons&#8220; add_icon=&#8220;true&#8220; link=&#8220;url:https%3A%2F%2Freparatur24.berlin%2Fstaging%2Faeg-fehler-code-e31%2F|||&#8220;][vc_separator color=&#8220;orange&#8220;][vc_toggle title=&#8220;E32&#8243; style=&#8220;rounded&#8220; color=&#8220;orange&#8220; use_custom_heading=&#8220;true&#8220;]Fehlerhafte Kalibrierung des analogen Drucksensors[\/vc_toggle][vc_btn title=&#8220;Weiter lesen..&#8220; style=&#8220;custom&#8220; custom_background=&#8220;#dd9933&#8243; custom_text=&#8220;#ffffff&#8220; shape=&#8220;round&#8220; size=&#8220;lg&#8220; align=&#8220;center&#8220; i_type=&#8220;pixelicons&#8220; add_icon=&#8220;true&#8220; link=&#8220;url:https%3A%2F%2Freparatur24.berlin%2Fstaging%2Faeg-fehler-code-e32%2F|||&#8220;][vc_separator color=&#8220;orange&#8220;][vc_toggle title=&#8220;E33&#8243; style=&#8220;rounded&#8220; color=&#8220;orange&#8220; use_custom_heading=&#8220;true&#8220;]Nicht-\u00dcbereinstimmung der Werte zwischen analogem und Sicherheits-Druckw\u00e4chter[\/vc_toggle][vc_btn title=&#8220;Weiter lesen..&#8220; style=&#8220;custom&#8220; custom_background=&#8220;#dd9933&#8243; custom_text=&#8220;#ffffff&#8220; shape=&#8220;round&#8220; size=&#8220;lg&#8220; align=&#8220;center&#8220; i_type=&#8220;pixelicons&#8220; add_icon=&#8220;true&#8220; link=&#8220;url:https%3A%2F%2Freparatur24.berlin%2Fstaging%2Faeg-fehler-code-e33%2F|||&#8220;][vc_separator color=&#8220;orange&#8220;][vc_toggle title=&#8220;E34&#8243; style=&#8220;rounded&#8220; color=&#8220;orange&#8220; use_custom_heading=&#8220;true&#8220;]Nicht-\u00dcbereinstimmung der Werte zwischen analogem Druckw\u00e4chter und Sicherheits-Druckw\u00e4chterkontakt 2[\/vc_toggle][vc_btn title=&#8220;Weiter lesen..&#8220; style=&#8220;custom&#8220; custom_background=&#8220;#dd9933&#8243; custom_text=&#8220;#ffffff&#8220; shape=&#8220;round&#8220; size=&#8220;lg&#8220; align=&#8220;center&#8220; i_type=&#8220;pixelicons&#8220; add_icon=&#8220;true&#8220; link=&#8220;url:https%3A%2F%2Freparatur24.berlin%2Fstaging%2Faeg-fehler-code-e34%2F|||&#8220;][vc_separator color=&#8220;orange&#8220;][vc_toggle title=&#8220;E35&#8243; style=&#8220;rounded&#8220; color=&#8220;orange&#8220; use_custom_heading=&#8220;true&#8220;]Wasser\u00fcberlauf[\/vc_toggle][vc_btn title=&#8220;Weiter lesen..&#8220; style=&#8220;custom&#8220; custom_background=&#8220;#dd9933&#8243; custom_text=&#8220;#ffffff&#8220; shape=&#8220;round&#8220; size=&#8220;lg&#8220; align=&#8220;center&#8220; i_type=&#8220;pixelicons&#8220; add_icon=&#8220;true&#8220; link=&#8220;url:https%3A%2F%2Freparatur24.berlin%2Fstaging%2Faeg-fehler-code-e35%2F|||&#8220;][vc_separator color=&#8220;orange&#8220;][\/vc_column][vc_column width=&#8220;1\/3&#8243;][vc_column_text]<\/p>\n<p class=\"p1\"><b>Sie finden uns hier:<\/b><\/p>\n<p class=\"p2\"><b>Kundendienst in Berlin &amp; Umland<\/b><br \/>\nBrandenburgische Stra\u00dfe 77<br \/>\n10713 Berlin<br \/>\nTelefon:030 \/ 58 7407 55 0<\/p>\n<p class=\"p2\"><b>Unsere \u00d6ffnungszeiten:<\/b><br \/>\nMo \u2013 Fr: 07:00 \u2013 20:00 Uhr<br \/>\nSa: 10:00 \u2013 14:00 Uhr<\/p>\n<p class=\"p3\"><span class=\"s1\"><a href=\"https:\/\/reparatur24.berlin\/staging\/impressum\/\">Impressum<\/a><\/span><\/p>\n<p class=\"p1\"><b>\u00a0<\/b><\/p>\n<p class=\"p1\"><b>Wir reparieren:<\/b><\/p>\n<p class=\"p3\"><span class=\"s1\"><a href=\"https:\/\/reparatur24.berlin\/staging\/waschmaschinen-reparatur\/\">Waschmaschinen<\/a><\/span><\/p>\n<p class=\"p3\"><span class=\"s1\"><a href=\"https:\/\/reparatur24.berlin\/staging\/waeschetrockner-reparatur\/\">W\u00e4schetrockner<\/a><\/span><\/p>\n<p class=\"p3\"><span class=\"s1\"><a href=\"https:\/\/reparatur24.berlin\/staging\/waschtrockner-reparatur-berlin\/\">Waschtrockner<\/a><\/span><\/p>\n<p class=\"p3\"><span class=\"s1\"><a href=\"https:\/\/reparatur24.berlin\/staging\/geschirrspueler-reparatur\/\">Geschirrsp\u00fcler<\/a><\/span><\/p>\n<p class=\"p3\"><span class=\"s1\"><a href=\"https:\/\/reparatur24.berlin\/staging\/elektroherd-reparatur\/\">Elektroherde<\/a><\/span><\/p>\n<p class=\"p3\"><span class=\"s1\"><a href=\"https:\/\/reparatur24.berlin\/staging\/kaffeevollautomaten-reparatur-in-berlin\/\">Kaffeevollautomaten<\/a><\/span><\/p>\n<p class=\"p1\"><b>\u00a0<\/b><\/p>\n<p class=\"p1\"><b>Reparatur-Garantie:<\/b><\/p>\n<p class=\"p2\">Wir arbeiten gewissenhaft, kompetent und kosteng\u00fcnstig mit einer <b>Garantie von 24 Monaten<\/b>.<br \/>\nUnsere Kunden wissen das sehr zu sch\u00e4tzen.<\/p>\n<p class=\"p1\"><b>\u00a0<\/b><\/p>\n<p class=\"p1\"><b>Unsere Leistungen:<\/b><\/p>\n<ul class=\"ul1\">\n<li class=\"li2\">24 Stunden Notdienst<\/li>\n<li class=\"li2\">Reparaturen nach der Hersteller Garantiezeit<\/li>\n<li class=\"li2\">unsere Reparaturgarantie von 24 Monaten<\/li>\n<li class=\"li2\">Wartungsservice aller Art<\/li>\n<li class=\"li2\">Fachberatung f\u00fcr Qualit\u00e4tsware<\/li>\n<li class=\"li2\">Neukauf, wenn Reparatur unwirtschaftlich<\/li>\n<li class=\"li2\">Entsorgung von Altger\u00e4ten<\/li>\n<li class=\"li2\">Lieferung zu Ihnen nach Hause<\/li>\n<li class=\"li2\">Anschluss &amp; Installation<\/li>\n<li class=\"li2\">pers\u00f6nlicher Kundendienst<\/li>\n<\/ul>\n<p class=\"p1\"><b>\u00a0<\/b><\/p>\n<p class=\"p1\"><b>Zentrale Berlin &amp; Umland<\/b><\/p>\n<p class=\"p3\"><span class=\"s2\">Telefonnummer :<a href=\"tel:030%20\/%2058%2074%2007%2055%200\"><span class=\"s3\">030 \/ 58 74 07 55 0<\/span><\/a><\/span><\/p>\n<p class=\"p2\">Anfahrt &amp; Kostenvoranschlag 16 \u20ac<\/p>\n<p>[\/vc_column_text][\/vc_column][\/vc_row][vc_row][vc_column][\/vc_column][\/vc_row][vc_row css=&#8220;.vc_custom_1443177632481{margin-bottom: 70px !important;}&#8220;][vc_column width=&#8220;1\/3&#8243;][vc_row_inner css=&#8220;.vc_custom_1443496397223{margin-bottom: -10px !important;}&#8220;][vc_column_inner el_class=&#8220;hot-line&#8220;][vc_column_text]<img loading=\"lazy\" decoding=\"async\" class=\"alignnone\" src=\"https:\/\/renovation.thememove.com\/data\/images\/contact-hot-line.jpg\" alt=\"\" width=\"370\" height=\"250\" \/>[\/vc_column_text][vc_column_text]<\/p>\n<h4>24\/7 HOTLINE<\/h4>\n<h4 class=\"p1\"><strong><span class=\"s1\">030 \/ 58 74 07 55 0<\/span><\/strong><\/h4>\n<p>[\/vc_column_text][\/vc_column_inner][\/vc_row_inner][vc_column_text]Wir sind von von Montag bis Samstag in der Zeit von 7 bis 22 Uhr f\u00fcr Sie erreichbar.<br \/>\nSenden Sie Ihre Anfrage bitte mit Hilfe des unten folgenden Formulars, oder rufen Sie uns ganz unkompliziert an!<br \/>\nNat\u00fcrlich k\u00f6nnen Sie uns auch gerne in unserem Laden in der Brandenburgische Stra\u00dfe 77, in 10713 Berlin-Wilmersdorf vorbeikommen.[\/vc_column_text][vc_row_inner css=&#8220;.vc_custom_1443177442599{margin-bottom: 20px !important;}&#8220; el_class=&#8220;call-us&#8220;][vc_column_inner width=&#8220;1\/6&#8243; offset=&#8220;vc_col-xs-2&#8243;][thememove_icon icon_fontawesome=&#8220;fa fa-phone&#8220; font_size=&#8220;18&#8243; font_color=&#8220;#111111&#8243;][\/vc_column_inner][vc_column_inner width=&#8220;5\/6&#8243; offset=&#8220;vc_col-xs-10&#8243;][vc_custom_heading text=&#8220;030 \/ 58 74 07 55 0&#8243; font_container=&#8220;tag:h2|font_size:20|text_align:left|color:%23111111&#8243; link=&#8220;url:tel%3A030%20%2F%2058%2074%2007%2055%200|||&#8220;][vc_custom_heading text=&#8220;info@reparatur24.berlin&#8220; font_container=&#8220;tag:p|font_size:14|text_align:left|color:%23111111&#8243;][\/vc_column_inner][\/vc_row_inner][vc_row_inner el_class=&#8220;call-us&#8220;][vc_column_inner width=&#8220;1\/6&#8243; offset=&#8220;vc_col-xs-2&#8243;][thememove_icon icon_fontawesome=&#8220;fa fa-home&#8220; font_size=&#8220;18&#8243; font_color=&#8220;#111111&#8243;][\/vc_column_inner][vc_column_inner width=&#8220;5\/6&#8243; offset=&#8220;vc_col-xs-10&#8243;][vc_custom_heading text=&#8220;Brandenburgische Stra\u00dfe 77<br \/>\n10713 Berlin&#8220; font_container=&#8220;tag:p|font_size:14|text_align:left|color:%23111111&#8243;][\/vc_column_inner][\/vc_row_inner][\/vc_column][vc_column width=&#8220;2\/3&#8243;][vc_raw_html]JTNDZGl2JTIwc3R5bGUlM0QlMjJvdmVyZmxvdyUzQWhpZGRlbiUzQndpZHRoJTNBJTIwNjUwcHglM0Jwb3NpdGlvbiUzQSUyMHJlbGF0aXZlJTNCJTIyJTNFJTNDaWZyYW1lJTIwd2lkdGglM0QlMjI2NTAlMjIlMjBoZWlnaHQlM0QlMjIzNTAlMjIlMjBzcmMlM0QlMjJodHRwcyUzQSUyRiUyRm1hcHMuZ29vZ2xlLmNvbSUyRm1hcHMlM0Z3aWR0aCUzRDY1MCUyNmFtcCUzQmhlaWdodCUzRDM1MCUyNmFtcCUzQmhsJTNEZW4lMjZhbXAlM0JxJTNERUclMjUyMEdBTExBUyUyQiUyOFRpdGVsJTI5JTI2YW1wJTNCaWUlM0RVVEY4JTI2YW1wJTNCdCUzRCUyNmFtcCUzQnolM0QxMyUyNmFtcCUzQml3bG9jJTNEQiUyNmFtcCUzQm91dHB1dCUzRGVtYmVkJTIyJTIwZnJhbWVib3JkZXIlM0QlMjIwJTIyJTIwc2Nyb2xsaW5nJTNEJTIybm8lMjIlMjBtYXJnaW5oZWlnaHQlM0QlMjIwJTIyJTIwbWFyZ2lud2lkdGglM0QlMjIwJTIyJTNFJTNDJTJGaWZyYW1lJTNFJTNDZGl2JTIwc3R5bGUlM0QlMjJwb3NpdGlvbiUzQSUyMGFic29sdXRlJTNCd2lkdGglM0ElMjA4MCUyNSUzQmJvdHRvbSUzQSUyMDEwcHglM0JsZWZ0JTNBJTIwMCUzQnJpZ2h0JTNBJTIwMCUzQm1hcmdpbi1sZWZ0JTNBJTIwYXV0byUzQm1hcmdpbi1yaWdodCUzQSUyMGF1dG8lM0Jjb2xvciUzQSUyMCUyMzAwMCUzQnRleHQtYWxpZ24lM0ElMjBjZW50ZXIlM0IlMjIlM0UlM0NzbWFsbCUyMHN0eWxlJTNEJTIybGluZS1oZWlnaHQlM0ElMjAxLjglM0Jmb250LXNpemUlM0ElMjAycHglM0JiYWNrZ3JvdW5kJTNBJTIwJTIzZmZmJTNCJTIyJTNFUG93ZXJlZCUyMGJ5JTIwJTNDYSUyMGhyZWYlM0QlMjJodHRwcyUzQSUyRiUyRmVtYmVkZ29vZ2xlbWFwcy5jb20lMkZpdCUyRiUyMiUzRWVtYmVkZ29vZ2xlbWFwcyUyMElUJTNDJTJGYSUzRSUyMCUyNiUyMCUzQ2ElMjBocmVmJTNEJTIyaHR0cCUzQSUyRiUyRmxhc3ZlZ2Fzc3RhdGlzdGljcy5lbWJlZGdvb2dsZW1hcHMuY29tJTIyJTNFd3d3Lmxhc3ZlZ2Fzc3RhdGlzdGljcy5lbWJlZGdvb2dsZW1hcHMuY29tJTNDJTJGYSUzRSUzQyUyRnNtYWxsJTNFJTNDJTJGZGl2JTNFJTNDc3R5bGUlM0UlMjNnbWFwX2NhbnZhcyUyMGltZyU3Qm1heC13aWR0aCUzQW5vbmUlMjFpbXBvcnRhbnQlM0JiYWNrZ3JvdW5kJTNBbm9uZSUyMWltcG9ydGFudCU3RCUzQyUyRnN0eWxlJTNFJTNDJTJGZGl2JTNFJTNDYnIlMjAlMkYlM0U=[\/vc_raw_html][contact-form-7 id=&#8220;5&#8243;][\/vc_column][\/vc_row][vc_row full_width=&#8220;stretch_row&#8220; el_class=&#8220;be-a-piece-of-us middle&#8220; css=&#8220;.vc_custom_1439191711650{margin-bottom: 0px !important;padding-top: 65px !important;padding-bottom: 68px !important;background-color: #eeeeee !important;}&#8220;][vc_column width=&#8220;1\/12&#8243; el_class=&#8220;center&#8220;][thememove_icon icon_fontawesome=&#8220;fa fa-users&#8220; font_size=&#8220;26&#8243; font_color=&#8220;#111111&#8243;][\/vc_column][vc_column width=&#8220;2\/3&#8243; el_class=&#8220;center-xs start-sm&#8220;][vc_custom_heading text=&#8220;Bewirb Dich heute und starte morgen.&#8220; font_container=&#8220;tag:h2|font_size:32|text_align:left|color:%231d2736&#8243; link=&#8220;url:http%3A%2F%2Freparatur24.berlin%2Fhaushalt%2Fjob-karriere%2F|||&#8220;][vc_column_text]Wir freuen uns, Dich in unserm Team begr\u00fc\u00dfen zu d\u00fcrfen, Werde Teil des Teams![\/vc_column_text][\/vc_column][vc_column width=&#8220;1\/4&#8243; el_class=&#8220;center&#8220;][\/vc_column][\/vc_row]<\/p>\n","protected":false},"excerpt":{"rendered":"<p>[vc_row][vc_column width=&#8220;2\/3&#8243;][vc_separator color=&#8220;orange&#8220;][vc_toggle title=&#8220;E11&#8243; style=&#8220;rounded&#8220; color=&#8220;orange&#8220; use_custom_heading=&#8220;true&#8220;]Probleme mit Wasserzulauf in der Waschphase[\/vc_toggle][vc_btn title=&#8220;Weiter lesen..&#8220; style=&#8220;custom&#8220; custom_background=&#8220;#dd9933&#8243; custom_text=&#8220;#ffffff&#8220; shape=&#8220;round&#8220; size=&#8220;lg&#8220; align=&#8220;center&#8220; i_type=&#8220;pixelicons&#8220; add_icon=&#8220;true&#8220; link=&#8220;url:https%3A%2F%2Freparatur24.berlin%2Fstaging%2Faeg-fehler-code-e11%2F|||&#8220;][vc_separator color=&#8220;orange&#8220;][vc_toggle title=&#8220;E12&#8243; style=&#8220;rounded&#8220; color=&#8220;orange&#8220; use_custom_heading=&#8220;true&#8220;]Probleme beim Wasserf\u00fcllen im Trockenprogramm[\/vc_toggle][vc_btn title=&#8220;Weiter lesen..&#8220; style=&#8220;custom&#8220; custom_background=&#8220;#dd9933&#8243; custom_text=&#8220;#ffffff&#8220; shape=&#8220;round&#8220; size=&#8220;lg&#8220; align=&#8220;center&#8220; i_type=&#8220;pixelicons&#8220; add_icon=&#8220;true&#8220; link=&#8220;url:https%3A%2F%2Freparatur24.berlin%2Fstaging%2Faeg-fehler-code-e12%2F|||&#8220;][vc_separator color=&#8220;orange&#8220;][vc_toggle title=&#8220;E13&#8243; style=&#8220;rounded&#8220; color=&#8220;orange&#8220; use_custom_heading=&#8220;true&#8220;]Wasser tritt aus[\/vc_toggle][vc_btn title=&#8220;Weiter lesen..&#8220; style=&#8220;custom&#8220; custom_background=&#8220;#dd9933&#8243; custom_text=&#8220;#ffffff&#8220; [&hellip;]<\/p>\n","protected":false},"author":1,"featured_media":0,"parent":0,"menu_order":0,"comment_status":"closed","ping_status":"closed","template":"","meta":{"_uag_custom_page_level_css":"","site-sidebar-layout":"no-sidebar","site-content-layout":"plain-container","ast-site-content-layout":"default","site-content-style":"default","site-sidebar-style":"default","ast-global-header-display":"","ast-banner-title-visibility":"","ast-main-header-display":"","ast-hfb-above-header-display":"","ast-hfb-below-header-display":"","ast-hfb-mobile-header-display":"","site-post-title":"disabled","ast-breadcrumbs-content":"","ast-featured-img":"disabled","footer-sml-layout":"","ast-disable-related-posts":"","theme-transparent-header-meta":"","adv-header-id-meta":"","stick-header-meta":"","header-above-stick-meta":"","header-main-stick-meta":"","header-below-stick-meta":"","astra-migrate-meta-layouts":"default","ast-page-background-enabled":"default","ast-page-background-meta":{"desktop":{"background-color":"","background-image":"","background-repeat":"repeat","background-position":"center center","background-size":"auto","background-attachment":"scroll","background-type":"","background-media":"","overlay-type":"","overlay-color":"","overlay-opacity":"","overlay-gradient":""},"tablet":{"background-color":"","background-image":"","background-repeat":"repeat","background-position":"center center","background-size":"auto","background-attachment":"scroll","background-type":"","background-media":"","overlay-type":"","overlay-color":"","overlay-opacity":"","overlay-gradient":""},"mobile":{"background-color":"","background-image":"","background-repeat":"repeat","background-position":"center center","background-size":"auto","background-attachment":"scroll","background-type":"","background-media":"","overlay-type":"","overlay-color":"","overlay-opacity":"","overlay-gradient":""}},"ast-content-background-meta":{"desktop":{"background-color":"var(--ast-global-color-5)","background-image":"","background-repeat":"repeat","background-position":"center center","background-size":"auto","background-attachment":"scroll","background-type":"","background-media":"","overlay-type":"","overlay-color":"","overlay-opacity":"","overlay-gradient":""},"tablet":{"background-color":"var(--ast-global-color-5)","background-image":"","background-repeat":"repeat","background-position":"center center","background-size":"auto","background-attachment":"scroll","background-type":"","background-media":"","overlay-type":"","overlay-color":"","overlay-opacity":"","overlay-gradient":""},"mobile":{"background-color":"var(--ast-global-color-5)","background-image":"","background-repeat":"repeat","background-position":"center center","background-size":"auto","background-attachment":"scroll","background-type":"","background-media":"","overlay-type":"","overlay-color":"","overlay-opacity":"","overlay-gradient":""}},"footnotes":""},"class_list":["post-5411","page","type-page","status-publish","hentry"],"uagb_featured_image_src":{"full":false,"thumbnail":false,"medium":false,"medium_large":false,"large":false,"1536x1536":false,"2048x2048":false},"uagb_author_info":{"display_name":"samir","author_link":"https:\/\/reparatur24.berlin\/staging\/author\/samir\/"},"uagb_comment_info":0,"uagb_excerpt":"[vc_row][vc_column width=&#8220;2\/3&#8243;][vc_separator color=&#8220;orange&#8220;][vc_toggle title=&#8220;E11&#8243; style=&#8220;rounded&#8220; color=&#8220;orange&#8220; use_custom_heading=&#8220;true&#8220;]Probleme mit Wasserzulauf in der Waschphase[\/vc_toggle][vc_btn title=&#8220;Weiter lesen..&#8220; style=&#8220;custom&#8220; custom_background=&#8220;#dd9933&#8243; custom_text=&#8220;#ffffff&#8220; shape=&#8220;round&#8220; size=&#8220;lg&#8220; align=&#8220;center&#8220; i_type=&#8220;pixelicons&#8220; add_icon=&#8220;true&#8220; link=&#8220;url:https%3A%2F%2Freparatur24.berlin%2Fstaging%2Faeg-fehler-code-e11%2F|||&#8220;][vc_separator color=&#8220;orange&#8220;][vc_toggle title=&#8220;E12&#8243; style=&#8220;rounded&#8220; color=&#8220;orange&#8220; use_custom_heading=&#8220;true&#8220;]Probleme beim Wasserf\u00fcllen im Trockenprogramm[\/vc_toggle][vc_btn title=&#8220;Weiter lesen..&#8220; style=&#8220;custom&#8220; custom_background=&#8220;#dd9933&#8243; custom_text=&#8220;#ffffff&#8220; shape=&#8220;round&#8220; size=&#8220;lg&#8220; align=&#8220;center&#8220; i_type=&#8220;pixelicons&#8220; add_icon=&#8220;true&#8220; link=&#8220;url:https%3A%2F%2Freparatur24.berlin%2Fstaging%2Faeg-fehler-code-e12%2F|||&#8220;][vc_separator color=&#8220;orange&#8220;][vc_toggle title=&#8220;E13&#8243; style=&#8220;rounded&#8220; color=&#8220;orange&#8220; use_custom_heading=&#8220;true&#8220;]Wasser tritt aus[\/vc_toggle][vc_btn title=&#8220;Weiter lesen..&#8220; style=&#8220;custom&#8220; custom_background=&#8220;#dd9933&#8243; custom_text=&#8220;#ffffff&#8220;&hellip;","_links":{"self":[{"href":"https:\/\/reparatur24.berlin\/staging\/wp-json\/wp\/v2\/pages\/5411","targetHints":{"allow":["GET"]}}],"collection":[{"href":"https:\/\/reparatur24.berlin\/staging\/wp-json\/wp\/v2\/pages"}],"about":[{"href":"https:\/\/reparatur24.berlin\/staging\/wp-json\/wp\/v2\/types\/page"}],"author":[{"embeddable":true,"href":"https:\/\/reparatur24.berlin\/staging\/wp-json\/wp\/v2\/users\/1"}],"replies":[{"embeddable":true,"href":"https:\/\/reparatur24.berlin\/staging\/wp-json\/wp\/v2\/comments?post=5411"}],"version-history":[{"count":0,"href":"https:\/\/reparatur24.berlin\/staging\/wp-json\/wp\/v2\/pages\/5411\/revisions"}],"wp:attachment":[{"href":"https:\/\/reparatur24.berlin\/staging\/wp-json\/wp\/v2\/media?parent=5411"}],"curies":[{"name":"wp","href":"https:\/\/api.w.org\/{rel}","templated":true}]}}