{"id":4876,"date":"2019-11-29T15:53:54","date_gmt":"2019-11-29T14:53:54","guid":{"rendered":"https:\/\/reparatur24.berlin\/?page_id=4876"},"modified":"2020-03-23T12:54:52","modified_gmt":"2020-03-23T11:54:52","slug":"einbaumikrowelle-reparaturen","status":"publish","type":"page","link":"https:\/\/reparatur24.berlin\/staging\/einbaumikrowelle-reparaturen\/","title":{"rendered":"Einbaumikrowelle Reparaturen"},"content":{"rendered":"<p>[vc_row][vc_column width=&#8220;5\/6&#8243;][vc_column_text]<\/p>\n<h2 class=\"western\"><span style=\"font-size: medium;\">Berlin und 20 km Umland<\/span><\/h2>\n<p>Wir sind der richtige Ansprechpartner, wenn es um Ihre defekte Einbau-Mikrowelle geht. Gerne reparieren, beraten oder helfen Ihnen bei der Installation.<\/p>\n<p>Eine defekte Einbau-Mikrowelle ist besondes \u00e4rgerlich, da man kaum Zeit oder Nerven hat das defekte Ger\u00e4t auszubauen, zur Reparatur zu bringen oder ein neues zu organisieren und neu zu installieren. In solchen F\u00e4llen k\u00f6nnen Sie unseren Abholservice nutzen. Die Frequenz-Service Techniker organisieren dann den sicheren Transport Ihrer Einbau Mikrowelle in unsere Fachwerkstatt. Dort wird das Ger\u00e4t analysiert und im Anschluss werden Sie \u00fcber den Preis sowie notwendige Reparaturarbeiten informiert.[\/vc_column_text][thememove_button text=&#8220;Tel.: 030 \/ 58 74 07 55 0&#8243; link=&#8220;url:tel%3A030%2F587407550|||&#8220;][\/vc_column][vc_column width=&#8220;1\/6&#8243;][vc_single_image image=&#8220;2726&#8243; img_size=&#8220;large&#8220;][\/vc_column][\/vc_row][vc_row][vc_column width=&#8220;2\/3&#8243;][vc_column_text]<\/p>\n<h2 class=\"western\">Schneller Full-Service dank Ihrer Mithilfe<\/h2>\n<p>Wenn Sie bei uns anrufen bitten wir Sie die unten folgenden Informationen bereit zu halten. Das hilft unseren Mitarbeitern und Ihnen. Aufgrund Dieser kann eine erste Diagnose bereits am Telefon erstellen werden:<\/p>\n<ul>\n<li>welche Marke<b> <\/b>hat das Ger\u00e4t?<\/li>\n<li>z.B. : Siemens, Miele, Bosch, Bauknecht, AEG, etc.<\/li>\n<li>k\u00f6nnen Sie uns eine <a href=\"https:\/\/de.wikipedia.org\/wiki\/Typenschild#Beispiele\" target=\"_blank\" rel=\"noopener\"><b>Fabrikationsnummer<\/b><\/a><a href=\"https:\/\/de.wikipedia.org\/wiki\/Typenschild#Beispiele\" target=\"_blank\" rel=\"noopener\">\/<\/a> <b>Ger\u00e4tenummer<\/b> nennen?<\/li>\n<li>kurze Beschreibung der St\u00f6rung<b> <\/b>hilft immer.<\/li>\n<li>Ihr Name, Anschrift und Kontaktdaten<b> <\/b>ist sehr wichtig.<\/li>\n<li>Ihre pers\u00f6nliche und telefonische Erreichbarkeit<b> <\/b>erleichtert den R\u00fcckruf.<\/li>\n<\/ul>\n<h2><\/h2>\n<h2 class=\"western\">Einbau-Mikrowellen Reparatur nur nach Ablauf der Hersteller Garantiezeit<\/h2>\n<p>Unser Kundendienst ist ein freier &amp; unabh\u00e4ngiger Reparaturdienst und kein Werkskundendienst. Deshalb d\u00fcrfen wir Auftr\u00e4ge nur nach Ablauf der vom Hersteller \u00fcbernommenen Garantiezeit anbieten. Dies sind in der Regel 2 Jahre. Erst nach dieser Zeit sind wir f\u00fcr Sie zust\u00e4ndig.<\/p>\n<h2 class=\"western\">Vor-Ort-Reparatur und Werkstatt Service in Berlin<\/h2>\n<p>Unsere Techniker werden immer versuchen die Einbau-Mikrowelle vor Ort zu reparieren. \u00dcblich n\u00f6tige Ersatzteile und Spezialwerkzeug hab wir dabei. Sollte die Reparatur die veranschlagte Zeit \u00fcberschreiten, ein Ersatzteil nicht vorr\u00e4tig sein oder der Platz nicht ausreichen um gr\u00fcndlich zu arbeiten, dann k\u00f6nnen wir Ihr Ger\u00e4t auch in unserer hauseigenen Werkstatt reparieren. Dies macht oft Sinn, da die Techniker dort in viel k\u00fcrzerer Zeit die gleichen Fehler beheben k\u00f6nnen. Durch die Mitnahme Ihres Ger\u00e4tes entstehen keine weiteren Kosten.<\/p>\n<h2 class=\"western\">Einbau-Mikrowelle Reparatur Berlin<\/h2>\n<p>Unsere geschulten Techniker k\u00f6nnen fast alle Probleme direkt vor Ort l\u00f6sen., jedoch m\u00fcssen wir bei manchen Fehlern die Einbau-Mikrowelle in unsere Werkstatt bringen. Der Techniker vor Ort wird Ihnen bei Ihrer Entscheidung helfen und Ihnen sagen ob eine Reparatur sich bei Ihrer Einbau-Mikrowelle lohnt und\/oder Wirtschaftlich ist.<\/p>\n<p>F\u00fcr unsere Anfahrt &amp; unseren Kostenvoranschlag berechnen wir eine Pauschale von 16 \u20ac.<\/p>\n<h3 class=\"western\">16 \u20ac die es sich lohnt in Ihr Ger\u00e4t zu investieren.<\/h3>\n<p>&nbsp;<\/p>\n<p><strong>Anfahrt, Diagnose &amp; Kostenangebot nur 16,- Euro<\/strong><\/p>\n<p>Empfehlenswert ist unser Vor- Ort- Service. Der Techniker untersucht bei Ihnen zu Hause gr\u00fcndlich das Ger\u00e4t auf Fehler und erstellt ein Angebot. Dabei wird dann auch besprochen ob sich die Reparatur \u00fcberhaupt noch lohnt. Dieser Service wird mit einer Anfahrtspauschale von nur 16,- Euro berechnet. Rufen Sie uns an um schnellstm\u00f6glich einen passenden Termin zu finden.<\/p>\n<p><strong>Kundendienst nur nach Ablauf der Hersteller Garantiezeit<\/strong><\/p>\n<p>Unser Kundendienst ist ein freier und unabh\u00e4ngiger Reparaturdienst und nicht der Werkskundendienst. Deshalb nehmen wir Auftr\u00e4ge nur nach Ablauf der vom Hersteller \u00fcbernommenen Garantiezeit an. Dies ist bei vielen Herstellern 2 Jahre. Erst nach dieser Zeit sind wir f\u00fcr Sie zust\u00e4ndig.<\/p>\n<p><strong>Vor-Ort-Reparatur und Werkstatt Service in Berlin<\/strong><\/p>\n<p>N\u00f6tige Ersatzteile und Spezialwerkzeug haben unsere Techniker dabei, um den Fehler Ihres Ger\u00e4tes vor Ort reparieren zu k\u00f6nnen.<\/p>\n<p>Unsere Techniker werden den Fehler vor Ort reparieren. Hierf\u00fcr haben wir n\u00f6tige Ersatzteile und Spezialwerkzeug dabei. In dem Fall das eine Reparaturarbeit zu viel Zeit beansprucht oder der Platz nicht ausreicht haben wir die M\u00f6glichkeit das Ger\u00e4t in unserer hauseigenen Werkstatt in Berlin zu reparieren. Dort haben die Techniker Arbeitsabl\u00e4ufe optimiert und k\u00f6nnen den Fehler schneller beheben. Die Abholung und Lieferung ist in unseren Angeboten stets enthalten. Sie brauchen bei uns also keine Angst vor versteckten Kosten zu haben.<\/p>\n<h2 class=\"western\">Mikrowellen Reparatur Berlin<\/h2>\n<p>Wir sind f\u00fcr Sie da wenn es um die Reparatur Ihres Backofens, Elektroherd oder Kochfelder geht. Wir stehen Ihnen schnell zur Verf\u00fcgung und arbeiten zuverl\u00e4ssig und preiswert. Auch f\u00fcr eine Beratung oder Installation k\u00f6nnen Sie uns gerne Kontaktieren. Ganz egal ob es sich um einen Elektroherd, Backofen, eine Mikrowelle, ein Ceran- oder Induktionskochfeld handelt.<\/p>\n<figure id=\"attachment_2742\" aria-describedby=\"caption-attachment-2742\" style=\"width: 300px\" class=\"wp-caption alignright\"><img loading=\"lazy\" decoding=\"async\" class=\" wp-image-2742\" src=\"https:\/\/reparatur24.berlin\/staging\/wp-content\/uploads\/2017\/11\/Mikrowelle_offen-1024x717-1024x717.jpg\" alt=\"Mikrowelle offen\" width=\"300\" height=\"210\" srcset=\"https:\/\/reparatur24.berlin\/staging\/wp-content\/uploads\/2017\/11\/Mikrowelle_offen-1024x717.jpg 1024w, https:\/\/reparatur24.berlin\/staging\/wp-content\/uploads\/2017\/11\/Mikrowelle_offen-1024x717-300x210.jpg 300w, https:\/\/reparatur24.berlin\/staging\/wp-content\/uploads\/2017\/11\/Mikrowelle_offen-1024x717-768x538.jpg 768w\" sizes=\"auto, (max-width: 300px) 100vw, 300px\" \/><figcaption id=\"caption-attachment-2742\" class=\"wp-caption-text\">Offene Mikrowelle von vorne<\/figcaption><\/figure>\n<p><strong>Kochger\u00e4te die wir reparieren:<\/strong><\/p>\n<ul>\n<li>Elektroherde<\/li>\n<li>Backofen<\/li>\n<li>Induktionskochfelder<\/li>\n<li>Cerankochfelder<\/li>\n<li>Einbau Mikrowellen<\/li>\n<\/ul>\n<p>&nbsp;<\/p>\n<p>Wir bieten Ihnen eine kompetente Reparatur und seri\u00f6sen Service f\u00fcr diese Ger\u00e4te an. Vereinbaren Sie also noch heute einen Termin mit unserem Kundendienst unter der Telefonnummer :<\/p>\n<h2 align=\"center\"><a href=\"tel:030 \/ 58 74 07 55 0\">030 \/ 58 74 07 55 0<\/a><\/h2>\n<p>Halten Sie bei einem R\u00fcckruf auf jeden Fall die folgenden Informationen zu Ihrem Haushaltsger\u00e4t bereit, denn dadurch kann eine erste Fehlerdiagnose bereits am Telefon erstellt werden.<\/p>\n<p><strong>Wichtige Daten f\u00fcr unseren Reparaturservice:<\/strong><\/p>\n<ul>\n<li>um welche Marke (Siemens, Miele, Bosch, Bauknecht, AEG, etc.) handelt es sich?<\/li>\n<li>k\u00f6nnen Sie uns eine\u00a0Fabrikationsnummer\/\u00a0<a href=\"https:\/\/de.wikipedia.org\/wiki\/Typenschild#Beispiele\" target=\"_blank\" rel=\"noopener\">Ger\u00e4tenummer\u00a0<\/a>nennen?<\/li>\n<li>kurze Beschreibung der St\u00f6rung<\/li>\n<li>Name, Anschrift und Kontaktdaten<\/li>\n<li>Ihre Telefonnummer und Erreichbarkeit<\/li>\n<\/ul>\n<p>Anhand diesen Informationen k\u00f6nnen wir den Defekt erstmals einordnen und einen passenden Reparaturplan erstellen. Erforderliche Ersatzteile sowie Besonderheiten lassen sich so kl\u00e4ren.<\/p>\n<p>Mit diesen ersten Hinweisen kann ein Defekt eingeordnet werden. Dadurch kann eine passende Reparatur geplant werden. Auch erforderlichen Ersatzteilen sowie Besonderheiten Ihres Ger\u00e4tes lassen sich so kl\u00e4ren.<\/p>\n<p>Wir freuen uns auf Ihre Anrufe oder E-Mails. Ihr Kundendienst Reparaturen Berlin!<\/p>\n<p>Falls Sie noch Fragen haben k\u00f6nnen Sie uns einfach hier Kontaktieren![\/vc_column_text][\/vc_column][vc_column width=&#8220;1\/3&#8243;][vc_column_text]<\/p>\n<div class=\"wpb_text_column wpb_content_element \">\n<div class=\"wpb_wrapper\">\n<p class=\"p1\"><b>Sie finden uns hier:<\/b><\/p>\n<p class=\"p2\"><b>Kundendienst in Berlin &amp; Umland<\/b><br \/>\nBrandenburgische Stra\u00dfe 77<br \/>\n10713 Berlin<br \/>\nTelefon:030 \/ 58 7407 55 0<\/p>\n<p class=\"p2\"><b>Unsere \u00d6ffnungszeiten:<\/b><br \/>\nMo \u2013 Fr: 07:00 \u2013 20:00 Uhr<br \/>\nSa: 10:00 \u2013 14:00 Uhr<\/p>\n<p class=\"p3\"><span class=\"s1\"><a href=\"https:\/\/reparatur24.berlin\/staging\/impressum\/\">Impressum<\/a><\/span><\/p>\n<p class=\"p1\"><b>\u00a0<\/b><\/p>\n<p class=\"p1\"><b>Wir reparieren:<\/b><\/p>\n<p class=\"p3\"><span class=\"s1\"><a href=\"https:\/\/reparatur24.berlin\/staging\/waschmaschinen-reparatur\/\">Waschmaschinen<\/a><\/span><\/p>\n<p class=\"p3\"><span class=\"s1\"><a href=\"https:\/\/reparatur24.berlin\/staging\/waeschetrockner-reparatur\/\">W\u00e4schetrockner<\/a><\/span><\/p>\n<p class=\"p3\"><span class=\"s1\"><a href=\"https:\/\/reparatur24.berlin\/staging\/waschtrockner-reparatur-berlin\/\">Waschtrockner<\/a><\/span><\/p>\n<p class=\"p3\"><span class=\"s1\"><a href=\"https:\/\/reparatur24.berlin\/staging\/geschirrspueler-reparatur\/\">Geschirrsp\u00fcler<\/a><\/span><\/p>\n<p class=\"p3\"><span class=\"s1\"><a href=\"https:\/\/reparatur24.berlin\/staging\/elektroherd-reparatur\/\">Elektroherde<\/a><\/span><\/p>\n<p class=\"p3\"><span class=\"s1\"><a href=\"https:\/\/reparatur24.berlin\/staging\/kaffeevollautomaten-reparatur-in-berlin\/\">Kaffeevollautomaten<\/a><\/span><\/p>\n<p class=\"p1\"><b>\u00a0<\/b><\/p>\n<p class=\"p1\"><b>Reparatur-Garantie:<\/b><\/p>\n<p class=\"p2\">Wir arbeiten gewissenhaft, kompetent und kosteng\u00fcnstig mit einer <b>Garantie von 24 Monaten<\/b>.<br \/>\nUnsere Kunden wissen das sehr zu sch\u00e4tzen.<\/p>\n<p class=\"p1\"><b>\u00a0<\/b><\/p>\n<p class=\"p1\"><b>Unsere Leistungen:<\/b><\/p>\n<ul class=\"ul1\">\n<li class=\"li2\">24 Stunden Notdienst<\/li>\n<li class=\"li2\">Reparaturen nach der Hersteller Garantiezeit<\/li>\n<li class=\"li2\">unsere Reparaturgarantie von 24 Monaten<\/li>\n<li class=\"li2\">Wartungsservice aller Art<\/li>\n<li class=\"li2\">Fachberatung f\u00fcr Qualit\u00e4tsware<\/li>\n<li class=\"li2\">Neukauf, wenn Reparatur unwirtschaftlich<\/li>\n<li class=\"li2\">Entsorgung von Altger\u00e4ten<\/li>\n<li class=\"li2\">Lieferung zu Ihnen nach Hause<\/li>\n<li class=\"li2\">Anschluss &amp; Installation<\/li>\n<li class=\"li2\">pers\u00f6nlicher Kundendienst<\/li>\n<\/ul>\n<p class=\"p1\"><b>\u00a0<\/b><\/p>\n<p class=\"p1\"><b>Zentrale Berlin &amp; Umland<\/b><\/p>\n<p class=\"p2\">Anfahrt &amp; Kostenvoranschlag 16 \u20ac<\/p>\n<\/div>\n<\/div>\n<p>&nbsp;[\/vc_column_text][\/vc_column][\/vc_row][vc_row][vc_column][thememove_button text=&#8220;Kontakt aufnehmen&#8220; link=&#8220;url:https%3A%2F%2Freparatur24.berlin%2Fstaging%2Fkontakt%2F|||&#8220;][\/vc_column][\/vc_row][vc_row][vc_column][vc_raw_html]JTNDZGl2JTIwc3R5bGUlM0QlMjJvdmVyZmxvdyUzQWhpZGRlbiUzQndpZHRoJTNBJTIwNjUwcHglM0Jwb3NpdGlvbiUzQSUyMHJlbGF0aXZlJTNCJTIyJTNFJTNDaWZyYW1lJTIwd2lkdGglM0QlMjI2NTAlMjIlMjBoZWlnaHQlM0QlMjIzNTAlMjIlMjBzcmMlM0QlMjJodHRwcyUzQSUyRiUyRm1hcHMuZ29vZ2xlLmNvbSUyRm1hcHMlM0Z3aWR0aCUzRDY1MCUyNmFtcCUzQmhlaWdodCUzRDM1MCUyNmFtcCUzQmhsJTNEZW4lMjZhbXAlM0JxJTNERUclMjUyMEdBTExBUyUyQiUyOFRpdGVsJTI5JTI2YW1wJTNCaWUlM0RVVEY4JTI2YW1wJTNCdCUzRCUyNmFtcCUzQnolM0QxMyUyNmFtcCUzQml3bG9jJTNEQiUyNmFtcCUzQm91dHB1dCUzRGVtYmVkJTIyJTIwZnJhbWVib3JkZXIlM0QlMjIwJTIyJTIwc2Nyb2xsaW5nJTNEJTIybm8lMjIlMjBtYXJnaW5oZWlnaHQlM0QlMjIwJTIyJTIwbWFyZ2lud2lkdGglM0QlMjIwJTIyJTNFJTNDJTJGaWZyYW1lJTNFJTNDZGl2JTIwc3R5bGUlM0QlMjJwb3NpdGlvbiUzQSUyMGFic29sdXRlJTNCd2lkdGglM0ElMjA4MCUyNSUzQmJvdHRvbSUzQSUyMDEwcHglM0JsZWZ0JTNBJTIwMCUzQnJpZ2h0JTNBJTIwMCUzQm1hcmdpbi1sZWZ0JTNBJTIwYXV0byUzQm1hcmdpbi1yaWdodCUzQSUyMGF1dG8lM0Jjb2xvciUzQSUyMCUyMzAwMCUzQnRleHQtYWxpZ24lM0ElMjBjZW50ZXIlM0IlMjIlM0UlM0NzbWFsbCUyMHN0eWxlJTNEJTIybGluZS1oZWlnaHQlM0ElMjAxLjglM0Jmb250LXNpemUlM0ElMjAycHglM0JiYWNrZ3JvdW5kJTNBJTIwJTIzZmZmJTNCJTIyJTNFUG93ZXJlZCUyMGJ5JTIwJTNDYSUyMGhyZWYlM0QlMjJodHRwcyUzQSUyRiUyRmVtYmVkZ29vZ2xlbWFwcy5jb20lMkZpdCUyRiUyMiUzRWVtYmVkZ29vZ2xlbWFwcyUyMElUJTNDJTJGYSUzRSUyMCUyNiUyMCUzQ2ElMjBocmVmJTNEJTIyaHR0cCUzQSUyRiUyRmxhc3ZlZ2Fzc3RhdGlzdGljcy5lbWJlZGdvb2dsZW1hcHMuY29tJTIyJTNFd3d3Lmxhc3ZlZ2Fzc3RhdGlzdGljcy5lbWJlZGdvb2dsZW1hcHMuY29tJTNDJTJGYSUzRSUzQyUyRnNtYWxsJTNFJTNDJTJGZGl2JTNFJTNDc3R5bGUlM0UlMjNnbWFwX2NhbnZhcyUyMGltZyU3Qm1heC13aWR0aCUzQW5vbmUlMjFpbXBvcnRhbnQlM0JiYWNrZ3JvdW5kJTNBbm9uZSUyMWltcG9ydGFudCU3RCUzQyUyRnN0eWxlJTNFJTNDJTJGZGl2JTNFJTNDYnIlMjAlMkYlM0U=[\/vc_raw_html][\/vc_column][\/vc_row]<\/p>\n","protected":false},"excerpt":{"rendered":"<p>[vc_row][vc_column width=&#8220;5\/6&#8243;][vc_column_text] Berlin und 20 km Umland Wir sind der richtige Ansprechpartner, wenn es um Ihre defekte Einbau-Mikrowelle geht. Gerne reparieren, beraten oder helfen Ihnen bei der Installation. Eine defekte Einbau-Mikrowelle ist besondes \u00e4rgerlich, da man kaum Zeit oder Nerven hat das defekte Ger\u00e4t auszubauen, zur Reparatur zu bringen oder ein neues zu organisieren und [&hellip;]<\/p>\n","protected":false},"author":1,"featured_media":0,"parent":0,"menu_order":0,"comment_status":"closed","ping_status":"closed","template":"","meta":{"_uag_custom_page_level_css":"","site-sidebar-layout":"no-sidebar","site-content-layout":"plain-container","ast-site-content-layout":"default","site-content-style":"default","site-sidebar-style":"default","ast-global-header-display":"","ast-banner-title-visibility":"","ast-main-header-display":"","ast-hfb-above-header-display":"","ast-hfb-below-header-display":"","ast-hfb-mobile-header-display":"","site-post-title":"disabled","ast-breadcrumbs-content":"","ast-featured-img":"disabled","footer-sml-layout":"","ast-disable-related-posts":"","theme-transparent-header-meta":"","adv-header-id-meta":"","stick-header-meta":"","header-above-stick-meta":"","header-main-stick-meta":"","header-below-stick-meta":"","astra-migrate-meta-layouts":"default","ast-page-background-enabled":"default","ast-page-background-meta":{"desktop":{"background-color":"","background-image":"","background-repeat":"repeat","background-position":"center center","background-size":"auto","background-attachment":"scroll","background-type":"","background-media":"","overlay-type":"","overlay-color":"","overlay-opacity":"","overlay-gradient":""},"tablet":{"background-color":"","background-image":"","background-repeat":"repeat","background-position":"center center","background-size":"auto","background-attachment":"scroll","background-type":"","background-media":"","overlay-type":"","overlay-color":"","overlay-opacity":"","overlay-gradient":""},"mobile":{"background-color":"","background-image":"","background-repeat":"repeat","background-position":"center center","background-size":"auto","background-attachment":"scroll","background-type":"","background-media":"","overlay-type":"","overlay-color":"","overlay-opacity":"","overlay-gradient":""}},"ast-content-background-meta":{"desktop":{"background-color":"var(--ast-global-color-5)","background-image":"","background-repeat":"repeat","background-position":"center center","background-size":"auto","background-attachment":"scroll","background-type":"","background-media":"","overlay-type":"","overlay-color":"","overlay-opacity":"","overlay-gradient":""},"tablet":{"background-color":"var(--ast-global-color-5)","background-image":"","background-repeat":"repeat","background-position":"center center","background-size":"auto","background-attachment":"scroll","background-type":"","background-media":"","overlay-type":"","overlay-color":"","overlay-opacity":"","overlay-gradient":""},"mobile":{"background-color":"var(--ast-global-color-5)","background-image":"","background-repeat":"repeat","background-position":"center center","background-size":"auto","background-attachment":"scroll","background-type":"","background-media":"","overlay-type":"","overlay-color":"","overlay-opacity":"","overlay-gradient":""}},"footnotes":""},"class_list":["post-4876","page","type-page","status-publish","hentry"],"uagb_featured_image_src":{"full":false,"thumbnail":false,"medium":false,"medium_large":false,"large":false,"1536x1536":false,"2048x2048":false},"uagb_author_info":{"display_name":"samir","author_link":"https:\/\/reparatur24.berlin\/staging\/author\/samir\/"},"uagb_comment_info":0,"uagb_excerpt":"[vc_row][vc_column width=&#8220;5\/6&#8243;][vc_column_text] Berlin und 20 km Umland Wir sind der richtige Ansprechpartner, wenn es um Ihre defekte Einbau-Mikrowelle geht. Gerne reparieren, beraten oder helfen Ihnen bei der Installation. Eine defekte Einbau-Mikrowelle ist besondes \u00e4rgerlich, da man kaum Zeit oder Nerven hat das defekte Ger\u00e4t auszubauen, zur Reparatur zu bringen oder ein neues zu organisieren und&hellip;","_links":{"self":[{"href":"https:\/\/reparatur24.berlin\/staging\/wp-json\/wp\/v2\/pages\/4876","targetHints":{"allow":["GET"]}}],"collection":[{"href":"https:\/\/reparatur24.berlin\/staging\/wp-json\/wp\/v2\/pages"}],"about":[{"href":"https:\/\/reparatur24.berlin\/staging\/wp-json\/wp\/v2\/types\/page"}],"author":[{"embeddable":true,"href":"https:\/\/reparatur24.berlin\/staging\/wp-json\/wp\/v2\/users\/1"}],"replies":[{"embeddable":true,"href":"https:\/\/reparatur24.berlin\/staging\/wp-json\/wp\/v2\/comments?post=4876"}],"version-history":[{"count":0,"href":"https:\/\/reparatur24.berlin\/staging\/wp-json\/wp\/v2\/pages\/4876\/revisions"}],"wp:attachment":[{"href":"https:\/\/reparatur24.berlin\/staging\/wp-json\/wp\/v2\/media?parent=4876"}],"curies":[{"name":"wp","href":"https:\/\/api.w.org\/{rel}","templated":true}]}}