{"id":4280,"date":"2019-10-15T15:37:31","date_gmt":"2019-10-15T14:37:31","guid":{"rendered":"https:\/\/reparatur24.berlin\/?page_id=4280"},"modified":"2026-04-09T18:46:13","modified_gmt":"2026-04-09T17:46:13","slug":"apple-reparatur-berlin","status":"publish","type":"page","link":"https:\/\/reparatur24.berlin\/staging\/apple-reparatur-berlin\/","title":{"rendered":"Apple Reparatur Berlin"},"content":{"rendered":"<p>[vc_row][vc_column width=&#8220;2\/3&#8243;][vc_column_text]<\/p>\n<h2 style=\"text-align: center\"><a href=\"https:\/\/reparatur24.berlin\/staging\/apple-reparatur-berlin\/\">Apple Reparatur Berlin<\/a><\/h2>\n<p>&nbsp;<\/p>\n<p>Sie brauchen dringend flotte Hilfe weil Ihr Apple-Computer nicht funktioniert? Apple Rechner Reparaturen Berlin hat die Ergebnisse f\u00fcr Ihre IT-Probleme. Ob es um Macbooks, imacs, ipads, iphones oder Mac Pro geht, unser kompetentes Team findet Ergebnisse f\u00fcr s\u00e4mtliche EDV-Probleme. Gleichwohl Hardware-Nachr\u00fcstungen und Virenbek\u00e4mpfung ist kein Problem f\u00fcr unsere geschulten Fachm\u00e4nner. Wir bieten Ihnen unmittelbare und kompetente Hilfe bei allen Problemen mit Ihrem Desktop Rechner, Notebook, Laptop, Tablet oder Funktelefon von Apple. \u2013Und das vor Ort mit einer transparenten Preisgestaltung.<\/p>\n<h3><a href=\"https:\/\/reparatur24.berlin\/staging\/kontakt\/\">Reparaturannahme:<\/a><br \/>\nTel:<a href=\"tel:030\/587407550\"> 030 \/ 58 74 07 55 0<\/a> | <a href=\"mailto:info@reparatur24.berlin\">info@reparatur24.berlin<\/a><\/h3>\n<p>Sie k\u00f6nnen Ihren Apple PC f\u00fcr ausschlie\u00dflich 10\u20ac in unserem Laden kontrollieren lassen. Kommen Sie doch leicht von 9 bis 18 Uhr bei uns in der Brandenburgischen Str. 77 in 10713 Berlin\/Charlottenburg vorbei und \u00fcberzeugen sich f\u00fcr sich von unserem Service.<\/p>\n<p>Vor-Ort Service: <a href=\"https:\/\/reparatur24.berlin\/staging\/kontakt\/\">Anfahrt<\/a>, Diagnose &amp; Kostenangebot lediglich 16,-Euro!<br \/>\nUm Ihnen den genauen Irrt\u00fcmer und einen Kostenvoranschlag nennen zu k\u00f6nnen, empfehlen wir Ihnen den Vor\u2013Ort\u2013Service. Einer unserer Techniker kommt flink zu Ihnen und schaut sich Ihr Device an. Er untersucht den Fauxpas, erstellt ein Angebot und ber\u00e4t Sie zur Wirtschaftlichkeit einer Reparatur. F\u00fcr diesen Service berechnen wir in ganz Berlin eine identische Anfahrtspauschale von allein 16,- Euro! Rufen Sie uns an und wir finden auf diese Weise unkompliziert es geht einen entsprechenden Termin: Tel.: 030 \/ 58 74 07 55 0<\/p>\n<p>Wir liefern das Neuger\u00e4t, einrichten es und entsorgen im Bedarfsfall Ihr Altger\u00e4t umweltschonend. Wir geben Ihnen gern eine Unterweisung f\u00fcr den vom Produzenten empfohlenen Betrieb.<\/p>\n<p>Computer Reparatur Berlin hat eine Kooperation mit der EDG Wertgarantie. Wenn Sie einen Versicherungsschaden haben, sollten Sie uns unerwartet unmittelbar mit uns Kontakt einbauen. Ihnen einen Kostenvoranschlag zu anlegen, den Sie der Versicherung zukommen lassen k\u00f6nnen, ist allumfassend kein Problem. Gern \u00fcbersenden wir Ihrer Versicherung den Kostenvoranschlag genauso fix. Bisherige haben wir mit allen nachstehenden Versicherungen keine schlechten Erfahrungen gemacht: AXA, Allianz Debeka, ARAG, Aspecta, ASSTEL, Advocard, ADAC, Barmenia, VHV, Victoria, W\u00fcrttembergische, Alarm Iduna, R+V Versicherung, HDI -GERLING, Generali oder Gothaer. Wenn es in diesem Fall Herausforderungen geben sollte beistehen wir Sie.<\/p>\n<h3><a href=\"https:\/\/reparatur24.berlin\/staging\/reparaturen\/\">Kundendienst<\/a> erst nach Ablauf der Produzent Garantiezeit<\/h3>\n<p>Dieser Kundendienst ist ein freier &amp; unabh\u00e4ngiger Reparaturservice, nicht der Apple Werkskundendienst oder Kundenservice einer der auf der Seite gewissen Marken. Auf Grund nehmen wir Auftr\u00e4ge erst nach Ablauf der vom Erzeuger \u00fcbernommenen Garantiezeit an. Bei den h\u00e4ufigsten Fertigern sind dass 2 Jahre. Erst nach der Garantiezeit k\u00f6nnen wir Ihnen und Ihrem Rechner beistehen.<\/p>\n<figure id=\"attachment_3880\" aria-describedby=\"caption-attachment-3880\" style=\"width: 640px\" class=\"wp-caption alignnone\"><img loading=\"lazy\" decoding=\"async\" class=\"size-large wp-image-3880\" src=\"https:\/\/reparatur24.berlin\/staging\/wp-content\/uploads\/2019\/09\/Untitled-1-1-1024x574.jpg\" alt=\"Apple Reparatur Berlin\" width=\"640\" height=\"359\" srcset=\"https:\/\/reparatur24.berlin\/staging\/wp-content\/uploads\/2019\/09\/Untitled-1-1-1024x574.jpg 1024w, https:\/\/reparatur24.berlin\/staging\/wp-content\/uploads\/2019\/09\/Untitled-1-1-300x168.jpg 300w, https:\/\/reparatur24.berlin\/staging\/wp-content\/uploads\/2019\/09\/Untitled-1-1-768x431.jpg 768w, https:\/\/reparatur24.berlin\/staging\/wp-content\/uploads\/2019\/09\/Untitled-1-1.jpg 1600w\" sizes=\"auto, (max-width: 640px) 100vw, 640px\" \/><figcaption id=\"caption-attachment-3880\" class=\"wp-caption-text\">Reparatur von pc, Notebook, laptop, iMac und macbook Reparatur<\/figcaption><\/figure>\n<p>&nbsp;[\/vc_column_text][vc_separator][vc_column_text]<\/p>\n<h3>Wir bieten Notebook Reparaturen und Laptop Reparatur-Service u.a. f\u00fcr:<\/h3>\n<p>Notebook Displays und Laptop Display-Reparaturen, Tausch Displaykabel und Bildschirm Inverter, Notebook Reparatur bei Bildschirm Bruch, Laptop Bildschirmtausch, Inverter-Tausch, Laptop Panel-Schaden, Notebook Reparatur bei Totalausfall, Reparatur Notebook Netzteilbuche, Reparatur Laptop Akku und Ladest\u00f6rung, Reparatur Laptop Akku, Netzteildefekt, Austausch Notebook Ladebuchse, Reparatur Laptop Wasserschaden und Fl\u00fcssigkeitssch\u00e4den, Notebook-Reinigung, Reparatur bei Notebook \u00dcberhitzung und Notebook-K\u00fchlung, Notebook Mainboard-Reparatur, Reparatur Laptop Hauptplatine, Austausch Laptop Motherboard, Notebook-Grafikkarten Reparatur, Laptop Chiplevel-Reparatur, Notebook Tastatur-Wechsel, Laptop Tasten Reparatur, Notebook-Arbeitsspeicher, Laptop Reparatur bei Notebook Akku- und Ladest\u00f6rung, Laptop Batterieproblem Behebung, Notebook-Systemabst\u00fcrze, Laptop Softwareprobleme, Laptop Reparatur bei defekter Festplatte, Kostenvoranschlag f\u00fcr Notebook Reparaturen, bundesweite Abholung, und viele \u00fcbrige Serviceleistungen auf Nachfrage.[\/vc_column_text][\/vc_column][vc_column width=&#8220;1\/3&#8243; css=&#8220;.vc_custom_1570535497631{background-position: center !important;background-repeat: no-repeat !important;background-size: cover !important;}&#8220;][thememove_button text=&#8220;Tel.: 030\/587407550&#8243; link=&#8220;url:tel%3A030%2F587407550|||&#8220;][vc_column_text]<\/p>\n<section>\n<h2 class=\"block-title\">Sie finden uns hier:<\/h2>\n<p>&nbsp;<\/p>\n<div class=\"textwidget\">\n<p><a href=\"https:\/\/reparatur24.berlin\/staging\/kaffeevollautomat-reparatur\/\"><b>Reparatur24.Berlin<\/b><\/a><br \/>\nBrandenburgische Stra\u00dfe 77<br \/>\n10713 Berlin<br \/>\nTelefon:030 \/ 58 7407 55 0<\/p>\n<p>&nbsp;<\/p>\n<p><b>Unsere \u00d6ffnungszeiten:<\/b><\/p>\n<p>Mo &#8211; Fr: 07:00 \u2013 20:00 Uhr<br \/>\nSa: 10:00 \u2013 14:00 Uhr<\/p>\n<p class=\"style009\"><a href=\"https:\/\/reparatur24.berlin\/staging\/impressum\/\">Impressum<\/a><\/p>\n<p>&nbsp;<\/p><\/div>\n<\/section>\n<section>\n<h2 class=\"block-title\">Wir reparieren:<\/h2>\n<p>&nbsp;<\/p>\n<div class=\"textwidget\">\n<div class=\"ul\"><a href=\"https:\/\/reparatur24.berlin\/staging\/computer-reparatur-berlin\/\">Computer Reparatur<\/a><br \/>\n<a href=\"https:\/\/reparatur24.berlin\/staging\/notebook-reparatur-berlin\/\">Notebook Reparatur<\/a><br \/>\n<a href=\"https:\/\/reparatur24.berlin\/staging\/pc-reparatur-berlin\/\">PC Reparatur<\/a><br \/>\n<a href=\"https:\/\/reparatur24.berlin\/staging\/laptop-reparatur-berlin\/\">Lap Top Reparatur<\/a><br \/>\n<a href=\"https:\/\/reparatur24.berlin\/staging\/imac-reparatur-berlin\/\">IMAC Reparatur<\/a><br \/>\n<a href=\"https:\/\/reparatur24.berlin\/staging\/macbook-reparatur-berlin\/\">MacBook Reparatur<\/a><\/div>\n<\/div>\n<\/section>\n<div><\/div>\n<div><\/div>\n<section>\n<div class=\"textwidget\">\n<div><\/div>\n<div><\/div>\n<\/div>\n<\/section>\n<section>\n<h2 class=\"block-title\">Reparatur-Garantie:<\/h2>\n<p>&nbsp;<\/p>\n<div class=\"textwidget\">\n<p>Wir arbeiten gewissenhaft, kompetent und kosteng\u00fcnstig mit einer <strong>Garantie von 24 Monaten<\/strong>.<br \/>\nUnsere Kunden wissen das sehr zu sch\u00e4tzen.<\/p>\n<p>&nbsp;<\/p><\/div>\n<\/section>\n<section>\n<h2 class=\"block-title\">Unsere Leistungen:<\/h2>\n<p>&nbsp;<\/p>\n<div class=\"textwidget\">\n<ul>\n<li>24 Stunden Notdienst<\/li>\n<li>Reparaturen nach der Hersteller Garantiezeit<\/li>\n<li>unsere Reparaturgarantie von 24 Monaten<\/li>\n<li>Wartungsservice aller Art<\/li>\n<li>Fachberatung f\u00fcr Qualit\u00e4tsware<\/li>\n<li>Neukauf, wenn Reparatur unwirtschaftlich<\/li>\n<li>Entsorgung von Altger\u00e4ten<\/li>\n<li>Lieferung zu Ihnen nach Hause<\/li>\n<li>Anschluss &amp; Installation<\/li>\n<li>pers\u00f6nlicher Kundendienst<\/li>\n<\/ul>\n<p>&nbsp;<\/p><\/div>\n<\/section>\n<section>\n<h2><\/h2>\n<h2 class=\"block-title\">Zentrale Berlin &amp; Umland<\/h2>\n<p>&nbsp;<\/p>\n<div class=\"textwidget\">\n<p class=\"style001\">Telefonnummer :<a href=\"tel:030 \/ 58 74 07 55 0\">030 \/ 58 74 07 55 0<\/a><\/p>\n<p class=\"style001\">Anfahrt &amp; Kostenvoranschlag 16 \u20ac<\/p>\n<\/div>\n<\/section>\n<p>[\/vc_column_text][thememove_button text=&#8220;JETZT ANRUFEN!&#8220; link=&#8220;url:tel%3A030%2F587407550|||&#8220;][\/vc_column][\/vc_row][vc_row css=&#8220;.vc_custom_1443177632481{margin-bottom: 70px !important;}&#8220;][vc_column width=&#8220;1\/3&#8243;][vc_row_inner css=&#8220;.vc_custom_1443496397223{margin-bottom: -10px !important;}&#8220;][vc_column_inner el_class=&#8220;hot-line&#8220;][vc_column_text]<img loading=\"lazy\" decoding=\"async\" class=\"alignnone\" src=\"https:\/\/renovation.thememove.com\/data\/images\/contact-hot-line.jpg\" alt=\"\" width=\"370\" height=\"250\" \/>[\/vc_column_text][vc_column_text]<\/p>\n<h4>24\/7 HOTLINE<\/h4>\n<h4 class=\"p1\"><strong><span class=\"s1\">030 \/ 58 74 07 55 0<\/span><\/strong><\/h4>\n<p>[\/vc_column_text][\/vc_column_inner][\/vc_row_inner][vc_column_text]Wir sind von Montag bis Samstag von 7 bis 22 Uhr f\u00fcr Sie da. Bitte senden Sie Ihre Anfrage \u00fcber das unten stehende Formular, oder rufen Sie uns einfach an! Nat\u00fcrlich k\u00f6nnen Sie uns auch in unserem Gesch\u00e4ft in der Brandenburgischen Stra\u00dfe 77, 10713 Berlin-Wilmersdorf besuchen.[\/vc_column_text][vc_row_inner css=&#8220;.vc_custom_1443177442599{margin-bottom: 20px !important;}&#8220; el_class=&#8220;call-us&#8220;][vc_column_inner width=&#8220;1\/6&#8243; offset=&#8220;vc_col-xs-2&#8243;][thememove_icon icon_fontawesome=&#8220;fa fa-phone&#8220; font_size=&#8220;18&#8243; font_color=&#8220;#111111&#8243;][\/vc_column_inner][vc_column_inner width=&#8220;5\/6&#8243; offset=&#8220;vc_col-xs-10&#8243;][vc_custom_heading text=&#8220;030 \/ 58 74 07 55 0&#8243; font_container=&#8220;tag:h2|font_size:20|text_align:left|color:%23111111&#8243; link=&#8220;url:tel%3A030%20%2F%2058%2074%2007%2055%200|||&#8220;][vc_custom_heading text=&#8220;info@reparatur24.berlin&#8220; font_container=&#8220;tag:p|font_size:14|text_align:left|color:%23111111&#8243;][\/vc_column_inner][\/vc_row_inner][vc_row_inner el_class=&#8220;call-us&#8220;][vc_column_inner width=&#8220;1\/6&#8243; offset=&#8220;vc_col-xs-2&#8243;][thememove_icon icon_fontawesome=&#8220;fa fa-home&#8220; font_size=&#8220;18&#8243; font_color=&#8220;#111111&#8243;][\/vc_column_inner][vc_column_inner width=&#8220;5\/6&#8243; offset=&#8220;vc_col-xs-10&#8243;][vc_custom_heading text=&#8220;Brandenburgische Stra\u00dfe 77<br \/>\n10713 Berlin&#8220; font_container=&#8220;tag:p|font_size:14|text_align:left|color:%23111111&#8243;][\/vc_column_inner][\/vc_row_inner][\/vc_column][vc_column width=&#8220;2\/3&#8243;][contact-form-7 id=&#8220;5&#8243;][\/vc_column][\/vc_row][vc_row full_width=&#8220;stretch_row&#8220; el_class=&#8220;be-a-piece-of-us middle&#8220; css=&#8220;.vc_custom_1439191711650{margin-bottom: 0px !important;padding-top: 65px !important;padding-bottom: 68px !important;background-color: #eeeeee !important;}&#8220;][vc_column width=&#8220;1\/12&#8243; el_class=&#8220;center&#8220;][thememove_icon icon_fontawesome=&#8220;fa fa-users&#8220; font_size=&#8220;26&#8243; font_color=&#8220;#111111&#8243;][\/vc_column][vc_column width=&#8220;2\/3&#8243; el_class=&#8220;center-xs start-sm&#8220;][vc_custom_heading text=&#8220;Bewirb Dich heute und starte morgen.&#8220; font_container=&#8220;tag:h2|font_size:32|text_align:left|color:%231d2736&#8243; link=&#8220;url:http%3A%2F%2Freparatur24.berlin%2Fhaushalt%2Fjob-karriere%2F|||&#8220;][vc_column_text]Wir freuen uns, Dich in unserm Team begr\u00fc\u00dfen zu d\u00fcrfen, Werde Teil des Teams![\/vc_column_text][\/vc_column][vc_column width=&#8220;1\/4&#8243; el_class=&#8220;center&#8220;][\/vc_column][\/vc_row]<\/p>\n","protected":false},"excerpt":{"rendered":"<p>[vc_row][vc_column width=&#8220;2\/3&#8243;][vc_column_text] Apple Reparatur Berlin &nbsp; Sie brauchen dringend flotte Hilfe weil Ihr Apple-Computer nicht funktioniert? Apple Rechner Reparaturen Berlin hat die Ergebnisse f\u00fcr Ihre IT-Probleme. Ob es um Macbooks, imacs, ipads, iphones oder Mac Pro geht, unser kompetentes Team findet Ergebnisse f\u00fcr s\u00e4mtliche EDV-Probleme. Gleichwohl Hardware-Nachr\u00fcstungen und Virenbek\u00e4mpfung ist kein Problem f\u00fcr unsere geschulten [&hellip;]<\/p>\n","protected":false},"author":1,"featured_media":0,"parent":0,"menu_order":0,"comment_status":"closed","ping_status":"closed","template":"","meta":{"_uag_custom_page_level_css":"","site-sidebar-layout":"default","site-content-layout":"","ast-site-content-layout":"default","site-content-style":"default","site-sidebar-style":"default","ast-global-header-display":"","ast-banner-title-visibility":"","ast-main-header-display":"","ast-hfb-above-header-display":"","ast-hfb-below-header-display":"","ast-hfb-mobile-header-display":"","site-post-title":"","ast-breadcrumbs-content":"","ast-featured-img":"","footer-sml-layout":"","ast-disable-related-posts":"","theme-transparent-header-meta":"","adv-header-id-meta":"","stick-header-meta":"","header-above-stick-meta":"","header-main-stick-meta":"","header-below-stick-meta":"","astra-migrate-meta-layouts":"default","ast-page-background-enabled":"default","ast-page-background-meta":{"desktop":{"background-color":"","background-image":"","background-repeat":"repeat","background-position":"center center","background-size":"auto","background-attachment":"scroll","background-type":"","background-media":"","overlay-type":"","overlay-color":"","overlay-opacity":"","overlay-gradient":""},"tablet":{"background-color":"","background-image":"","background-repeat":"repeat","background-position":"center center","background-size":"auto","background-attachment":"scroll","background-type":"","background-media":"","overlay-type":"","overlay-color":"","overlay-opacity":"","overlay-gradient":""},"mobile":{"background-color":"","background-image":"","background-repeat":"repeat","background-position":"center center","background-size":"auto","background-attachment":"scroll","background-type":"","background-media":"","overlay-type":"","overlay-color":"","overlay-opacity":"","overlay-gradient":""}},"ast-content-background-meta":{"desktop":{"background-color":"var(--ast-global-color-5)","background-image":"","background-repeat":"repeat","background-position":"center center","background-size":"auto","background-attachment":"scroll","background-type":"","background-media":"","overlay-type":"","overlay-color":"","overlay-opacity":"","overlay-gradient":""},"tablet":{"background-color":"var(--ast-global-color-5)","background-image":"","background-repeat":"repeat","background-position":"center center","background-size":"auto","background-attachment":"scroll","background-type":"","background-media":"","overlay-type":"","overlay-color":"","overlay-opacity":"","overlay-gradient":""},"mobile":{"background-color":"var(--ast-global-color-5)","background-image":"","background-repeat":"repeat","background-position":"center center","background-size":"auto","background-attachment":"scroll","background-type":"","background-media":"","overlay-type":"","overlay-color":"","overlay-opacity":"","overlay-gradient":""}},"footnotes":""},"class_list":["post-4280","page","type-page","status-publish","hentry"],"uagb_featured_image_src":{"full":false,"thumbnail":false,"medium":false,"medium_large":false,"large":false,"1536x1536":false,"2048x2048":false},"uagb_author_info":{"display_name":"samir","author_link":"https:\/\/reparatur24.berlin\/staging\/author\/samir\/"},"uagb_comment_info":0,"uagb_excerpt":"[vc_row][vc_column width=&#8220;2\/3&#8243;][vc_column_text] Apple Reparatur Berlin &nbsp; Sie brauchen dringend flotte Hilfe weil Ihr Apple-Computer nicht funktioniert? Apple Rechner Reparaturen Berlin hat die Ergebnisse f\u00fcr Ihre IT-Probleme. Ob es um Macbooks, imacs, ipads, iphones oder Mac Pro geht, unser kompetentes Team findet Ergebnisse f\u00fcr s\u00e4mtliche EDV-Probleme. Gleichwohl Hardware-Nachr\u00fcstungen und Virenbek\u00e4mpfung ist kein Problem f\u00fcr unsere geschulten&hellip;","_links":{"self":[{"href":"https:\/\/reparatur24.berlin\/staging\/wp-json\/wp\/v2\/pages\/4280","targetHints":{"allow":["GET"]}}],"collection":[{"href":"https:\/\/reparatur24.berlin\/staging\/wp-json\/wp\/v2\/pages"}],"about":[{"href":"https:\/\/reparatur24.berlin\/staging\/wp-json\/wp\/v2\/types\/page"}],"author":[{"embeddable":true,"href":"https:\/\/reparatur24.berlin\/staging\/wp-json\/wp\/v2\/users\/1"}],"replies":[{"embeddable":true,"href":"https:\/\/reparatur24.berlin\/staging\/wp-json\/wp\/v2\/comments?post=4280"}],"version-history":[{"count":0,"href":"https:\/\/reparatur24.berlin\/staging\/wp-json\/wp\/v2\/pages\/4280\/revisions"}],"wp:attachment":[{"href":"https:\/\/reparatur24.berlin\/staging\/wp-json\/wp\/v2\/media?parent=4280"}],"curies":[{"name":"wp","href":"https:\/\/api.w.org\/{rel}","templated":true}]}}