{"id":4274,"date":"2019-10-15T15:36:24","date_gmt":"2019-10-15T14:36:24","guid":{"rendered":"https:\/\/reparatur24.berlin\/?page_id=4274"},"modified":"2026-04-17T14:50:54","modified_gmt":"2026-04-17T13:50:54","slug":"imac-reparatur-berlin","status":"publish","type":"page","link":"https:\/\/reparatur24.berlin\/staging\/imac-reparatur-berlin\/","title":{"rendered":"iMac Reparatur Berlin"},"content":{"rendered":"<p>[vc_row][vc_column width=&#8220;2\/3&#8243;][vc_column_text]<\/p>\n<h1 style=\"text-align: center\"><a href=\"https:\/\/reparatur24.berlin\/staging\/imac-reparatur-berlin\/\">IMAC Reparatur Berlin<\/a><\/h1>\n<p>&nbsp;<\/p>\n<h4>iMac<strong> Reparatur<\/strong> in<strong> Berlin<\/strong><\/h4>\n<p>Ihr iMac ist bei uns in guten H\u00e4nden. Unsere Topleute f\u00fcr Mac Reparaturen sind erfahren im Umgang mit Ihrem Macbook. Wir verwenden ausschlie\u00dflich hochwertige Ersatzteile. Sie erhalten bei einer Reparatur von Seiten unser den Wert und den Anspruch Ihres Macbooks. Vom Austausch des Displays, \u00fcber Datensicherung oder Transfer, bis zur Behebung von Wassersch\u00e4den.<\/p>\n<p>S\u00e4mtliche Reparaturen werden in unserer eigenen Werkstatt in Berlin Charlottenburg\/ Wilmersdorf ausgef\u00fchrt. Zudem bieten wir Ihnen eine professionelle Reinigung Ihres iMacs. Gleicherma\u00dfen die Montage und Installation Ihres Betriebssystems ist f\u00fcr uns kein Problem. Sind Sie neu in der Apple Welt? Wir schulen Sie ebenfalls im Umgang mit OSX.<\/p>\n<p>&nbsp;<\/p>\n<h4>Unsere Leistungen<\/h4>\n<p>F\u00fcr die iMac und MacBook Reparatur bieten wir einen Komponententausch an:<br \/>\nDisplay, Tastertur, Ladebuchse, Akku, Arbeitsspeicher und vieles mehr. Ob festverbaut oder gel\u00f6tet. F\u00fcr uns ist kein Schaden zu gro\u00df und kein Fall zu hart. Ihr Bildschirm erscheint in seltsamen Farben oder zeigt gar nichts mehr an? Wir kontrollieren Ihr Bildschirm und tauschen ihn wohlm\u00f6glich aus. F\u00fcr die problemlose Funktion ihres Ger\u00e4tes und ihre Zufriedenheit, verwenden wir ausschlie\u00dflich hochwertige Ersatzteile.<\/p>\n<h4>Softwarebehandlung<\/h4>\n<p>Haben Sie ein Problem mit Ihrem OS X Betriebssystem oder einer bestimmten Software? Alles kein Problem. Wir reparieren Ihr System in k\u00fcrzester Zeit und gew\u00e4hrleisten f\u00fcr einen reibungslosen Wechsel. Dar\u00fcber hinaus beraten wir Sie bei der Auswahl der richtigen Software oder Betriebssystems f\u00fcr Ihr iMac und urteilen jene f\u00fcr Sie ein.<\/p>\n<h4>Datenrettung<\/h4>\n<p>Urlaubsfotos, Firmendaten und Co sind im Zeitalter der Digitalisierung von h\u00f6chster Bedeutung. Falls Ihr MacBook oder iMac den Geist aufgibt und es immense Komplikationen bereitet an das Datenmaterial zu kommen, kommen wir ins Spiel. Wir unternehmen alles um Ihre Fakten zu retten.<\/p>\n<h4>Professionelle Reinigung ihres iMacs<\/h4>\n<p>Wenn sich Ihr Apple iMac oder MacBook einige Zeit in Benutzung befindet, sammeln sich h\u00e4ufig eine Menge an Schmutz und Staub an K\u00fchlern, L\u00fcftern und sonstigen Teilen der Hardware an. Was dazu f\u00fchren kann, dass K\u00fchlkomponenten des CPU\u00b4S (Prozessors) und GPU\u00b4S (Grafikprozessors) an Leistung verliert und es zu deutlichen Sch\u00e4den kommen kann. Wir \u00f6ffnen Ihr Apple iMac oder MacBook durchweg, reinigen s\u00e4mtliche Bauteile und tauschen W\u00e4rmeleitpasten aus.<\/p>\n<h4>L\u00f6tarbeiten<\/h4>\n<p>In vielen F\u00e4llen langt ein reibungsloser Austausch von Bausteinen nicht aus, da neuere iMacs oder MacBooks teilweise fest verl\u00f6tete Prozessoren, Grafikchips, Arbeitsspeicher usw. besitzen. Diese k\u00f6nnen wir in unserem L\u00f6tabteil in der Hauseigenen Reparatur-Werkstatt mit modernsten Mitteln heraus l\u00f6ten, mittels Reflow und Reballing verfahren von neuem herzustellen und Ihr iMac oder MacBook aufs Innovative zum Rennen bringen. Gleicherma\u00dfen Kleinteile wie Kondensatoren, Fuse o.\u00c4. tauschen wir problemlos aus und reparieren ebenso die kleinsten Leiterbahnen am Mainboard.<\/p>\n<h4>Wasserschadenbehandlung<\/h4>\n<p>Wasser und Elektronik sind grunds\u00e4tzlich eine nicht ausreichende Kombination. Fl\u00fcssigkeiten wie zum Beispiel Kaffee, Alkohol oder Wasser k\u00f6nnen enorme Sch\u00e4den an Mainboard, Festplatte und sonstigen Bestandteilen verursachen. Wir l\u00f6schen s\u00e4mtliche Fl\u00fcssigkeits- und Korrosionssch\u00e4den in k\u00fcrzester Zeit. Die Apple iMac oder MacBook Wasserschadenbehandlung dauert in den meisten F\u00e4llen einen Werktag.<br \/>\nWichtig (!): Bei Wassersch\u00e4den nicht lange warten und sogleich handeln. Die Sch\u00e4den breiten sich aus und k\u00f6nnen zu Kurzschl\u00fcssen an sonstigen Bestandteilen f\u00fchren.<\/p>\n<h4>Einrichtung Ihres iMac Betriebssystems<\/h4>\n<p>M\u00f6chten Sie auf ein neueres OS X System umsteigen bzw. Aufr\u00fcsten? Wir sch\u00fctzen s\u00e4mtliche Informationen des alten iMacs und transferieren es auf das moderne, einrichten s\u00e4mtliche unerl\u00e4sslichen Programme und Applikationen und sicherstellen f\u00fcr einen reibungslosen und zeitsparenden Wechsel.<\/p>\n<h4>Aufr\u00fcstung Ihres iMacs<\/h4>\n<p>Nicht blo\u00df bei gew\u00f6hnlichen Desktop-PCs statt dessen ebenso iMacs oder MacBooks lassen sich Bestandteilen via Leistungsst\u00e4rke Elemente tauschen und aufr\u00fcsten. Vielleicht langt der disponibele Arbeitsspeicher nicht f\u00fcr das neumodische OS System aus. Oder Sie wollen von einer normalen HDD auf eine weitaus schnellere SSD umr\u00fcsten. Uns sind keinerlei Grenzen gesetzt. Sprechen Sie mit uns.[\/vc_column_text][vc_separator][vc_column_text]<\/p>\n<h3>Wir bieten Notebook Reparaturen und iMac Reparatur-Service unter anderem:<\/h3>\n<ul>\n<li><span style=\"font-family: Arial, sans-serif\"><span style=\"font-size: large\"><span style=\"font-size: medium\">Display-Reparaturen und Bildschirmtausch<\/span><\/span><\/span><\/li>\n<li><span style=\"font-family: Arial, sans-serif\"><span style=\"font-size: large\"><span style=\"font-size: medium\">Notebook und iMac Reparatur bei Totalausfall\u00a0<\/span><\/span><\/span><\/li>\n<li><span style=\"font-family: Arial, sans-serif\"><span style=\"font-size: large\"><span style=\"font-size: medium\">Akku und Ladest\u00f6rung\u00a0<\/span><\/span><\/span><\/li>\n<li><span style=\"font-family: Arial, sans-serif\"><span style=\"font-size: large\"><span style=\"font-size: medium\">Wasserschaden und Fl\u00fcssigkeitssch\u00e4den<\/span><\/span><\/span><\/li>\n<li><span style=\"font-family: Arial, sans-serif\"><span style=\"font-size: large\"><span style=\"font-size: medium\">Notebook-Reinigung\u00a0<\/span><\/span><\/span><\/li>\n<li><span style=\"font-family: Arial, sans-serif\"><span style=\"font-size: large\"><span style=\"font-size: medium\">Mainboard-Reparatur<\/span><\/span><\/span><\/li>\n<li><span style=\"font-family: Arial, sans-serif\"><span style=\"font-size: large\"><span style=\"font-size: medium\">Reparatur bei \u00dcberhitzung Ihres iMacs<\/span><\/span><\/span><\/li>\n<li><span style=\"font-family: Arial, sans-serif\"><span style=\"font-size: large\"><span style=\"font-size: medium\">Grafikkarten Reparatur<\/span><\/span><\/span><\/li>\n<li><span style=\"font-family: Arial, sans-serif\"><span style=\"font-size: large\"><span style=\"font-size: medium\">Notebook Tastatur-Wechsel<\/span><\/span><\/span><\/li>\n<li><span style=\"font-family: Arial, sans-serif\"><span style=\"font-size: large\"><span style=\"font-size: medium\">Laptop Softwareprobleme\u00a0<\/span><\/span><\/span><\/li>\n<li><span style=\"font-family: Arial, sans-serif\"><span style=\"font-size: large\"><span style=\"font-size: medium\">und viele \u00fcbrige Serviceleistungen ihres iMacs auf Nachfrage<\/span><\/span><\/span><\/li>\n<\/ul>\n<p><span style=\"font-family: Arial, sans-serif\"><span style=\"font-size: large\">\u00a0 \u00a0 dabei gilt:\u00a0<\/span><\/span><\/p>\n<ul>\n<li><span style=\"font-family: Arial, sans-serif\"><span style=\"font-size: large\"><span style=\"font-size: medium\">Ein Kostenvoranschlag f\u00fcr iMac Reparaturen<\/span><\/span><\/span><\/li>\n<li><span style=\"font-family: Arial, sans-serif\"><span style=\"font-size: large\"><span style=\"font-size: medium\">Bundesweite Abholung<\/span><\/span><\/span><\/li>\n<\/ul>\n<p>&nbsp;<\/p>\n<p>Mehr zu MacBooks finden Sie hier ![\/vc_column_text][thememove_button text=&#8220;MacBook Reparaturen&#8220; link=&#8220;url:http%3A%2F%2Fcomputer-reparaturen.berlin%2Fmacbook-reparatur-berlin%2F|||&#8220;][\/vc_column][vc_column width=&#8220;1\/3&#8243; css=&#8220;.vc_custom_1570535497631{background-position: center !important;background-repeat: no-repeat !important;background-size: cover !important;}&#8220;][thememove_button text=&#8220;Tel.: 030 \/ 58 74 07 55 0&#8243; link=&#8220;url:tel%3A030%2F587407550|||&#8220;][vc_column_text]<\/p>\n<section>\n<h2 class=\"block-title\">Sie finden uns hier:<\/h2>\n<p>&nbsp;<\/p>\n<div class=\"textwidget\">\n<p><a href=\"https:\/\/reparatur24.berlin\/staging\/kaffeevollautomat-reparatur\/\"><b>Reparatur24.Berlin<\/b><\/a><br \/>\nBrandenburgische Stra\u00dfe 77<br \/>\n10713 Berlin<br \/>\nTelefon:030 \/ 58 7407 55 0<\/p>\n<p>&nbsp;<\/p>\n<p><b>Unsere \u00d6ffnungszeiten:<\/b><\/p>\n<p>Mo &#8211; Fr: 07:00 \u2013 20:00 Uhr<br \/>\nSa: 10:00 \u2013 14:00 Uhr<\/p>\n<p class=\"style009\"><a href=\"https:\/\/reparatur24.berlin\/staging\/impressum\/\">Impressum<\/a><\/p>\n<p>&nbsp;<\/p>\n<\/div>\n<\/section>\n<section>\n<h2 class=\"block-title\">Wir reparieren:<\/h2>\n<p>&nbsp;<\/p>\n<div class=\"textwidget\">\n<div class=\"ul\"><a href=\"https:\/\/reparatur24.berlin\/staging\/computer-reparatur-berlin\/\">Computer Reparatur<\/a><br \/>\n<a href=\"https:\/\/reparatur24.berlin\/staging\/notebook-reparatur-berlin\/\">Notebook Reparatur<\/a><br \/>\n<a href=\"https:\/\/reparatur24.berlin\/staging\/pc-reparatur-berlin\/\">PC Reparatur<\/a><br \/>\n<a href=\"https:\/\/reparatur24.berlin\/staging\/laptop-reparatur-berlin\/\">Lap Top Reparatur<\/a><br \/>\n<a href=\"https:\/\/reparatur24.berlin\/staging\/apple-reparatur-berlin\/\">Apple Reparatur<\/a><br \/>\n<a href=\"https:\/\/reparatur24.berlin\/staging\/macbook-reparatur-berlin\/\">MacBook Reparatur<\/a><\/div>\n<\/div>\n<\/section>\n<div><\/div>\n<div><\/div>\n<section>\n<div class=\"textwidget\">\n<div><\/div>\n<div><\/div>\n<\/div>\n<\/section>\n<section>\n<h2 class=\"block-title\">iMac Reparatur-Garantie:<\/h2>\n<p>&nbsp;<\/p>\n<div class=\"textwidget\">\n<p>Wir arbeiten gewissenhaft, kompetent und kosteng\u00fcnstig mit einer <strong>Garantie von 24 Monaten<\/strong>.<br \/>\nUnsere Kunden wissen das sehr zu sch\u00e4tzen.<\/p>\n<p>&nbsp;<\/p>\n<\/div>\n<\/section>\n<section>\n<h2 class=\"block-title\">Unsere Leistungen:<\/h2>\n<p>&nbsp;<\/p>\n<div class=\"textwidget\">\n<ul>\n<li>24 Stunden Notdienst<\/li>\n<li>Reparaturen nach der Hersteller Garantiezeit<\/li>\n<li>unsere Reparaturgarantie von 24 Monaten<\/li>\n<li>Wartungsservice aller Art<\/li>\n<li>Fachberatung f\u00fcr Qualit\u00e4tsware<\/li>\n<li>Neukauf, wenn Reparatur unwirtschaftlich<\/li>\n<li>Entsorgung von Altger\u00e4ten<\/li>\n<li>Lieferung zu Ihnen nach Hause<\/li>\n<li>Anschluss &amp; Installation<\/li>\n<li>pers\u00f6nlicher Kundendienst<\/li>\n<\/ul>\n<p>&nbsp;<\/p>\n<\/div>\n<\/section>\n<section>\n<h2><\/h2>\n<h2 class=\"block-title\">Zentrale Berlin &amp; Umland<\/h2>\n<div class=\"textwidget\">\n<p class=\"style001\">Anfahrt &amp; Kostenvoranschlag 16 \u20ac<\/p>\n<\/div>\n<\/section>\n<p>[\/vc_column_text][thememove_button text=&#8220;JETZT ANRUFEN!&#8220; link=&#8220;url:tel%3A030%2F587407550|||&#8220;][\/vc_column][\/vc_row][vc_row css=&#8220;.vc_custom_1443177632481{margin-bottom: 70px !important;}&#8220;][vc_column width=&#8220;1\/3&#8243;][vc_row_inner css=&#8220;.vc_custom_1443496397223{margin-bottom: -10px !important;}&#8220;][vc_column_inner el_class=&#8220;hot-line&#8220;][vc_column_text]<img loading=\"lazy\" decoding=\"async\" class=\"alignnone\" src=\"https:\/\/renovation.thememove.com\/data\/images\/contact-hot-line.jpg\" alt=\"\" width=\"370\" height=\"250\" \/>[\/vc_column_text][vc_column_text]<\/p>\n<h4>24\/7 HOTLINE<\/h4>\n<h4 class=\"p1\"><strong><span class=\"s1\">030 \/ 58 74 07 55 0<\/span><\/strong><\/h4>\n<p>[\/vc_column_text][\/vc_column_inner][\/vc_row_inner][vc_column_text]Wir sind von Montag bis Samstag von 7 bis 22 Uhr f\u00fcr Sie da. Bitte senden Sie Ihre Anfrage \u00fcber das unten stehende Formular, oder rufen Sie uns einfach an! Nat\u00fcrlich k\u00f6nnen Sie uns auch in unserem Gesch\u00e4ft in der Brandenburgischen Stra\u00dfe 77, 10713 Berlin-Wilmersdorf besuchen.[\/vc_column_text][vc_row_inner css=&#8220;.vc_custom_1443177442599{margin-bottom: 20px !important;}&#8220; el_class=&#8220;call-us&#8220;][vc_column_inner width=&#8220;1\/6&#8243; offset=&#8220;vc_col-xs-2&#8243;][thememove_icon icon_fontawesome=&#8220;fa fa-phone&#8220; font_size=&#8220;18&#8243; font_color=&#8220;#111111&#8243;][\/vc_column_inner][vc_column_inner width=&#8220;5\/6&#8243; offset=&#8220;vc_col-xs-10&#8243;][vc_custom_heading text=&#8220;030 \/ 58 74 07 55 0&#8243; font_container=&#8220;tag:h2|font_size:20|text_align:left|color:%23111111&#8243; link=&#8220;url:tel%3A030%20%2F%2058%2074%2007%2055%200|||&#8220;][vc_custom_heading text=&#8220;info@reparatur24.berlin&#8220; font_container=&#8220;tag:p|font_size:14|text_align:left|color:%23111111&#8243;][\/vc_column_inner][\/vc_row_inner][vc_row_inner el_class=&#8220;call-us&#8220;][vc_column_inner width=&#8220;1\/6&#8243; offset=&#8220;vc_col-xs-2&#8243;][thememove_icon icon_fontawesome=&#8220;fa fa-home&#8220; font_size=&#8220;18&#8243; font_color=&#8220;#111111&#8243;][\/vc_column_inner][vc_column_inner width=&#8220;5\/6&#8243; offset=&#8220;vc_col-xs-10&#8243;][vc_custom_heading text=&#8220;Brandenburgische Stra\u00dfe 77<br \/>\n10713 Berlin&#8220; font_container=&#8220;tag:p|font_size:14|text_align:left|color:%23111111&#8243;][\/vc_column_inner][\/vc_row_inner][\/vc_column][vc_column width=&#8220;2\/3&#8243;][contact-form-7 id=&#8220;5&#8243;][\/vc_column][\/vc_row][vc_row full_width=&#8220;stretch_row&#8220; el_class=&#8220;be-a-piece-of-us middle&#8220; css=&#8220;.vc_custom_1439191711650{margin-bottom: 0px !important;padding-top: 65px !important;padding-bottom: 68px !important;background-color: #eeeeee !important;}&#8220;][vc_column width=&#8220;1\/12&#8243; el_class=&#8220;center&#8220;][thememove_icon icon_fontawesome=&#8220;fa fa-users&#8220; font_size=&#8220;26&#8243; font_color=&#8220;#111111&#8243;][\/vc_column][vc_column width=&#8220;2\/3&#8243; el_class=&#8220;center-xs start-sm&#8220;][vc_custom_heading text=&#8220;Bewirb Dich heute und starte morgen.&#8220; font_container=&#8220;tag:h2|font_size:32|text_align:left|color:%231d2736&#8243; link=&#8220;url:http%3A%2F%2Freparatur24.berlin%2Fhaushalt%2Fjob-karriere%2F|||&#8220;][vc_column_text]Wir freuen uns, Dich in unserm Team begr\u00fc\u00dfen zu d\u00fcrfen, Werde Teil des Teams![\/vc_column_text][\/vc_column][vc_column width=&#8220;1\/4&#8243; el_class=&#8220;center&#8220;][\/vc_column][\/vc_row][vc_row][vc_column][\/vc_column][\/vc_row]<\/p>\n","protected":false},"excerpt":{"rendered":"<p>[vc_row][vc_column width=&#8220;2\/3&#8243;][vc_column_text] IMAC Reparatur Berlin &nbsp; iMac Reparatur in Berlin Ihr iMac ist bei uns in guten H\u00e4nden. Unsere Topleute f\u00fcr Mac Reparaturen sind erfahren im Umgang mit Ihrem Macbook. Wir verwenden ausschlie\u00dflich hochwertige Ersatzteile. Sie erhalten bei einer Reparatur von Seiten unser den Wert und den Anspruch Ihres Macbooks. Vom Austausch des Displays, \u00fcber [&hellip;]<\/p>\n","protected":false},"author":1,"featured_media":0,"parent":0,"menu_order":0,"comment_status":"closed","ping_status":"closed","template":"","meta":{"_uag_custom_page_level_css":"","site-sidebar-layout":"default","site-content-layout":"","ast-site-content-layout":"default","site-content-style":"default","site-sidebar-style":"default","ast-global-header-display":"","ast-banner-title-visibility":"","ast-main-header-display":"","ast-hfb-above-header-display":"","ast-hfb-below-header-display":"","ast-hfb-mobile-header-display":"","site-post-title":"","ast-breadcrumbs-content":"","ast-featured-img":"","footer-sml-layout":"","ast-disable-related-posts":"","theme-transparent-header-meta":"","adv-header-id-meta":"","stick-header-meta":"","header-above-stick-meta":"","header-main-stick-meta":"","header-below-stick-meta":"","astra-migrate-meta-layouts":"default","ast-page-background-enabled":"default","ast-page-background-meta":{"desktop":{"background-color":"","background-image":"","background-repeat":"repeat","background-position":"center center","background-size":"auto","background-attachment":"scroll","background-type":"","background-media":"","overlay-type":"","overlay-color":"","overlay-opacity":"","overlay-gradient":""},"tablet":{"background-color":"","background-image":"","background-repeat":"repeat","background-position":"center center","background-size":"auto","background-attachment":"scroll","background-type":"","background-media":"","overlay-type":"","overlay-color":"","overlay-opacity":"","overlay-gradient":""},"mobile":{"background-color":"","background-image":"","background-repeat":"repeat","background-position":"center center","background-size":"auto","background-attachment":"scroll","background-type":"","background-media":"","overlay-type":"","overlay-color":"","overlay-opacity":"","overlay-gradient":""}},"ast-content-background-meta":{"desktop":{"background-color":"var(--ast-global-color-5)","background-image":"","background-repeat":"repeat","background-position":"center center","background-size":"auto","background-attachment":"scroll","background-type":"","background-media":"","overlay-type":"","overlay-color":"","overlay-opacity":"","overlay-gradient":""},"tablet":{"background-color":"var(--ast-global-color-5)","background-image":"","background-repeat":"repeat","background-position":"center center","background-size":"auto","background-attachment":"scroll","background-type":"","background-media":"","overlay-type":"","overlay-color":"","overlay-opacity":"","overlay-gradient":""},"mobile":{"background-color":"var(--ast-global-color-5)","background-image":"","background-repeat":"repeat","background-position":"center center","background-size":"auto","background-attachment":"scroll","background-type":"","background-media":"","overlay-type":"","overlay-color":"","overlay-opacity":"","overlay-gradient":""}},"footnotes":""},"class_list":["post-4274","page","type-page","status-publish","hentry"],"uagb_featured_image_src":{"full":false,"thumbnail":false,"medium":false,"medium_large":false,"large":false,"1536x1536":false,"2048x2048":false},"uagb_author_info":{"display_name":"samir","author_link":"https:\/\/reparatur24.berlin\/staging\/author\/samir\/"},"uagb_comment_info":0,"uagb_excerpt":"[vc_row][vc_column width=&#8220;2\/3&#8243;][vc_column_text] IMAC Reparatur Berlin &nbsp; iMac Reparatur in Berlin Ihr iMac ist bei uns in guten H\u00e4nden. Unsere Topleute f\u00fcr Mac Reparaturen sind erfahren im Umgang mit Ihrem Macbook. Wir verwenden ausschlie\u00dflich hochwertige Ersatzteile. Sie erhalten bei einer Reparatur von Seiten unser den Wert und den Anspruch Ihres Macbooks. Vom Austausch des Displays, \u00fcber&hellip;","_links":{"self":[{"href":"https:\/\/reparatur24.berlin\/staging\/wp-json\/wp\/v2\/pages\/4274","targetHints":{"allow":["GET"]}}],"collection":[{"href":"https:\/\/reparatur24.berlin\/staging\/wp-json\/wp\/v2\/pages"}],"about":[{"href":"https:\/\/reparatur24.berlin\/staging\/wp-json\/wp\/v2\/types\/page"}],"author":[{"embeddable":true,"href":"https:\/\/reparatur24.berlin\/staging\/wp-json\/wp\/v2\/users\/1"}],"replies":[{"embeddable":true,"href":"https:\/\/reparatur24.berlin\/staging\/wp-json\/wp\/v2\/comments?post=4274"}],"version-history":[{"count":1,"href":"https:\/\/reparatur24.berlin\/staging\/wp-json\/wp\/v2\/pages\/4274\/revisions"}],"predecessor-version":[{"id":10292,"href":"https:\/\/reparatur24.berlin\/staging\/wp-json\/wp\/v2\/pages\/4274\/revisions\/10292"}],"wp:attachment":[{"href":"https:\/\/reparatur24.berlin\/staging\/wp-json\/wp\/v2\/media?parent=4274"}],"curies":[{"name":"wp","href":"https:\/\/api.w.org\/{rel}","templated":true}]}}