{"id":4068,"date":"2019-10-08T23:23:18","date_gmt":"2019-10-08T22:23:18","guid":{"rendered":"https:\/\/reparatur24.berlin\/?page_id=4068"},"modified":"2026-04-15T10:03:40","modified_gmt":"2026-04-15T09:03:40","slug":"de-longhi","status":"publish","type":"page","link":"https:\/\/reparatur24.berlin\/staging\/de-longhi\/","title":{"rendered":"DE LONGHI"},"content":{"rendered":"<p>[vc_row][vc_column width=&#8220;2\/3&#8243;][vc_column_text]<\/p>\n<h4>Jeden Anrufer qualifiziert, fix, abgesondert und pers\u00f6nlich zu beraten &#8211; das ist der G\u00fcte des De Longhi Kundendienst Centers. Aufgrund empf\u00e4ngt Sie w\u00e4hrend uns keine Computerstimme, Sie ben\u00f6tigen keine Eingaben \u00fcber Ihr Telefon vorzunehmen und ebenso keine nervenaufreibende Weiterleitung entschleunigt Ihre Anfrage.<\/h4>\n<p>&nbsp;<\/p>\n<h4>De Longhi\u00a0Reparaturservice und Kundendienst in Berlin<\/h4>\n<p>De Longhi Reparaturservice Berlin: Wir bringen Ihre Kaffeemaschine zum Laufen!<br \/>\nF\u00fcr die mehrheitlichen Berliner ist es ein allmorgendliches Ritual: Aufstehen, duschen, Kaffee kochen. Ein perfekter Tag initiiert bekanntlich mit wohltuendem Kaffeeduft in der Nase. Und hierdurch Sie lange Spa\u00df an Ihrem Kaffeeautomaten haben, sicherstellen wir mit unserem De Longhi Reparaturservice Berlin f\u00fcr die erstklassige Wartung und Instandhaltung. Und wenn die Kaffeemaschine doch einmal streikt? Darauffolgend sind wir gewissenhaft und qualifiziert mit der flotten Reparatur f\u00fcr Ihren Kaffeegenuss im Einsatz.<\/p>\n<p>Mit unserem De Longhi Reparaturservice in der Bundeshauptstadt f\u00fcr Kaffeeautomaten machen wir Ihre Kaffeeautomaten im Handumdrehen erneut fit. Ihre Espressomaschine hat Sie im Stich gelassen? Gerne ber\u00e4t Sie unser Kundendienst zu Ihren Reparaturm\u00f6glichkeiten. Kontaktieren Sie uns noch heute!<\/p>\n<p>&nbsp;<\/p>\n<h4>Ohne Kaffee l\u00e4uft nichts \u2013 sofort Gallas De Longhi Reparaturservice Berlin rufen!<\/h4>\n<p>Stellen Sie sich vor, Sie m\u00fcssten im Arbeitszimmer auf Kaffee verzichten, weil der Kaffeevollautomat nicht mehr funktioniert. Hiermit das erst nicht im Geringsten passiert, warten wir Ihre De Longhi Kaffeemaschine gerne wiederholend f\u00fcr Sie. Logischerweise ganz unkompliziert und flink im Zuge Ihnen vor Ort. Der Kaffee l\u00e4uft nicht mehr richtig seitens oder der Espressoautomat gibt eine Fehlermeldung aus? Rufen Sie uns problemlos an und wir lassen Ihren defekten Kaffeevollautomat kostenfrei bei Ihnen abholen. Gerne k\u00f6nnen Sie Ihre Kaffeemaschine gleichwohl unmittelbar in unserem Fachgesch\u00e4ft abgeben. Auf unsere Serviceleistungen gew\u00e4hren wir Ihnen dar\u00fcber hinaus 12 Monate Garantie.<\/p>\n<h4>De Longhi Kaffeemaschine defekt? Wir sind Ihr Servicepartner<\/h4>\n<p>Wir begutachten Ihre Kaffeemaschine auf Herz und Nieren und erzeugen f\u00fcr Sie kostenfrei eine spezifische Fehlerdiagnose. Darauf basierend bekommen Sie von uns ein individuelles Reparatur &#8211; Angebot. Sind die Einzelheiten gekl\u00e4rt, legen wir f\u00fcr Sie los. Verzichten Sie nicht l\u00e4ngere Zeit auf Kaffeegenuss pur und lassen Sie Ihre Espressomaschine dieser Tage von <a href=\"https:\/\/reparatur24.berlin\/staging\/kaffeevollautomat-reparatur\/\">Reparatur24.berlin<\/a> abholen. Mit Fachwissen und Erfahrung garantieren wir hierzu, dass der Kaffee im Zuge 2-4 Tagen im Zuge Ihnen erneut flie\u00dft. Gerne sind wir pers\u00f6nlich f\u00fcr Sie da. Kontaktieren Sie uns ganz umstandslos telefonisch oder durch Mail. Wir freuen uns auf Sie! Ihr EG GALLAS Kundendienst Service f\u00fcr Kaffeevollautomaten.<\/p>\n<p>Ihr Kundendienst Service f\u00fcr De Longhi Kaffeevollautomaten in der <a href=\"https:\/\/www.berlin.de\" target=\"_blank\" rel=\"noopener\">Bundeshauptstadt Berlin<\/a>.<\/p>\n<p>&nbsp;<\/p>\n<p>Hier k\u00f6nnen Sie uns ganz einfach kontaktieren![\/vc_column_text][thememove_button text=&#8220;Kontakt Aufnahme&#8220; link=&#8220;url:https%3A%2F%2Freparatur24.berlin%2Fstaging%2Fkontakt%2F|title:KONTAKT||&#8220;][\/vc_column][vc_column width=&#8220;1\/3&#8243;][thememove_button text=&#8220;Tel.: 030 \/ 58 74 07 55 0&#8243; link=&#8220;url:tel%3A030%2F587407550|||&#8220;][vc_column_text]<\/p>\n<p class=\"p1\"><b>Sie finden uns hier:<\/b><\/p>\n<p class=\"p2\"><b>Kundendienst in Berlin &amp; Umland<\/b><br \/>\nBrandenburgische Stra\u00dfe 77<br \/>\n10713 Berlin<br \/>\nTelefon:030 \/ 58 7407 55 0<\/p>\n<p class=\"p2\"><b>Unsere \u00d6ffnungszeiten:<\/b><br \/>\nMo &#8211; Fr: 07:00 \u2013 20:00 Uhr<br \/>\nSa: 10:00 \u2013 14:00 Uhr<\/p>\n<p class=\"p3\"><span class=\"s1\"><a href=\"https:\/\/reparatur24.berlin\/staging\/impressum\/\">Impressum<\/a><\/span><\/p>\n<p class=\"p1\"><b>\u00a0<\/b><\/p>\n<p class=\"p1\"><b>Wir reparieren:<\/b><\/p>\n<p class=\"p3\"><span class=\"s1\"><a href=\"https:\/\/reparatur24.berlin\/staging\/waschmaschinen-reparatur\/\">Waschmaschinen<\/a><\/span><\/p>\n<p class=\"p3\"><span class=\"s1\"><a href=\"https:\/\/reparatur24.berlin\/staging\/waeschetrockner-reparatur\/\">W\u00e4schetrockner<\/a><\/span><\/p>\n<p class=\"p3\"><span class=\"s1\"><a href=\"https:\/\/reparatur24.berlin\/staging\/waschtrockner-reparatur-berlin\/\">Waschtrockner<\/a><\/span><\/p>\n<p class=\"p3\"><span class=\"s1\"><a href=\"https:\/\/reparatur24.berlin\/staging\/geschirrspueler-reparatur\/\">Geschirrsp\u00fcler<\/a><\/span><\/p>\n<p class=\"p3\"><span class=\"s1\"><a href=\"https:\/\/reparatur24.berlin\/staging\/elektroherd-reparatur\/\">Elektroherde<\/a><\/span><\/p>\n<p class=\"p3\"><span class=\"s1\"><a href=\"https:\/\/reparatur24.berlin\/staging\/kaffeevollautomaten-reparatur-in-berlin\/\">Kaffeevollautomaten<\/a><\/span><\/p>\n<p class=\"p1\"><b>\u00a0<\/b><\/p>\n<p class=\"p1\"><b>Reparatur-Garantie:<\/b><\/p>\n<p class=\"p2\">Wir arbeiten gewissenhaft, kompetent und kosteng\u00fcnstig mit einer <b>Garantie von 24 Monaten<\/b>.<br \/>\nUnsere Kunden wissen das sehr zu sch\u00e4tzen.<\/p>\n<p class=\"p1\"><b>\u00a0<\/b><\/p>\n<p class=\"p1\"><b>Unsere Leistungen:<\/b><\/p>\n<ul class=\"ul1\">\n<li class=\"li2\">24 Stunden Notdienst<\/li>\n<li class=\"li2\">Reparaturen nach der Hersteller Garantiezeit<\/li>\n<li class=\"li2\">unsere Reparaturgarantie von 24 Monaten<\/li>\n<li class=\"li2\">Wartungsservice aller Art<\/li>\n<li class=\"li2\">Fachberatung f\u00fcr Qualit\u00e4tsware<\/li>\n<li class=\"li2\">Neukauf, wenn Reparatur unwirtschaftlich<\/li>\n<li class=\"li2\">Entsorgung von Altger\u00e4ten<\/li>\n<li class=\"li2\">Lieferung zu Ihnen nach Hause<\/li>\n<li class=\"li2\">Anschluss &amp; Installation<\/li>\n<li class=\"li2\">pers\u00f6nlicher Kundendienst<\/li>\n<\/ul>\n<p class=\"p1\"><b>\u00a0<\/b><\/p>\n<p class=\"p1\"><b>Zentrale Berlin &amp; Umland<\/b><\/p>\n<p class=\"p3\"><span class=\"s2\">Telefonnummer :<a href=\"tel:030%20\/%2058%2074%2007%2055%200\"><span class=\"s3\">030 \/ 58 74 07 55 0<\/span><\/a><\/span><\/p>\n<p class=\"p2\">Anfahrt &amp; Kostenvoranschlag 16 \u20ac<\/p>\n<p>[\/vc_column_text][thememove_button add_icon=&#8220;yes&#8220; icon_fontawesome=&#8220;fa fa-phone-square&#8220; text=&#8220;JETZT ANRUFEN!&#8220; link=&#8220;url:tel%3A30%2F587407550|||&#8220;][\/vc_column][\/vc_row][vc_row css=&#8220;.vc_custom_1443177632481{margin-bottom: 70px !important;}&#8220;][vc_column width=&#8220;1\/3&#8243;][vc_row_inner css=&#8220;.vc_custom_1443496397223{margin-bottom: -10px !important;}&#8220;][vc_column_inner el_class=&#8220;hot-line&#8220;][vc_column_text]<img loading=\"lazy\" decoding=\"async\" class=\"alignnone\" src=\"https:\/\/renovation.thememove.com\/data\/images\/contact-hot-line.jpg\" alt=\"\" width=\"370\" height=\"250\" \/>[\/vc_column_text][vc_column_text]<\/p>\n<h4>24\/7 HOTLINE<\/h4>\n<h4 class=\"p1\"><strong><span class=\"s1\">030 \/ 58 74 07 55 0<\/span><\/strong><\/h4>\n<p>[\/vc_column_text][\/vc_column_inner][\/vc_row_inner][vc_column_text]Wir sind von von Montag bis Samstag in der Zeit von 7 bis 22 Uhr f\u00fcr Sie erreichbar.<br \/>\nSenden Sie Ihre Anfrage bitte mit Hilfe des unten folgenden Formulars, oder rufen Sie uns ganz unkompliziert an!<br \/>\nNat\u00fcrlich k\u00f6nnen Sie uns auch gerne in unserem Laden in der Brandenburgische Stra\u00dfe 77, in 10713 Berlin-Wilmersdorf vorbeikommen.[\/vc_column_text][vc_row_inner css=&#8220;.vc_custom_1443177442599{margin-bottom: 20px !important;}&#8220; el_class=&#8220;call-us&#8220;][vc_column_inner width=&#8220;1\/6&#8243; offset=&#8220;vc_col-xs-2&#8243;][thememove_icon icon_fontawesome=&#8220;fa fa-phone&#8220; font_size=&#8220;18&#8243; font_color=&#8220;#111111&#8243;][\/vc_column_inner][vc_column_inner width=&#8220;5\/6&#8243; offset=&#8220;vc_col-xs-10&#8243;][vc_custom_heading text=&#8220;030 \/ 58 74 07 55 0&#8243; font_container=&#8220;tag:h2|font_size:20|text_align:left|color:%23111111&#8243; link=&#8220;url:tel%3A030%20%2F%2058%2074%2007%2055%200|||&#8220;][vc_custom_heading text=&#8220;info@reparatur24.berlin&#8220; font_container=&#8220;tag:p|font_size:14|text_align:left|color:%23111111&#8243;][\/vc_column_inner][\/vc_row_inner][vc_row_inner el_class=&#8220;call-us&#8220;][vc_column_inner width=&#8220;1\/6&#8243; offset=&#8220;vc_col-xs-2&#8243;][thememove_icon icon_fontawesome=&#8220;fa fa-home&#8220; font_size=&#8220;18&#8243; font_color=&#8220;#111111&#8243;][\/vc_column_inner][vc_column_inner width=&#8220;5\/6&#8243; offset=&#8220;vc_col-xs-10&#8243;][vc_custom_heading text=&#8220;Brandenburgische Stra\u00dfe 77<br \/>\n10713 Berlin&#8220; font_container=&#8220;tag:p|font_size:14|text_align:left|color:%23111111&#8243;][\/vc_column_inner][\/vc_row_inner][\/vc_column][vc_column width=&#8220;2\/3&#8243;][contact-form-7 id=&#8220;5&#8243;][\/vc_column][\/vc_row][vc_row full_width=&#8220;stretch_row&#8220; el_class=&#8220;be-a-piece-of-us middle&#8220; css=&#8220;.vc_custom_1439191711650{margin-bottom: 0px !important;padding-top: 65px !important;padding-bottom: 68px !important;background-color: #eeeeee !important;}&#8220;][vc_column width=&#8220;1\/12&#8243; el_class=&#8220;center&#8220;][thememove_icon icon_fontawesome=&#8220;fa fa-users&#8220; font_size=&#8220;26&#8243; font_color=&#8220;#111111&#8243;][\/vc_column][vc_column width=&#8220;2\/3&#8243; el_class=&#8220;center-xs start-sm&#8220;][vc_custom_heading text=&#8220;Bewirb Dich heute und starte morgen.&#8220; font_container=&#8220;tag:h2|font_size:32|text_align:left|color:%231d2736&#8243; link=&#8220;url:http%3A%2F%2Freparatur24.berlin%2Fhaushalt%2Fjob-karriere%2F|||&#8220;][vc_column_text]Wir freuen uns, Dich in unserm Team begr\u00fc\u00dfen zu d\u00fcrfen, Werde Teil des Teams![\/vc_column_text][\/vc_column][vc_column width=&#8220;1\/4&#8243; el_class=&#8220;center&#8220;][\/vc_column][\/vc_row]<\/p>\n","protected":false},"excerpt":{"rendered":"<p>[vc_row][vc_column width=&#8220;2\/3&#8243;][vc_column_text] Jeden Anrufer qualifiziert, fix, abgesondert und pers\u00f6nlich zu beraten &#8211; das ist der G\u00fcte des De Longhi Kundendienst Centers. Aufgrund empf\u00e4ngt Sie w\u00e4hrend uns keine Computerstimme, Sie ben\u00f6tigen keine Eingaben \u00fcber Ihr Telefon vorzunehmen und ebenso keine nervenaufreibende Weiterleitung entschleunigt Ihre Anfrage. &nbsp; De Longhi\u00a0Reparaturservice und Kundendienst in Berlin De Longhi Reparaturservice Berlin: [&hellip;]<\/p>\n","protected":false},"author":1,"featured_media":0,"parent":0,"menu_order":0,"comment_status":"closed","ping_status":"closed","template":"","meta":{"_uag_custom_page_level_css":"","site-sidebar-layout":"default","site-content-layout":"","ast-site-content-layout":"default","site-content-style":"default","site-sidebar-style":"default","ast-global-header-display":"","ast-banner-title-visibility":"","ast-main-header-display":"","ast-hfb-above-header-display":"","ast-hfb-below-header-display":"","ast-hfb-mobile-header-display":"","site-post-title":"","ast-breadcrumbs-content":"","ast-featured-img":"","footer-sml-layout":"","ast-disable-related-posts":"","theme-transparent-header-meta":"","adv-header-id-meta":"","stick-header-meta":"","header-above-stick-meta":"","header-main-stick-meta":"","header-below-stick-meta":"","astra-migrate-meta-layouts":"default","ast-page-background-enabled":"default","ast-page-background-meta":{"desktop":{"background-color":"","background-image":"","background-repeat":"repeat","background-position":"center center","background-size":"auto","background-attachment":"scroll","background-type":"","background-media":"","overlay-type":"","overlay-color":"","overlay-opacity":"","overlay-gradient":""},"tablet":{"background-color":"","background-image":"","background-repeat":"repeat","background-position":"center center","background-size":"auto","background-attachment":"scroll","background-type":"","background-media":"","overlay-type":"","overlay-color":"","overlay-opacity":"","overlay-gradient":""},"mobile":{"background-color":"","background-image":"","background-repeat":"repeat","background-position":"center center","background-size":"auto","background-attachment":"scroll","background-type":"","background-media":"","overlay-type":"","overlay-color":"","overlay-opacity":"","overlay-gradient":""}},"ast-content-background-meta":{"desktop":{"background-color":"var(--ast-global-color-5)","background-image":"","background-repeat":"repeat","background-position":"center center","background-size":"auto","background-attachment":"scroll","background-type":"","background-media":"","overlay-type":"","overlay-color":"","overlay-opacity":"","overlay-gradient":""},"tablet":{"background-color":"var(--ast-global-color-5)","background-image":"","background-repeat":"repeat","background-position":"center center","background-size":"auto","background-attachment":"scroll","background-type":"","background-media":"","overlay-type":"","overlay-color":"","overlay-opacity":"","overlay-gradient":""},"mobile":{"background-color":"var(--ast-global-color-5)","background-image":"","background-repeat":"repeat","background-position":"center center","background-size":"auto","background-attachment":"scroll","background-type":"","background-media":"","overlay-type":"","overlay-color":"","overlay-opacity":"","overlay-gradient":""}},"footnotes":""},"class_list":["post-4068","page","type-page","status-publish","hentry"],"uagb_featured_image_src":{"full":false,"thumbnail":false,"medium":false,"medium_large":false,"large":false,"1536x1536":false,"2048x2048":false},"uagb_author_info":{"display_name":"samir","author_link":"https:\/\/reparatur24.berlin\/staging\/author\/samir\/"},"uagb_comment_info":0,"uagb_excerpt":"[vc_row][vc_column width=&#8220;2\/3&#8243;][vc_column_text] Jeden Anrufer qualifiziert, fix, abgesondert und pers\u00f6nlich zu beraten &#8211; das ist der G\u00fcte des De Longhi Kundendienst Centers. Aufgrund empf\u00e4ngt Sie w\u00e4hrend uns keine Computerstimme, Sie ben\u00f6tigen keine Eingaben \u00fcber Ihr Telefon vorzunehmen und ebenso keine nervenaufreibende Weiterleitung entschleunigt Ihre Anfrage. &nbsp; De Longhi\u00a0Reparaturservice und Kundendienst in Berlin De Longhi Reparaturservice Berlin:&hellip;","_links":{"self":[{"href":"https:\/\/reparatur24.berlin\/staging\/wp-json\/wp\/v2\/pages\/4068","targetHints":{"allow":["GET"]}}],"collection":[{"href":"https:\/\/reparatur24.berlin\/staging\/wp-json\/wp\/v2\/pages"}],"about":[{"href":"https:\/\/reparatur24.berlin\/staging\/wp-json\/wp\/v2\/types\/page"}],"author":[{"embeddable":true,"href":"https:\/\/reparatur24.berlin\/staging\/wp-json\/wp\/v2\/users\/1"}],"replies":[{"embeddable":true,"href":"https:\/\/reparatur24.berlin\/staging\/wp-json\/wp\/v2\/comments?post=4068"}],"version-history":[{"count":1,"href":"https:\/\/reparatur24.berlin\/staging\/wp-json\/wp\/v2\/pages\/4068\/revisions"}],"predecessor-version":[{"id":10229,"href":"https:\/\/reparatur24.berlin\/staging\/wp-json\/wp\/v2\/pages\/4068\/revisions\/10229"}],"wp:attachment":[{"href":"https:\/\/reparatur24.berlin\/staging\/wp-json\/wp\/v2\/media?parent=4068"}],"curies":[{"name":"wp","href":"https:\/\/api.w.org\/{rel}","templated":true}]}}