{"id":3994,"date":"2019-10-08T12:14:03","date_gmt":"2019-10-08T11:14:03","guid":{"rendered":"https:\/\/reparatur24.berlin\/?page_id=3994"},"modified":"2026-04-08T11:53:08","modified_gmt":"2026-04-08T10:53:08","slug":"krups","status":"publish","type":"page","link":"https:\/\/reparatur24.berlin\/staging\/krups\/","title":{"rendered":"KRUPS"},"content":{"rendered":"<p>[vc_row][vc_column width=&#8220;2\/3&#8243;][vc_custom_heading text=&#8220;Krups Reparatur Berlin&#8220; font_container=&#8220;tag:h1|text_align:left&#8220; link=&#8220;url:https%3A%2F%2Freparatur24.berlin%2Fstaging%2Fjura%2F|title:JURA%20Reparatur%20Berlin||&#8220;][vc_column_text]<\/p>\n<div><\/div>\n<div class=\"rewrite-result flex-1\">Krups Kaffeemaschinenreparatur Berlin<\/div>\n<div><\/div>\n<div><\/div>\n<div class=\"rewrite-result flex-1\">Reparieren Sie Ihre Krups Kaffeemaschine sorgf\u00e4ltig! Willkommen beim Berliner Reparaturservice, der Ihr unabh\u00e4ngiger und qualitativ hochwertiger Service f\u00fcr die Krups-Kaffeemaschine ist! Wenn Sie Wert auf professionelle Dienstleistungen und Zuverl\u00e4ssigkeit legen, sind Sie hier richtig. Hier erhalten Sie einen sorgf\u00e4ltigen und unparteiischen Reparaturservice f\u00fcr die Krups-Kaffeemaschine. Unser Service auf einen Blick:<\/div>\n<div><\/div>\n<div>\n<p>&nbsp;<\/p>\n<h4>Jeden Anrufer qualifiziert, fix, abgesondert und pers\u00f6nlich zu beraten &#8211; das ist der G\u00fcte des Krups Kundendienst Centers. Aufgrund empf\u00e4ngt Sie w\u00e4hrend uns keine Computerstimme, Sie ben\u00f6tigen keine Eingaben \u00fcber Ihr Telefon vorzunehmen und ebenso keine nervenaufreibende Weiterleitung entschleunigt Ihre Anfrage.<\/h4>\n<p>&nbsp;<\/p>\n<h4>Krups Reparaturservice und Kundendienst in Berlin<\/h4>\n<p>Krups Reparaturservice Berlin: Wir bringen Ihre Kaffeemaschine zum Laufen!<br \/>\nF\u00fcr die mehrheitlichen Berliner ist es ein allmorgendliches Ritual: Aufstehen, duschen, Kaffee kochen. Ein perfekter Tag initiiert bekanntlich mit wohltuendem Kaffeeduft in der Nase. Und hierdurch Sie lange Spa\u00df an Ihrem Kaffeeautomaten haben, sicherstellen wir mit unserem Krups Reparaturservice Berlin f\u00fcr die erstklassige Wartung und Instandhaltung. Und wenn die Kaffeemaschine doch einmal streikt? Darauffolgend sind wir gewissenhaft und qualifiziert mit der flotten Reparatur f\u00fcr Ihren Kaffeegenuss im Einsatz.<\/p>\n<p>Mit unserem Krups Reparaturservice in der Bundeshauptstadt f\u00fcr Kaffeeautomaten machen wir Ihre Kaffeeautomaten im Handumdrehen erneut fit. Ihre Espressomaschine hat Sie im Stich gelassen? Gerne ber\u00e4t Sie unser Kundendienst zu Ihren Reparaturm\u00f6glichkeiten. Kontaktieren Sie uns noch heute!<\/p>\n<p>&nbsp;<\/p>\n<h4>Ohne Kaffee l\u00e4uft nichts \u2013 sofort Gallas Krups Reparaturservice Berlin rufen!<\/h4>\n<p>Stellen Sie sich vor, Sie m\u00fcssten im Arbeitszimmer auf Kaffee verzichten, weil der Kaffeevollautomat nicht mehr funktioniert. Hiermit das erst nicht im Geringsten passiert, warten wir Ihre Krups Kaffeemaschine gerne wiederholend f\u00fcr Sie. Logischerweise ganz unkompliziert und flink im Zuge Ihnen vor Ort. Der Kaffee l\u00e4uft nicht mehr richtig seitens oder der Espressoautomat gibt eine Fehlermeldung aus? Rufen Sie uns problemlos an und wir lassen Ihr defektes Kaffeevollautomat kostenfrei w\u00e4hrend Ihnen abholen. Gerne k\u00f6nnen Sie Ihre Kaffeemaschine gleichwohl unmittelbar in unserem Fachgesch\u00e4ft abgeben. Auf unsere Serviceleistungen gew\u00e4hren wir Ihnen dar\u00fcber hinaus 12 Monate Garantie.<\/p>\n<h4>Krups Kaffeemaschine defekt? Wir sind Ihr Servicepartner<\/h4>\n<p>Wir begutachten Ihre Kaffeemaschine auf Herz und Nieren und erzeugen f\u00fcr Sie kostenfrei eine spezifische Fehlerdiagnose. Darauf basierend bekommen Sie von uns ein individuelles Reparatur &#8211; Angebot. Sind die Einzelheiten gekl\u00e4rt, legen wir f\u00fcr Sie los. Verzichten Sie nicht l\u00e4ngere Zeit auf Kaffeegenuss pur und lassen Sie Ihre Espressomaschine dieser Tage von <a href=\"https:\/\/reparatur24.berlin\/staging\/kaffeevollautomat-reparatur\/\">Reparatur24.berlin<\/a> abholen. Mit Fachwissen und Erfahrung garantieren wir hierzu, dass der Kaffee im Zuge 2-4 Tagen im Zuge Ihnen erneut flie\u00dft. Gerne sind wir pers\u00f6nlich f\u00fcr Sie da. Kontaktieren Sie uns ganz umstandslos telefonisch oder durch Mail. Wir freuen uns auf Sie!Ihr EG GALLAS Kundendienst Service f\u00fcr Kaffeevollautomaten.<\/p>\n<p>Ihr Kundendienst Service f\u00fcr Krups Kaffeevollautomaten in der <a href=\"https:\/\/www.berlin.de\" target=\"_blank\" rel=\"noopener\">Bundeshauptstadt Berlin<\/a>.<\/div>\n<p>[\/vc_column_text][thememove_button text=&#8220;Anfahrt&#8220; link=&#8220;url:https%3A%2F%2Freparatur24.berlin%2Fstaging%2Fkontakt%2F|title:kontakt||&#8220;][vc_column_text]<\/p>\n<ul>\n<li><em>Feste Anfahrtspauschale<\/em><\/li>\n<li><em>Fehlerpr\u00fcfung inklusive<\/em><\/li>\n<li><em>Hol- und Bringservice inklusive<\/em><\/li>\n<\/ul>\n<p>[\/vc_column_text][thememove_button text=&#8220;Service&#8220; link=&#8220;url:https%3A%2F%2Freparatur24.berlin%2Fstaging%2Fneuigkeiten%2F|title:Service%20EG%20Gallas||&#8220;][vc_column_text]<\/p>\n<ul>\n<li><em>Vor-Ort-Reparaturen<\/em><\/li>\n<li><em>Werkstatt-Reparaturen<\/em><\/li>\n<li><em>Express-Service<\/em><\/li>\n<\/ul>\n<p>[\/vc_column_text][thememove_button text=&#8220;Garantie&#8220; link=&#8220;url:https%3A%2F%2Freparatur24.berlin%2Fstaging%2Fkontakt%2F|title:KONTAKT||&#8220;][vc_column_text]<\/p>\n<ul>\n<li><em>Freundliche Mitarbeiter<\/em><\/li>\n<li><em>Reparatur aller Krups Modellvarianten<\/em><\/li>\n<li><em>24 Monate Reparatur-Garantie<\/em><\/li>\n<\/ul>\n<p>&nbsp;<\/p>\n<p>&nbsp;<\/p>\n<p>&nbsp;<\/p>\n<p>Hier k\u00f6nnen Sie uns ganz einfach kontaktieren![\/vc_column_text][thememove_button text=&#8220;Kontakt Aufnahme&#8220; link=&#8220;url:https%3A%2F%2Freparatur24.berlin%2Fstaging%2Fkontakt%2F|title:KONTAKT||&#8220;][\/vc_column][vc_column width=&#8220;1\/3&#8243; css=&#8220;.vc_custom_1570535497631{background-position: center !important;background-repeat: no-repeat !important;background-size: cover !important;}&#8220;][thememove_button text=&#8220;Tel.: 030\/587407550&#8243; link=&#8220;url:tel%3A030%2F587407550|||&#8220;][vc_column_text]<\/p>\n<section>\n<h2 class=\"block-title\">Sie finden uns hier:<\/h2>\n<p>&nbsp;<\/p>\n<div class=\"textwidget\">\n<p><a href=\"https:\/\/reparatur24.berlin\/staging\/kaffeevollautomat-reparatur\/\"><b>Reparatur24.Berlin<\/b><\/a><br \/>\nBrandenburgische Stra\u00dfe 77<br \/>\n10713 Berlin<br \/>\nTelefon:030 \/ 58 7407 55 0<\/p>\n<p>&nbsp;<\/p>\n<p><b>Unsere \u00d6ffnungszeiten:<\/b><\/p>\n<p>Mo &#8211; Fr: 07:00 \u2013 20:00 Uhr<br \/>\nSa: 10:00 \u2013 14:00 Uhr<\/p>\n<p class=\"style009\"><a href=\"https:\/\/reparatur24.berlin\/staging\/impressum\/\">Impressum<\/a><\/p>\n<p>&nbsp;<\/p><\/div>\n<\/section>\n<section>\n<h2 class=\"block-title\">Wir reparieren:<\/h2>\n<p>&nbsp;<\/p>\n<div class=\"textwidget\">\n<div class=\"ul\"><a href=\"https:\/\/reparatur24.berlin\/staging\/waschmaschinen-reparatur\/\">Waschmaschinen<\/a><br \/>\n<a href=\"https:\/\/reparatur24.berlin\/staging\/waeschetrockner-reparatur\/\">W\u00e4schetrockner<\/a><br \/>\n<a href=\"https:\/\/reparatur24.berlin\/staging\/waschtrockner-reparatur-berlin\/\">Waschtrockner<\/a><br \/>\n<a href=\"https:\/\/reparatur24.berlin\/staging\/geschirrspueler-reparatur\/\">Geschirrsp\u00fcler<\/a><br \/>\n<a href=\"https:\/\/reparatur24.berlin\/staging\/elektroherd-reparatur\/\">Elektroherde<\/a><br \/>\n<a href=\"https:\/\/reparatur24.berlin\/staging\/kaffeevollautomaten-reparatur-in-berlin\/\">Kaffeevollautomaten<\/a><\/div>\n<\/div>\n<\/section>\n<div><\/div>\n<div><\/div>\n<div><\/div>\n<section>\n<div class=\"textwidget\">\n<div><\/div>\n<h2><\/h2>\n<h2><\/h2>\n<h2><\/h2>\n<h2 class=\"ul\">Reparatur-Garantie:<\/h2>\n<\/div>\n<\/section>\n<section>\n<div class=\"textwidget\">\n<p>Wir arbeiten gewissenhaft, kompetent und kosteng\u00fcnstig mit einer <strong>Garantie von 24 Monaten<\/strong>.<br \/>\nUnsere Kunden wissen das sehr zu sch\u00e4tzen.<\/p>\n<p>&nbsp;<\/p><\/div>\n<\/section>\n<section>\n<h2 class=\"block-title\">Unsere Leistungen:<\/h2>\n<p>&nbsp;<\/p>\n<div class=\"textwidget\">\n<ul>\n<li>24 Stunden Notdienst<\/li>\n<li>Reparaturen nach der Hersteller Garantiezeit<\/li>\n<li>unsere Reparaturgarantie von 24 Monaten<\/li>\n<li>Wartungsservice aller Art<\/li>\n<li>Fachberatung f\u00fcr Qualit\u00e4tsware<\/li>\n<li>Neukauf, wenn Reparatur unwirtschaftlich<\/li>\n<li>Entsorgung von Altger\u00e4ten<\/li>\n<li>Lieferung zu Ihnen nach Hause<\/li>\n<li>Anschluss &amp; Installation<\/li>\n<li>pers\u00f6nlicher Kundendienst<\/li>\n<\/ul>\n<p>&nbsp;<\/p><\/div>\n<\/section>\n<section>\n<h2><\/h2>\n<h2 class=\"block-title\">Zentrale Berlin &amp; Umland<\/h2>\n<p>&nbsp;<\/p>\n<div class=\"textwidget\">\n<p class=\"style001\">Telefonnummer :<a href=\"tel:030 \/ 58 74 07 55 0\">030 \/ 58 74 07 55 0<\/a><\/p>\n<p class=\"style001\">Anfahrt &amp; Kostenvoranschlag 16 \u20ac<\/p>\n<\/div>\n<\/section>\n<p>[\/vc_column_text][thememove_button text=&#8220;JETZT ANRUFEN!&#8220; link=&#8220;url:tel%3A030%2F587407550|||&#8220;][\/vc_column][\/vc_row][vc_row][vc_column][vc_column_text]<\/p>\n<h1 style=\"text-align: center\">Krups Kaffeevollautomaten Reparatur<\/h1>\n<p>&nbsp;<\/p>\n<p>Unsere Techniker sind mit s\u00e4mtlichen Krups Modellvarianten bestm\u00f6glich vertraut, womit sich einige Kollegen jeweils auf die Eigenheiten der unabh\u00e4ngigen Typen spezialisiert haben. In den mehrheitlichen F\u00e4llen k\u00f6nnen sie somit einen Defekt Ihres Krups Kaffeevollautomaten im Handumdrehen abermals beseitigen. Ein Angestellter wird Ihre defekte Krups Kaffeemaschine in Ihrem Hause kontrollieren und kann Ihnen daraufhin sagen, ob eine Reparatur Ihres Krups Kaffeeautomaten f\u00fcr Sie rentabel ist.<\/p>\n<p>Sie erhalten eine verbindliche Preisaufstellung, die s\u00e4mtliche Kosten f\u00fcr eine vorstellbare Krups Kaffeevollautomaten Reparatur aufzeigt. Danach k\u00f6nnen Sie einsch\u00e4tzen, ob Sie uns mit den notwenigen Service- und Reparaturma\u00dfnahmen Ihres Krups Kaffeevollautomaten beauftragen wollen. Beschl\u00fcssen Sie sich f\u00fcr die Krups Kaffeevollautomaten Reparatur, auf diese Weise wird sich unser Techniker des Problems nach Opportunit\u00e4t an Ort und \u00d6rtlichkeit in Empfang nehmen.[\/vc_column_text][vc_column_text]<\/p>\n<h1 style=\"text-align: center\">Krups Kaffeevollautomat Reparatur &#8211; Onlineauftrag<\/h1>\n<h3 style=\"text-align: center\"><a href=\"tel:030\/587407550\">Service-Telefon: 030 \/ 58 74 07 55 0<\/a><\/h3>\n<p>[\/vc_column_text][vc_tta_accordion][vc_tta_section title=&#8220;Allgemeine St\u00f6rung&#8230;&#8220; tab_id=&#8220;1571079172634-d3fdd188-5c4f&#8220;][vc_column_text]Bedeutung:\u00a0Keine deutliche Fehlerklassifizierung<\/p>\n<p>M\u00f6gliche Ursachen:<\/p>\n<ul>\n<li>Temperatursensor Kaffeesektor defekt<\/li>\n<li>Temperatursensor Dampfsektor defekt (nur wenn Hahn offen)<\/li>\n<li>Logikprint defekt<\/li>\n<li>Mikroschalter defekt<\/li>\n<li>Flowmeter defekt<\/li>\n<li>Leistungsprint defekt<\/li>\n<\/ul>\n<p>[\/vc_column_text][\/vc_tta_section][vc_tta_section title=&#8220;Es kommt kein Dampf&#8230;&#8220; tab_id=&#8220;1571079172635-122c2f2b-5b62&#8243;][vc_column_text]Bedeutung:\u00a0Temperaturmessfehler Dampfkreis, Defekt im Dampf-Heizsystem<\/p>\n<p>M\u00f6gliche Ursachen:<\/p>\n<ul>\n<li>Thermosensor defekt<\/li>\n<li>Kabel zum Thermosensor gebrochen oder Kontakte oxidiert<\/li>\n<li>Heizung oder Efensicherungslitze defekt<\/li>\n<li>\u00dcbertemperatursicherung<\/li>\n<li>Triac auf Leistungsprint ist defekt &#8211; Erhitzer heizt bis zum ausl\u00f6sen der \u00dcbertemperatursicherung<\/li>\n<li>Logikprint (Elektronik) defekt<\/li>\n<\/ul>\n<p>[\/vc_column_text][\/vc_tta_section][\/vc_tta_accordion][\/vc_column][\/vc_row][vc_row css=&#8220;.vc_custom_1443177632481{margin-bottom: 70px !important;}&#8220;][vc_column width=&#8220;1\/3&#8243;][vc_row_inner css=&#8220;.vc_custom_1443496397223{margin-bottom: -10px !important;}&#8220;][vc_column_inner el_class=&#8220;hot-line&#8220;][vc_column_text]<img loading=\"lazy\" decoding=\"async\" class=\"alignnone\" src=\"https:\/\/renovation.thememove.com\/data\/images\/contact-hot-line.jpg\" alt=\"\" width=\"370\" height=\"250\" \/>[\/vc_column_text][vc_column_text]<\/p>\n<h4>24\/7 HOTLINE<\/h4>\n<h4 class=\"p1\"><strong><span class=\"s1\">030 \/ 58 74 07 55 0<\/span><\/strong><\/h4>\n<p>[\/vc_column_text][\/vc_column_inner][\/vc_row_inner][vc_column_text]Wir sind von Montag bis Samstag von 7 bis 22 Uhr f\u00fcr Sie da. Bitte senden Sie Ihre Anfrage \u00fcber das unten stehende Formular, oder rufen Sie uns einfach an! Nat\u00fcrlich k\u00f6nnen Sie uns auch in unserem Gesch\u00e4ft in der Brandenburgischen Stra\u00dfe 77, 10713 Berlin-Wilmersdorf besuchen.[\/vc_column_text][vc_row_inner css=&#8220;.vc_custom_1443177442599{margin-bottom: 20px !important;}&#8220; el_class=&#8220;call-us&#8220;][vc_column_inner width=&#8220;1\/6&#8243; offset=&#8220;vc_col-xs-2&#8243;][thememove_icon icon_fontawesome=&#8220;fa fa-phone&#8220; font_size=&#8220;18&#8243; font_color=&#8220;#111111&#8243;][\/vc_column_inner][vc_column_inner width=&#8220;5\/6&#8243; offset=&#8220;vc_col-xs-10&#8243;][vc_custom_heading text=&#8220;030 \/ 58 74 07 55 0&#8243; font_container=&#8220;tag:h2|font_size:20|text_align:left|color:%23111111&#8243; link=&#8220;url:tel%3A030%20%2F%2058%2074%2007%2055%200|||&#8220;][vc_custom_heading text=&#8220;info@reparatur24.berlin&#8220; font_container=&#8220;tag:p|font_size:14|text_align:left|color:%23111111&#8243;][\/vc_column_inner][\/vc_row_inner][vc_row_inner el_class=&#8220;call-us&#8220;][vc_column_inner width=&#8220;1\/6&#8243; offset=&#8220;vc_col-xs-2&#8243;][thememove_icon icon_fontawesome=&#8220;fa fa-home&#8220; font_size=&#8220;18&#8243; font_color=&#8220;#111111&#8243;][\/vc_column_inner][vc_column_inner width=&#8220;5\/6&#8243; offset=&#8220;vc_col-xs-10&#8243;][vc_custom_heading text=&#8220;Brandenburgische Stra\u00dfe 77<br \/>\n10713 Berlin&#8220; font_container=&#8220;tag:p|font_size:14|text_align:left|color:%23111111&#8243;][\/vc_column_inner][\/vc_row_inner][\/vc_column][vc_column width=&#8220;2\/3&#8243;][contact-form-7 id=&#8220;5&#8243;][\/vc_column][\/vc_row][vc_row full_width=&#8220;stretch_row&#8220; el_class=&#8220;be-a-piece-of-us middle&#8220; css=&#8220;.vc_custom_1439191711650{margin-bottom: 0px !important;padding-top: 65px !important;padding-bottom: 68px !important;background-color: #eeeeee !important;}&#8220;][vc_column width=&#8220;1\/12&#8243; el_class=&#8220;center&#8220;][thememove_icon icon_fontawesome=&#8220;fa fa-users&#8220; font_size=&#8220;26&#8243; font_color=&#8220;#111111&#8243;][\/vc_column][vc_column width=&#8220;2\/3&#8243; el_class=&#8220;center-xs start-sm&#8220;][vc_custom_heading text=&#8220;Bewirb Dich heute und starte morgen.&#8220; font_container=&#8220;tag:h2|font_size:32|text_align:left|color:%231d2736&#8243; link=&#8220;url:http%3A%2F%2Freparatur24.berlin%2Fhaushalt%2Fjob-karriere%2F|||&#8220;][vc_column_text]Wir freuen uns, Dich in unserm Team begr\u00fc\u00dfen zu d\u00fcrfen, Werde Teil des Teams![\/vc_column_text][\/vc_column][vc_column width=&#8220;1\/4&#8243; el_class=&#8220;center&#8220;][\/vc_column][\/vc_row]<\/p>\n","protected":false},"excerpt":{"rendered":"<p>[vc_row][vc_column width=&#8220;2\/3&#8243;][vc_custom_heading text=&#8220;Krups Reparatur Berlin&#8220; font_container=&#8220;tag:h1|text_align:left&#8220; link=&#8220;url:https%3A%2F%2Freparatur24.berlin%2Fstaging%2Fjura%2F|title:JURA%20Reparatur%20Berlin||&#8220;][vc_column_text] Krups Kaffeemaschinenreparatur Berlin Reparieren Sie Ihre Krups Kaffeemaschine sorgf\u00e4ltig! Willkommen beim Berliner Reparaturservice, der Ihr unabh\u00e4ngiger und qualitativ hochwertiger Service f\u00fcr die Krups-Kaffeemaschine ist! Wenn Sie Wert auf professionelle Dienstleistungen und Zuverl\u00e4ssigkeit legen, sind Sie hier richtig. Hier erhalten Sie einen sorgf\u00e4ltigen und unparteiischen Reparaturservice f\u00fcr die Krups-Kaffeemaschine. [&hellip;]<\/p>\n","protected":false},"author":1,"featured_media":0,"parent":0,"menu_order":0,"comment_status":"closed","ping_status":"closed","template":"","meta":{"_uag_custom_page_level_css":"","site-sidebar-layout":"default","site-content-layout":"","ast-site-content-layout":"default","site-content-style":"default","site-sidebar-style":"default","ast-global-header-display":"","ast-banner-title-visibility":"","ast-main-header-display":"","ast-hfb-above-header-display":"","ast-hfb-below-header-display":"","ast-hfb-mobile-header-display":"","site-post-title":"","ast-breadcrumbs-content":"","ast-featured-img":"","footer-sml-layout":"","ast-disable-related-posts":"","theme-transparent-header-meta":"","adv-header-id-meta":"","stick-header-meta":"","header-above-stick-meta":"","header-main-stick-meta":"","header-below-stick-meta":"","astra-migrate-meta-layouts":"default","ast-page-background-enabled":"default","ast-page-background-meta":{"desktop":{"background-color":"","background-image":"","background-repeat":"repeat","background-position":"center center","background-size":"auto","background-attachment":"scroll","background-type":"","background-media":"","overlay-type":"","overlay-color":"","overlay-opacity":"","overlay-gradient":""},"tablet":{"background-color":"","background-image":"","background-repeat":"repeat","background-position":"center center","background-size":"auto","background-attachment":"scroll","background-type":"","background-media":"","overlay-type":"","overlay-color":"","overlay-opacity":"","overlay-gradient":""},"mobile":{"background-color":"","background-image":"","background-repeat":"repeat","background-position":"center center","background-size":"auto","background-attachment":"scroll","background-type":"","background-media":"","overlay-type":"","overlay-color":"","overlay-opacity":"","overlay-gradient":""}},"ast-content-background-meta":{"desktop":{"background-color":"var(--ast-global-color-5)","background-image":"","background-repeat":"repeat","background-position":"center center","background-size":"auto","background-attachment":"scroll","background-type":"","background-media":"","overlay-type":"","overlay-color":"","overlay-opacity":"","overlay-gradient":""},"tablet":{"background-color":"var(--ast-global-color-5)","background-image":"","background-repeat":"repeat","background-position":"center center","background-size":"auto","background-attachment":"scroll","background-type":"","background-media":"","overlay-type":"","overlay-color":"","overlay-opacity":"","overlay-gradient":""},"mobile":{"background-color":"var(--ast-global-color-5)","background-image":"","background-repeat":"repeat","background-position":"center center","background-size":"auto","background-attachment":"scroll","background-type":"","background-media":"","overlay-type":"","overlay-color":"","overlay-opacity":"","overlay-gradient":""}},"footnotes":""},"class_list":["post-3994","page","type-page","status-publish","hentry"],"uagb_featured_image_src":{"full":false,"thumbnail":false,"medium":false,"medium_large":false,"large":false,"1536x1536":false,"2048x2048":false},"uagb_author_info":{"display_name":"samir","author_link":"https:\/\/reparatur24.berlin\/staging\/author\/samir\/"},"uagb_comment_info":0,"uagb_excerpt":"[vc_row][vc_column width=&#8220;2\/3&#8243;][vc_custom_heading text=&#8220;Krups Reparatur Berlin&#8220; font_container=&#8220;tag:h1|text_align:left&#8220; link=&#8220;url:https%3A%2F%2Freparatur24.berlin%2Fstaging%2Fjura%2F|title:JURA%20Reparatur%20Berlin||&#8220;][vc_column_text] Krups Kaffeemaschinenreparatur Berlin Reparieren Sie Ihre Krups Kaffeemaschine sorgf\u00e4ltig! Willkommen beim Berliner Reparaturservice, der Ihr unabh\u00e4ngiger und qualitativ hochwertiger Service f\u00fcr die Krups-Kaffeemaschine ist! Wenn Sie Wert auf professionelle Dienstleistungen und Zuverl\u00e4ssigkeit legen, sind Sie hier richtig. Hier erhalten Sie einen sorgf\u00e4ltigen und unparteiischen Reparaturservice f\u00fcr die Krups-Kaffeemaschine.&hellip;","_links":{"self":[{"href":"https:\/\/reparatur24.berlin\/staging\/wp-json\/wp\/v2\/pages\/3994","targetHints":{"allow":["GET"]}}],"collection":[{"href":"https:\/\/reparatur24.berlin\/staging\/wp-json\/wp\/v2\/pages"}],"about":[{"href":"https:\/\/reparatur24.berlin\/staging\/wp-json\/wp\/v2\/types\/page"}],"author":[{"embeddable":true,"href":"https:\/\/reparatur24.berlin\/staging\/wp-json\/wp\/v2\/users\/1"}],"replies":[{"embeddable":true,"href":"https:\/\/reparatur24.berlin\/staging\/wp-json\/wp\/v2\/comments?post=3994"}],"version-history":[{"count":0,"href":"https:\/\/reparatur24.berlin\/staging\/wp-json\/wp\/v2\/pages\/3994\/revisions"}],"wp:attachment":[{"href":"https:\/\/reparatur24.berlin\/staging\/wp-json\/wp\/v2\/media?parent=3994"}],"curies":[{"name":"wp","href":"https:\/\/api.w.org\/{rel}","templated":true}]}}