{"id":3728,"date":"2019-08-10T13:33:54","date_gmt":"2019-08-10T12:33:54","guid":{"rendered":"https:\/\/reparatur24.berlin\/?page_id=3728"},"modified":"2020-03-23T12:53:37","modified_gmt":"2020-03-23T11:53:37","slug":"gastro-induktionsherd","status":"publish","type":"page","link":"https:\/\/reparatur24.berlin\/staging\/gastro-induktionsherd\/","title":{"rendered":"Gastro-Induktionsherd"},"content":{"rendered":"<p>[vc_row][vc_column width=&#8220;2\/3&#8243;][vc_column_text]<\/p>\n<h2 class=\"western\"><span style=\"color: #000000;\"><span style=\"font-family: webkit-standard;\"><span style=\"font-size: large;\">Berlin und 20 km Umland<\/span><\/span><\/span><\/h2>\n<p><span style=\"color: #000000;\"><span style=\"font-family: webkit-standard;\">Wir sind der richtige Ansprechpartner, wenn es um Ihren defekten Gastro- Induktionskochfeld\u00a0geht. Gerne reparieren, beraten oder helfen Ihnen bei der Installation. <span style=\"font-size: large;\">Doch die Reparatur von einem Induktionskochfeld wird selbst f\u00fcr versierte Heimwerker sehr schwierig. Schlie\u00dflich sind die Reparaturm\u00f6glichkeiten je nach Fachwissen mehr oder weniger eingeschr\u00e4nkt. Wir sind da wenn es darum geht Sch\u00e4den an Ihrem Induktionskochfeld zu reparieren.<\/span><\/span><\/span><\/p>\n<p>&nbsp;<\/p>\n<h2 class=\"western\"><span style=\"color: #000000;\"><span style=\"font-family: webkit-standard;\"><span style=\"font-size: large;\">Schneller Full-Service dank Ihrer Mithilfe<\/span><\/span><\/span><\/h2>\n<p><span style=\"color: #000000;\"><span style=\"font-family: webkit-standard;\">Wenn Sie bei uns anrufen bitten wir Sie die folgenden Informationen bereit zu halten. Das hilft unseren Mitarbeitern und Ihnen. Dann kann eine erste Diagnose bereits am Telefon erstellen werden:<\/span><\/span><\/p>\n<ul>\n<li><span style=\"color: #000000;\"><span style=\"font-family: webkit-standard;\">von welcher Marke\u00a0ist das Ger\u00e4t?<\/span><\/span><\/li>\n<li><span style=\"color: #000000;\"><span style=\"font-family: webkit-standard;\">z.B. : Siemens, Miele, Bosch, Bauknecht, AEG, etc.<\/span><\/span><br \/>\n<figure id=\"attachment_2725\" aria-describedby=\"caption-attachment-2725\" style=\"width: 150px\" class=\"wp-caption alignright\"><img loading=\"lazy\" decoding=\"async\" src=\"https:\/\/reparatur24.berlin\/staging\/wp-content\/uploads\/2017\/11\/eherdpanel.png\" width=\"150\" height=\"116\" name=\"Grafik1\" align=\"BOTTOM\" border=\"0\" \/><figcaption id=\"caption-attachment-2725\" class=\"wp-caption-text\">Induktionskochfeld von Oben<\/figcaption><\/figure><\/li>\n<li><span style=\"color: #000000;\"><span style=\"font-family: webkit-standard;\">k\u00f6nnen Sie uns eine\u00a0<\/span><\/span><a href=\"https:\/\/de.wikipedia.org\/wiki\/Typenschild#Beispiele\" target=\"_blank\" rel=\"noopener\"><span style=\"color: #000000;\"><span style=\"font-family: webkit-standard;\"><b>Fabrikationsnummer<\/b><\/span><\/span><\/a><span style=\"color: #000000;\"><span style=\"font-family: webkit-standard;\"><a href=\"https:\/\/de.wikipedia.org\/wiki\/Typenschild#Beispiele\" target=\"_blank\" rel=\"noopener\">\/<\/a>\u00a0<\/span><\/span><span style=\"color: #000000;\"><span style=\"font-family: webkit-standard;\"><b>Ger\u00e4tenummer<\/b><\/span><\/span><span style=\"color: #000000;\"><span style=\"font-family: webkit-standard;\">\u00a0nennen?<\/span><\/span><\/li>\n<li><span style=\"color: #000000;\"><span style=\"font-family: webkit-standard;\">kurze Beschreibung der St\u00f6rung\u00a0hilft sehr<\/span><\/span><\/li>\n<li><span style=\"color: #000000;\"><span style=\"font-family: webkit-standard;\">Ihr Name, Anschrift und Kontaktdaten\u00a0ist sehr wichtig.<\/span><\/span><\/li>\n<li><span style=\"color: #000000;\"><span style=\"font-family: webkit-standard;\">Ihre pers\u00f6nliche und telefonische Erreichbarkeit\u00a0erleichtert den R\u00fcckruf.<\/span><\/span><\/li>\n<\/ul>\n<h3 class=\"western\" align=\"CENTER\"><span style=\"color: #000000;\">\u00a0<\/span><\/h3>\n<h2 class=\"western\"><span style=\"color: #000000;\"><span style=\"font-family: webkit-standard;\">Gastro &#8211; Induktionskochfeld Reparatur erst nach Ablauf der Hersteller Garantiezeit<\/span><\/span><\/h2>\n<p><span style=\"color: #000000;\"><span style=\"font-family: webkit-standard;\">Bitte beachten Sie, dass wir kein Werkskundendienst sind sondern ein unabh\u00e4ngiger und freier Reparaturdienst und dadurch erst nach Ablauf der vom Hersteller \u00fcbernommenen Garantiezeit Auftr\u00e4ge annehmen. Dies sind bei vielen Herstellern 2 Jahre. Erst nach dieser Zeit d\u00fcrfen wir unseren Service auch f\u00fcr Sie anbieten.<\/span><\/span><\/p>\n<h2 class=\"western\"><span style=\"color: #000000;\"><span style=\"font-family: webkit-standard;\">M\u00f6gliche Sch\u00e4den am Gastro &#8211; Induktionskochfeld<\/span><\/span><\/h2>\n<p><span style=\"color: #000000;\"><span style=\"font-family: webkit-standard;\">Mitte der 1990er entwickelten sich Glaskeramikfelder mit Halogenstrahler oder Heizspirale schnell zum Marktf\u00fchrer. Schon hier war das Reparieren nicht mehr einfach, da sehr viel kleinteilige Elektronik verbaut ist. Dazu kommt dass die Fehlerquellen bei Induktionskochfeldern je nach Hersteller stark varieren. Die nachfolgenden Defekte sind mit am h\u00e4ufigsten zu beobachten:<\/span><\/span><\/p>\n<ul>\n<li><span style=\"color: #000000;\"><span style=\"font-family: webkit-standard;\">Riss in der Glaskeramikplatte<\/span><\/span><\/li>\n<li><span style=\"color: #000000;\"><span style=\"font-family: webkit-standard;\">Kurzschluss wegen falschem Stromanschluss<\/span><\/span><\/li>\n<li><span style=\"color: #000000;\"><span style=\"font-family: webkit-standard;\">durchgebrannte Platine als Folgefehler eines Kurzschlusses<\/span><\/span><\/li>\n<li><span style=\"color: #000000;\"><span style=\"font-family: webkit-standard;\">defekte Elektrolytkondensatoren (Elkos)<\/span><\/span><\/li>\n<li><span style=\"color: #000000;\"><span style=\"font-family: webkit-standard;\">durchgebrannte Sicherung<\/span><\/span><\/li>\n<li><span style=\"color: #000000;\"><span style=\"font-family: webkit-standard;\">keine Leistung bei Turbo-Boost (maximaler Kochkraft gemindert)<\/span><\/span><\/li>\n<\/ul>\n<p><span style=\"color: #000000;\"><span style=\"font-family: webkit-standard;\">Die Liste m\u00f6glicher Defekte ist damit keineswegs abgeschlossen. Es sind lediglich Beispiele. Leider sind diese Sch\u00e4den mit einer gewissen H\u00e4ufigkeit zu beobachtet. Das reparieren eines Induktionskochfeldes ist im Bezug auf die meisten Ursachen komplex und erfordert ein hohes Ma\u00df an Fachwissen.<\/span><\/span><\/p>\n<h2 class=\"western\"><span style=\"color: #000000;\"><span style=\"font-family: webkit-standard;\">Vor-Ort-Reparatur und Werkstatt Service in Berlin<\/span><\/span><\/h2>\n<p><span style=\"color: #000000;\"><span style=\"font-family: webkit-standard;\">Damit die Techniker das Ger\u00e4t vor Ort reparieren k\u00f6nnen, haben sie n\u00f6tige Ersatzteile und Spezialwerkzeug dabei. Manchmal kann die Reparatur zu lange dauern, das Ersatzteil nicht verf\u00fcgbar sein oder der Platz nicht ausreichen um gr\u00fcndlich zu arbeiten. Wenn dies passiert k\u00f6nnen wir Ihr Ger\u00e4t auch in unserer hauseigenen Werkstatt in Berlin reparieren. Dies ist sinnvoll weil die Techniker dort unkompliziert und dank optimierter Abl\u00e4ufe schnell Fehler beheben. Abholung und Lieferung sind in unseren Angeboten stets enthalten.<\/span><\/span><\/p>\n<p><span style=\"color: #000000;\"><span style=\"font-family: webkit-standard;\">Ihr Elektroherd, Ceranfeld oder Einbau Mikrowelle ist defekt? Sie h\u00e4tten gern sofort eine Beratung? Oder brauchen Sie Hilfe bei der Installation eines neuen Haushaltsger\u00e4tes? Wir stehen Ihnen gerne und schnell zur Verf\u00fcgung um Ihre Ger\u00e4te zu reparieren. Ob es sich um einen Elektroherd, Backofen, eine Mikrowelle, ein Ceran- oder Induktionskochfeld handelt ist f\u00fcr uns egal.<\/span><\/span><\/p>\n<p><strong><span style=\"color: #000000;\"><span style=\"font-family: webkit-standard;\">Kochger\u00e4te die wir reparieren:<\/span><\/span><\/strong><\/p>\n<p><strong><span style=\"color: #000000;\">\u00a0<\/span><\/strong><\/p>\n<ul>\n<li><span style=\"color: #000000;\"><span style=\"font-family: webkit-standard;\">Elektroherde<\/span><\/span><\/li>\n<li><span style=\"color: #000000;\"><span style=\"font-family: webkit-standard;\">Backofen<\/span><\/span><\/li>\n<li><span style=\"color: #000000;\"><span style=\"font-family: webkit-standard;\">Induktionskochfelder<\/span><\/span><\/li>\n<li><span style=\"color: #000000;\"><span style=\"font-family: webkit-standard;\">Cerankochfelder<\/span><\/span><\/li>\n<li><span style=\"color: #000000;\"><span style=\"font-family: webkit-standard;\">Einbau Mikrowellen<\/span><\/span><\/li>\n<\/ul>\n<p><span style=\"color: #000000;\"><span style=\"font-family: webkit-standard;\">Wir bieten f\u00fcr Sie Haushaltsger\u00e4te-Reparaturen auf hohem Niveau. Dazu geh\u00f6rt ein\u00a0 seri\u00f6ser und kompetenter Service! Vereinbaren Sie heute noch einen Termin mit unserem Vor-Ort-Kundendienst unter der Telefonnummer\u00a0<a>030 \/ 58 74 07 55 0<\/a>\u00a0oder \u00fcber\u00a0unser Kontakt-Formular.<\/span><\/span><\/p>\n<p><span style=\"color: #000000;\"><span style=\"font-family: webkit-standard;\">Unser Kontaktformular finden Sie Hier !<\/span><\/span>[\/vc_column_text][thememove_button text=&#8220;Kontakt Aufnahme&#8220; link=&#8220;url:https%3A%2F%2Freparatur24.berlin%2Fstaging%2Fkontakt%2F|title:KONTAKT||&#8220;][\/vc_column][vc_column width=&#8220;1\/3&#8243;][thememove_button text=&#8220;Tel.: 030\/587407550&#8243; link=&#8220;url:tel%3A030%2F587407550|||&#8220;][vc_column_text]<\/p>\n<p class=\"p1\"><b>Sie finden uns hier:<\/b><\/p>\n<p class=\"p2\"><b>Kundendienst in Berlin &amp; Umland<\/b><br \/>\nBrandenburgische Stra\u00dfe 77<br \/>\n10713 Berlin<br \/>\nTelefon:030 \/ 58 7407 55 0<\/p>\n<p class=\"p2\"><b>Unsere \u00d6ffnungszeiten:<\/b><br \/>\nMo &#8211; Fr: 07:00 \u2013 20:00 Uhr<br \/>\nSa: 10:00 \u2013 14:00 Uhr<\/p>\n<p class=\"p3\"><span class=\"s1\"><a href=\"https:\/\/reparatur24.berlin\/staging\/impressum\/\">Impressum<\/a><\/span><\/p>\n<p class=\"p1\"><b>\u00a0<\/b><\/p>\n<p class=\"p1\"><b>Wir reparieren:<\/b><\/p>\n<p class=\"p3\"><span class=\"s1\"><a href=\"https:\/\/reparatur24.berlin\/staging\/waschmaschinen-reparatur\/\">Waschmaschinen<\/a><\/span><\/p>\n<p class=\"p3\"><span class=\"s1\"><a href=\"https:\/\/reparatur24.berlin\/staging\/waeschetrockner-reparatur\/\">W\u00e4schetrockner<\/a><\/span><\/p>\n<p class=\"p3\"><span class=\"s1\"><a href=\"https:\/\/reparatur24.berlin\/staging\/waschtrockner-reparatur-berlin\/\">Waschtrockner<\/a><\/span><\/p>\n<p class=\"p3\"><span class=\"s1\"><a href=\"https:\/\/reparatur24.berlin\/staging\/geschirrspueler-reparatur\/\">Geschirrsp\u00fcler<\/a><\/span><\/p>\n<p class=\"p3\"><span class=\"s1\"><a href=\"https:\/\/reparatur24.berlin\/staging\/elektroherd-reparatur\/\">Elektroherde<\/a><\/span><\/p>\n<p class=\"p3\"><span class=\"s1\"><a href=\"https:\/\/reparatur24.berlin\/staging\/kaffeevollautomaten-reparatur-in-berlin\/\">Kaffeevollautomaten<\/a><\/span><\/p>\n<p class=\"p1\"><b>\u00a0<\/b><\/p>\n<p class=\"p1\"><b>Reparatur-Garantie:<\/b><\/p>\n<p class=\"p2\">Wir arbeiten gewissenhaft, kompetent und kosteng\u00fcnstig mit einer <b>Garantie von 24 Monaten<\/b>.<br \/>\nUnsere Kunden wissen das sehr zu sch\u00e4tzen.<\/p>\n<p class=\"p1\"><b>\u00a0<\/b><\/p>\n<p class=\"p1\"><b>Unsere Leistungen:<\/b><\/p>\n<ul class=\"ul1\">\n<li class=\"li2\">24 Stunden Notdienst<\/li>\n<li class=\"li2\">Reparaturen nach der Hersteller Garantiezeit<\/li>\n<li class=\"li2\">unsere Reparaturgarantie von 24 Monaten<\/li>\n<li class=\"li2\">Wartungsservice aller Art<\/li>\n<li class=\"li2\">Fachberatung f\u00fcr Qualit\u00e4tsware<\/li>\n<li class=\"li2\">Neukauf, wenn Reparatur unwirtschaftlich<\/li>\n<li class=\"li2\">Entsorgung von Altger\u00e4ten<\/li>\n<li class=\"li2\">Lieferung zu Ihnen nach Hause<\/li>\n<li class=\"li2\">Anschluss &amp; Installation<\/li>\n<li class=\"li2\">pers\u00f6nlicher Kundendienst<\/li>\n<\/ul>\n<p class=\"p1\"><b>\u00a0<\/b><\/p>\n<p class=\"p1\"><b>Zentrale Berlin &amp; Umland<\/b><\/p>\n<p class=\"p3\"><span class=\"s2\">Telefonnummer :<a href=\"tel:030%20\/%2058%2074%2007%2055%200\"><span class=\"s3\">030 \/ 58 74 07 55 0<\/span><\/a><\/span><\/p>\n<p class=\"p2\">Anfahrt &amp; Kostenvoranschlag 16 \u20ac<\/p>\n<p>[\/vc_column_text][thememove_button text=&#8220;JETZT ANRUFEN!&#8220; link=&#8220;url:tel%3A30%2F587407550|||&#8220;][\/vc_column][\/vc_row][vc_row css=&#8220;.vc_custom_1443177632481{margin-bottom: 70px !important;}&#8220;][vc_column width=&#8220;1\/3&#8243;][vc_row_inner css=&#8220;.vc_custom_1443496397223{margin-bottom: -10px !important;}&#8220;][vc_column_inner el_class=&#8220;hot-line&#8220;][vc_column_text]<img loading=\"lazy\" decoding=\"async\" class=\"alignnone\" src=\"https:\/\/renovation.thememove.com\/data\/images\/contact-hot-line.jpg\" alt=\"\" width=\"370\" height=\"250\" \/>[\/vc_column_text][vc_column_text]<\/p>\n<h4>24\/7 HOTLINE<\/h4>\n<h4 class=\"p1\"><strong><span class=\"s1\">030 \/ 58 74 07 55 0<\/span><\/strong><\/h4>\n<p>[\/vc_column_text][\/vc_column_inner][\/vc_row_inner][vc_column_text]Wir sind von von Montag bis Samstag in der Zeit von 7 bis 22 Uhr f\u00fcr Sie erreichbar.<br \/>\nSenden Sie Ihre Anfrage bitte mit Hilfe des unten folgenden Formulars, oder rufen Sie uns ganz unkompliziert an!<br \/>\nNat\u00fcrlich k\u00f6nnen Sie uns auch gerne in unserem Laden in der Brandenburgische Stra\u00dfe 77, in 10713 Berlin-Wilmersdorf vorbeikommen.[\/vc_column_text][vc_row_inner css=&#8220;.vc_custom_1443177442599{margin-bottom: 20px !important;}&#8220; el_class=&#8220;call-us&#8220;][vc_column_inner width=&#8220;1\/6&#8243; offset=&#8220;vc_col-xs-2&#8243;][thememove_icon icon_fontawesome=&#8220;fa fa-phone&#8220; font_size=&#8220;18&#8243; font_color=&#8220;#111111&#8243;][\/vc_column_inner][vc_column_inner width=&#8220;5\/6&#8243; offset=&#8220;vc_col-xs-10&#8243;][vc_custom_heading text=&#8220;030 \/ 58 74 07 55 0&#8243; font_container=&#8220;tag:h2|font_size:20|text_align:left|color:%23111111&#8243; link=&#8220;url:tel%3A030%20%2F%2058%2074%2007%2055%200|||&#8220;][vc_custom_heading text=&#8220;info@reparatur24.berlin&#8220; font_container=&#8220;tag:p|font_size:14|text_align:left|color:%23111111&#8243;][\/vc_column_inner][\/vc_row_inner][vc_row_inner el_class=&#8220;call-us&#8220;][vc_column_inner width=&#8220;1\/6&#8243; offset=&#8220;vc_col-xs-2&#8243;][thememove_icon icon_fontawesome=&#8220;fa fa-home&#8220; font_size=&#8220;18&#8243; font_color=&#8220;#111111&#8243;][\/vc_column_inner][vc_column_inner width=&#8220;5\/6&#8243; offset=&#8220;vc_col-xs-10&#8243;][vc_custom_heading text=&#8220;Brandenburgische Stra\u00dfe 77<br \/>\n10713 Berlin&#8220; font_container=&#8220;tag:p|font_size:14|text_align:left|color:%23111111&#8243;][\/vc_column_inner][\/vc_row_inner][\/vc_column][vc_column width=&#8220;2\/3&#8243;][vc_raw_html]JTNDZGl2JTIwc3R5bGUlM0QlMjJvdmVyZmxvdyUzQWhpZGRlbiUzQndpZHRoJTNBJTIwNjUwcHglM0Jwb3NpdGlvbiUzQSUyMHJlbGF0aXZlJTNCJTIyJTNFJTNDaWZyYW1lJTIwd2lkdGglM0QlMjI2NTAlMjIlMjBoZWlnaHQlM0QlMjIzNTAlMjIlMjBzcmMlM0QlMjJodHRwcyUzQSUyRiUyRm1hcHMuZ29vZ2xlLmNvbSUyRm1hcHMlM0Z3aWR0aCUzRDY1MCUyNmFtcCUzQmhlaWdodCUzRDM1MCUyNmFtcCUzQmhsJTNEZW4lMjZhbXAlM0JxJTNERUclMjUyMEdBTExBUyUyQiUyOFRpdGVsJTI5JTI2YW1wJTNCaWUlM0RVVEY4JTI2YW1wJTNCdCUzRCUyNmFtcCUzQnolM0QxMyUyNmFtcCUzQml3bG9jJTNEQiUyNmFtcCUzQm91dHB1dCUzRGVtYmVkJTIyJTIwZnJhbWVib3JkZXIlM0QlMjIwJTIyJTIwc2Nyb2xsaW5nJTNEJTIybm8lMjIlMjBtYXJnaW5oZWlnaHQlM0QlMjIwJTIyJTIwbWFyZ2lud2lkdGglM0QlMjIwJTIyJTNFJTNDJTJGaWZyYW1lJTNFJTNDZGl2JTIwc3R5bGUlM0QlMjJwb3NpdGlvbiUzQSUyMGFic29sdXRlJTNCd2lkdGglM0ElMjA4MCUyNSUzQmJvdHRvbSUzQSUyMDEwcHglM0JsZWZ0JTNBJTIwMCUzQnJpZ2h0JTNBJTIwMCUzQm1hcmdpbi1sZWZ0JTNBJTIwYXV0byUzQm1hcmdpbi1yaWdodCUzQSUyMGF1dG8lM0Jjb2xvciUzQSUyMCUyMzAwMCUzQnRleHQtYWxpZ24lM0ElMjBjZW50ZXIlM0IlMjIlM0UlM0NzbWFsbCUyMHN0eWxlJTNEJTIybGluZS1oZWlnaHQlM0ElMjAxLjglM0Jmb250LXNpemUlM0ElMjAycHglM0JiYWNrZ3JvdW5kJTNBJTIwJTIzZmZmJTNCJTIyJTNFUG93ZXJlZCUyMGJ5JTIwJTNDYSUyMGhyZWYlM0QlMjJodHRwcyUzQSUyRiUyRmVtYmVkZ29vZ2xlbWFwcy5jb20lMkZpdCUyRiUyMiUzRWVtYmVkZ29vZ2xlbWFwcyUyMElUJTNDJTJGYSUzRSUyMCUyNiUyMCUzQ2ElMjBocmVmJTNEJTIyaHR0cCUzQSUyRiUyRmxhc3ZlZ2Fzc3RhdGlzdGljcy5lbWJlZGdvb2dsZW1hcHMuY29tJTIyJTNFd3d3Lmxhc3ZlZ2Fzc3RhdGlzdGljcy5lbWJlZGdvb2dsZW1hcHMuY29tJTNDJTJGYSUzRSUzQyUyRnNtYWxsJTNFJTNDJTJGZGl2JTNFJTNDc3R5bGUlM0UlMjNnbWFwX2NhbnZhcyUyMGltZyU3Qm1heC13aWR0aCUzQW5vbmUlMjFpbXBvcnRhbnQlM0JiYWNrZ3JvdW5kJTNBbm9uZSUyMWltcG9ydGFudCU3RCUzQyUyRnN0eWxlJTNFJTNDJTJGZGl2JTNFJTNDYnIlMjAlMkYlM0U=[\/vc_raw_html][contact-form-7 id=&#8220;5&#8243;][\/vc_column][\/vc_row][vc_row full_width=&#8220;stretch_row&#8220; el_class=&#8220;be-a-piece-of-us middle&#8220; css=&#8220;.vc_custom_1439191711650{margin-bottom: 0px !important;padding-top: 65px !important;padding-bottom: 68px !important;background-color: #eeeeee !important;}&#8220;][vc_column width=&#8220;1\/12&#8243; el_class=&#8220;center&#8220;][thememove_icon icon_fontawesome=&#8220;fa fa-users&#8220; font_size=&#8220;26&#8243; font_color=&#8220;#111111&#8243;][\/vc_column][vc_column width=&#8220;2\/3&#8243; el_class=&#8220;center-xs start-sm&#8220;][vc_custom_heading text=&#8220;Bewirb Dich heute und starte morgen.&#8220; font_container=&#8220;tag:h2|font_size:32|text_align:left|color:%231d2736&#8243; link=&#8220;url:http%3A%2F%2Freparatur24.berlin%2Fhaushalt%2Fjob-karriere%2F|||&#8220;][vc_column_text]Wir freuen uns, Dich in unserm Team begr\u00fc\u00dfen zu d\u00fcrfen, Werde Teil des Teams![\/vc_column_text][\/vc_column][vc_column width=&#8220;1\/4&#8243; el_class=&#8220;center&#8220;][\/vc_column][\/vc_row]<\/p>\n","protected":false},"excerpt":{"rendered":"<p>[vc_row][vc_column width=&#8220;2\/3&#8243;][vc_column_text] Berlin und 20 km Umland Wir sind der richtige Ansprechpartner, wenn es um Ihren defekten Gastro- Induktionskochfeld\u00a0geht. Gerne reparieren, beraten oder helfen Ihnen bei der Installation. Doch die Reparatur von einem Induktionskochfeld wird selbst f\u00fcr versierte Heimwerker sehr schwierig. Schlie\u00dflich sind die Reparaturm\u00f6glichkeiten je nach Fachwissen mehr oder weniger eingeschr\u00e4nkt. Wir sind da [&hellip;]<\/p>\n","protected":false},"author":1,"featured_media":0,"parent":0,"menu_order":0,"comment_status":"closed","ping_status":"closed","template":"","meta":{"_uag_custom_page_level_css":"","site-sidebar-layout":"no-sidebar","site-content-layout":"plain-container","ast-site-content-layout":"default","site-content-style":"default","site-sidebar-style":"default","ast-global-header-display":"","ast-banner-title-visibility":"","ast-main-header-display":"","ast-hfb-above-header-display":"","ast-hfb-below-header-display":"","ast-hfb-mobile-header-display":"","site-post-title":"disabled","ast-breadcrumbs-content":"","ast-featured-img":"disabled","footer-sml-layout":"","ast-disable-related-posts":"","theme-transparent-header-meta":"","adv-header-id-meta":"","stick-header-meta":"","header-above-stick-meta":"","header-main-stick-meta":"","header-below-stick-meta":"","astra-migrate-meta-layouts":"default","ast-page-background-enabled":"default","ast-page-background-meta":{"desktop":{"background-color":"","background-image":"","background-repeat":"repeat","background-position":"center center","background-size":"auto","background-attachment":"scroll","background-type":"","background-media":"","overlay-type":"","overlay-color":"","overlay-opacity":"","overlay-gradient":""},"tablet":{"background-color":"","background-image":"","background-repeat":"repeat","background-position":"center center","background-size":"auto","background-attachment":"scroll","background-type":"","background-media":"","overlay-type":"","overlay-color":"","overlay-opacity":"","overlay-gradient":""},"mobile":{"background-color":"","background-image":"","background-repeat":"repeat","background-position":"center center","background-size":"auto","background-attachment":"scroll","background-type":"","background-media":"","overlay-type":"","overlay-color":"","overlay-opacity":"","overlay-gradient":""}},"ast-content-background-meta":{"desktop":{"background-color":"var(--ast-global-color-5)","background-image":"","background-repeat":"repeat","background-position":"center center","background-size":"auto","background-attachment":"scroll","background-type":"","background-media":"","overlay-type":"","overlay-color":"","overlay-opacity":"","overlay-gradient":""},"tablet":{"background-color":"var(--ast-global-color-5)","background-image":"","background-repeat":"repeat","background-position":"center center","background-size":"auto","background-attachment":"scroll","background-type":"","background-media":"","overlay-type":"","overlay-color":"","overlay-opacity":"","overlay-gradient":""},"mobile":{"background-color":"var(--ast-global-color-5)","background-image":"","background-repeat":"repeat","background-position":"center center","background-size":"auto","background-attachment":"scroll","background-type":"","background-media":"","overlay-type":"","overlay-color":"","overlay-opacity":"","overlay-gradient":""}},"footnotes":""},"class_list":["post-3728","page","type-page","status-publish","hentry"],"uagb_featured_image_src":{"full":false,"thumbnail":false,"medium":false,"medium_large":false,"large":false,"1536x1536":false,"2048x2048":false},"uagb_author_info":{"display_name":"samir","author_link":"https:\/\/reparatur24.berlin\/staging\/author\/samir\/"},"uagb_comment_info":0,"uagb_excerpt":"[vc_row][vc_column width=&#8220;2\/3&#8243;][vc_column_text] Berlin und 20 km Umland Wir sind der richtige Ansprechpartner, wenn es um Ihren defekten Gastro- Induktionskochfeld\u00a0geht. Gerne reparieren, beraten oder helfen Ihnen bei der Installation. Doch die Reparatur von einem Induktionskochfeld wird selbst f\u00fcr versierte Heimwerker sehr schwierig. Schlie\u00dflich sind die Reparaturm\u00f6glichkeiten je nach Fachwissen mehr oder weniger eingeschr\u00e4nkt. Wir sind da&hellip;","_links":{"self":[{"href":"https:\/\/reparatur24.berlin\/staging\/wp-json\/wp\/v2\/pages\/3728","targetHints":{"allow":["GET"]}}],"collection":[{"href":"https:\/\/reparatur24.berlin\/staging\/wp-json\/wp\/v2\/pages"}],"about":[{"href":"https:\/\/reparatur24.berlin\/staging\/wp-json\/wp\/v2\/types\/page"}],"author":[{"embeddable":true,"href":"https:\/\/reparatur24.berlin\/staging\/wp-json\/wp\/v2\/users\/1"}],"replies":[{"embeddable":true,"href":"https:\/\/reparatur24.berlin\/staging\/wp-json\/wp\/v2\/comments?post=3728"}],"version-history":[{"count":0,"href":"https:\/\/reparatur24.berlin\/staging\/wp-json\/wp\/v2\/pages\/3728\/revisions"}],"wp:attachment":[{"href":"https:\/\/reparatur24.berlin\/staging\/wp-json\/wp\/v2\/media?parent=3728"}],"curies":[{"name":"wp","href":"https:\/\/api.w.org\/{rel}","templated":true}]}}