{"id":3692,"date":"2019-08-10T13:15:29","date_gmt":"2019-08-10T12:15:29","guid":{"rendered":"https:\/\/reparatur24.berlin\/?page_id=3692"},"modified":"2026-04-16T08:17:10","modified_gmt":"2026-04-16T07:17:10","slug":"geraetetypen-2","status":"publish","type":"page","link":"https:\/\/reparatur24.berlin\/staging\/geraetetypen-2\/","title":{"rendered":"Ger\u00e4tetypen"},"content":{"rendered":"<p>[vc_row][vc_column css=&#8220;.vc_custom_1602440280594{margin-bottom: -50px !important;}&#8220;][vc_column_text]<\/p>\n<h2>Reparatur von jeglichen Haushalts &amp; K\u00fcchenger\u00e4ten<\/h2>\n<p>&nbsp;<\/p>\n<p>[\/vc_column_text][\/vc_column][\/vc_row][vc_row][vc_column width=&#8220;1\/2&#8243;][vc_column_text]Wir reparieren Haushaltsgro\u00dfger\u00e4te, wie Waschmaschine, Trockner,Einbau Mikrowellen Geschirrsp\u00fcler, Herd, Kochfelder, K\u00fchl- &amp; Gefrierger\u00e4te, Dunstabzugshauben &amp; Dampfgarer im Vor-Ort-Service. Die Reparaturen k\u00f6nnen f\u00fcr alle g\u00e4ngigen Marken &amp; Hersteller durchgef\u00fchrt werden.<\/p>\n<p><a href=\"https:\/\/reparatur24.berlin\/staging\/geraete-reparatur\/\"><b>Haushaltsger\u00e4te Reparatur Berlin<\/b><\/a><\/p>\n<p>Wir sind ein autorisierter unabh\u00e4ngiger Kundendienst, der nach der Herstellergarantie, seit vielen Jahren, kompetent und schnell Betreuung anbieten. St\u00e4ndige werkseitige Schulungen erhalten das hohe Niveau unseres Technikers. Doch auch au\u00dferhalb der Garantie lohnt sich sehr oft noch eine Reparatur bei unserem Reparaturservice in Berlin.<br \/>\nOb Sie Beratung durch einen Experten w\u00fcnschen, Hilfe bei Problemen ben\u00f6tigen oder uns einfach Ihre Meinung zu unseren Produkten und Dienstleistungen mitteilen m\u00f6chten \u2013 wir sind f\u00fcr Sie da.[\/vc_column_text][\/vc_column][vc_column width=&#8220;1\/2&#8243;][vc_column_text]<img loading=\"lazy\" decoding=\"async\" class=\"alignnone wp-image-2740 size-full\" src=\"https:\/\/reparatur24.berlin\/staging\/wp-content\/uploads\/2017\/11\/KundendienstReparaturenBerlin-750x422.jpg\" alt=\"Haushaltsger\u00e4te Wei\u00dfe Ware &amp; Fernseher\" width=\"750\" height=\"422\" srcset=\"https:\/\/reparatur24.berlin\/staging\/wp-content\/uploads\/2017\/11\/KundendienstReparaturenBerlin-750x422.jpg 750w, https:\/\/reparatur24.berlin\/staging\/wp-content\/uploads\/2017\/11\/KundendienstReparaturenBerlin-750x422-300x169.jpg 300w\" sizes=\"auto, (max-width: 750px) 100vw, 750px\" \/>[\/vc_column_text][\/vc_column][\/vc_row]<\/p>\n","protected":false},"excerpt":{"rendered":"<p>[vc_row][vc_column css=&#8220;.vc_custom_1602440280594{margin-bottom: -50px !important;}&#8220;][vc_column_text] Reparatur von jeglichen Haushalts &amp; K\u00fcchenger\u00e4ten &nbsp; [\/vc_column_text][\/vc_column][\/vc_row][vc_row][vc_column width=&#8220;1\/2&#8243;][vc_column_text]Wir reparieren Haushaltsgro\u00dfger\u00e4te, wie Waschmaschine, Trockner,Einbau Mikrowellen Geschirrsp\u00fcler, Herd, Kochfelder, K\u00fchl- &amp; Gefrierger\u00e4te, Dunstabzugshauben &amp; Dampfgarer im Vor-Ort-Service. Die Reparaturen k\u00f6nnen f\u00fcr alle g\u00e4ngigen Marken &amp; Hersteller durchgef\u00fchrt werden. Haushaltsger\u00e4te Reparatur Berlin Wir sind ein autorisierter unabh\u00e4ngiger Kundendienst, der nach der Herstellergarantie, seit [&hellip;]<\/p>\n","protected":false},"author":1,"featured_media":0,"parent":0,"menu_order":0,"comment_status":"closed","ping_status":"closed","template":"","meta":{"_uag_custom_page_level_css":"","site-sidebar-layout":"default","site-content-layout":"","ast-site-content-layout":"default","site-content-style":"default","site-sidebar-style":"default","ast-global-header-display":"","ast-banner-title-visibility":"","ast-main-header-display":"","ast-hfb-above-header-display":"","ast-hfb-below-header-display":"","ast-hfb-mobile-header-display":"","site-post-title":"","ast-breadcrumbs-content":"","ast-featured-img":"","footer-sml-layout":"","ast-disable-related-posts":"","theme-transparent-header-meta":"","adv-header-id-meta":"","stick-header-meta":"","header-above-stick-meta":"","header-main-stick-meta":"","header-below-stick-meta":"","astra-migrate-meta-layouts":"default","ast-page-background-enabled":"default","ast-page-background-meta":{"desktop":{"background-color":"","background-image":"","background-repeat":"repeat","background-position":"center center","background-size":"auto","background-attachment":"scroll","background-type":"","background-media":"","overlay-type":"","overlay-color":"","overlay-opacity":"","overlay-gradient":""},"tablet":{"background-color":"","background-image":"","background-repeat":"repeat","background-position":"center center","background-size":"auto","background-attachment":"scroll","background-type":"","background-media":"","overlay-type":"","overlay-color":"","overlay-opacity":"","overlay-gradient":""},"mobile":{"background-color":"","background-image":"","background-repeat":"repeat","background-position":"center center","background-size":"auto","background-attachment":"scroll","background-type":"","background-media":"","overlay-type":"","overlay-color":"","overlay-opacity":"","overlay-gradient":""}},"ast-content-background-meta":{"desktop":{"background-color":"var(--ast-global-color-5)","background-image":"","background-repeat":"repeat","background-position":"center center","background-size":"auto","background-attachment":"scroll","background-type":"","background-media":"","overlay-type":"","overlay-color":"","overlay-opacity":"","overlay-gradient":""},"tablet":{"background-color":"var(--ast-global-color-5)","background-image":"","background-repeat":"repeat","background-position":"center center","background-size":"auto","background-attachment":"scroll","background-type":"","background-media":"","overlay-type":"","overlay-color":"","overlay-opacity":"","overlay-gradient":""},"mobile":{"background-color":"var(--ast-global-color-5)","background-image":"","background-repeat":"repeat","background-position":"center center","background-size":"auto","background-attachment":"scroll","background-type":"","background-media":"","overlay-type":"","overlay-color":"","overlay-opacity":"","overlay-gradient":""}},"footnotes":""},"class_list":["post-3692","page","type-page","status-publish","hentry"],"uagb_featured_image_src":{"full":false,"thumbnail":false,"medium":false,"medium_large":false,"large":false,"1536x1536":false,"2048x2048":false},"uagb_author_info":{"display_name":"samir","author_link":"https:\/\/reparatur24.berlin\/staging\/author\/samir\/"},"uagb_comment_info":0,"uagb_excerpt":"[vc_row][vc_column css=&#8220;.vc_custom_1602440280594{margin-bottom: -50px !important;}&#8220;][vc_column_text] Reparatur von jeglichen Haushalts &amp; K\u00fcchenger\u00e4ten &nbsp; [\/vc_column_text][\/vc_column][\/vc_row][vc_row][vc_column width=&#8220;1\/2&#8243;][vc_column_text]Wir reparieren Haushaltsgro\u00dfger\u00e4te, wie Waschmaschine, Trockner,Einbau Mikrowellen Geschirrsp\u00fcler, Herd, Kochfelder, K\u00fchl- &amp; Gefrierger\u00e4te, Dunstabzugshauben &amp; Dampfgarer im Vor-Ort-Service. Die Reparaturen k\u00f6nnen f\u00fcr alle g\u00e4ngigen Marken &amp; Hersteller durchgef\u00fchrt werden. Haushaltsger\u00e4te Reparatur Berlin Wir sind ein autorisierter unabh\u00e4ngiger Kundendienst, der nach der Herstellergarantie, seit&hellip;","_links":{"self":[{"href":"https:\/\/reparatur24.berlin\/staging\/wp-json\/wp\/v2\/pages\/3692","targetHints":{"allow":["GET"]}}],"collection":[{"href":"https:\/\/reparatur24.berlin\/staging\/wp-json\/wp\/v2\/pages"}],"about":[{"href":"https:\/\/reparatur24.berlin\/staging\/wp-json\/wp\/v2\/types\/page"}],"author":[{"embeddable":true,"href":"https:\/\/reparatur24.berlin\/staging\/wp-json\/wp\/v2\/users\/1"}],"replies":[{"embeddable":true,"href":"https:\/\/reparatur24.berlin\/staging\/wp-json\/wp\/v2\/comments?post=3692"}],"version-history":[{"count":1,"href":"https:\/\/reparatur24.berlin\/staging\/wp-json\/wp\/v2\/pages\/3692\/revisions"}],"predecessor-version":[{"id":10195,"href":"https:\/\/reparatur24.berlin\/staging\/wp-json\/wp\/v2\/pages\/3692\/revisions\/10195"}],"wp:attachment":[{"href":"https:\/\/reparatur24.berlin\/staging\/wp-json\/wp\/v2\/media?parent=3692"}],"curies":[{"name":"wp","href":"https:\/\/api.w.org\/{rel}","templated":true}]}}