{"id":3689,"date":"2019-08-10T13:13:19","date_gmt":"2019-08-10T12:13:19","guid":{"rendered":"https:\/\/reparatur24.berlin\/?page_id=3689"},"modified":"2026-04-14T12:29:59","modified_gmt":"2026-04-14T11:29:59","slug":"markenartikel","status":"publish","type":"page","link":"https:\/\/reparatur24.berlin\/staging\/markenartikel\/","title":{"rendered":"Markenartikel"},"content":{"rendered":"<p>[vc_row][vc_column width=&#8220;1\/2&#8243;][vc_column_text]<\/p>\n<h2>Markenartikel bei TechnikCenter 24<\/h2>\n<p>&nbsp;<\/p>\n<p>Haushaltsger\u00e4te sind im Alltag eine riesige Hilfe. Haushaltsarbeiten, die uns fr\u00fcher noch viel M\u00fche gekostet haben, \u00fcbernehmen jetzt Maschinen und erledigen diese auch effizienter.<\/p>\n<p><a href=\"https:\/\/reparatur24.berlin\/staging\/geraetetypen-2\/\"><strong>Haushaltsger\u00e4te Berlin<\/strong><\/a><\/p>\n<p>Die wichtigsten Haushaltsger\u00e4te geh\u00f6ren zur vollst\u00e4ndigen Einrichtung einer Wohnung oder eines Hauses fest dazu \u2013 daher ist es besonders \u00e4rgerlich, wenn sie einmal kaputt gehen und erst recht, wenn es teure Markenartikel sind. Wegschmei\u00dfen muss aber nicht sein denn, wir von sind Ihr kompetenter Ansprechpartner, wann immer es um die Auswahl neuer Hausger\u00e4te oder deren Reparatur geht.<\/p>\n<p><a href=\"https:\/\/reparatur24.berlin\/staging\/geraete-reparatur\/\"><strong>Reparaturservice Berlin<\/strong><\/a><\/p>\n<p>Anfallende Reparaturen werden, wenn m\u00f6glich, sofort an Ort und Stelle erledigt. Unsere Expertise bel\u00e4uft sich auf die unterschiedlichsten Markenartikel. Schauen Sie sich gerne um![\/vc_column_text][\/vc_column][vc_column width=&#8220;1\/2&#8243;][vc_column_text]<img loading=\"lazy\" decoding=\"async\" class=\"alignnone wp-image-7938 size-full\" src=\"https:\/\/reparatur24.berlin\/staging\/wp-content\/uploads\/2020\/10\/Markenartikel-bei-EG-Gallas-Company-UG.jpg\" alt=\"\" width=\"565\" height=\"800\" srcset=\"https:\/\/reparatur24.berlin\/staging\/wp-content\/uploads\/2020\/10\/Markenartikel-bei-EG-Gallas-Company-UG.jpg 565w, https:\/\/reparatur24.berlin\/staging\/wp-content\/uploads\/2020\/10\/Markenartikel-bei-EG-Gallas-Company-UG-212x300.jpg 212w\" sizes=\"auto, (max-width: 565px) 100vw, 565px\" \/>[\/vc_column_text][\/vc_column][\/vc_row][vc_row][vc_column][contact-form-7 id=&#8220;4&#8243;][\/vc_column][\/vc_row]<\/p>\n","protected":false},"excerpt":{"rendered":"<p>[vc_row][vc_column width=&#8220;1\/2&#8243;][vc_column_text] Markenartikel bei TechnikCenter 24 &nbsp; Haushaltsger\u00e4te sind im Alltag eine riesige Hilfe. Haushaltsarbeiten, die uns fr\u00fcher noch viel M\u00fche gekostet haben, \u00fcbernehmen jetzt Maschinen und erledigen diese auch effizienter. Haushaltsger\u00e4te Berlin Die wichtigsten Haushaltsger\u00e4te geh\u00f6ren zur vollst\u00e4ndigen Einrichtung einer Wohnung oder eines Hauses fest dazu \u2013 daher ist es besonders \u00e4rgerlich, wenn sie [&hellip;]<\/p>\n","protected":false},"author":1,"featured_media":0,"parent":0,"menu_order":0,"comment_status":"closed","ping_status":"closed","template":"","meta":{"_uag_custom_page_level_css":"","site-sidebar-layout":"default","site-content-layout":"","ast-site-content-layout":"default","site-content-style":"default","site-sidebar-style":"default","ast-global-header-display":"","ast-banner-title-visibility":"","ast-main-header-display":"","ast-hfb-above-header-display":"","ast-hfb-below-header-display":"","ast-hfb-mobile-header-display":"","site-post-title":"","ast-breadcrumbs-content":"","ast-featured-img":"","footer-sml-layout":"","ast-disable-related-posts":"","theme-transparent-header-meta":"","adv-header-id-meta":"","stick-header-meta":"","header-above-stick-meta":"","header-main-stick-meta":"","header-below-stick-meta":"","astra-migrate-meta-layouts":"default","ast-page-background-enabled":"default","ast-page-background-meta":{"desktop":{"background-color":"","background-image":"","background-repeat":"repeat","background-position":"center center","background-size":"auto","background-attachment":"scroll","background-type":"","background-media":"","overlay-type":"","overlay-color":"","overlay-opacity":"","overlay-gradient":""},"tablet":{"background-color":"","background-image":"","background-repeat":"repeat","background-position":"center center","background-size":"auto","background-attachment":"scroll","background-type":"","background-media":"","overlay-type":"","overlay-color":"","overlay-opacity":"","overlay-gradient":""},"mobile":{"background-color":"","background-image":"","background-repeat":"repeat","background-position":"center center","background-size":"auto","background-attachment":"scroll","background-type":"","background-media":"","overlay-type":"","overlay-color":"","overlay-opacity":"","overlay-gradient":""}},"ast-content-background-meta":{"desktop":{"background-color":"var(--ast-global-color-5)","background-image":"","background-repeat":"repeat","background-position":"center center","background-size":"auto","background-attachment":"scroll","background-type":"","background-media":"","overlay-type":"","overlay-color":"","overlay-opacity":"","overlay-gradient":""},"tablet":{"background-color":"var(--ast-global-color-5)","background-image":"","background-repeat":"repeat","background-position":"center center","background-size":"auto","background-attachment":"scroll","background-type":"","background-media":"","overlay-type":"","overlay-color":"","overlay-opacity":"","overlay-gradient":""},"mobile":{"background-color":"var(--ast-global-color-5)","background-image":"","background-repeat":"repeat","background-position":"center center","background-size":"auto","background-attachment":"scroll","background-type":"","background-media":"","overlay-type":"","overlay-color":"","overlay-opacity":"","overlay-gradient":""}},"footnotes":""},"class_list":["post-3689","page","type-page","status-publish","hentry"],"uagb_featured_image_src":{"full":false,"thumbnail":false,"medium":false,"medium_large":false,"large":false,"1536x1536":false,"2048x2048":false},"uagb_author_info":{"display_name":"samir","author_link":"https:\/\/reparatur24.berlin\/staging\/author\/samir\/"},"uagb_comment_info":0,"uagb_excerpt":"[vc_row][vc_column width=&#8220;1\/2&#8243;][vc_column_text] Markenartikel bei TechnikCenter 24 &nbsp; Haushaltsger\u00e4te sind im Alltag eine riesige Hilfe. Haushaltsarbeiten, die uns fr\u00fcher noch viel M\u00fche gekostet haben, \u00fcbernehmen jetzt Maschinen und erledigen diese auch effizienter. Haushaltsger\u00e4te Berlin Die wichtigsten Haushaltsger\u00e4te geh\u00f6ren zur vollst\u00e4ndigen Einrichtung einer Wohnung oder eines Hauses fest dazu \u2013 daher ist es besonders \u00e4rgerlich, wenn sie&hellip;","_links":{"self":[{"href":"https:\/\/reparatur24.berlin\/staging\/wp-json\/wp\/v2\/pages\/3689","targetHints":{"allow":["GET"]}}],"collection":[{"href":"https:\/\/reparatur24.berlin\/staging\/wp-json\/wp\/v2\/pages"}],"about":[{"href":"https:\/\/reparatur24.berlin\/staging\/wp-json\/wp\/v2\/types\/page"}],"author":[{"embeddable":true,"href":"https:\/\/reparatur24.berlin\/staging\/wp-json\/wp\/v2\/users\/1"}],"replies":[{"embeddable":true,"href":"https:\/\/reparatur24.berlin\/staging\/wp-json\/wp\/v2\/comments?post=3689"}],"version-history":[{"count":1,"href":"https:\/\/reparatur24.berlin\/staging\/wp-json\/wp\/v2\/pages\/3689\/revisions"}],"predecessor-version":[{"id":10194,"href":"https:\/\/reparatur24.berlin\/staging\/wp-json\/wp\/v2\/pages\/3689\/revisions\/10194"}],"wp:attachment":[{"href":"https:\/\/reparatur24.berlin\/staging\/wp-json\/wp\/v2\/media?parent=3689"}],"curies":[{"name":"wp","href":"https:\/\/api.w.org\/{rel}","templated":true}]}}