{"id":2952,"date":"2017-11-07T16:10:11","date_gmt":"2017-11-07T15:10:11","guid":{"rendered":"http:\/\/reparatur24.berlin\/haushalt\/?page_id=2952"},"modified":"2020-05-06T09:18:57","modified_gmt":"2020-05-06T08:18:57","slug":"zanker","status":"publish","type":"page","link":"https:\/\/reparatur24.berlin\/staging\/zanker\/","title":{"rendered":"ZANKER"},"content":{"rendered":"<p>[vc_row][vc_column width=&#8220;2\/3&#8243;][vc_column_text]<\/p>\n<h1 class=\"western\"><a href=\"https:\/\/reparatur24.berlin\/staging\/zanker\/\">ZANKER Reparatur Berlin<\/a><\/h1>\n<h2 class=\"western\"><span style=\"font-size: medium;\">&amp; im 20 km Umland<\/span><\/h2>\n<p>&nbsp;<\/p>\n<p><span style=\"font-size: medium;\">Wenn es um Ihr defektes ZANKER Haushaltsger\u00e4t geht ist ZANKER Reparatur Berlin der richtige Ansprechpartner. Wir bieten einen sorgf\u00e4ltigen und kompetenten Service an und beraten Sie \u00fcber die Reparaturen und was bei einer Neuanschaffung beachtet werden muss. Des weiteren sind wir ein in der Handwerkskammer eingetragener Betrieb und bieten Ihnen freundliche und kompetente Serviceleistungen. Kontaktieren Sie uns um mehr zu erfahren.<\/span><\/p>\n<p>&nbsp;<\/p>\n<p><span style=\"font-size: medium;\"><b>Anfahrt, Diagnose &amp; Kostenangebot nur 16,- Euro<\/b><\/span><\/p>\n<p>&nbsp;<\/p>\n<p><span style=\"font-size: medium;\">Wir empfehlen Ihnen den ZANKER Reparatur Berlin Vor- Ort- Service, um Ihnen den genauen Schaden und einen Kostenvoranschlag nennen zu k\u00f6nnen. Der Techniker w\u00fcrde daf\u00fcr zu Ihnen nach Hause kommen und pr\u00fcft dort dann das Ger\u00e4t. Anschlie\u00dfend stellt er Ihnen ein Angebot aus und ber\u00e4t Sie zur Wirtschaftlichkeit der Reparatur. F\u00fcr diesen Service berechnen wir in Berlin und 20 km Umgebung eine Anfahrtspauschale von nur 16,- Euro. Kontaktieren Sie uns und vereinbaren einen Termin. <\/span><\/p>\n<p>Wir bitten Sie folgende Informationen f\u00fcr uns bereitzuhalten:<\/p>\n<p>&nbsp;<\/p>\n<ul>\n<li><span style=\"font-size: medium;\">welches Ihrer Haushaltsger\u00e4te ist defekt? <\/span><\/li>\n<li><span style=\"font-size: medium;\">z.B. : Waschmaschine, Geschirrsp\u00fclmaschine\/ Geschirrsp\u00fcler, W\u00e4schetrockner\/ Trockner, Elektroherd\/ Backofen, Einbau Mikrowelle oder Ceranfeld? <\/span><\/li>\n<li><span style=\"font-size: medium;\">k\u00f6nnen Sie uns die<a href=\"https:\/\/de.wikipedia.org\/wiki\/Typenschild#Beispiele\" target=\"_blank\" rel=\"noopener\"> Ger\u00e4tenummer\/ PNC-Nr.\/ E-Nr\/ F-Nr.\/ S-Nr. <\/a>nennen? <\/span><\/li>\n<li><span style=\"font-size: medium;\">kurze Beschreibung der St\u00f6rung, was funktioniert nicht? <\/span><\/li>\n<li><span style=\"font-size: medium;\">Ihren Name, Anschrift und Kontaktdaten<\/span><\/li>\n<li><span style=\"font-size: medium;\">Ihre R\u00fcckrufnummer und Erreichbarkeit <\/span><\/li>\n<\/ul>\n<p><span style=\"font-size: medium;\">Rufen Sie uns an, Telefonnummer: <a href=\"tel:030 \/ 58 74 07 55 0\">030 \/ 58 74 07 55 0<\/a>.<\/span><\/p>\n<p><span style=\"font-size: medium;\"><a href=\"mailto:info@reparatur24.berlin\">Oder Schreiben uns eine E-mail.<\/a> <\/span><\/p>\n<p><span style=\"font-size: medium;\">Wir sorgen daf\u00fcr, dass Ihr ZANKER Hausger\u00e4t wieder funktioniert! Wenn Sie unsere Seite mit Ihrem Smartphone besuchen k\u00f6nnen Sie uns mit dem gr\u00fcnen Button anrufen.<\/span><\/p>\n<h2 class=\"western\"><span style=\"font-size: medium;\">ZANKER Reparatur Berlin Service nur nach Ablauf der Hersteller Garantiezeit<\/span><\/h2>\n<p>&nbsp;<\/p>\n<p><span style=\"font-size: medium;\">Wir sind nicht der ZANKER- Werkskundendienst, sondern ein freier und unabh\u00e4ngiger Reparaturdienst. Daher k\u00f6nnen wir Auftr\u00e4ge erst nach Ablauf der Garantiezeit anbieten. Die Garantiezeit betr\u00e4gt in der Regel 2 Jahre, wenn Sie nicht f\u00fcr eine Verl\u00e4ngerung bezahlt haben. Erst nach dieser Zeit k\u00f6nnen wir Ihre Auftr\u00e4ge entgegen nehmen.<\/span><\/p>\n<h2 class=\"western\"><span style=\"font-size: medium;\">ZANKER Vor-Ort-Reparatur und Werkstattservice in Berlin bieten wir f\u00fcr diese Ger\u00e4te an: <\/span><\/h2>\n<p align=\"CENTER\">Waschmaschine, Geschirrsp\u00fclmaschine\/ Geschirrsp\u00fcler, W\u00e4schetrockner\/ Trockner, Elektroherd\/ Backofen, Einbaumikrowelle und Ceranfeld.<\/p>\n<p><span style=\"font-size: medium;\">Von Vorteil ist es beim Anruf die Ger\u00e4tenummer, PNC- Nr. , E-Nr. , F-Nr. , S-Nr. bereitzuhalten, da ZANKER Reparatur Berlin sehr daran interessiert ist jede Reparatur direkt bei Ihnen vor Ort durchzuf\u00fchren. Damit ist den Technikern direkt bekannt um was f\u00fcr ein Ger\u00e4t es sich handelt und es erh\u00f6ht sich die Chance, dass wir die ben\u00f6tigten Ersatzteile mitbringen. <\/span><\/p>\n<p>Unsere Techniker sind sehr bem\u00fcht den Defekt vor Ort zu reparieren. Hierf\u00fcr sind sie mit den wie schon vorher besprochen Ersatzteilen und Spezialwerkzeug ausgestattet. Leider kann es trotzdem vorkommen, dass eine Reparatur nicht direkt durchgef\u00fchrt werden kann. Beispielsweise kann die Reparatur sehr lange dauern oder die Gefahr einer starken Verschmutzung Ihrer Wohnung bestehen. Abgesehen davon kann auch der Platz nicht ausreichen um gr\u00fcndlich zu arbeiten oder das ben\u00f6tigte Ersatzteil einzusetzen. Auch kann es vorkommen, dass ein Ersatzteil, was wir nicht dabei haben, ersetzt werden muss. In diesen seltenen F\u00e4llen k\u00f6nnen wir Ihr defektes ZANKER Hausger\u00e4t leider nicht vor Ort reparieren.<\/p>\n<p>Wir bieten Ihnen dann die M\u00f6glichkeit Ihr Ger\u00e4t auch in unserer hauseigenen Werkstatt in Berlin zu reparieren. Dies ist Sinnvoll, da wir dadurch weder Ihre Wohnung noch Ihre Zeit \u00fcberm\u00e4\u00dfig in Anspruch nehmen. Hinzu kommt, dass die Techniker dort Arbeitsabl\u00e4ufe optimiert haben und somit in viel k\u00fcrzerer Zeit Defekte beheben k\u00f6nnen.<\/p>\n<p>Die Abholung und Lieferung ist in unseren Angeboten stets enthalten. Daher entstehen hier keine weiteren Kosten f\u00fcr Sie.<\/p>\n<h2 class=\"western\"><span style=\"font-size: medium;\">ZANKER Reparatur Berlin bietet Versicherungsschutz und Garantie<\/span><\/h2>\n<p>&nbsp;<\/p>\n<p><span style=\"font-size: medium;\">Wir, der ZANKER Reparatur in Berlin haben eine Kooperation mit der <\/span><span class=\"s1\"><a href=\"https:\/\/www.wertgarantie.de\/Home.aspx\" target=\"_blank\" rel=\"noopener\">EDG Wertgarantie<\/a><\/span>. Bei Versicherungssch\u00e4den k\u00f6nnen Sie uns in diesem Fall auch gerne kontaktieren, wir stellen Ihnen dann Ihnen einen Kostenvoranschlag aus, den Sie dann bei der Versicherung einreichen k\u00f6nnen bzw \u00fcbersenden auch gerne wir den an Ihre Versicherung. Erfahrungsgem\u00e4\u00df verlief die Zusammenarbeit mit allen g\u00e4ngigen Versicherungen problemlos und schnell. Z.B.: <a href=\"https:\/\/www.axa.de\/\" target=\"_blank\" rel=\"noopener\"><span class=\"s1\">AXA<\/span><\/a>, <a href=\"https:\/\/www.allianz.de\/?AZMEDID=SEM_SE-GG_VT-g_PR-Brand_KA-00.brand.gold_AG-allianz.exact_KW-allianz_MT-e_Anzeige-334969283162_SL-keinSL_EG-c_PS-1t1&amp;ef_id=EAIaIQobChMIqM-v4bmN5QIVQ-N3Ch1RJQf5EAAYASAAEgLRTvD_BwE:G:s&amp;s_kwcid=AL!8161!3!334969283162!e!!g!!allianz&amp;gclid=EAIaIQobChMIqM-v4bmN5QIVQ-N3Ch1RJQf5EAAYASAAEgLRTvD_BwE\" target=\"_blank\" rel=\"noopener\"><span class=\"s1\">Allianz<\/span><\/a>, Debeka, <a href=\"https:\/\/www.arag.de\/?gclid=EAIaIQobChMI6ZGikbqN5QIVjuJ3Ch3QTwgoEAAYASAAEgIFpvD_BwE\" target=\"_blank\" rel=\"noopener\"><span class=\"s1\">ARAG<\/span><\/a>, <a href=\"http:\/\/www.aspecta.li\/de\/\" target=\"_blank\" rel=\"noopener\"><span class=\"s1\">Aspecta<\/span><\/a>, <a href=\"https:\/\/www.gothaer.de\/ueber-uns\/konzern\/unternehmen\/historisches\/geschichte\/asstel-direktversicherung.htm\" target=\"_blank\" rel=\"noopener\"><span class=\"s1\">ASSTEL<\/span><\/a>, <a href=\"https:\/\/www.advocard.de\/?wt_mc=Google_AdWords.Search.Brand.advocard_E.ADVOCARD%20Rechtsschutz-Jetzt%20online%20abschlie%C3%9Fen\" target=\"_blank\" rel=\"noopener\"><span class=\"s1\">Advocard<\/span><\/a>, <a href=\"https:\/\/www.adac.de\/mitgliedschaft\/tariffinder\/?sc_camp=471B2B419EF94B4FBA6034F0C1BA361E&amp;mc=ext.sem.mgl.tariffinderbas&amp;gclid=EAIaIQobChMIh7W5z7qN5QIVA8DeCh083AaoEAAYASAAEgIcaPD_BwE\" target=\"_blank\" rel=\"noopener\"><span class=\"s1\">ADAC<\/span><\/a>, <a href=\"https:\/\/www.barmenia.de\/?produkt=&amp;p0=634900&amp;erid=EAIaIQobChMI49KG6LqN5QIVgqsYCh3oEQ2vEAAYASAAEgIrnvD_BwE&amp;gclsrc=aw.ds&amp;&amp;gclid=EAIaIQobChMI49KG6LqN5QIVgqsYCh3oEQ2vEAAYASAAEgIrnvD_BwE\" target=\"_blank\" rel=\"noopener\"><span class=\"s1\">Barmenia<\/span><\/a>, <span class=\"s1\">VHV<\/span>, Victoria, Generali oder Gothaer, <a href=\"http:\/\/HDI-%20GERLING,%20R+%20V%20Versicherung\"><span class=\"s1\">HDI- GERLING, R+ V Versicherung<\/span><\/a>, <a href=\"https:\/\/www.signal-iduna.de\/\" target=\"_blank\" rel=\"noopener\"><span class=\"s1\">Iduna<\/span><\/a>, <a href=\"https:\/\/www.signal-iduna.de\/stefan.haubner\/private-krankenversicherung.php?gclid=EAIaIQobChMI7Mu0yLyN5QIVUud3Ch1J5wxJEAAYASAAEgII-_D_BwE\" target=\"_blank\" rel=\"noopener\"><span class=\"s1\">Signal<\/span><\/a>, <a href=\"https:\/\/www.wuerttembergische.de\/de\/startseite\/startseite.html?gclid=EAIaIQobChMI6pji0byN5QIVg813Ch3cKQb5EAAYASAAEgIY-vD_BwE\" target=\"_blank\" rel=\"noopener\"><span class=\"s1\">W\u00fcrttembergische<\/span><\/a>,. Mit all den gelisteten Versicherungen haben wir bereits positive Erfahrungen gemacht.<\/p>\n<p>Eine Zusammenarbeit mit diesen Versicherungen wurde bereits immer erfolgreich abgeschlossen.<\/p>\n<p>Als unabh\u00e4ngiger Kundendienst bietet Ihnen die ZANKER Reparatur Berlin die Vorz\u00fcge eines g\u00fcnstigen Fachh\u00e4ndlers an. Unsere Schwerpunkte legen wir hierbei auf die Reparatur Ihres Ger\u00e4tes, dadurch erm\u00f6glichen wir Ihnen eine qualitativ hochwertige und gleichzeitig g\u00fcnstige Reparatur.<\/p>\n<h3 class=\"western\"><span style=\"font-size: medium;\">16 \u20ac deren Investition sich lohnt!<\/span><\/h3>\n<p>[\/vc_column_text][\/vc_column][vc_column width=&#8220;1\/3&#8243;][thememove_button text=&#8220;Tel.: 030\/587407550&#8243; link=&#8220;url:tel%3A030%2F587407550|||&#8220;][vc_column_text]<\/p>\n<p class=\"p1\"><b>Sie finden uns hier:<\/b><\/p>\n<p class=\"p2\"><b>Kundendienst in Berlin &amp; Umland<\/b><br \/>\nBrandenburgische Stra\u00dfe 77<br \/>\n10713 Berlin<br \/>\nTelefon:030 \/ 58 7407 55 0<\/p>\n<p class=\"p2\"><b>Unsere \u00d6ffnungszeiten:<\/b><br \/>\nMo \u2013 Fr: 07:00 \u2013 20:00 Uhr<br \/>\nSa: 10:00 \u2013 14:00 Uhr<\/p>\n<p class=\"p3\"><span class=\"s1\"><a href=\"https:\/\/reparatur24.berlin\/staging\/impressum\/\">Impressum<\/a><\/span><\/p>\n<p class=\"p1\"><b>\u00a0<\/b><\/p>\n<p class=\"p1\"><b>Wir reparieren:<\/b><\/p>\n<p class=\"p3\"><span class=\"s1\"><a href=\"https:\/\/reparatur24.berlin\/staging\/waschmaschinen-reparatur\/\">Waschmaschinen<\/a><\/span><\/p>\n<p class=\"p3\"><span class=\"s1\"><a href=\"https:\/\/reparatur24.berlin\/staging\/waeschetrockner-reparatur\/\">W\u00e4schetrockner<\/a><\/span><\/p>\n<p class=\"p3\"><span class=\"s1\"><a href=\"https:\/\/reparatur24.berlin\/staging\/waschtrockner-reparatur-berlin\/\">Waschtrockner<\/a><\/span><\/p>\n<p class=\"p3\"><span class=\"s1\"><a href=\"https:\/\/reparatur24.berlin\/staging\/geschirrspueler-reparatur\/\">Geschirrsp\u00fcler<\/a><\/span><\/p>\n<p class=\"p3\"><span class=\"s1\"><a href=\"https:\/\/reparatur24.berlin\/staging\/elektroherd-reparatur\/\">Elektroherde<\/a><\/span><\/p>\n<p class=\"p3\"><span class=\"s1\"><a href=\"https:\/\/reparatur24.berlin\/staging\/kaffeevollautomaten-reparatur-in-berlin\/\">Kaffeevollautomaten<\/a><\/span><\/p>\n<p class=\"p1\"><b>\u00a0<\/b><\/p>\n<p class=\"p1\"><b>Reparatur-Garantie:<\/b><\/p>\n<p class=\"p2\">Wir arbeiten gewissenhaft, kompetent und kosteng\u00fcnstig mit einer <b>Garantie von 24 Monaten<\/b>.<br \/>\nUnsere Kunden wissen das sehr zu sch\u00e4tzen.<\/p>\n<p class=\"p1\"><b>\u00a0<\/b><\/p>\n<p class=\"p1\"><b>Unsere Leistungen:<\/b><\/p>\n<ul class=\"ul1\">\n<li class=\"li2\">24 Stunden Notdienst<\/li>\n<li class=\"li2\">Reparaturen nach der Hersteller Garantiezeit<\/li>\n<li class=\"li2\">unsere Reparaturgarantie von 24 Monaten<\/li>\n<li class=\"li2\">Wartungsservice aller Art<\/li>\n<li class=\"li2\">Fachberatung f\u00fcr Qualit\u00e4tsware<\/li>\n<li class=\"li2\">Neukauf, wenn Reparatur unwirtschaftlich<\/li>\n<li class=\"li2\">Entsorgung von Altger\u00e4ten<\/li>\n<li class=\"li2\">Lieferung zu Ihnen nach Hause<\/li>\n<li class=\"li2\">Anschluss &amp; Installation<\/li>\n<li class=\"li2\">pers\u00f6nlicher Kundendienst<\/li>\n<\/ul>\n<p class=\"p1\"><b>\u00a0<\/b><\/p>\n<p class=\"p1\"><b>Zentrale Berlin &amp; Umland<\/b><\/p>\n<p class=\"p2\">Anfahrt &amp; Kostenvoranschlag 16 \u20ac<\/p>\n<p>[\/vc_column_text][thememove_button text=&#8220;EBAY&#8220; link=&#8220;url:https%3A%2F%2Fwww.ebay-kleinanzeigen.de%2Fs-anzeige%2Fzanker-reparatur%2F917368260-239-3536|||&#8220;][\/vc_column][\/vc_row][vc_row][vc_column][vc_column_text]<\/p>\n<p class=\"p1\"><span class=\"s1\">Anfahrt, Diagnose &amp; Kostenangebot nur 16,- Euro<\/span><\/p>\n<p class=\"p1\"><span class=\"s1\">Empfehlenswert ist unser Vor- Ort- Service. Der Techniker untersucht bei Ihnen zu Hause gr\u00fcndlich das Ger\u00e4t auf Fehler und erstellt ein Angebot. Dabei wird dann auch besprochen ob sich die Reparatur \u00fcberhaupt noch lohnt. Dieser Service wird mit einer Anfahrtspauschale von nur 16,- Euro berechnet. Rufen Sie uns an um schnellstm\u00f6glich einen passenden Termin zu finden.<\/span><\/p>\n<p class=\"p1\"><span class=\"s1\">Kundendienst nur nach Ablauf der Hersteller Garantiezeit<\/span><\/p>\n<p class=\"p1\"><span class=\"s1\">Unser Kundendienst ist ein freier und unabh\u00e4ngiger Reparaturdienst und nicht der Werkskundendienst. Deshalb nehmen wir Auftr\u00e4ge nur nach Ablauf der vom Hersteller \u00fcbernommenen Garantiezeit an. Dies ist bei vielen Herstellern 2 Jahre. Erst nach dieser Zeit sind wir f\u00fcr Sie zust\u00e4ndig.<\/span><\/p>\n<p class=\"p1\"><span class=\"s1\">Vor-Ort-Reparatur und Werkstatt Service in Berlin<\/span><\/p>\n<p class=\"p1\"><span class=\"s1\">N\u00f6tige Ersatzteile und Spezialwerkzeug haben unsere Techniker dabei, um den Fehler Ihres Ger\u00e4tes vor Ort reparieren zu k\u00f6nnen.<\/span><\/p>\n<p class=\"p1\"><span class=\"s1\">Unsere Techniker werden den Fehler vor Ort reparieren. Hierf\u00fcr haben wir n\u00f6tige Ersatzteile und Spezialwerkzeug dabei. In dem Fall das eine Reparaturarbeit zu viel Zeit beansprucht oder der Platz nicht ausreicht haben wir die M\u00f6glichkeit das Ger\u00e4t in unserer hauseigenen Werkstatt in Berlin zu reparieren. Dort haben die Techniker Arbeitsabl\u00e4ufe optimiert und k\u00f6nnen den Fehler schneller beheben. Die Abholung und Lieferung ist in unseren Angeboten stets enthalten. Sie brauchen bei uns also keine Angst vor versteckten Kosten zu haben.<\/span><\/p>\n<p class=\"p4\" style=\"text-align: center;\"><span class=\"s4\"><a href=\"tel:030%20\/%2058%2074%2007%2055%200\"><b>Hotline 030 \/ 58 74 07 55 0<\/b><\/a><\/span><\/p>\n<p>&nbsp;<\/p>\n<p class=\"p1\"><span class=\"s1\">Halten Sie bei einem R\u00fcckruf auf jeden Fall die folgenden Informationen zu Ihrem Haushaltsger\u00e4t bereit, denn dadurch kann eine erste Fehlerdiagnose bereits am Telefon erstellt werden.<\/span><\/p>\n<p class=\"p1\"><span class=\"s1\">Wichtige Daten f\u00fcr unseren Reparaturservice:<\/span><\/p>\n<ul class=\"ul1\">\n<li class=\"li1\"><span class=\"s1\">um welche Marke (Siemens, Miele, Bosch, Bauknecht, AEG, etc.) handelt es sich?<\/span><\/li>\n<li class=\"li3\"><span class=\"s6\">k\u00f6nnen Sie uns eine\u00a0<span class=\"s3\">Fabrikationsnummer\/<\/span>\u00a0<a href=\"https:\/\/de.wikipedia.org\/wiki\/Typenschild#Beispiele\" target=\"_blank\" rel=\"noopener\"><span class=\"s3\">Ger\u00e4tenummer\u00a0<\/span><\/a>nennen?<\/span><\/li>\n<li class=\"li1\"><span class=\"s1\">kurze Beschreibung der St\u00f6rung<\/span><\/li>\n<li class=\"li1\"><span class=\"s1\">Name, Anschrift und Kontaktdaten<\/span><\/li>\n<li class=\"li1\"><span class=\"s1\">Ihre Telefonnummer und Erreichbarkeit<\/span><\/li>\n<\/ul>\n<p class=\"p1\"><span class=\"s1\">Anhand diesen Informationen k\u00f6nnen wir den Defekt erstmals einordnen und einen passenden Reparaturplan erstellen. Erforderliche Ersatzteile sowie Besonderheiten lassen sich so kl\u00e4ren.<\/span><\/p>\n<p class=\"p1\"><span class=\"s1\">Mit diesen ersten Hinweisen kann ein Defekt eingeordnet werden. Dadurch kann eine passende Reparatur geplant werden. Auch erforderlichen Ersatzteilen sowie Besonderheiten Ihres Ger\u00e4tes lassen sich so kl\u00e4ren.<\/span><\/p>\n<p class=\"p1\"><span class=\"s1\">Wir freuen uns auf Ihre Anrufe oder E-Mails. Ihr Kundendienst Reparaturen Berlin!<\/span><\/p>\n<p>Hier k\u00f6nnen Sie Kontakt mit uns aufnehmen ![\/vc_column_text][thememove_button text=&#8220;Kontakt Aufnahme&#8220; link=&#8220;url:https%3A%2F%2Freparatur24.berlin%2Fstaging%2Fkontakt%2F|title:KONTAKT||&#8220;][\/vc_column][\/vc_row][vc_row css=&#8220;.vc_custom_1443177632481{margin-bottom: 70px !important;}&#8220;][vc_column width=&#8220;1\/3&#8243;][vc_row_inner css=&#8220;.vc_custom_1443496397223{margin-bottom: -10px !important;}&#8220;][vc_column_inner el_class=&#8220;hot-line&#8220;][vc_column_text]<img loading=\"lazy\" decoding=\"async\" class=\"alignnone\" src=\"https:\/\/renovation.thememove.com\/data\/images\/contact-hot-line.jpg\" alt=\"\" width=\"370\" height=\"250\" \/>[\/vc_column_text][vc_column_text]<\/p>\n<h4>24\/7 HOTLINE<\/h4>\n<h4 class=\"p1\"><strong><span class=\"s1\">030 \/ 58 74 07 55 0<\/span><\/strong><\/h4>\n<p>[\/vc_column_text][\/vc_column_inner][\/vc_row_inner][vc_column_text]Wir sind von von Montag bis Samstag in der Zeit von 7 bis 22 Uhr f\u00fcr Sie erreichbar.<br \/>\nSenden Sie Ihre Anfrage bitte mit Hilfe des unten folgenden Formulars, oder rufen Sie uns ganz unkompliziert an!<br \/>\nNat\u00fcrlich k\u00f6nnen Sie uns auch gerne in unserem Laden in der Brandenburgische Stra\u00dfe 77, in 10713 Berlin-Wilmersdorf vorbeikommen.[\/vc_column_text][vc_row_inner css=&#8220;.vc_custom_1443177442599{margin-bottom: 20px !important;}&#8220; el_class=&#8220;call-us&#8220;][vc_column_inner width=&#8220;1\/6&#8243; offset=&#8220;vc_col-xs-2&#8243;][thememove_icon icon_fontawesome=&#8220;fa fa-phone&#8220; font_size=&#8220;18&#8243; font_color=&#8220;#111111&#8243;][\/vc_column_inner][vc_column_inner width=&#8220;5\/6&#8243; offset=&#8220;vc_col-xs-10&#8243;][vc_custom_heading text=&#8220;030 \/ 58 74 07 55 0&#8243; font_container=&#8220;tag:h2|font_size:20|text_align:left|color:%23111111&#8243; link=&#8220;url:tel%3A030%20%2F%2058%2074%2007%2055%200|||&#8220;][vc_custom_heading text=&#8220;info@reparatur24.berlin&#8220; font_container=&#8220;tag:p|font_size:14|text_align:left|color:%23111111&#8243;][\/vc_column_inner][\/vc_row_inner][vc_row_inner el_class=&#8220;call-us&#8220;][vc_column_inner width=&#8220;1\/6&#8243; offset=&#8220;vc_col-xs-2&#8243;][thememove_icon icon_fontawesome=&#8220;fa fa-home&#8220; font_size=&#8220;18&#8243; font_color=&#8220;#111111&#8243;][\/vc_column_inner][vc_column_inner width=&#8220;5\/6&#8243; offset=&#8220;vc_col-xs-10&#8243;][vc_custom_heading text=&#8220;Brandenburgische Stra\u00dfe 77<br \/>\n10713 Berlin&#8220; font_container=&#8220;tag:p|font_size:14|text_align:left|color:%23111111&#8243;][\/vc_column_inner][\/vc_row_inner][\/vc_column][vc_column width=&#8220;2\/3&#8243;][vc_raw_html]JTNDZGl2JTIwc3R5bGUlM0QlMjJvdmVyZmxvdyUzQWhpZGRlbiUzQndpZHRoJTNBJTIwNjUwcHglM0Jwb3NpdGlvbiUzQSUyMHJlbGF0aXZlJTNCJTIyJTNFJTNDaWZyYW1lJTIwd2lkdGglM0QlMjI2NTAlMjIlMjBoZWlnaHQlM0QlMjIzNTAlMjIlMjBzcmMlM0QlMjJodHRwcyUzQSUyRiUyRm1hcHMuZ29vZ2xlLmNvbSUyRm1hcHMlM0Z3aWR0aCUzRDY1MCUyNmFtcCUzQmhlaWdodCUzRDM1MCUyNmFtcCUzQmhsJTNEZW4lMjZhbXAlM0JxJTNERUclMjUyMEdBTExBUyUyQiUyOFRpdGVsJTI5JTI2YW1wJTNCaWUlM0RVVEY4JTI2YW1wJTNCdCUzRCUyNmFtcCUzQnolM0QxMyUyNmFtcCUzQml3bG9jJTNEQiUyNmFtcCUzQm91dHB1dCUzRGVtYmVkJTIyJTIwZnJhbWVib3JkZXIlM0QlMjIwJTIyJTIwc2Nyb2xsaW5nJTNEJTIybm8lMjIlMjBtYXJnaW5oZWlnaHQlM0QlMjIwJTIyJTIwbWFyZ2lud2lkdGglM0QlMjIwJTIyJTNFJTNDJTJGaWZyYW1lJTNFJTNDZGl2JTIwc3R5bGUlM0QlMjJwb3NpdGlvbiUzQSUyMGFic29sdXRlJTNCd2lkdGglM0ElMjA4MCUyNSUzQmJvdHRvbSUzQSUyMDEwcHglM0JsZWZ0JTNBJTIwMCUzQnJpZ2h0JTNBJTIwMCUzQm1hcmdpbi1sZWZ0JTNBJTIwYXV0byUzQm1hcmdpbi1yaWdodCUzQSUyMGF1dG8lM0Jjb2xvciUzQSUyMCUyMzAwMCUzQnRleHQtYWxpZ24lM0ElMjBjZW50ZXIlM0IlMjIlM0UlM0NzbWFsbCUyMHN0eWxlJTNEJTIybGluZS1oZWlnaHQlM0ElMjAxLjglM0Jmb250LXNpemUlM0ElMjAycHglM0JiYWNrZ3JvdW5kJTNBJTIwJTIzZmZmJTNCJTIyJTNFUG93ZXJlZCUyMGJ5JTIwJTNDYSUyMGhyZWYlM0QlMjJodHRwcyUzQSUyRiUyRmVtYmVkZ29vZ2xlbWFwcy5jb20lMkZpdCUyRiUyMiUzRWVtYmVkZ29vZ2xlbWFwcyUyMElUJTNDJTJGYSUzRSUyMCUyNiUyMCUzQ2ElMjBocmVmJTNEJTIyaHR0cCUzQSUyRiUyRmxhc3ZlZ2Fzc3RhdGlzdGljcy5lbWJlZGdvb2dsZW1hcHMuY29tJTIyJTNFd3d3Lmxhc3ZlZ2Fzc3RhdGlzdGljcy5lbWJlZGdvb2dsZW1hcHMuY29tJTNDJTJGYSUzRSUzQyUyRnNtYWxsJTNFJTNDJTJGZGl2JTNFJTNDc3R5bGUlM0UlMjNnbWFwX2NhbnZhcyUyMGltZyU3Qm1heC13aWR0aCUzQW5vbmUlMjFpbXBvcnRhbnQlM0JiYWNrZ3JvdW5kJTNBbm9uZSUyMWltcG9ydGFudCU3RCUzQyUyRnN0eWxlJTNFJTNDJTJGZGl2JTNFJTNDYnIlMjAlMkYlM0U=[\/vc_raw_html][contact-form-7 id=&#8220;5&#8243;][\/vc_column][\/vc_row][vc_row full_width=&#8220;stretch_row&#8220; el_class=&#8220;be-a-piece-of-us middle&#8220; css=&#8220;.vc_custom_1439191711650{margin-bottom: 0px !important;padding-top: 65px !important;padding-bottom: 68px !important;background-color: #eeeeee !important;}&#8220;][vc_column width=&#8220;1\/12&#8243; el_class=&#8220;center&#8220;][thememove_icon icon_fontawesome=&#8220;fa fa-users&#8220; font_size=&#8220;26&#8243; font_color=&#8220;#111111&#8243;][\/vc_column][vc_column width=&#8220;2\/3&#8243; el_class=&#8220;center-xs start-sm&#8220;][vc_custom_heading text=&#8220;Bewirb Dich heute und starte morgen.&#8220; font_container=&#8220;tag:h2|font_size:32|text_align:left|color:%231d2736&#8243; link=&#8220;url:http%3A%2F%2Freparatur24.berlin%2Fhaushalt%2Fjob-karriere%2F|||&#8220;][vc_column_text]Wir freuen uns, Dich in unserm Team begr\u00fc\u00dfen zu d\u00fcrfen, Werde Teil des Teams![\/vc_column_text][\/vc_column][vc_column width=&#8220;1\/4&#8243; el_class=&#8220;center&#8220;][\/vc_column][\/vc_row]<\/p>\n","protected":false},"excerpt":{"rendered":"<p>[vc_row][vc_column width=&#8220;2\/3&#8243;][vc_column_text] ZANKER Reparatur Berlin &amp; im 20 km Umland &nbsp; Wenn es um Ihr defektes ZANKER Haushaltsger\u00e4t geht ist ZANKER Reparatur Berlin der richtige Ansprechpartner. Wir bieten einen sorgf\u00e4ltigen und kompetenten Service an und beraten Sie \u00fcber die Reparaturen und was bei einer Neuanschaffung beachtet werden muss. Des weiteren sind wir ein in der [&hellip;]<\/p>\n","protected":false},"author":1,"featured_media":0,"parent":0,"menu_order":0,"comment_status":"closed","ping_status":"closed","template":"","meta":{"_uag_custom_page_level_css":"","site-sidebar-layout":"no-sidebar","site-content-layout":"plain-container","ast-site-content-layout":"default","site-content-style":"default","site-sidebar-style":"default","ast-global-header-display":"","ast-banner-title-visibility":"","ast-main-header-display":"","ast-hfb-above-header-display":"","ast-hfb-below-header-display":"","ast-hfb-mobile-header-display":"","site-post-title":"disabled","ast-breadcrumbs-content":"","ast-featured-img":"disabled","footer-sml-layout":"","ast-disable-related-posts":"","theme-transparent-header-meta":"","adv-header-id-meta":"","stick-header-meta":"","header-above-stick-meta":"","header-main-stick-meta":"","header-below-stick-meta":"","astra-migrate-meta-layouts":"default","ast-page-background-enabled":"default","ast-page-background-meta":{"desktop":{"background-color":"","background-image":"","background-repeat":"repeat","background-position":"center center","background-size":"auto","background-attachment":"scroll","background-type":"","background-media":"","overlay-type":"","overlay-color":"","overlay-opacity":"","overlay-gradient":""},"tablet":{"background-color":"","background-image":"","background-repeat":"repeat","background-position":"center center","background-size":"auto","background-attachment":"scroll","background-type":"","background-media":"","overlay-type":"","overlay-color":"","overlay-opacity":"","overlay-gradient":""},"mobile":{"background-color":"","background-image":"","background-repeat":"repeat","background-position":"center center","background-size":"auto","background-attachment":"scroll","background-type":"","background-media":"","overlay-type":"","overlay-color":"","overlay-opacity":"","overlay-gradient":""}},"ast-content-background-meta":{"desktop":{"background-color":"var(--ast-global-color-5)","background-image":"","background-repeat":"repeat","background-position":"center center","background-size":"auto","background-attachment":"scroll","background-type":"","background-media":"","overlay-type":"","overlay-color":"","overlay-opacity":"","overlay-gradient":""},"tablet":{"background-color":"var(--ast-global-color-5)","background-image":"","background-repeat":"repeat","background-position":"center center","background-size":"auto","background-attachment":"scroll","background-type":"","background-media":"","overlay-type":"","overlay-color":"","overlay-opacity":"","overlay-gradient":""},"mobile":{"background-color":"var(--ast-global-color-5)","background-image":"","background-repeat":"repeat","background-position":"center center","background-size":"auto","background-attachment":"scroll","background-type":"","background-media":"","overlay-type":"","overlay-color":"","overlay-opacity":"","overlay-gradient":""}},"footnotes":""},"class_list":["post-2952","page","type-page","status-publish","hentry"],"uagb_featured_image_src":{"full":false,"thumbnail":false,"medium":false,"medium_large":false,"large":false,"1536x1536":false,"2048x2048":false},"uagb_author_info":{"display_name":"samir","author_link":"https:\/\/reparatur24.berlin\/staging\/author\/samir\/"},"uagb_comment_info":0,"uagb_excerpt":"[vc_row][vc_column width=&#8220;2\/3&#8243;][vc_column_text] ZANKER Reparatur Berlin &amp; im 20 km Umland &nbsp; Wenn es um Ihr defektes ZANKER Haushaltsger\u00e4t geht ist ZANKER Reparatur Berlin der richtige Ansprechpartner. Wir bieten einen sorgf\u00e4ltigen und kompetenten Service an und beraten Sie \u00fcber die Reparaturen und was bei einer Neuanschaffung beachtet werden muss. Des weiteren sind wir ein in der&hellip;","_links":{"self":[{"href":"https:\/\/reparatur24.berlin\/staging\/wp-json\/wp\/v2\/pages\/2952","targetHints":{"allow":["GET"]}}],"collection":[{"href":"https:\/\/reparatur24.berlin\/staging\/wp-json\/wp\/v2\/pages"}],"about":[{"href":"https:\/\/reparatur24.berlin\/staging\/wp-json\/wp\/v2\/types\/page"}],"author":[{"embeddable":true,"href":"https:\/\/reparatur24.berlin\/staging\/wp-json\/wp\/v2\/users\/1"}],"replies":[{"embeddable":true,"href":"https:\/\/reparatur24.berlin\/staging\/wp-json\/wp\/v2\/comments?post=2952"}],"version-history":[{"count":0,"href":"https:\/\/reparatur24.berlin\/staging\/wp-json\/wp\/v2\/pages\/2952\/revisions"}],"wp:attachment":[{"href":"https:\/\/reparatur24.berlin\/staging\/wp-json\/wp\/v2\/media?parent=2952"}],"curies":[{"name":"wp","href":"https:\/\/api.w.org\/{rel}","templated":true}]}}