{"id":2895,"date":"2017-11-07T15:04:02","date_gmt":"2017-11-07T14:04:02","guid":{"rendered":"http:\/\/reparatur24.berlin\/haushalt\/?page_id=2895"},"modified":"2020-04-17T09:19:15","modified_gmt":"2020-04-17T08:19:15","slug":"ebd","status":"publish","type":"page","link":"https:\/\/reparatur24.berlin\/staging\/ebd\/","title":{"rendered":"EBD"},"content":{"rendered":"<p>[vc_row][vc_column width=&#8220;2\/3&#8243;][vc_column_text]<\/p>\n<h1 class=\"western\"><a href=\"https:\/\/reparatur24.berlin\/staging\/ebd\/\">EBD Reparatur Berlin<\/a><\/h1>\n<h2 class=\"western\"><span style=\"font-size: medium;\">&amp; im 20 km Umland<\/span><\/h2>\n<p><span style=\"font-size: medium;\">EBD Reparatur Berlin ist ein bei der Handwerkskammer eingetragener Betrieb und bietet einen freundlichen und kompetenten Service an. Wir sind der ideale Ansprechpartner wenn es um Ihr defektes EBD ( Erwin Bonn Duisburg ) Haushaltsger\u00e4t geht. Wir bieten Ihnen einen fachlich kompetenten Service f\u00fcr fast alle EBD Hausger\u00e4te und beraten Sie zu Reparaturen und was bei einer Neuanschaffung beachtet werden sollte.<\/span><\/p>\n<h2 class=\"western\"><span style=\"font-size: medium;\">Anfahrt, Diagnose &amp; Kostenangebot nur 16,- Euro<\/span><\/h2>\n<p><span style=\"font-size: medium;\">Wir empfehlen Ihnen den EBD Reparatur Berlin Vor- Ort- Service um Ihnen den genauen Defekt und einen Kostenvoranschlag nennen zu k\u00f6nnen. Wir schicken Ihnen dann einen Techniker vorbei, der das Ger\u00e4t \u00fcberpr\u00fcft, ein Angebot erstellt und Sie ber\u00e4t ob sich die Reparatur noch lohnt. F\u00fcr diesen Service werden in Berlin und 20 km Umgebung eine Anfahrtspauschale von nur 16,- Euro berechnet. Kontaktieren Sie uns und vereinbaren einen Termin.<\/span><\/p>\n<p><span style=\"font-size: medium;\">Wir bitten Sie die folgenden Informationen f\u00fcr uns bereitzuhalten:<\/span><\/p>\n<ul>\n<li><span style=\"font-size: medium;\">welches Haushaltsger\u00e4t ist defekt? <\/span><\/li>\n<li><span style=\"font-size: medium;\">z.B. : Waschmaschine, Geschirrsp\u00fclmaschine\/ Geschirrsp\u00fcler, W\u00e4schetrockner\/ Trockner, Elektroherd\/ Backofen, Einbau Mikrowelle oder Ceranfeld?<\/span><\/li>\n<li><span style=\"font-size: medium;\">k\u00f6nnen Sie uns die<a href=\"https:\/\/de.wikipedia.org\/wiki\/Typenschild#Beispiele\" target=\"_blank\" rel=\"noopener\"> Modellnummer<\/a> nennen?<\/span><\/li>\n<li><span style=\"font-size: medium;\">kurze Beschreibung der St\u00f6rung<\/span><\/li>\n<li><span style=\"font-size: medium;\">Ihren Name, Anschrift und Kontaktdaten<\/span><\/li>\n<li><span style=\"font-size: medium;\">Ihre R\u00fcckrufnummer und Erreichbarkeit<\/span><\/li>\n<\/ul>\n<p><span style=\"font-size: medium;\">Rufen Sie uns an, Telefonnummer: <a href=\"tel:030 \/ 58 74 07 55 0\">030 \/ 58 74 07 55 0<\/a>.<\/span><\/p>\n<p><span style=\"font-size: medium;\"><a href=\"mailto:info@reparatur24.berlin\">Oder schreiben uns eine E-mail.<\/a> <\/span><\/p>\n<p><span style=\"font-size: medium;\">Wir sorgen daf\u00fcr, dass Ihr EBD Hausger\u00e4t wieder funktioniert! Wenn Sie unsere Seite mit Ihrem Smartphone besuchen k\u00f6nnen Sie uns direkt \u00fcber den gr\u00fcnen Button anrufen.<\/span><\/p>\n<h2 class=\"western\"><span style=\"font-size: medium;\">EBD Reparatur Berlin Service nur nach Ablauf der Hersteller Garantiezeit<\/span><\/h2>\n<p><span style=\"font-size: medium;\">Auftr\u00e4ge k\u00f6nnen erst nach der Garantiezeit angenommen werden, da wir nicht der EBD ( Erwin Bonn Duisburg) Werkskundendienst sind, sondern ein freier und unabh\u00e4ngiger Reparaturdienst. Die Garantiezeit bel\u00e4uft sich auf 2 Jahre, wenn diese nicht verl\u00e4ngert wurde.<\/span><\/p>\n<h2 class=\"western\"><\/h2>\n<h2 class=\"western\"><span style=\"font-size: medium;\">EBD Vor-Ort-Reparatur und Werkstattservice in Berlin <span style=\"font-family: Times New Roman,serif;\">bieten wir f\u00fcr diese Ger\u00e4te an:<\/span><\/span><\/h2>\n<p align=\"CENTER\"><span style=\"font-family: Times New Roman,serif;\"><span style=\"font-size: medium;\">Waschmaschine, Geschirrsp\u00fclmaschine\/ Geschirrsp\u00fcler, W\u00e4schetrockner\/ Trockner, Elektroherd\/ Backofen, Einbaumikrowelle, Ceranfeld und Kaffeevollautomat<\/span><\/span><\/p>\n<p><span style=\"font-size: medium;\">Es ist von Vorteil beim Anruf die Modellnummer Ihres EBD Haushaltsger\u00e4t zu wissen, da EBD Reparatur Berlin sehr daran interessiert ist, die Reparatur direkt bei Ihnen vor Ort durchzuf\u00fchren. Mit der Modellnummer k\u00f6nnen wir n\u00e4mlich direkt erkennen um welches Ger\u00e4t es sich handelt und wir die ben\u00f6tigten Ersatzteile beim ersten Besuch dabei haben.<\/span><\/p>\n<p><span style=\"font-size: medium;\">Damit die Reparatur direkt vor Ort geschehen kann haben die Techniker die schon vorher besprochenen Ersatzteile und Werkzeug dabei, sowie Spezialwerkzeug, um eine problemlose Reparatur durchf\u00fchren zu k\u00f6nnen.<\/span><\/p>\n<p><span style=\"font-size: medium;\">Sollte es aufgrund von zu hoher Verschmutzung in Ihrer Wohnung, zu wenig Platz oder weil die Reparatur zu viel Zeit aufweist, haben wir die M\u00f6glichkeit das Ger\u00e4t in unserer hauseigenen Werkstatt zu reparieren. Dies macht Sinn, weil wir dadurch weder Ihre Wohnung noch Ihre Zeit \u00fcberm\u00e4\u00dfig belasten. Hinzu kommt, dass unsere Werkstatt-Techniker dort Arbeitsabl\u00e4ufe optimiert haben. Dadurch k\u00f6nnen Defekte viel schneller behoben werden. <\/span><\/p>\n<p><span style=\"font-size: medium;\">Die Abholung und Lieferung ist in unseren Angeboten immer enthalten. Daher entstehen keine weiteren Kosten f\u00fcr Sie.<\/span><\/p>\n<h2 class=\"western\"><span style=\"font-size: medium;\">EBD Reparatur Berlin bietet Versicherungsschutz und Garantie<\/span><\/h2>\n<p><span style=\"font-size: medium;\">Wir stehen in Kooperation mit der <\/span><span class=\"s1\"><a href=\"https:\/\/www.wertgarantie.de\/Home.aspx\" target=\"_blank\" rel=\"noopener\">EDG Wertgarantie<\/a><\/span>. Bei Versicherungssch\u00e4den k\u00f6nnen Sie uns in diesem Fall auch gerne kontaktieren, wir stellen Ihnen dann Ihnen einen Kostenvoranschlag aus, den Sie dann bei der Versicherung einreichen k\u00f6nnen bzw \u00fcbersenden auch gerne wir den an Ihre Versicherung. Erfahrungsgem\u00e4\u00df verlief die Zusammenarbeit mit allen g\u00e4ngigen Versicherungen problemlos und schnell. Z.B.: <a href=\"https:\/\/www.axa.de\/\" target=\"_blank\" rel=\"noopener\"><span class=\"s1\">AXA<\/span><\/a>, <a href=\"https:\/\/www.allianz.de\/?AZMEDID=SEM_SE-GG_VT-g_PR-Brand_KA-00.brand.gold_AG-allianz.exact_KW-allianz_MT-e_Anzeige-334969283162_SL-keinSL_EG-c_PS-1t1&amp;ef_id=EAIaIQobChMIqM-v4bmN5QIVQ-N3Ch1RJQf5EAAYASAAEgLRTvD_BwE:G:s&amp;s_kwcid=AL!8161!3!334969283162!e!!g!!allianz&amp;gclid=EAIaIQobChMIqM-v4bmN5QIVQ-N3Ch1RJQf5EAAYASAAEgLRTvD_BwE\" target=\"_blank\" rel=\"noopener\"><span class=\"s1\">Allianz<\/span><\/a>, Debeka, <a href=\"https:\/\/www.arag.de\/?gclid=EAIaIQobChMI6ZGikbqN5QIVjuJ3Ch3QTwgoEAAYASAAEgIFpvD_BwE\" target=\"_blank\" rel=\"noopener\"><span class=\"s1\">ARAG<\/span><\/a>, <a href=\"http:\/\/www.aspecta.li\/de\/\" target=\"_blank\" rel=\"noopener\"><span class=\"s1\">Aspecta<\/span><\/a>, <a href=\"https:\/\/www.gothaer.de\/ueber-uns\/konzern\/unternehmen\/historisches\/geschichte\/asstel-direktversicherung.htm\" target=\"_blank\" rel=\"noopener\"><span class=\"s1\">ASSTEL<\/span><\/a>, <a href=\"https:\/\/www.advocard.de\/?wt_mc=Google_AdWords.Search.Brand.advocard_E.ADVOCARD%20Rechtsschutz-Jetzt%20online%20abschlie%C3%9Fen\" target=\"_blank\" rel=\"noopener\"><span class=\"s1\">Advocard<\/span><\/a>, <a href=\"https:\/\/www.adac.de\/mitgliedschaft\/tariffinder\/?sc_camp=471B2B419EF94B4FBA6034F0C1BA361E&amp;mc=ext.sem.mgl.tariffinderbas&amp;gclid=EAIaIQobChMIh7W5z7qN5QIVA8DeCh083AaoEAAYASAAEgIcaPD_BwE\" target=\"_blank\" rel=\"noopener\"><span class=\"s1\">ADAC<\/span><\/a>, <a href=\"https:\/\/www.barmenia.de\/?produkt=&amp;p0=634900&amp;erid=EAIaIQobChMI49KG6LqN5QIVgqsYCh3oEQ2vEAAYASAAEgIrnvD_BwE&amp;gclsrc=aw.ds&amp;&amp;gclid=EAIaIQobChMI49KG6LqN5QIVgqsYCh3oEQ2vEAAYASAAEgIrnvD_BwE\" target=\"_blank\" rel=\"noopener\"><span class=\"s1\">Barmenia<\/span><\/a>, <span class=\"s1\">VHV<\/span>, Victoria, Generali oder Gothaer, <a href=\"http:\/\/HDI-%20GERLING,%20R+%20V%20Versicherung\"><span class=\"s1\">HDI- GERLING, R+ V Versicherung<\/span><\/a>, <a href=\"https:\/\/www.signal-iduna.de\/\" target=\"_blank\" rel=\"noopener\"><span class=\"s1\">Iduna<\/span><\/a>, <a href=\"https:\/\/www.signal-iduna.de\/stefan.haubner\/private-krankenversicherung.php?gclid=EAIaIQobChMI7Mu0yLyN5QIVUud3Ch1J5wxJEAAYASAAEgII-_D_BwE\" target=\"_blank\" rel=\"noopener\"><span class=\"s1\">Signal<\/span><\/a>, <a href=\"https:\/\/www.wuerttembergische.de\/de\/startseite\/startseite.html?gclid=EAIaIQobChMI6pji0byN5QIVg813Ch3cKQb5EAAYASAAEgIY-vD_BwE\" target=\"_blank\" rel=\"noopener\"><span class=\"s1\">W\u00fcrttembergische<\/span><\/a>,. Mit all den gelisteten Versicherungen haben wir bereits positive Erfahrungen gemacht.<\/p>\n<p><span style=\"font-size: medium;\"><b>EBD Reparatur Berlin<\/b> bietet Ihnen als unabh\u00e4ngiger Kundendienst zus\u00e4tzlich die Vorz\u00fcge eines g\u00fcnstigen Fachh\u00e4ndlers. Da unser Schwerpunkt auf der Reparatur von bestimmten Haushaltsger\u00e4ten liegt, k\u00f6nnen wir Ihnen eine preiswerte und qualitativ hochwertige L\u00f6sung anbieten.<\/span><\/p>\n<h3 class=\"western\"><span style=\"font-size: medium;\"><b>16 \u20ac deren Investition sich lohnt!<\/b><\/span><\/h3>\n<p>[\/vc_column_text][\/vc_column][vc_column width=&#8220;1\/3&#8243;][thememove_button text=&#8220;Tel.: 030\/587407550&#8243; link=&#8220;url:tel%3A030%2F587407550|||&#8220;][vc_column_text]<\/p>\n<div class=\"wpb_text_column wpb_content_element \">\n<div class=\"wpb_wrapper\">\n<p class=\"p1\"><b>Sie finden uns hier:<\/b><\/p>\n<p class=\"p2\"><b>Kundendienst in Berlin &amp; Umland<\/b><br \/>\nBrandenburgische Stra\u00dfe 77<br \/>\n10713 Berlin<br \/>\nTelefon:030 \/ 58 7407 55 0<\/p>\n<p class=\"p2\"><b>Unsere \u00d6ffnungszeiten:<\/b><br \/>\nMo \u2013 Fr: 07:00 \u2013 20:00 Uhr<br \/>\nSa: 10:00 \u2013 14:00 Uhr<\/p>\n<p class=\"p3\"><span class=\"s1\"><a href=\"https:\/\/reparatur24.berlin\/staging\/impressum\/\">Impressum<\/a><\/span><\/p>\n<p class=\"p1\"><b>\u00a0<\/b><\/p>\n<p class=\"p1\"><b>Wir reparieren:<\/b><\/p>\n<p class=\"p3\"><span class=\"s1\"><a href=\"https:\/\/reparatur24.berlin\/staging\/waschmaschinen-reparatur\/\">Waschmaschinen<\/a><\/span><\/p>\n<p class=\"p3\"><span class=\"s1\"><a href=\"https:\/\/reparatur24.berlin\/staging\/waeschetrockner-reparatur\/\">W\u00e4schetrockner<\/a><\/span><\/p>\n<p class=\"p3\"><span class=\"s1\"><a href=\"https:\/\/reparatur24.berlin\/staging\/waschtrockner-reparatur-berlin\/\">Waschtrockner<\/a><\/span><\/p>\n<p class=\"p3\"><span class=\"s1\"><a href=\"https:\/\/reparatur24.berlin\/staging\/geschirrspueler-reparatur\/\">Geschirrsp\u00fcler<\/a><\/span><\/p>\n<p class=\"p3\"><span class=\"s1\"><a href=\"https:\/\/reparatur24.berlin\/staging\/elektroherd-reparatur\/\">Elektroherde<\/a><\/span><\/p>\n<p class=\"p3\"><span class=\"s1\"><a href=\"https:\/\/reparatur24.berlin\/staging\/kaffeevollautomaten-reparatur-in-berlin\/\">Kaffeevollautomaten<\/a><\/span><\/p>\n<p class=\"p1\"><b>\u00a0<\/b><\/p>\n<p class=\"p1\"><b>Reparatur-Garantie:<\/b><\/p>\n<p class=\"p2\">Wir arbeiten gewissenhaft, kompetent und kosteng\u00fcnstig mit einer <b>Garantie von 24 Monaten<\/b>.<br \/>\nUnsere Kunden wissen das sehr zu sch\u00e4tzen.<\/p>\n<p class=\"p1\"><b>\u00a0<\/b><\/p>\n<p class=\"p1\"><b>Unsere Leistungen:<\/b><\/p>\n<ul class=\"ul1\">\n<li class=\"li2\">24 Stunden Notdienst<\/li>\n<li class=\"li2\">Reparaturen nach der Hersteller Garantiezeit<\/li>\n<li class=\"li2\">unsere Reparaturgarantie von 24 Monaten<\/li>\n<li class=\"li2\">Wartungsservice aller Art<\/li>\n<li class=\"li2\">Fachberatung f\u00fcr Qualit\u00e4tsware<\/li>\n<li class=\"li2\">Neukauf, wenn Reparatur unwirtschaftlich<\/li>\n<li class=\"li2\">Entsorgung von Altger\u00e4ten<\/li>\n<li class=\"li2\">Lieferung zu Ihnen nach Hause<\/li>\n<li class=\"li2\">Anschluss &amp; Installation<\/li>\n<li class=\"li2\">pers\u00f6nlicher Kundendienst<\/li>\n<\/ul>\n<p class=\"p1\"><b>\u00a0<\/b><\/p>\n<p class=\"p1\"><b>Zentrale Berlin &amp; Umland<\/b><\/p>\n<p class=\"p2\">Anfahrt &amp; Kostenvoranschlag 16 \u20ac<\/p>\n<\/div>\n<\/div>\n<p>[\/vc_column_text][thememove_button text=&#8220;EBAY&#8220; link=&#8220;url:https%3A%2F%2Fwww.ebay-kleinanzeigen.de%2Fs-anzeige%2Febd-reparatur%2F917416218-239-3536|||&#8220;][\/vc_column][\/vc_row][vc_row][vc_column][vc_column_text]<strong>Anfahrt, Diagnose &amp; Kostenangebot nur 16,- Euro<\/strong><\/p>\n<p>Empfehlenswert ist unser Vor- Ort- Service. Der Techniker untersucht bei Ihnen zu Hause gr\u00fcndlich das Ger\u00e4t auf Fehler und erstellt ein Angebot. Dabei wird dann auch besprochen ob sich die Reparatur \u00fcberhaupt noch lohnt. Dieser Service wird mit einer Anfahrtspauschale von nur 16,- Euro berechnet. Rufen Sie uns an um schnellstm\u00f6glich einen passenden Termin zu finden.<\/p>\n<p><strong>Kundendienst nur nach Ablauf der Hersteller Garantiezeit<\/strong><\/p>\n<p>Unser Kundendienst ist ein freier und unabh\u00e4ngiger Reparaturdienst und nicht der Werkskundendienst. Deshalb nehmen wir Auftr\u00e4ge nur nach Ablauf der vom Hersteller \u00fcbernommenen Garantiezeit an. Dies ist bei vielen Herstellern 2 Jahre. Erst nach dieser Zeit sind wir f\u00fcr Sie zust\u00e4ndig.<\/p>\n<p><strong>Vor-Ort-Reparatur und Werkstatt Service in Berlin<\/strong><\/p>\n<p>N\u00f6tige Ersatzteile und Spezialwerkzeug haben unsere Techniker dabei, um den Fehler Ihres Ger\u00e4tes vor Ort reparieren zu k\u00f6nnen.<\/p>\n<p>Unsere Techniker werden den Fehler vor Ort reparieren. Hierf\u00fcr haben wir n\u00f6tige Ersatzteile und Spezialwerkzeug dabei. In dem Fall das eine Reparaturarbeit zu viel Zeit beansprucht oder der Platz nicht ausreicht haben wir die M\u00f6glichkeit das Ger\u00e4t in unserer hauseigenen Werkstatt in Berlin zu reparieren. Dort haben die Techniker Arbeitsabl\u00e4ufe optimiert und k\u00f6nnen den Fehler schneller beheben. Die Abholung und Lieferung ist in unseren Angeboten stets enthalten. Sie brauchen bei uns also keine Angst vor versteckten Kosten zu haben.<\/p>\n<p>Wir bieten Ihnen eine kompetente Reparatur und seri\u00f6sen Service f\u00fcr diese Ger\u00e4te an. Vereinbaren Sie also noch heute einen Termin mit unserem Kundendienst unter der Telefonnummer :<\/p>\n<h2 align=\"center\"><a href=\"tel:030 \/ 58 74 07 55 0\">030 \/ 58 74 07 55 0<\/a><\/h2>\n<p>Halten Sie bei einem R\u00fcckruf auf jeden Fall die folgenden Informationen zu Ihrem Haushaltsger\u00e4t bereit, denn dadurch kann eine erste Fehlerdiagnose bereits am Telefon erstellt werden.<\/p>\n<p><strong>Wichtige Daten f\u00fcr unseren Reparaturservice:<\/strong><\/p>\n<ul>\n<li>um welche Marke (Siemens, Miele, Bosch, Bauknecht, AEG, etc.) handelt es sich?<\/li>\n<li>k\u00f6nnen Sie uns eine\u00a0Fabrikationsnummer\/\u00a0<a href=\"https:\/\/de.wikipedia.org\/wiki\/Typenschild#Beispiele\" target=\"_blank\" rel=\"noopener\">Ger\u00e4tenummer\u00a0<\/a>nennen?<\/li>\n<li>kurze Beschreibung der St\u00f6rung<\/li>\n<li>Name, Anschrift und Kontaktdaten<\/li>\n<li>Ihre Telefonnummer und Erreichbarkeit<\/li>\n<\/ul>\n<p>Anhand diesen Informationen k\u00f6nnen wir den Defekt erstmals einordnen und einen passenden Reparaturplan erstellen. Erforderliche Ersatzteile sowie Besonderheiten lassen sich so kl\u00e4ren.<\/p>\n<p>Mit diesen ersten Hinweisen kann ein Defekt eingeordnet werden. Dadurch kann eine passende Reparatur geplant werden. Auch erforderlichen Ersatzteilen sowie Besonderheiten Ihres Ger\u00e4tes lassen sich so kl\u00e4ren.<\/p>\n<p>Wir freuen uns auf Ihre Anrufe oder E-Mails. Ihr Kundendienst Reparaturen Berlin![\/vc_column_text][thememove_button text=&#8220;Kontakt Aufnahme&#8220; link=&#8220;url:https%3A%2F%2Freparatur24.berlin%2Fstaging%2Fkontakt%2F|title:KONTAKT||&#8220;][\/vc_column][\/vc_row][vc_row css=&#8220;.vc_custom_1443177632481{margin-bottom: 70px !important;}&#8220;][vc_column width=&#8220;1\/3&#8243;][vc_row_inner css=&#8220;.vc_custom_1443496397223{margin-bottom: -10px !important;}&#8220;][vc_column_inner el_class=&#8220;hot-line&#8220;][vc_column_text]<img loading=\"lazy\" decoding=\"async\" class=\"alignnone\" src=\"https:\/\/renovation.thememove.com\/data\/images\/contact-hot-line.jpg\" alt=\"\" width=\"370\" height=\"250\" \/>[\/vc_column_text][vc_column_text]<\/p>\n<h4>24\/7 HOTLINE<\/h4>\n<h4 class=\"p1\"><strong><span class=\"s1\">030 \/ 58 74 07 55 0<\/span><\/strong><\/h4>\n<p>[\/vc_column_text][\/vc_column_inner][\/vc_row_inner][vc_column_text]Wir sind von von Montag bis Samstag in der Zeit von 7 bis 22 Uhr f\u00fcr Sie erreichbar.<br \/>\nSenden Sie Ihre Anfrage bitte mit Hilfe des unten folgenden Formulars, oder rufen Sie uns ganz unkompliziert an!<br \/>\nNat\u00fcrlich k\u00f6nnen Sie uns auch gerne in unserem Laden in der Brandenburgische Stra\u00dfe 77, in 10713 Berlin-Wilmersdorf vorbeikommen.[\/vc_column_text][vc_row_inner css=&#8220;.vc_custom_1443177442599{margin-bottom: 20px !important;}&#8220; el_class=&#8220;call-us&#8220;][vc_column_inner width=&#8220;1\/6&#8243; offset=&#8220;vc_col-xs-2&#8243;][thememove_icon icon_fontawesome=&#8220;fa fa-phone&#8220; font_size=&#8220;18&#8243; font_color=&#8220;#111111&#8243;][\/vc_column_inner][vc_column_inner width=&#8220;5\/6&#8243; offset=&#8220;vc_col-xs-10&#8243;][vc_custom_heading text=&#8220;030 \/ 58 74 07 55 0&#8243; font_container=&#8220;tag:h2|font_size:20|text_align:left|color:%23111111&#8243; link=&#8220;url:tel%3A030%20%2F%2058%2074%2007%2055%200|||&#8220;][vc_custom_heading text=&#8220;info@reparatur24.berlin&#8220; font_container=&#8220;tag:p|font_size:14|text_align:left|color:%23111111&#8243;][\/vc_column_inner][\/vc_row_inner][vc_row_inner el_class=&#8220;call-us&#8220;][vc_column_inner width=&#8220;1\/6&#8243; offset=&#8220;vc_col-xs-2&#8243;][thememove_icon icon_fontawesome=&#8220;fa fa-home&#8220; font_size=&#8220;18&#8243; font_color=&#8220;#111111&#8243;][\/vc_column_inner][vc_column_inner width=&#8220;5\/6&#8243; offset=&#8220;vc_col-xs-10&#8243;][vc_custom_heading text=&#8220;Brandenburgische Stra\u00dfe 77<br \/>\n10713 Berlin&#8220; font_container=&#8220;tag:p|font_size:14|text_align:left|color:%23111111&#8243;][\/vc_column_inner][\/vc_row_inner][\/vc_column][vc_column width=&#8220;2\/3&#8243;][vc_raw_html]JTNDZGl2JTIwc3R5bGUlM0QlMjJvdmVyZmxvdyUzQWhpZGRlbiUzQndpZHRoJTNBJTIwNjUwcHglM0Jwb3NpdGlvbiUzQSUyMHJlbGF0aXZlJTNCJTIyJTNFJTNDaWZyYW1lJTIwd2lkdGglM0QlMjI2NTAlMjIlMjBoZWlnaHQlM0QlMjIzNTAlMjIlMjBzcmMlM0QlMjJodHRwcyUzQSUyRiUyRm1hcHMuZ29vZ2xlLmNvbSUyRm1hcHMlM0Z3aWR0aCUzRDY1MCUyNmFtcCUzQmhlaWdodCUzRDM1MCUyNmFtcCUzQmhsJTNEZW4lMjZhbXAlM0JxJTNERUclMjUyMEdBTExBUyUyQiUyOFRpdGVsJTI5JTI2YW1wJTNCaWUlM0RVVEY4JTI2YW1wJTNCdCUzRCUyNmFtcCUzQnolM0QxMyUyNmFtcCUzQml3bG9jJTNEQiUyNmFtcCUzQm91dHB1dCUzRGVtYmVkJTIyJTIwZnJhbWVib3JkZXIlM0QlMjIwJTIyJTIwc2Nyb2xsaW5nJTNEJTIybm8lMjIlMjBtYXJnaW5oZWlnaHQlM0QlMjIwJTIyJTIwbWFyZ2lud2lkdGglM0QlMjIwJTIyJTNFJTNDJTJGaWZyYW1lJTNFJTNDZGl2JTIwc3R5bGUlM0QlMjJwb3NpdGlvbiUzQSUyMGFic29sdXRlJTNCd2lkdGglM0ElMjA4MCUyNSUzQmJvdHRvbSUzQSUyMDEwcHglM0JsZWZ0JTNBJTIwMCUzQnJpZ2h0JTNBJTIwMCUzQm1hcmdpbi1sZWZ0JTNBJTIwYXV0byUzQm1hcmdpbi1yaWdodCUzQSUyMGF1dG8lM0Jjb2xvciUzQSUyMCUyMzAwMCUzQnRleHQtYWxpZ24lM0ElMjBjZW50ZXIlM0IlMjIlM0UlM0NzbWFsbCUyMHN0eWxlJTNEJTIybGluZS1oZWlnaHQlM0ElMjAxLjglM0Jmb250LXNpemUlM0ElMjAycHglM0JiYWNrZ3JvdW5kJTNBJTIwJTIzZmZmJTNCJTIyJTNFUG93ZXJlZCUyMGJ5JTIwJTNDYSUyMGhyZWYlM0QlMjJodHRwcyUzQSUyRiUyRmVtYmVkZ29vZ2xlbWFwcy5jb20lMkZpdCUyRiUyMiUzRWVtYmVkZ29vZ2xlbWFwcyUyMElUJTNDJTJGYSUzRSUyMCUyNiUyMCUzQ2ElMjBocmVmJTNEJTIyaHR0cCUzQSUyRiUyRmxhc3ZlZ2Fzc3RhdGlzdGljcy5lbWJlZGdvb2dsZW1hcHMuY29tJTIyJTNFd3d3Lmxhc3ZlZ2Fzc3RhdGlzdGljcy5lbWJlZGdvb2dsZW1hcHMuY29tJTNDJTJGYSUzRSUzQyUyRnNtYWxsJTNFJTNDJTJGZGl2JTNFJTNDc3R5bGUlM0UlMjNnbWFwX2NhbnZhcyUyMGltZyU3Qm1heC13aWR0aCUzQW5vbmUlMjFpbXBvcnRhbnQlM0JiYWNrZ3JvdW5kJTNBbm9uZSUyMWltcG9ydGFudCU3RCUzQyUyRnN0eWxlJTNFJTNDJTJGZGl2JTNFJTNDYnIlMjAlMkYlM0U=[\/vc_raw_html][contact-form-7 id=&#8220;5&#8243;][\/vc_column][\/vc_row][vc_row full_width=&#8220;stretch_row&#8220; el_class=&#8220;be-a-piece-of-us middle&#8220; css=&#8220;.vc_custom_1439191711650{margin-bottom: 0px !important;padding-top: 65px !important;padding-bottom: 68px !important;background-color: #eeeeee !important;}&#8220;][vc_column width=&#8220;1\/12&#8243; el_class=&#8220;center&#8220;][thememove_icon icon_fontawesome=&#8220;fa fa-users&#8220; font_size=&#8220;26&#8243; font_color=&#8220;#111111&#8243;][\/vc_column][vc_column width=&#8220;2\/3&#8243; el_class=&#8220;center-xs start-sm&#8220;][vc_custom_heading text=&#8220;Bewirb Dich heute und starte morgen.&#8220; font_container=&#8220;tag:h2|font_size:32|text_align:left|color:%231d2736&#8243; link=&#8220;url:http%3A%2F%2Freparatur24.berlin%2Fhaushalt%2Fjob-karriere%2F|||&#8220;][vc_column_text]Wir freuen uns, Dich in unserm Team begr\u00fc\u00dfen zu d\u00fcrfen, Werde Teil des Teams![\/vc_column_text][\/vc_column][vc_column width=&#8220;1\/4&#8243; el_class=&#8220;center&#8220;][\/vc_column][\/vc_row]<\/p>\n","protected":false},"excerpt":{"rendered":"<p>[vc_row][vc_column width=&#8220;2\/3&#8243;][vc_column_text] EBD Reparatur Berlin &amp; im 20 km Umland EBD Reparatur Berlin ist ein bei der Handwerkskammer eingetragener Betrieb und bietet einen freundlichen und kompetenten Service an. Wir sind der ideale Ansprechpartner wenn es um Ihr defektes EBD ( Erwin Bonn Duisburg ) Haushaltsger\u00e4t geht. Wir bieten Ihnen einen fachlich kompetenten Service f\u00fcr fast [&hellip;]<\/p>\n","protected":false},"author":1,"featured_media":0,"parent":0,"menu_order":0,"comment_status":"closed","ping_status":"closed","template":"","meta":{"_uag_custom_page_level_css":"","site-sidebar-layout":"no-sidebar","site-content-layout":"plain-container","ast-site-content-layout":"default","site-content-style":"default","site-sidebar-style":"default","ast-global-header-display":"","ast-banner-title-visibility":"","ast-main-header-display":"","ast-hfb-above-header-display":"","ast-hfb-below-header-display":"","ast-hfb-mobile-header-display":"","site-post-title":"disabled","ast-breadcrumbs-content":"","ast-featured-img":"disabled","footer-sml-layout":"","ast-disable-related-posts":"","theme-transparent-header-meta":"","adv-header-id-meta":"","stick-header-meta":"","header-above-stick-meta":"","header-main-stick-meta":"","header-below-stick-meta":"","astra-migrate-meta-layouts":"default","ast-page-background-enabled":"default","ast-page-background-meta":{"desktop":{"background-color":"","background-image":"","background-repeat":"repeat","background-position":"center center","background-size":"auto","background-attachment":"scroll","background-type":"","background-media":"","overlay-type":"","overlay-color":"","overlay-opacity":"","overlay-gradient":""},"tablet":{"background-color":"","background-image":"","background-repeat":"repeat","background-position":"center center","background-size":"auto","background-attachment":"scroll","background-type":"","background-media":"","overlay-type":"","overlay-color":"","overlay-opacity":"","overlay-gradient":""},"mobile":{"background-color":"","background-image":"","background-repeat":"repeat","background-position":"center center","background-size":"auto","background-attachment":"scroll","background-type":"","background-media":"","overlay-type":"","overlay-color":"","overlay-opacity":"","overlay-gradient":""}},"ast-content-background-meta":{"desktop":{"background-color":"var(--ast-global-color-5)","background-image":"","background-repeat":"repeat","background-position":"center center","background-size":"auto","background-attachment":"scroll","background-type":"","background-media":"","overlay-type":"","overlay-color":"","overlay-opacity":"","overlay-gradient":""},"tablet":{"background-color":"var(--ast-global-color-5)","background-image":"","background-repeat":"repeat","background-position":"center center","background-size":"auto","background-attachment":"scroll","background-type":"","background-media":"","overlay-type":"","overlay-color":"","overlay-opacity":"","overlay-gradient":""},"mobile":{"background-color":"var(--ast-global-color-5)","background-image":"","background-repeat":"repeat","background-position":"center center","background-size":"auto","background-attachment":"scroll","background-type":"","background-media":"","overlay-type":"","overlay-color":"","overlay-opacity":"","overlay-gradient":""}},"footnotes":""},"class_list":["post-2895","page","type-page","status-publish","hentry"],"uagb_featured_image_src":{"full":false,"thumbnail":false,"medium":false,"medium_large":false,"large":false,"1536x1536":false,"2048x2048":false},"uagb_author_info":{"display_name":"samir","author_link":"https:\/\/reparatur24.berlin\/staging\/author\/samir\/"},"uagb_comment_info":0,"uagb_excerpt":"[vc_row][vc_column width=&#8220;2\/3&#8243;][vc_column_text] EBD Reparatur Berlin &amp; im 20 km Umland EBD Reparatur Berlin ist ein bei der Handwerkskammer eingetragener Betrieb und bietet einen freundlichen und kompetenten Service an. Wir sind der ideale Ansprechpartner wenn es um Ihr defektes EBD ( Erwin Bonn Duisburg ) Haushaltsger\u00e4t geht. Wir bieten Ihnen einen fachlich kompetenten Service f\u00fcr fast&hellip;","_links":{"self":[{"href":"https:\/\/reparatur24.berlin\/staging\/wp-json\/wp\/v2\/pages\/2895","targetHints":{"allow":["GET"]}}],"collection":[{"href":"https:\/\/reparatur24.berlin\/staging\/wp-json\/wp\/v2\/pages"}],"about":[{"href":"https:\/\/reparatur24.berlin\/staging\/wp-json\/wp\/v2\/types\/page"}],"author":[{"embeddable":true,"href":"https:\/\/reparatur24.berlin\/staging\/wp-json\/wp\/v2\/users\/1"}],"replies":[{"embeddable":true,"href":"https:\/\/reparatur24.berlin\/staging\/wp-json\/wp\/v2\/comments?post=2895"}],"version-history":[{"count":0,"href":"https:\/\/reparatur24.berlin\/staging\/wp-json\/wp\/v2\/pages\/2895\/revisions"}],"wp:attachment":[{"href":"https:\/\/reparatur24.berlin\/staging\/wp-json\/wp\/v2\/media?parent=2895"}],"curies":[{"name":"wp","href":"https:\/\/api.w.org\/{rel}","templated":true}]}}