{"id":2866,"date":"2017-11-07T12:11:52","date_gmt":"2017-11-07T11:11:52","guid":{"rendered":"http:\/\/reparatur24.berlin\/haushalt\/?page_id=2866"},"modified":"2026-04-18T11:23:06","modified_gmt":"2026-04-18T10:23:06","slug":"aeg","status":"publish","type":"page","link":"https:\/\/reparatur24.berlin\/staging\/aeg\/","title":{"rendered":"AEG Reparatur Berlin"},"content":{"rendered":"<p>[vc_row][vc_column width=&#8220;2\/3&#8243;][vc_column_text]<\/p>\n<h2 class=\"western\"><a href=\"https:\/\/reparatur24.berlin\/staging\/aeg\/\">AEG Reparatur Berlin<\/a><\/h2>\n<h2><\/h2>\n<p>&nbsp;<\/p>\n<h2 class=\"western\">und in 20 km Berliner Umland<\/h2>\n<p>Wenn es um Ihr defektes AEG Haushaltsger\u00e4t geht, sind wir Ihr richter Ansprechpartner. Bei uns werden Sie fachm\u00e4nnisch beraten und bieten Ihnen gleichzeitig einen sorgf\u00e4ltigen und kompetenten Service an. Beratung zu den Reparaturen und was zu beachten einer Neuanschaffung ist inklusive. Wir sind ein in der Handelskammer eingetragener Betrieb.<br \/>\nMelden Sie sich ganz unverbindlich bei uns.<\/p>\n<h2 class=\"western\">Anfahrt, Diagnose &amp; Kostenangebot nur 16,- Euro<\/h2>\n<p>\u00dcber unser Kontaktformular oder telefonisch, k\u00f6nnen Sie sich gerne bei uns melden. Dabei bitten wir folgendes zu beachten.<\/p>\n<p>Welches Haushaltsger\u00e4t ist defekt?<\/p>\n<ul>\n<li>z.B. : Waschmaschine, Geschirrsp\u00fclmaschine\/ Sp\u00fclmaschine, W\u00e4schetrockner\/ Trockner, Elektroherd\/ Backofen, Ceranfeld<\/li>\n<li>Kennen Sie die Fabrikationsnummer\/ Ger\u00e4tenummer ?<\/li>\n<li>Kurze Beschreibung der St\u00f6rung des Ger\u00e4tes<\/li>\n<li>Name, Anschrift und weitere Kontaktdaten<\/li>\n<li>R\u00fcckrufnummer und sonstige Erreichbarkeit<\/li>\n<\/ul>\n<p>dies erm\u00f6glicht uns das Gespr\u00e4ch gr\u00fcndlicher und schneller abzuschlie\u00dfen.<\/p>\n<h2 class=\"western\">AEG Reparatur Berlin Vor-Ort-Service<\/h2>\n<p>Um genaustens bei Ihrem AEG Haushaltsger\u00e4t bestimmen zu k\u00f6nnen was nicht stimmt, sollten Sie unser Vor- Ort- Service in Anspruch nehmen, Ihr Ger\u00e4t wird dabei genaustens \u00fcberpr\u00fcft um Defekte zu erkennen und ein Kostenvoranschlag erstellen zu k\u00f6nnen. Wir beraten Sie ob sich die Reparatur lohnenswert ist oder nicht. F\u00fcr diese Serviceleistung berechnen wir Ihnen eine einheitliche Pauschale von nur 16,- Euro in Berlin und 20 km Umgebung. Kontaktieren Sie uns um einen passenden Termin mit Ihnen vereibaren zu k\u00f6nnen.<\/p>\n<p style=\"text-align: center\">Telefonnummer <a href=\"tel:030 \/ 58 74 07 55 0\">030 \/ 58 74 07 55 0<\/a><\/p>\n<h2 class=\"western\">Kundendienst nur nach Ablauf der Hersteller Garantiezeit<\/h2>\n<p>Wir sind ein unabh\u00e4ngiger und freier Reparaturdienst und kein Werkskundendienst des Herstellers AEG. Auftr\u00e4ge finden daher erst nach Ablauf der Herstellergarantie ( 2 Jahre) statt.<\/p>\n<h2 class=\"western\">Vor-Ort-Reparatur und Werkstatt Service in Berlin<\/h2>\n<p>Wir bem\u00fchen uns Ihr AEG Haushaltsger\u00e4t direkt bei Ihnen vor Ort zu reparieren. N\u00f6tige Ersatzteile und Spezialwerkzeug haben unsere Techniker immer dabei, wenn der n\u00f6tige Platz bei Ihnen jedoch nicht ausreicht oder die Reparatur zu starke Verschmutzungen verursachen w\u00fcrde, kann es allerdings auch n\u00f6tig sein das Ger\u00e4t in unsere Hauseigene Werkstatt zu bringen. Ebenfalls bei einer Verz\u00f6gerung der Lieferzeit eines Ersatzteils oder die ben\u00f6tigte Reparaturzeit zu lange dauern w\u00fcrde macht es Sinn das Ger\u00e4t in die Werkstatt zu bringen. Dort haben die Techniker dann die M\u00f6glichkeit Defekte schneller zu beheben aufgrund von optimierter Arbeitsabl\u00e4ufen.<\/p>\n<p>Die Abholung und Lieferung ist in unseren Angeboten immer mit enthalten.<\/p>\n<h2 class=\"western\">Versicherungsschaden melden<\/h2>\n<p>Wir, der AEG Haushaltsger\u00e4te Reparaturservice Berlin haben eine Kooperation mit der <a href=\"https:\/\/www.wertgarantie.de\/Home.aspx\" target=\"_blank\" rel=\"noopener\">EDG Wertgarantie<\/a>. Bei Versicherungssch\u00e4den k\u00f6nnen Sie uns in diesem Fall auch gerne kontaktieren, wir stellen Ihnen dann Ihnen einen Kostenvoranschlag aus, den Sie dann bei der Versicherung einreichen k\u00f6nnen bzw \u00fcbersenden auch gerne wir den an Ihre Versicherung. Erfahrungsgem\u00e4\u00df verlief die Zusammenarbeit mit allen g\u00e4ngigen Versicherungen problemlos und schnell. Z.B.: <a href=\"https:\/\/www.axa.de\" target=\"_blank\" rel=\"noopener\">AXA<\/a>, <a href=\"https:\/\/www.allianz.de\/?AZMEDID=SEM_SE-GG_VT-g_PR-Brand_KA-00.brand.gold_AG-allianz.exact_KW-allianz_MT-e_Anzeige-334969283162_SL-keinSL_EG-c_PS-1t1&amp;ef_id=EAIaIQobChMIqM-v4bmN5QIVQ-N3Ch1RJQf5EAAYASAAEgLRTvD_BwE:G:s&amp;s_kwcid=AL!8161!3!334969283162!e!!g!!allianz&amp;gclid=EAIaIQobChMIqM-v4bmN5QIVQ-N3Ch1RJQf5EAAYASAAEgLRTvD_BwE\" target=\"_blank\" rel=\"noopener\">Allianz<\/a>, Debeka, <a href=\"https:\/\/www.arag.de\/?gclid=EAIaIQobChMI6ZGikbqN5QIVjuJ3Ch3QTwgoEAAYASAAEgIFpvD_BwE\" target=\"_blank\" rel=\"noopener\">ARAG<\/a>, <a href=\"http:\/\/www.aspecta.li\/de\/\" target=\"_blank\" rel=\"noopener\">Aspecta<\/a>, ASSTEL, <a href=\"https:\/\/www.advocard.de\/?wt_mc=Google_AdWords.Search.Brand.advocard_E.ADVOCARD%20Rechtsschutz-Jetzt%20online%20abschlie\u00dfen\" target=\"_blank\" rel=\"noopener\">Advocard<\/a>, <a href=\"https:\/\/www.adac.de\/mitgliedschaft\/tariffinder\/?sc_camp=471B2B419EF94B4FBA6034F0C1BA361E&amp;mc=ext.sem.mgl.tariffinderbas&amp;gclid=EAIaIQobChMIh7W5z7qN5QIVA8DeCh083AaoEAAYASAAEgIcaPD_BwE\" target=\"_blank\" rel=\"noopener\">ADAC<\/a>, <a href=\"https:\/\/www.barmenia.de\/?produkt=&amp;p0=634900&amp;erid=EAIaIQobChMI49KG6LqN5QIVgqsYCh3oEQ2vEAAYASAAEgIrnvD_BwE&amp;gclsrc=aw.ds&amp;&amp;gclid=EAIaIQobChMI49KG6LqN5QIVgqsYCh3oEQ2vEAAYASAAEgIrnvD_BwE\" target=\"_blank\" rel=\"noopener\">Barmenia<\/a>, VHV, Victoria, W\u00fcrttembergische, Signal Iduna, R+V Versicherung, HDI- GERLING, Generali oder Gothaer.<\/p>\n<p>Eine Zusammenarbeit mit diesen Versicherungen wurden bereits immer erfolgreich abgeschlossen.<\/p>\n<p>Als unabh\u00e4ngiger Kundendienst bietet Ihnen die AEG Haushaltsger\u00e4t Reparatur Berlin die Vorz\u00fcge eines g\u00fcnstigen Fachh\u00e4ndlers an. Unsere Schwerpunkte legen wir hierbei auf die Reparatur Ihres Ger\u00e4tes, dadurch erm\u00f6glichen wir Ihnen eine qualitativ hochwertige und gleichzeitig g\u00fcnstige Reparatur.<\/p>\n<p>Gerne begr\u00fc\u00dfen wir sie demn\u00e4chst als Kunde. Nutzen Sie hierf\u00fcr unser Schnell- Kontaktformular oder nehmen Sie telefonisch Kontakt zu uns auf unter der<\/p>\n<p style=\"text-align: center\">Hotline \u00a0<a href=\"tel:030 \/ 58 74 07 55 0\">030 \/ 58 74 07 55 0<\/a><\/p>\n<p><span style=\"font-size: large\"><b>Lohnenswert 16 \u20ac f\u00fcr Ihr Ger\u00e4t zu investieren.<\/b><\/span><\/p>\n<h3 class=\"western\"><\/h3>\n<p>[\/vc_column_text][\/vc_column][vc_column width=&#8220;1\/3&#8243;][vc_column_text]<\/p>\n<p class=\"p1\"><b>Sie finden uns hier:<\/b><\/p>\n<p class=\"p2\"><b>Kundendienst in Berlin &amp; Umland<\/b><br \/>\nBrandenburgische Stra\u00dfe 77<br \/>\n10713 Berlin<br \/>\nTelefon:030 \/ 58 7407 55 0<\/p>\n<p class=\"p2\"><b>Unsere \u00d6ffnungszeiten:<\/b><br \/>\nMo \u2013 Fr: 07:00 \u2013 20:00 Uhr<br \/>\nSa: 10:00 \u2013 14:00 Uhr<\/p>\n<p class=\"p3\"><span class=\"s1\"><a href=\"https:\/\/reparatur24.berlin\/staging\/impressum\/\">Impressum<\/a><\/span><\/p>\n<p class=\"p1\"><b>\u00a0<\/b><\/p>\n<p class=\"p1\"><b>Wir reparieren:<\/b><\/p>\n<p class=\"p3\"><span class=\"s1\"><a href=\"https:\/\/reparatur24.berlin\/staging\/waschmaschinen-reparatur\/\">Waschmaschinen<\/a><\/span><\/p>\n<p class=\"p3\"><span class=\"s1\"><a href=\"https:\/\/reparatur24.berlin\/staging\/waeschetrockner-reparatur\/\">W\u00e4schetrockner<\/a><\/span><\/p>\n<p class=\"p3\"><span class=\"s1\"><a href=\"https:\/\/reparatur24.berlin\/staging\/waschtrockner-reparatur-berlin\/\">Waschtrockner<\/a><\/span><\/p>\n<p class=\"p3\"><span class=\"s1\"><a href=\"https:\/\/reparatur24.berlin\/staging\/geschirrspueler-reparatur\/\">Geschirrsp\u00fcler<\/a><\/span><\/p>\n<p class=\"p3\"><span class=\"s1\"><a href=\"https:\/\/reparatur24.berlin\/staging\/elektroherd-reparatur\/\">Elektroherde<\/a><\/span><\/p>\n<p class=\"p3\"><span class=\"s1\"><a href=\"https:\/\/reparatur24.berlin\/staging\/kaffeevollautomaten-reparatur-in-berlin\/\">Kaffeevollautomaten<\/a><\/span><\/p>\n<p class=\"p1\"><b>\u00a0<\/b><\/p>\n<p class=\"p1\"><b>Reparatur-Garantie:<\/b><\/p>\n<p class=\"p2\">Wir arbeiten gewissenhaft, kompetent und kosteng\u00fcnstig mit einer <b>Garantie von 24 Monaten<\/b>.<br \/>\nUnsere Kunden wissen das sehr zu sch\u00e4tzen.<\/p>\n<p class=\"p1\"><b>\u00a0<\/b><\/p>\n<p class=\"p1\"><b>Unsere Leistungen:<\/b><\/p>\n<ul class=\"ul1\">\n<li class=\"li2\">24 Stunden Notdienst<\/li>\n<li class=\"li2\">Reparaturen nach der Hersteller Garantiezeit<\/li>\n<li class=\"li2\">unsere Reparaturgarantie von 24 Monaten<\/li>\n<li class=\"li2\">Wartungsservice aller Art<\/li>\n<li class=\"li2\">Fachberatung f\u00fcr Qualit\u00e4tsware<\/li>\n<li class=\"li2\">Neukauf, wenn Reparatur unwirtschaftlich<\/li>\n<li class=\"li2\">Entsorgung von Altger\u00e4ten<\/li>\n<li class=\"li2\">Lieferung zu Ihnen nach Hause<\/li>\n<li class=\"li2\">Anschluss &amp; Installation<\/li>\n<li class=\"li2\">pers\u00f6nlicher Kundendienst<\/li>\n<\/ul>\n<p class=\"p1\"><b>\u00a0<\/b><\/p>\n<p class=\"p1\"><b>Zentrale Berlin &amp; Umland<\/b><\/p>\n<p class=\"p2\">Anfahrt &amp; Kostenvoranschlag 16 \u20ac<\/p>\n<p>[\/vc_column_text][thememove_button text=&#8220;EBAY&#8220; link=&#8220;url:https%3A%2F%2Fwww.ebay-kleinanzeigen.de%2Fs-anzeige%2Faeg-reparatur%2F917464572-239-3536|||&#8220;][\/vc_column][\/vc_row][vc_row][vc_column][vc_column_text]<strong>Anfahrt, Diagnose &amp; Kostenangebot nur 16,- Euro<\/strong><\/p>\n<p>Empfehlenswert ist unser Vor- Ort- Service. Der Techniker untersucht bei Ihnen zu Hause gr\u00fcndlich das Ger\u00e4t auf Fehler und erstellt ein Angebot. Dabei wird dann auch besprochen ob sich die Reparatur \u00fcberhaupt noch lohnt. Dieser Service wird mit einer Anfahrtspauschale von nur 16,- Euro berechnet. Rufen Sie uns an um schnellstm\u00f6glich einen passenden Termin zu finden.<\/p>\n<p><strong>Kundendienst nur nach Ablauf der Hersteller Garantiezeit<\/strong><\/p>\n<p>Unser Kundendienst ist ein freier und unabh\u00e4ngiger Reparaturdienst und nicht der Werkskundendienst. Deshalb nehmen wir Auftr\u00e4ge nur nach Ablauf der vom Hersteller \u00fcbernommenen Garantiezeit an. Dies ist bei vielen Herstellern 2 Jahre. Erst nach dieser Zeit sind wir f\u00fcr Sie zust\u00e4ndig.<\/p>\n<p><strong>Vor-Ort-Reparatur und Werkstatt Service in Berlin<\/strong><\/p>\n<p>N\u00f6tige Ersatzteile und Spezialwerkzeug haben unsere Techniker dabei, um den Fehler Ihres Ger\u00e4tes vor Ort reparieren zu k\u00f6nnen.<\/p>\n<p>Unsere Techniker werden den Fehler vor Ort reparieren. Hierf\u00fcr haben wir n\u00f6tige Ersatzteile und Spezialwerkzeug dabei. In dem Fall das eine Reparaturarbeit zu viel Zeit beansprucht oder der Platz nicht ausreicht haben wir die M\u00f6glichkeit das Ger\u00e4t in unserer hauseigenen Werkstatt in Berlin zu reparieren. Dort haben die Techniker Arbeitsabl\u00e4ufe optimiert und k\u00f6nnen den Fehler schneller beheben. Die Abholung und Lieferung ist in unseren Angeboten stets enthalten. Sie brauchen bei uns also keine Angst vor versteckten Kosten zu haben.<\/p>\n<p>Wir bieten Ihnen eine kompetente Reparatur und seri\u00f6sen Service f\u00fcr diese Ger\u00e4te an. Vereinbaren Sie also noch heute einen Termin mit unserem Kundendienst unter der Telefonnummer :<\/p>\n<h2 align=\"center\"><a href=\"tel:030 \/ 58 74 07 55 0\">030 \/ 58 74 07 55 0<\/a><\/h2>\n<p>Halten Sie bei einem R\u00fcckruf auf jeden Fall die folgenden Informationen zu Ihrem Haushaltsger\u00e4t bereit, denn dadurch kann eine erste Fehlerdiagnose bereits am Telefon erstellt werden.<\/p>\n<p><strong>Wichtige Daten f\u00fcr unseren Reparaturservice:<\/strong><\/p>\n<ul>\n<li>um welche Marke (Siemens, Miele, Bosch, Bauknecht, AEG, etc.) handelt es sich?<\/li>\n<li>k\u00f6nnen Sie uns eine\u00a0Fabrikationsnummer\/\u00a0<a href=\"https:\/\/de.wikipedia.org\/wiki\/Typenschild#Beispiele\" target=\"_blank\" rel=\"noopener\">Ger\u00e4tenummer\u00a0<\/a>nennen?<\/li>\n<li>kurze Beschreibung der St\u00f6rung<\/li>\n<li>Name, Anschrift und Kontaktdaten<\/li>\n<li>Ihre Telefonnummer und Erreichbarkeit<\/li>\n<\/ul>\n<p>Anhand diesen Informationen k\u00f6nnen wir den Defekt erstmals einordnen und einen passenden Reparaturplan erstellen. Erforderliche Ersatzteile sowie Besonderheiten lassen sich so kl\u00e4ren.<\/p>\n<p>Mit diesen ersten Hinweisen kann ein Defekt eingeordnet werden. Dadurch kann eine passende Reparatur geplant werden. Auch erforderlichen Ersatzteilen sowie Besonderheiten Ihres Ger\u00e4tes lassen sich so kl\u00e4ren.<\/p>\n<p>Wir freuen uns auf Ihre Anrufe oder E-Mails. Ihr Kundendienst Reparaturen Berlin![\/vc_column_text][\/vc_column][\/vc_row][vc_row css=&#8220;.vc_custom_1443177632481{margin-bottom: 70px !important;}&#8220;][vc_column width=&#8220;1\/3&#8243;][vc_row_inner css=&#8220;.vc_custom_1443496397223{margin-bottom: -10px !important;}&#8220;][vc_column_inner el_class=&#8220;hot-line&#8220;][vc_column_text]<img loading=\"lazy\" decoding=\"async\" class=\"alignnone\" src=\"https:\/\/renovation.thememove.com\/data\/images\/contact-hot-line.jpg\" alt=\"\" width=\"370\" height=\"250\" \/>[\/vc_column_text][vc_column_text]<\/p>\n<h4>24\/7 HOTLINE<\/h4>\n<h4 class=\"p1\"><strong><span class=\"s1\">030 \/ 58 74 07 55 0<\/span><\/strong><\/h4>\n<p>[\/vc_column_text][\/vc_column_inner][\/vc_row_inner][vc_column_text]Wir sind von von Montag bis Samstag in der Zeit von 7 bis 22 Uhr f\u00fcr Sie erreichbar.<br \/>\nSenden Sie Ihre Anfrage bitte mit Hilfe des unten folgenden Formulars, oder rufen Sie uns ganz unkompliziert an!<br \/>\nNat\u00fcrlich k\u00f6nnen Sie uns auch gerne in unserem Laden in der Brandenburgische Stra\u00dfe 77, in 10713 Berlin-Wilmersdorf vorbeikommen.[\/vc_column_text][vc_row_inner css=&#8220;.vc_custom_1443177442599{margin-bottom: 20px !important;}&#8220; el_class=&#8220;call-us&#8220;][vc_column_inner width=&#8220;1\/6&#8243; offset=&#8220;vc_col-xs-2&#8243;][thememove_icon icon_fontawesome=&#8220;fa fa-phone&#8220; font_size=&#8220;18&#8243; font_color=&#8220;#111111&#8243;][\/vc_column_inner][vc_column_inner width=&#8220;5\/6&#8243; offset=&#8220;vc_col-xs-10&#8243;][vc_custom_heading text=&#8220;030 \/ 58 74 07 55 0&#8243; font_container=&#8220;tag:h2|font_size:20|text_align:left|color:%23111111&#8243; link=&#8220;url:tel%3A030%20%2F%2058%2074%2007%2055%200|||&#8220;][vc_custom_heading text=&#8220;info@reparatur24.berlin&#8220; font_container=&#8220;tag:p|font_size:14|text_align:left|color:%23111111&#8243;][\/vc_column_inner][\/vc_row_inner][vc_row_inner el_class=&#8220;call-us&#8220;][vc_column_inner width=&#8220;1\/6&#8243; offset=&#8220;vc_col-xs-2&#8243;][thememove_icon icon_fontawesome=&#8220;fa fa-home&#8220; font_size=&#8220;18&#8243; font_color=&#8220;#111111&#8243;][\/vc_column_inner][vc_column_inner width=&#8220;5\/6&#8243; offset=&#8220;vc_col-xs-10&#8243;][vc_custom_heading text=&#8220;Brandenburgische Stra\u00dfe 77<br \/>\n10713 Berlin&#8220; font_container=&#8220;tag:p|font_size:14|text_align:left|color:%23111111&#8243;][\/vc_column_inner][\/vc_row_inner][\/vc_column][vc_column width=&#8220;2\/3&#8243;][contact-form-7 id=&#8220;5&#8243;][\/vc_column][\/vc_row][vc_row full_width=&#8220;stretch_row&#8220; el_class=&#8220;be-a-piece-of-us middle&#8220; css=&#8220;.vc_custom_1439191711650{margin-bottom: 0px !important;padding-top: 65px !important;padding-bottom: 68px !important;background-color: #eeeeee !important;}&#8220;][vc_column width=&#8220;1\/12&#8243; el_class=&#8220;center&#8220;][thememove_icon icon_fontawesome=&#8220;fa fa-users&#8220; font_size=&#8220;26&#8243; font_color=&#8220;#111111&#8243;][\/vc_column][vc_column width=&#8220;2\/3&#8243; el_class=&#8220;center-xs start-sm&#8220;][vc_custom_heading text=&#8220;Bewirb Dich heute und starte morgen.&#8220; font_container=&#8220;tag:h2|font_size:32|text_align:left|color:%231d2736&#8243; link=&#8220;url:http%3A%2F%2Freparatur24.berlin%2Fhaushalt%2Fjob-karriere%2F|||&#8220;][vc_column_text]Wir freuen uns, Dich in unserm Team begr\u00fc\u00dfen zu d\u00fcrfen, Werde Teil des Teams![\/vc_column_text][\/vc_column][vc_column width=&#8220;1\/4&#8243; el_class=&#8220;center&#8220;][\/vc_column][\/vc_row]<\/p>\n","protected":false},"excerpt":{"rendered":"<p>[vc_row][vc_column width=&#8220;2\/3&#8243;][vc_column_text] AEG Reparatur Berlin &nbsp; und in 20 km Berliner Umland Wenn es um Ihr defektes AEG Haushaltsger\u00e4t geht, sind wir Ihr richter Ansprechpartner. Bei uns werden Sie fachm\u00e4nnisch beraten und bieten Ihnen gleichzeitig einen sorgf\u00e4ltigen und kompetenten Service an. Beratung zu den Reparaturen und was zu beachten einer Neuanschaffung ist inklusive. Wir sind [&hellip;]<\/p>\n","protected":false},"author":1,"featured_media":0,"parent":0,"menu_order":0,"comment_status":"closed","ping_status":"closed","template":"","meta":{"_uag_custom_page_level_css":"","site-sidebar-layout":"no-sidebar","site-content-layout":"plain-container","ast-site-content-layout":"default","site-content-style":"default","site-sidebar-style":"default","ast-global-header-display":"","ast-banner-title-visibility":"","ast-main-header-display":"","ast-hfb-above-header-display":"","ast-hfb-below-header-display":"","ast-hfb-mobile-header-display":"","site-post-title":"disabled","ast-breadcrumbs-content":"","ast-featured-img":"disabled","footer-sml-layout":"","ast-disable-related-posts":"","theme-transparent-header-meta":"","adv-header-id-meta":"","stick-header-meta":"","header-above-stick-meta":"","header-main-stick-meta":"","header-below-stick-meta":"","astra-migrate-meta-layouts":"default","ast-page-background-enabled":"default","ast-page-background-meta":{"desktop":{"background-color":"","background-image":"","background-repeat":"repeat","background-position":"center center","background-size":"auto","background-attachment":"scroll","background-type":"","background-media":"","overlay-type":"","overlay-color":"","overlay-opacity":"","overlay-gradient":""},"tablet":{"background-color":"","background-image":"","background-repeat":"repeat","background-position":"center center","background-size":"auto","background-attachment":"scroll","background-type":"","background-media":"","overlay-type":"","overlay-color":"","overlay-opacity":"","overlay-gradient":""},"mobile":{"background-color":"","background-image":"","background-repeat":"repeat","background-position":"center center","background-size":"auto","background-attachment":"scroll","background-type":"","background-media":"","overlay-type":"","overlay-color":"","overlay-opacity":"","overlay-gradient":""}},"ast-content-background-meta":{"desktop":{"background-color":"var(--ast-global-color-5)","background-image":"","background-repeat":"repeat","background-position":"center center","background-size":"auto","background-attachment":"scroll","background-type":"","background-media":"","overlay-type":"","overlay-color":"","overlay-opacity":"","overlay-gradient":""},"tablet":{"background-color":"var(--ast-global-color-5)","background-image":"","background-repeat":"repeat","background-position":"center center","background-size":"auto","background-attachment":"scroll","background-type":"","background-media":"","overlay-type":"","overlay-color":"","overlay-opacity":"","overlay-gradient":""},"mobile":{"background-color":"var(--ast-global-color-5)","background-image":"","background-repeat":"repeat","background-position":"center center","background-size":"auto","background-attachment":"scroll","background-type":"","background-media":"","overlay-type":"","overlay-color":"","overlay-opacity":"","overlay-gradient":""}},"footnotes":""},"class_list":["post-2866","page","type-page","status-publish","hentry"],"uagb_featured_image_src":{"full":false,"thumbnail":false,"medium":false,"medium_large":false,"large":false,"1536x1536":false,"2048x2048":false},"uagb_author_info":{"display_name":"samir","author_link":"https:\/\/reparatur24.berlin\/staging\/author\/samir\/"},"uagb_comment_info":0,"uagb_excerpt":"[vc_row][vc_column width=&#8220;2\/3&#8243;][vc_column_text] AEG Reparatur Berlin &nbsp; und in 20 km Berliner Umland Wenn es um Ihr defektes AEG Haushaltsger\u00e4t geht, sind wir Ihr richter Ansprechpartner. Bei uns werden Sie fachm\u00e4nnisch beraten und bieten Ihnen gleichzeitig einen sorgf\u00e4ltigen und kompetenten Service an. Beratung zu den Reparaturen und was zu beachten einer Neuanschaffung ist inklusive. Wir sind&hellip;","_links":{"self":[{"href":"https:\/\/reparatur24.berlin\/staging\/wp-json\/wp\/v2\/pages\/2866","targetHints":{"allow":["GET"]}}],"collection":[{"href":"https:\/\/reparatur24.berlin\/staging\/wp-json\/wp\/v2\/pages"}],"about":[{"href":"https:\/\/reparatur24.berlin\/staging\/wp-json\/wp\/v2\/types\/page"}],"author":[{"embeddable":true,"href":"https:\/\/reparatur24.berlin\/staging\/wp-json\/wp\/v2\/users\/1"}],"replies":[{"embeddable":true,"href":"https:\/\/reparatur24.berlin\/staging\/wp-json\/wp\/v2\/comments?post=2866"}],"version-history":[{"count":1,"href":"https:\/\/reparatur24.berlin\/staging\/wp-json\/wp\/v2\/pages\/2866\/revisions"}],"predecessor-version":[{"id":10232,"href":"https:\/\/reparatur24.berlin\/staging\/wp-json\/wp\/v2\/pages\/2866\/revisions\/10232"}],"wp:attachment":[{"href":"https:\/\/reparatur24.berlin\/staging\/wp-json\/wp\/v2\/media?parent=2866"}],"curies":[{"name":"wp","href":"https:\/\/api.w.org\/{rel}","templated":true}]}}