{"id":2828,"date":"2017-11-03T11:00:03","date_gmt":"2017-11-03T10:00:03","guid":{"rendered":"http:\/\/reparatur24.berlin\/haushalt\/?page_id=2828"},"modified":"2021-07-12T16:46:30","modified_gmt":"2021-07-12T15:46:30","slug":"geraete-reparatur","status":"publish","type":"page","link":"https:\/\/reparatur24.berlin\/staging\/geraete-reparatur\/","title":{"rendered":"Ger\u00e4te Reparatur"},"content":{"rendered":"<p>[vc_row][vc_column][vc_single_image image=&#8220;4312&#8243; img_size=&#8220;large&#8220; alignment=&#8220;center&#8220;][vc_text_separator title=&#8220;&#8220; i_icon_fontawesome=&#8220;fa fa-wrench&#8220; add_icon=&#8220;true&#8220;][\/vc_column][\/vc_row][vc_row][vc_column width=&#8220;2\/3&#8243;][thememove_button text=&#8220;Kontakt Aufnahme&#8220;][vc_column_text]<\/p>\n<h2>Waschmaschine<\/h2>\n<p>Wenn die Waschmaschine die W\u00e4sche nicht mehr sauber w\u00e4scht, stellt sich schnell die Frage, viel Geld in ein neues Ger\u00e4t investieren oder vielleicht eine Reparatur ?<\/p>\n<p>Wir als Kundendienst empfehlen Ihnen das Ger\u00e4t reparieren zu lassen. Denken Sie an die Umwelt und bleiben Sie der Maschine treu, die Ihnen jahrelang keine Probleme bereitet hat. Nach einer Reparatur bleibt Ihnen die Waschmaschine weitere Jahre erhalten und wird Ihnen wieder voll zur Verf\u00fcgung stehen. Viele weitere Jahre Freude an Ihrer Waschmaschine f\u00fcr wenig Geld.<\/p>\n<p>Hier finden sie mehr zu Waschmachinenreparatur !<\/p>\n<p><a href=\"http:\/\/waschmaschinen-reparaturen.berlin\/waschmaschine-reparatur\/\" target=\"_blank\" rel=\"noopener\">http:\/\/waschmaschinen-reparaturen.berlin<\/a><\/p>\n<h2>Waschtrockner<\/h2>\n<p>Der treue Waschtrockner gibt den Geist auf und das ganz und gar nicht zu Ihrer Freude. Wir geben Ihnen die Garantie, dass eine Reparatur lohnenswerter ist als ein Neukauf. Ihr Waschtrockner hat Ihnen immer einen perfekten Dienst geleistet und gerade solch ein Ger\u00e4t sollte man wegen einem defektes nicht wegschmei\u00dfen. Sparen Sie und nutzen Sie die alternative unseren Reparaturdienst in Anspruch zu nehmen, damit Ihr Ger\u00e4t schnell wieder in betrieb genommen werden kann.<\/p>\n<h2>Geschirrsp\u00fcler<\/h2>\n<p>Dank den Geschirrsp\u00fcler wird uns eine menge Zeit erspart. Kein l\u00e4stiges abwaschen mehr. Bei einem defekt der Maschine stellt sich oft die Frage ob man sich eine neue Maschine anschafft oder sich die Zeit nimmt und selbst abw\u00e4scht. Mit unserem Service geben wir Ihnen die M\u00f6glichkeit sich von unsere unschlagbaren Preisen und Qualit\u00e4t zu \u00fcberzeugen. Und dann l\u00f6st sich die Frage ob Neukauf oder selbst Hand an legen in Rauch auf. Wir machen den Fehler ausfindig und beheben Ihn, damit Sie in Zukunft wieder dem Geschirrsp\u00fcler wieder vertrauen k\u00f6nnen.<\/p>\n<p>Es gibt gen\u00fcgend Menschen, die das Sp\u00fclen gar nicht leiden k\u00f6nnen. Und wenn man sich f\u00fcr eine Sp\u00fclmaschine entscheidet, ist es meist das Ger\u00e4t von Miele. Hier vertrauen die meisten Menschen auf das gro\u00dfe Unternehmen, welche es schon seit vielen Jahrzehnten gibt. Man bekommt gute Qualit\u00e4t und auch beste Preise und kann bei dem Stromverbrauch, wie auch dem Wasserverbrauch recht viel Geld sparen. Es ist nicht verwunderlich, dass viele Menschen ersch\u00fcttert sind, wenn die Miele Sp\u00fclmaschine einmal nicht mehr funktioniert. Dabei muss dies so nicht sein, denn wir als Reparaturservice, der auf Miele Ger\u00e4te spezialisiert ist, helfen Ihnen schnell gerne weiter. Bei uns gibt es einen schnellen Termin und schon werden wir den Fehler des Ger\u00e4tes ausfindig machen und beheben. Wann immer Sie unseren Miele Kundenservice brauchen, k\u00f6nnen Sie den Kontakt aufnehmen. Sie werden erstaunt sein, wie zuverl\u00e4ssig unser Reparaturdienst arbeitet und wie schnell Sie wieder das Ger\u00e4t verwenden k\u00f6nnen!<\/p>\n<h2>Trockner<\/h2>\n<p>Der Trockner trocknet die W\u00e4sche nicht mehr und Sie sind ratlos ob das reparabel ist ?<\/p>\n<p>Wir lassen Sie nicht im dunkeln stehen und reparieren Ihren Trockner, damit das Ger\u00e4t schnell wieder seine gewohnte Qualit\u00e4t leisten kann. Meistens sind es nur kleine Fehler, die man schnell beheben kann. Die Reparaturkosten sind geringer als ein neues Ger\u00e4t zu kaufen.<\/p>\n<p>Sie werden staunen, wie preiswert und zuverl\u00e4ssig unser Service ist und wie schnell Sie den Trockner mit gewohnter Qualit\u00e4t wieder verwenden k\u00f6nnen.<\/p>\n<h2>Elektroherd<\/h2>\n<p>Der Herd ist in unserem Haushalt gar nicht weg zu denken. In jedem Haushalt ist er zu finden und wenn dann nichts mehr funktioniert ist der Schock gro\u00df. Doch Sie m\u00fcssen nicht verzweifeln, denn wir wissen, dass der Herd ein wichtiger Bestandsteil ist und nicht lange ausfallen darf. Wir helfen schnell und zufrieden stellend.<\/p>\n<p>Nat\u00fcrlich m\u00f6chten Sie auf diesen Herd nicht verzichten m\u00fcssen, denn er steht f\u00fcr gute Qualit\u00e4t, in der Regel f\u00fcr ein tolles Design und auch f\u00fcr Einsparungen, wenn es um die Energiekosten geht. Nur kennt man es ja, ein Ger\u00e4t, welches st\u00e4ndig im Gebrauch ist, kann auch kaputt gehen. Auch wenn der Anbieter noch so gut ist, muss man schon mal mit einer Reparatur rechnen. Aber dann muss man nicht gleich entt\u00e4usch sein, immerhin gibt es unseren guten Reparaturdienst f\u00fcr den Miele Elektroherd und mit uns kann man jedes Problem schnell beheben. Wann immer Sie uns brauchen, jetzt gerade vielleicht nicht, k\u00f6nnen Sie uns schnell erreichen und so einen Termin vereinbaren. An diesen halten wir uns selbstverst\u00e4ndlich und werden schnell den Fehler finden und beheben k\u00f6nnen. Sie m\u00fcssen sich keine Sorgen um hohe Kosten zu machen, wir als Reparaturdienst bieten gute Preise, \u00fcber die man sich nicht beschweren kann. Davon sollten und k\u00f6nnen Sie sich selbst \u00fcberzeugen. Sie m\u00fcssen durch uns nicht lange auf den Herd verzichten und k\u00f6nnen sich bald wieder \u00fcber seine volle Leistung freuen.<\/p>\n<p>darf nicht lange ausfallen, dass wissen und verstehen wir, daher versuchen wir immer schnell zu helfen.<\/p>\n<h2>Kaffeevollautomaten Reparatur in Berlin und Umgebung<\/h2>\n<p>Reparaturservice Kaffeevollautomaten in Berlin. Sie dr\u00fccken f\u00fcr Cappuccino und es kommt nur Espresso? Kein Problem: Wir reparieren Ihre Kaffeemaschine fachgerecht und bieten Ihnen auch Wartungen an.Sie sind beliebt im Gro\u00dfraumb\u00fcro \u2013 und zunehmend auch zuhause: Kaffeevollautomaten. Was darf\u2019s denn heute sein: ein Cappuccino, ein Schokomokka oder doch lieber ein Original franz\u00f6sischer Caf\u00e9 au lait? Kein Barrista mehr notwendig: Der Vollautomat bereitet Ihre Kaffeespezialit\u00e4t meist auch in der gew\u00fcnschten St\u00e4rke zu.<\/p>\n<p><strong>Ihr Ger\u00e4t ist bereits defekt?<\/strong><\/p>\n<p>Wir helfen Ihnen gerne weiter \u2013 So einfach geht\u2019s:<\/p>\n<p>Reparatur statt wegwerfen &#8211; Kaffeevollautomat Reparatur in Berlin und Umgebung<\/p>\n<p>Mit unserem transparenten Reparatursystem m\u00f6chten wir f\u00fcr Sie in Berlin und Umgebung eine Reparatur lukrativ f\u00fcr Sie gestalten. Als Bef\u00fcrworter und Unterst\u00fctzer der Reparaturrevolution ist es uns wichtig Ger\u00e4te nachhaltig und wirtschaftlich instand zu setzen.<\/p>\n<p>Das beginnt bereits mit unserer Reparaturberatung. Hier stellen wir neben der Diagnose und den anfallenden Reparaturkosten den Gesamtzustand Ihrer Maschine fest. So sch\u00e4tzen unsere Servicetechniker ein, ob eine Reparatur sinnvoll und f\u00fcr Sie langlebig ist.<\/p>\n<p>Ob Probleme beim Milchaufsch\u00e4umen oder ist die Maschine undicht? Wir beheben Fehlerursachen aller Art.<\/p>\n<p><strong>Regelm\u00e4\u00dfige Wartung ist Notwendig \u2013 Auf Wunsch bei uns<br \/>\n<\/strong>Doch bei dutzendfacher Nutzung am Tag und da, wo mit Kaffee und Milch leicht verderbliche Lebensmittel im Dauereinsatz sind, ist eine regelm\u00e4\u00dfige Reinigung und Wartung notwendig. Reinigen Sie Ihr Ger\u00e4t t\u00e4glich und sorgen Sie mit einem Wartungsvertrag bei uns daf\u00fcr, dass die Maschine dauerhaft keimfrei und reibungslos in Betrieb bleibt!<\/p>\n<h2>Induktionsceranfeld<\/h2>\n<p>Unser Reparaturdienst findet den Fehler und behebt ihn. Vertrauen Sie uns und verzweifeln Sie nicht an dem Defekt Ihres Ger\u00e4tes.<\/p>\n<p>&nbsp;<\/p>\n<p>Hier finden Sie mehr zu unseren Reparaturdiensten ![\/vc_column_text][thememove_button text=&#8220;Weitere Reparaturdienste !&#8220; link=&#8220;url:http%3A%2F%2Fwaschmaschinen-reparaturen.berlin|||&#8220;][\/vc_column][vc_column width=&#8220;1\/3&#8243;][thememove_button text=&#8220;Tel.: 030 \/ 58 74 07 55 0&#8243; link=&#8220;url:tel%3A%20030%20%2F%2058%2074%2007%2055%200|||&#8220;][vc_column_text]<\/p>\n<p class=\"p1\"><b>Sie finden uns hier:<\/b><\/p>\n<p class=\"p2\"><b>Kundendienst in Berlin &amp; Umland<\/b><br \/>\nBrandenburgische Stra\u00dfe 77<br \/>\n10713 Berlin<br \/>\nTelefon: <strong><span class=\"s1\">030 \/ 58 74 07 55 0<\/span><\/strong><\/p>\n<p class=\"p2\"><b>Unsere \u00d6ffnungszeiten:<\/b><br \/>\nMo \u2013 Fr: 07:00 \u2013 20:00 Uhr<br \/>\nSa: 10:00 \u2013 14:00 Uhr<\/p>\n<p class=\"p3\"><span class=\"s1\"><a href=\"https:\/\/reparatur24.berlin\/staging\/impressum\/\">Impressum<\/a><\/span><\/p>\n<p class=\"p1\"><b>\u00a0<\/b><\/p>\n<p class=\"p1\"><b>Wir reparieren:<\/b><\/p>\n<p class=\"p3\"><span class=\"s1\"><a href=\"https:\/\/reparatur24.berlin\/staging\/waschmaschinen-reparatur\/\">Waschmaschinen<\/a><\/span><\/p>\n<p class=\"p3\"><span class=\"s1\"><a href=\"https:\/\/reparatur24.berlin\/staging\/waeschetrockner-reparatur\/\">W\u00e4schetrockner<\/a><\/span><\/p>\n<p class=\"p3\"><span class=\"s1\"><a href=\"https:\/\/reparatur24.berlin\/staging\/waschtrockner-reparatur-berlin\/\">Waschtrockner<\/a><\/span><\/p>\n<p class=\"p3\"><span class=\"s1\"><a href=\"https:\/\/reparatur24.berlin\/staging\/geschirrspueler-reparatur\/\">Geschirrsp\u00fcler<\/a><\/span><\/p>\n<p class=\"p3\"><span class=\"s1\"><a href=\"https:\/\/reparatur24.berlin\/staging\/elektroherd-reparatur\/\">Elektroherde<\/a><\/span><\/p>\n<p class=\"p3\"><span class=\"s1\"><a href=\"https:\/\/reparatur24.berlin\/staging\/kaffeevollautomaten-reparatur-in-berlin\/\">Kaffeevollautomaten<\/a><\/span><\/p>\n<p class=\"p1\"><b>\u00a0<\/b><\/p>\n<p class=\"p1\"><b>Reparatur-Garantie:<\/b><\/p>\n<p class=\"p2\">Wir arbeiten gewissenhaft, kompetent und kosteng\u00fcnstig mit einer <b>Garantie von 24 Monaten<\/b>.<br \/>\nUnsere Kunden wissen das sehr zu sch\u00e4tzen.<\/p>\n<p class=\"p1\"><b>\u00a0<\/b><\/p>\n<p class=\"p1\"><b>Unsere Leistungen:<\/b><\/p>\n<ul class=\"ul1\">\n<li class=\"li2\">24 Stunden Notdienst<\/li>\n<li class=\"li2\">Reparaturen nach der Hersteller Garantiezeit<\/li>\n<li class=\"li2\">unsere Reparaturgarantie von 24 Monaten<\/li>\n<li class=\"li2\">Wartungsservice aller Art<\/li>\n<li class=\"li2\">Fachberatung f\u00fcr Qualit\u00e4tsware<\/li>\n<li class=\"li2\">Neukauf, wenn Reparatur unwirtschaftlich<\/li>\n<li class=\"li2\">Entsorgung von Altger\u00e4ten<\/li>\n<li class=\"li2\">Lieferung zu Ihnen nach Hause<\/li>\n<li class=\"li2\">Anschluss &amp; Installation<\/li>\n<li class=\"li2\">pers\u00f6nlicher Kundendienst<\/li>\n<\/ul>\n<p class=\"p1\"><b>\u00a0<\/b><\/p>\n<p class=\"p1\"><b>Zentrale Berlin &amp; Umland<\/b><\/p>\n<p class=\"p2\">Anfahrt &amp; Kostenvoranschlag 16 \u20ac<\/p>\n<p>[\/vc_column_text][\/vc_column][\/vc_row][vc_row][vc_column width=&#8220;1\/5&#8243;][\/vc_column][vc_column width=&#8220;1\/5&#8243;][\/vc_column][vc_column width=&#8220;1\/5&#8243;][\/vc_column][vc_column width=&#8220;1\/5&#8243;][\/vc_column][vc_column width=&#8220;1\/5&#8243;][\/vc_column][\/vc_row][vc_row css=&#8220;.vc_custom_1443177632481{margin-bottom: 70px !important;}&#8220;][vc_column width=&#8220;1\/3&#8243;][vc_row_inner css=&#8220;.vc_custom_1443496397223{margin-bottom: -10px !important;}&#8220;][vc_column_inner el_class=&#8220;hot-line&#8220;][vc_column_text]<img loading=\"lazy\" decoding=\"async\" class=\"alignnone\" src=\"https:\/\/renovation.thememove.com\/data\/images\/contact-hot-line.jpg\" alt=\"\" width=\"370\" height=\"250\" \/>[\/vc_column_text][vc_column_text]<\/p>\n<h4>24\/7 HOTLINE<\/h4>\n<h4 class=\"p1\"><strong><span class=\"s1\">030 \/ 58 74 07 55 0<\/span><\/strong><\/h4>\n<p>[\/vc_column_text][\/vc_column_inner][\/vc_row_inner][vc_column_text]Wir sind von von Montag bis Samstag in der Zeit von 7 bis 22 Uhr f\u00fcr Sie erreichbar.<br \/>\nSenden Sie Ihre Anfrage bitte mit Hilfe des unten folgenden Formulars, oder rufen Sie uns ganz unkompliziert an!<br \/>\nNat\u00fcrlich k\u00f6nnen Sie uns auch gerne in unserem Laden in der Brandenburgische Stra\u00dfe 77, in 10713 Berlin-Wilmersdorf vorbeikommen.[\/vc_column_text][vc_row_inner css=&#8220;.vc_custom_1443177442599{margin-bottom: 20px !important;}&#8220; el_class=&#8220;call-us&#8220;][vc_column_inner width=&#8220;1\/6&#8243; offset=&#8220;vc_col-xs-2&#8243;][thememove_icon icon_fontawesome=&#8220;fa fa-phone&#8220; font_size=&#8220;18&#8243; font_color=&#8220;#111111&#8243;][\/vc_column_inner][vc_column_inner width=&#8220;5\/6&#8243; offset=&#8220;vc_col-xs-10&#8243;][vc_custom_heading text=&#8220;030 \/ 58 74 07 55 0&#8243; font_container=&#8220;tag:h2|font_size:20|text_align:left|color:%23111111&#8243; link=&#8220;url:tel%3A030%20%2F%2058%2074%2007%2055%200|||&#8220;][vc_custom_heading text=&#8220;info@reparatur24.berlin&#8220; font_container=&#8220;tag:p|font_size:14|text_align:left|color:%23111111&#8243;][\/vc_column_inner][\/vc_row_inner][vc_row_inner el_class=&#8220;call-us&#8220;][vc_column_inner width=&#8220;1\/6&#8243; offset=&#8220;vc_col-xs-2&#8243;][thememove_icon icon_fontawesome=&#8220;fa fa-home&#8220; font_size=&#8220;18&#8243; font_color=&#8220;#111111&#8243;][\/vc_column_inner][vc_column_inner width=&#8220;5\/6&#8243; offset=&#8220;vc_col-xs-10&#8243;][vc_custom_heading text=&#8220;Brandenburgische Stra\u00dfe 77<br \/>\n10713 Berlin&#8220; font_container=&#8220;tag:p|font_size:14|text_align:left|color:%23111111&#8243;][\/vc_column_inner][\/vc_row_inner][\/vc_column][vc_column width=&#8220;2\/3&#8243;][vc_raw_html]JTNDZGl2JTIwc3R5bGUlM0QlMjJvdmVyZmxvdyUzQWhpZGRlbiUzQndpZHRoJTNBJTIwNjUwcHglM0Jwb3NpdGlvbiUzQSUyMHJlbGF0aXZlJTNCJTIyJTNFJTNDaWZyYW1lJTIwd2lkdGglM0QlMjI2NTAlMjIlMjBoZWlnaHQlM0QlMjIzNTAlMjIlMjBzcmMlM0QlMjJodHRwcyUzQSUyRiUyRm1hcHMuZ29vZ2xlLmNvbSUyRm1hcHMlM0Z3aWR0aCUzRDY1MCUyNmFtcCUzQmhlaWdodCUzRDM1MCUyNmFtcCUzQmhsJTNEZW4lMjZhbXAlM0JxJTNERUclMjUyMEdBTExBUyUyQiUyOFRpdGVsJTI5JTI2YW1wJTNCaWUlM0RVVEY4JTI2YW1wJTNCdCUzRCUyNmFtcCUzQnolM0QxMyUyNmFtcCUzQml3bG9jJTNEQiUyNmFtcCUzQm91dHB1dCUzRGVtYmVkJTIyJTIwZnJhbWVib3JkZXIlM0QlMjIwJTIyJTIwc2Nyb2xsaW5nJTNEJTIybm8lMjIlMjBtYXJnaW5oZWlnaHQlM0QlMjIwJTIyJTIwbWFyZ2lud2lkdGglM0QlMjIwJTIyJTNFJTNDJTJGaWZyYW1lJTNFJTNDZGl2JTIwc3R5bGUlM0QlMjJwb3NpdGlvbiUzQSUyMGFic29sdXRlJTNCd2lkdGglM0ElMjA4MCUyNSUzQmJvdHRvbSUzQSUyMDEwcHglM0JsZWZ0JTNBJTIwMCUzQnJpZ2h0JTNBJTIwMCUzQm1hcmdpbi1sZWZ0JTNBJTIwYXV0byUzQm1hcmdpbi1yaWdodCUzQSUyMGF1dG8lM0Jjb2xvciUzQSUyMCUyMzAwMCUzQnRleHQtYWxpZ24lM0ElMjBjZW50ZXIlM0IlMjIlM0UlM0NzbWFsbCUyMHN0eWxlJTNEJTIybGluZS1oZWlnaHQlM0ElMjAxLjglM0Jmb250LXNpemUlM0ElMjAycHglM0JiYWNrZ3JvdW5kJTNBJTIwJTIzZmZmJTNCJTIyJTNFUG93ZXJlZCUyMGJ5JTIwJTNDYSUyMGhyZWYlM0QlMjJodHRwcyUzQSUyRiUyRmVtYmVkZ29vZ2xlbWFwcy5jb20lMkZpdCUyRiUyMiUzRWVtYmVkZ29vZ2xlbWFwcyUyMElUJTNDJTJGYSUzRSUyMCUyNiUyMCUzQ2ElMjBocmVmJTNEJTIyaHR0cCUzQSUyRiUyRmxhc3ZlZ2Fzc3RhdGlzdGljcy5lbWJlZGdvb2dsZW1hcHMuY29tJTIyJTNFd3d3Lmxhc3ZlZ2Fzc3RhdGlzdGljcy5lbWJlZGdvb2dsZW1hcHMuY29tJTNDJTJGYSUzRSUzQyUyRnNtYWxsJTNFJTNDJTJGZGl2JTNFJTNDc3R5bGUlM0UlMjNnbWFwX2NhbnZhcyUyMGltZyU3Qm1heC13aWR0aCUzQW5vbmUlMjFpbXBvcnRhbnQlM0JiYWNrZ3JvdW5kJTNBbm9uZSUyMWltcG9ydGFudCU3RCUzQyUyRnN0eWxlJTNFJTNDJTJGZGl2JTNFJTNDYnIlMjAlMkYlM0U=[\/vc_raw_html][contact-form-7 id=&#8220;5&#8243;][\/vc_column][\/vc_row][vc_row full_width=&#8220;stretch_row&#8220; el_class=&#8220;be-a-piece-of-us middle&#8220; css=&#8220;.vc_custom_1439191711650{margin-bottom: 0px !important;padding-top: 65px !important;padding-bottom: 68px !important;background-color: #eeeeee !important;}&#8220;][vc_column width=&#8220;1\/12&#8243; el_class=&#8220;center&#8220;][thememove_icon icon_fontawesome=&#8220;fa fa-users&#8220; font_size=&#8220;26&#8243; font_color=&#8220;#111111&#8243;][\/vc_column][vc_column width=&#8220;2\/3&#8243; el_class=&#8220;center-xs start-sm&#8220;][vc_custom_heading text=&#8220;Bewirb Dich heute und starte morgen.&#8220; font_container=&#8220;tag:h2|font_size:32|text_align:left|color:%231d2736&#8243; link=&#8220;url:http%3A%2F%2Freparatur24.berlin%2Fhaushalt%2Fjob-karriere%2F|||&#8220;][vc_column_text]Wir freuen uns, Dich in unserm Team begr\u00fc\u00dfen zu d\u00fcrfen, Werde Teil des Teams![\/vc_column_text][\/vc_column][vc_column width=&#8220;1\/4&#8243; el_class=&#8220;center&#8220;][\/vc_column][\/vc_row]<\/p>\n","protected":false},"excerpt":{"rendered":"<p>[vc_row][vc_column][vc_single_image image=&#8220;4312&#8243; img_size=&#8220;large&#8220; alignment=&#8220;center&#8220;][vc_text_separator title=&#8220;&#8220; i_icon_fontawesome=&#8220;fa fa-wrench&#8220; add_icon=&#8220;true&#8220;][\/vc_column][\/vc_row][vc_row][vc_column width=&#8220;2\/3&#8243;][thememove_button text=&#8220;Kontakt Aufnahme&#8220;][vc_column_text] Waschmaschine Wenn die Waschmaschine die W\u00e4sche nicht mehr sauber w\u00e4scht, stellt sich schnell die Frage, viel Geld in ein neues Ger\u00e4t investieren oder vielleicht eine Reparatur ? Wir als Kundendienst empfehlen Ihnen das Ger\u00e4t reparieren zu lassen. Denken Sie an die Umwelt und bleiben [&hellip;]<\/p>\n","protected":false},"author":1,"featured_media":0,"parent":0,"menu_order":0,"comment_status":"closed","ping_status":"closed","template":"","meta":{"_uag_custom_page_level_css":"","site-sidebar-layout":"no-sidebar","site-content-layout":"plain-container","ast-site-content-layout":"default","site-content-style":"default","site-sidebar-style":"default","ast-global-header-display":"","ast-banner-title-visibility":"","ast-main-header-display":"","ast-hfb-above-header-display":"","ast-hfb-below-header-display":"","ast-hfb-mobile-header-display":"","site-post-title":"disabled","ast-breadcrumbs-content":"","ast-featured-img":"disabled","footer-sml-layout":"","ast-disable-related-posts":"","theme-transparent-header-meta":"","adv-header-id-meta":"","stick-header-meta":"","header-above-stick-meta":"","header-main-stick-meta":"","header-below-stick-meta":"","astra-migrate-meta-layouts":"default","ast-page-background-enabled":"default","ast-page-background-meta":{"desktop":{"background-color":"","background-image":"","background-repeat":"repeat","background-position":"center center","background-size":"auto","background-attachment":"scroll","background-type":"","background-media":"","overlay-type":"","overlay-color":"","overlay-opacity":"","overlay-gradient":""},"tablet":{"background-color":"","background-image":"","background-repeat":"repeat","background-position":"center center","background-size":"auto","background-attachment":"scroll","background-type":"","background-media":"","overlay-type":"","overlay-color":"","overlay-opacity":"","overlay-gradient":""},"mobile":{"background-color":"","background-image":"","background-repeat":"repeat","background-position":"center center","background-size":"auto","background-attachment":"scroll","background-type":"","background-media":"","overlay-type":"","overlay-color":"","overlay-opacity":"","overlay-gradient":""}},"ast-content-background-meta":{"desktop":{"background-color":"var(--ast-global-color-5)","background-image":"","background-repeat":"repeat","background-position":"center center","background-size":"auto","background-attachment":"scroll","background-type":"","background-media":"","overlay-type":"","overlay-color":"","overlay-opacity":"","overlay-gradient":""},"tablet":{"background-color":"var(--ast-global-color-5)","background-image":"","background-repeat":"repeat","background-position":"center center","background-size":"auto","background-attachment":"scroll","background-type":"","background-media":"","overlay-type":"","overlay-color":"","overlay-opacity":"","overlay-gradient":""},"mobile":{"background-color":"var(--ast-global-color-5)","background-image":"","background-repeat":"repeat","background-position":"center center","background-size":"auto","background-attachment":"scroll","background-type":"","background-media":"","overlay-type":"","overlay-color":"","overlay-opacity":"","overlay-gradient":""}},"footnotes":""},"class_list":["post-2828","page","type-page","status-publish","hentry"],"uagb_featured_image_src":{"full":false,"thumbnail":false,"medium":false,"medium_large":false,"large":false,"1536x1536":false,"2048x2048":false},"uagb_author_info":{"display_name":"samir","author_link":"https:\/\/reparatur24.berlin\/staging\/author\/samir\/"},"uagb_comment_info":0,"uagb_excerpt":"[vc_row][vc_column][vc_single_image image=&#8220;4312&#8243; img_size=&#8220;large&#8220; alignment=&#8220;center&#8220;][vc_text_separator title=&#8220;&#8220; i_icon_fontawesome=&#8220;fa fa-wrench&#8220; add_icon=&#8220;true&#8220;][\/vc_column][\/vc_row][vc_row][vc_column width=&#8220;2\/3&#8243;][thememove_button text=&#8220;Kontakt Aufnahme&#8220;][vc_column_text] Waschmaschine Wenn die Waschmaschine die W\u00e4sche nicht mehr sauber w\u00e4scht, stellt sich schnell die Frage, viel Geld in ein neues Ger\u00e4t investieren oder vielleicht eine Reparatur ? Wir als Kundendienst empfehlen Ihnen das Ger\u00e4t reparieren zu lassen. Denken Sie an die Umwelt und bleiben&hellip;","_links":{"self":[{"href":"https:\/\/reparatur24.berlin\/staging\/wp-json\/wp\/v2\/pages\/2828","targetHints":{"allow":["GET"]}}],"collection":[{"href":"https:\/\/reparatur24.berlin\/staging\/wp-json\/wp\/v2\/pages"}],"about":[{"href":"https:\/\/reparatur24.berlin\/staging\/wp-json\/wp\/v2\/types\/page"}],"author":[{"embeddable":true,"href":"https:\/\/reparatur24.berlin\/staging\/wp-json\/wp\/v2\/users\/1"}],"replies":[{"embeddable":true,"href":"https:\/\/reparatur24.berlin\/staging\/wp-json\/wp\/v2\/comments?post=2828"}],"version-history":[{"count":0,"href":"https:\/\/reparatur24.berlin\/staging\/wp-json\/wp\/v2\/pages\/2828\/revisions"}],"wp:attachment":[{"href":"https:\/\/reparatur24.berlin\/staging\/wp-json\/wp\/v2\/media?parent=2828"}],"curies":[{"name":"wp","href":"https:\/\/api.w.org\/{rel}","templated":true}]}}