{"id":2803,"date":"2017-11-03T10:14:56","date_gmt":"2017-11-03T09:14:56","guid":{"rendered":"http:\/\/reparatur24.berlin\/haushalt\/?page_id=2803"},"modified":"2026-04-17T15:44:00","modified_gmt":"2026-04-17T14:44:00","slug":"lcd-plasma-fernseher-reparatur-in-berlin","status":"publish","type":"page","link":"https:\/\/reparatur24.berlin\/staging\/lcd-plasma-fernseher-reparatur-in-berlin\/","title":{"rendered":"LCD, Plasma, Fernseher Reparatur in Berlin"},"content":{"rendered":"<p>[vc_row][vc_column width=&#8220;5\/6&#8243;][vc_column_text]<\/p>\n<h2 class=\"western\"><span style=\"font-size: large\">Berlin und 20 km im Umland von Berlin<\/span><\/h2>\n<p>Wir sind der richtige Ansprechpartner, wenn es um Ihren Fernseher, LCD- Fernseher, Plasmafernseher\/ Plasmabildschirm oder R\u00f6hrenfernseher geht. Wir reparieren das Ger\u00e4t oder beraten Sie was bei einem Neukauf beachtet werden sollte. Bei Fragen zur Installation stehen wir Ihnen gerne zur Verf\u00fcgung oder \u00fcbernehmen die Installation auch gerne f\u00fcr Sie.[\/vc_column_text][\/vc_column][\/vc_row][vc_row][vc_column width=&#8220;2\/3&#8243;][thememove_button text=&#8220;Tel.: 030 \/ 58 74 07 55 0&#8243; link=&#8220;url:tel%3A030%20%2F%2058%2074%2007%2055%200|||&#8220;][vc_column_text]Auf durchgef\u00fchrte Reparaturen und Wartungen gew\u00e4hren wir:<\/p>\n<h4><strong>36 Monate Garantie<\/strong>.<\/h4>\n<h2 class=\"western\"><\/h2>\n<h2 class=\"western\"><strong><span style=\"font-size: medium\"><b>Unsere Serviceleistungen beinhalten:<\/b><\/span><\/strong><\/h2>\n<ul>\n<li><strong><span style=\"font-size: medium\">die Anfahrtskosten und Kostenvoranschlag von nur 16,- Euro<\/span><\/strong><\/li>\n<\/ul>\n<ul>\n<li><strong><span style=\"font-size: medium\">Reparatur- und Wartungsservice<\/span><\/strong><\/li>\n<li><strong><span style=\"font-size: medium\">24 Monate Reparaturgarantie<\/span><\/strong><\/li>\n<li><strong><span style=\"font-size: medium\">Fachberatung ( Reparaturarbeit, Neukauf, Markenauswahl )<\/span><\/strong><\/li>\n<li><strong><span style=\"font-size: medium\">Altger\u00e4te Entsorgung<\/span><\/strong><\/li>\n<li><strong><span style=\"font-size: medium\">Lieferung nach Hause<\/span><\/strong><\/li>\n<li><strong><span style=\"font-size: medium\">Anschluss und Installation<\/span><\/strong><\/li>\n<li><strong><span style=\"font-size: medium\">Kundendienst und 24 Std. Notdienst<\/span><\/strong><\/li>\n<\/ul>\n<h2 class=\"western\">Schneller Full-Service dank Ihrer Mithilfe<\/h2>\n<p>Wir bitten Sie folgende Informationen f\u00fcr uns bereit zu halten:<\/p>\n<ul>\n<li>welche Marke<b> <\/b>hat das Ger\u00e4t?<\/li>\n<li>z.B. : Samsung, LG, Loewe etc.<\/li>\n<li>k\u00f6nnen Sie uns eine <a href=\"https:\/\/de.wikipedia.org\/wiki\/Typenschild#Beispiele\" target=\"_blank\" rel=\"noopener\"><b>Fabrikationsnummer<\/b><\/a><a href=\"https:\/\/de.wikipedia.org\/wiki\/Typenschild#Beispiele\" target=\"_blank\" rel=\"noopener\">\/<\/a> <a href=\"https:\/\/shop.euras.com\/geraete\/default.php?g7=1278280N\" target=\"_blank\" rel=\"noopener\"><b>Ger\u00e4tenummer<\/b><\/a> nennen?<\/li>\n<li>kurze Beschreibung der St\u00f6rung<b> <\/b><\/li>\n<li>Ihr Name, Anschrift und Kontaktdaten<b> <\/b><\/li>\n<li>Ihre pers\u00f6nliche und telefonische Erreichbarkeit<\/li>\n<\/ul>\n<p>Anhand der Informationen kann eine erste Diagnose am Telefon erstellt werden.<b><\/b><\/p>\n<h2 class=\"western\">Fernseher Reparatur nur nach Ablauf der Hersteller Garantiezeit<\/h2>\n<p>Bitte beachten Sie, das wir Reparaturarbeiten erst nach der vom Hersteller \u00fcbernommenen Garantiezeit anbieten. Wir sind kein Werkskundendienst, sondern ein freier und unabh\u00e4ngiger Reparaturdienst. Unsere Dienstleistungen bieten wir daher erst nach der Garantie ( 2 Jahre ) an.<\/p>\n<p>Erst nach dieser Zeit sind wir f\u00fcr Sie zust\u00e4ndig.<\/p>\n<h2 class=\"western\">Fernseher Reparatur f\u00fcr Berlin und Berliner Umland<\/h2>\n<p>Unsere Techniker absolvieren in regelm\u00e4\u00dfigen Abst\u00e4nden Fortbildungslehrg\u00e4nge und sind somit bestens geschult. Wir bleiben immer auf der H\u00f6he der Zeit und beschaffen Ersatzteile aller g\u00e4ngigen Marken. Ob f\u00fcr Ihren defekten LCD- Fernseher, Plasmafernseher\/ Plasmabildschirm oder auch R\u00f6hrenfernseher spielt dabei keine Rolle.<\/p>\n<figure id=\"attachment_2741\" aria-describedby=\"caption-attachment-2741\" style=\"width: 316px\" class=\"wp-caption alignright\"><img loading=\"lazy\" decoding=\"async\" class=\" wp-image-2741\" src=\"https:\/\/reparatur24.berlin\/staging\/wp-content\/uploads\/2017\/11\/LCD_Fernseher-1024x574-1024x574.jpg\" alt=\"LCD Fernseher ausgeschaltet\" width=\"316\" height=\"177\" srcset=\"https:\/\/reparatur24.berlin\/staging\/wp-content\/uploads\/2017\/11\/LCD_Fernseher-1024x574.jpg 1024w, https:\/\/reparatur24.berlin\/staging\/wp-content\/uploads\/2017\/11\/LCD_Fernseher-1024x574-300x168.jpg 300w, https:\/\/reparatur24.berlin\/staging\/wp-content\/uploads\/2017\/11\/LCD_Fernseher-1024x574-768x431.jpg 768w\" sizes=\"auto, (max-width: 316px) 100vw, 316px\" \/><figcaption id=\"caption-attachment-2741\" class=\"wp-caption-text\">LCD &#8211; Fernseher von vorne<\/figcaption><\/figure>\n<p>Sollte sich die Reparatur nicht mehr lohnen beraten wir Sie auch gerne beim Neukauf, installieren es und entsorgen das Altger\u00e4t.<\/p>\n<p>F\u00fcr die Anfahrt und den Kostenvoranschlag haben wir einen Pauschalpreis von nur 16,- Euro.<\/p>\n<h3 class=\"western\">16 \u20ac die es lohnt in Ihr Ger\u00e4t zu investieren.<\/h3>\n<p>&nbsp;<\/p>\n<p>Falls Sie noch Fragen haben k\u00f6nnen Sie uns hier kontaktieren![\/vc_column_text][thememove_button text=&#8220;Kontakt Aufnahme&#8220; link=&#8220;url:https%3A%2F%2Freparatur24.berlin%2Fstaging%2Fkontakt%2F|title:KONTAKT||&#8220;][\/vc_column][vc_column width=&#8220;1\/3&#8243;][vc_column_text]<\/p>\n<p class=\"p1\"><b>Sie finden uns hier:<\/b><\/p>\n<p class=\"p2\"><b>Kundendienst in Berlin &amp; Umland<\/b><br \/>\nBrandenburgische Stra\u00dfe 77<br \/>\n10713 Berlin<br \/>\nTelefon: <strong><span class=\"s1\">030 \/ 58 74 07 55 0<\/span><\/strong><\/p>\n<p class=\"p2\"><b>Unsere \u00d6ffnungszeiten:<\/b><br \/>\nMo \u2013 Fr: 07:00 \u2013 20:00 Uhr<br \/>\nSa: 10:00 \u2013 14:00 Uhr<\/p>\n<p class=\"p3\"><span class=\"s1\"><a href=\"https:\/\/reparatur24.berlin\/staging\/impressum\/\">Impressum<\/a><\/span><\/p>\n<p class=\"p1\"><b>\u00a0<\/b><\/p>\n<p class=\"p1\"><b>Wir reparieren:<\/b><\/p>\n<p class=\"p3\"><span class=\"s1\"><a href=\"https:\/\/reparatur24.berlin\/staging\/waschmaschinen-reparatur\/\">Waschmaschinen<\/a><\/span><\/p>\n<p class=\"p3\"><span class=\"s1\"><a href=\"https:\/\/reparatur24.berlin\/staging\/waeschetrockner-reparatur\/\">W\u00e4schetrockner<\/a><\/span><\/p>\n<p class=\"p3\"><span class=\"s1\"><a href=\"https:\/\/reparatur24.berlin\/staging\/waschtrockner-reparatur-berlin\/\">Waschtrockner<\/a><\/span><\/p>\n<p class=\"p3\"><span class=\"s1\"><a href=\"https:\/\/reparatur24.berlin\/staging\/geschirrspueler-reparatur\/\">Geschirrsp\u00fcler<\/a><\/span><\/p>\n<p class=\"p3\"><span class=\"s1\"><a href=\"https:\/\/reparatur24.berlin\/staging\/elektroherd-reparatur\/\">Elektroherde<\/a><\/span><\/p>\n<p class=\"p3\"><span class=\"s1\"><a href=\"https:\/\/reparatur24.berlin\/staging\/kaffeevollautomaten-reparatur-in-berlin\/\">Kaffeevollautomaten<\/a><\/span><\/p>\n<p class=\"p1\"><b>\u00a0<\/b><\/p>\n<p class=\"p1\"><b>Reparatur-Garantie:<\/b><\/p>\n<p class=\"p2\">Wir arbeiten gewissenhaft, kompetent und kosteng\u00fcnstig mit einer <b>Garantie von 24 Monaten<\/b>.<br \/>\nUnsere Kunden wissen das sehr zu sch\u00e4tzen.<\/p>\n<p class=\"p1\"><b>\u00a0<\/b><\/p>\n<p class=\"p1\"><b>Unsere Leistungen:<\/b><\/p>\n<ul class=\"ul1\">\n<li class=\"li2\">24 Stunden Notdienst<\/li>\n<li class=\"li2\">Reparaturen nach der Hersteller Garantiezeit<\/li>\n<li class=\"li2\">unsere Reparaturgarantie von 24 Monaten<\/li>\n<li class=\"li2\">Wartungsservice aller Art<\/li>\n<li class=\"li2\">Fachberatung f\u00fcr Qualit\u00e4tsware<\/li>\n<li class=\"li2\">Neukauf, wenn Reparatur unwirtschaftlich<\/li>\n<li class=\"li2\">Entsorgung von Altger\u00e4ten<\/li>\n<li class=\"li2\">Lieferung zu Ihnen nach Hause<\/li>\n<li class=\"li2\">Anschluss &amp; Installation<\/li>\n<li class=\"li2\">pers\u00f6nlicher Kundendienst<\/li>\n<\/ul>\n<p class=\"p1\"><b>\u00a0<\/b><\/p>\n<p class=\"p1\"><b>Zentrale Berlin &amp; Umland<\/b><\/p>\n<p class=\"p2\">Anfahrt &amp; Kostenvoranschlag 16 \u20ac<\/p>\n<p>[\/vc_column_text][\/vc_column][\/vc_row]<\/p>\n","protected":false},"excerpt":{"rendered":"<p>[vc_row][vc_column width=&#8220;5\/6&#8243;][vc_column_text] Berlin und 20 km im Umland von Berlin Wir sind der richtige Ansprechpartner, wenn es um Ihren Fernseher, LCD- Fernseher, Plasmafernseher\/ Plasmabildschirm oder R\u00f6hrenfernseher geht. Wir reparieren das Ger\u00e4t oder beraten Sie was bei einem Neukauf beachtet werden sollte. Bei Fragen zur Installation stehen wir Ihnen gerne zur Verf\u00fcgung oder \u00fcbernehmen die Installation [&hellip;]<\/p>\n","protected":false},"author":1,"featured_media":0,"parent":0,"menu_order":0,"comment_status":"closed","ping_status":"closed","template":"","meta":{"_uag_custom_page_level_css":"","site-sidebar-layout":"no-sidebar","site-content-layout":"plain-container","ast-site-content-layout":"default","site-content-style":"default","site-sidebar-style":"default","ast-global-header-display":"","ast-banner-title-visibility":"","ast-main-header-display":"","ast-hfb-above-header-display":"","ast-hfb-below-header-display":"","ast-hfb-mobile-header-display":"","site-post-title":"disabled","ast-breadcrumbs-content":"","ast-featured-img":"disabled","footer-sml-layout":"","ast-disable-related-posts":"","theme-transparent-header-meta":"","adv-header-id-meta":"","stick-header-meta":"","header-above-stick-meta":"","header-main-stick-meta":"","header-below-stick-meta":"","astra-migrate-meta-layouts":"default","ast-page-background-enabled":"default","ast-page-background-meta":{"desktop":{"background-color":"","background-image":"","background-repeat":"repeat","background-position":"center center","background-size":"auto","background-attachment":"scroll","background-type":"","background-media":"","overlay-type":"","overlay-color":"","overlay-opacity":"","overlay-gradient":""},"tablet":{"background-color":"","background-image":"","background-repeat":"repeat","background-position":"center center","background-size":"auto","background-attachment":"scroll","background-type":"","background-media":"","overlay-type":"","overlay-color":"","overlay-opacity":"","overlay-gradient":""},"mobile":{"background-color":"","background-image":"","background-repeat":"repeat","background-position":"center center","background-size":"auto","background-attachment":"scroll","background-type":"","background-media":"","overlay-type":"","overlay-color":"","overlay-opacity":"","overlay-gradient":""}},"ast-content-background-meta":{"desktop":{"background-color":"var(--ast-global-color-5)","background-image":"","background-repeat":"repeat","background-position":"center center","background-size":"auto","background-attachment":"scroll","background-type":"","background-media":"","overlay-type":"","overlay-color":"","overlay-opacity":"","overlay-gradient":""},"tablet":{"background-color":"var(--ast-global-color-5)","background-image":"","background-repeat":"repeat","background-position":"center center","background-size":"auto","background-attachment":"scroll","background-type":"","background-media":"","overlay-type":"","overlay-color":"","overlay-opacity":"","overlay-gradient":""},"mobile":{"background-color":"var(--ast-global-color-5)","background-image":"","background-repeat":"repeat","background-position":"center center","background-size":"auto","background-attachment":"scroll","background-type":"","background-media":"","overlay-type":"","overlay-color":"","overlay-opacity":"","overlay-gradient":""}},"footnotes":""},"class_list":["post-2803","page","type-page","status-publish","hentry"],"uagb_featured_image_src":{"full":false,"thumbnail":false,"medium":false,"medium_large":false,"large":false,"1536x1536":false,"2048x2048":false},"uagb_author_info":{"display_name":"samir","author_link":"https:\/\/reparatur24.berlin\/staging\/author\/samir\/"},"uagb_comment_info":0,"uagb_excerpt":"[vc_row][vc_column width=&#8220;5\/6&#8243;][vc_column_text] Berlin und 20 km im Umland von Berlin Wir sind der richtige Ansprechpartner, wenn es um Ihren Fernseher, LCD- Fernseher, Plasmafernseher\/ Plasmabildschirm oder R\u00f6hrenfernseher geht. Wir reparieren das Ger\u00e4t oder beraten Sie was bei einem Neukauf beachtet werden sollte. Bei Fragen zur Installation stehen wir Ihnen gerne zur Verf\u00fcgung oder \u00fcbernehmen die Installation&hellip;","_links":{"self":[{"href":"https:\/\/reparatur24.berlin\/staging\/wp-json\/wp\/v2\/pages\/2803","targetHints":{"allow":["GET"]}}],"collection":[{"href":"https:\/\/reparatur24.berlin\/staging\/wp-json\/wp\/v2\/pages"}],"about":[{"href":"https:\/\/reparatur24.berlin\/staging\/wp-json\/wp\/v2\/types\/page"}],"author":[{"embeddable":true,"href":"https:\/\/reparatur24.berlin\/staging\/wp-json\/wp\/v2\/users\/1"}],"replies":[{"embeddable":true,"href":"https:\/\/reparatur24.berlin\/staging\/wp-json\/wp\/v2\/comments?post=2803"}],"version-history":[{"count":1,"href":"https:\/\/reparatur24.berlin\/staging\/wp-json\/wp\/v2\/pages\/2803\/revisions"}],"predecessor-version":[{"id":10205,"href":"https:\/\/reparatur24.berlin\/staging\/wp-json\/wp\/v2\/pages\/2803\/revisions\/10205"}],"wp:attachment":[{"href":"https:\/\/reparatur24.berlin\/staging\/wp-json\/wp\/v2\/media?parent=2803"}],"curies":[{"name":"wp","href":"https:\/\/api.w.org\/{rel}","templated":true}]}}