{"id":2795,"date":"2017-11-03T10:05:23","date_gmt":"2017-11-03T09:05:23","guid":{"rendered":"http:\/\/reparatur24.berlin\/haushalt\/?page_id=2795"},"modified":"2026-04-18T08:47:01","modified_gmt":"2026-04-18T07:47:01","slug":"kaffeevollautomaten-reparatur-in-berlin","status":"publish","type":"page","link":"https:\/\/reparatur24.berlin\/staging\/kaffeevollautomaten-reparatur-in-berlin\/","title":{"rendered":"Kaffeevollautomaten Reparatur in Berlin"},"content":{"rendered":"<p>[vc_row][vc_column width=&#8220;5\/6&#8243;][vc_column_text]<\/p>\n<h1>Kaffeevollautomaten Reparatur Berlin<\/h1>\n<p>&nbsp;<\/p>\n<p>Wir bieten Ihnen einen seri\u00f6sen und kompetenten Dienst f\u00fcr Ihre Kaffeemaschinen. Wir reparieren Ihr defektes Endger\u00e4t, hierdurch Sie es in alter gewohnter Anspruch nutzen k\u00f6nnen. Zu diesem Zweck verschicken wir einen Techniker vorbei, der Ihren Kaffeemaschinen oder die Kaffeemaschine kontrolliert, eine Fehlerdiagnose und einen Kostenvoranschlag erstellt.[\/vc_column_text][thememove_button text=&#8220;Tel.: 030 \/ 58 74 07 55 0&#8243; link=&#8220;url:tel%3A030%20%2F%2058%2074%2007%2055%200|||&#8220;][\/vc_column][vc_column width=&#8220;1\/6&#8243;][vc_single_image image=&#8220;2732&#8243; img_size=&#8220;large&#8220;][\/vc_column][\/vc_row][vc_row][vc_column width=&#8220;2\/3&#8243;][vc_column_text]<\/p>\n<h2 class=\"western\"><span style=\"font-family: 'Times New Roman', serif\">Anfahrt, Diagnose &amp; Kostenangebot nur 16,- Euro<\/span><\/h2>\n<p><span style=\"font-family: 'Times New Roman', serif\">Wir empfehlen Ihnen unseren Vor- Ort- Service. Unser Techniker kommt vorbei, schaut sich das Ger\u00e4t an, stellt fest was nicht mehr funktioniert und erstellt ein Angebot. Zus\u00e4tzlich ber\u00e4t er Sie zur Wirtschaftlichkeit einer Reparatur. F\u00fcr diesen Service berechnen wir in Berlin und 20 km Umgebung eine einheitliche Anfahrtspauschale von nur 16,- Euro. Rufen Sie uns an und wir finden schnellstm\u00f6glich einen passenden Termin.<\/p>\n<p><\/span><\/p>\n<p><strong>Meine Kaffeemaschine funktioniert nicht richtig, was tun?<\/strong><\/p>\n<p><strong><em>Elektronische Fehler: <\/em><\/strong><\/p>\n<p>Ein elektronischer Fehler liegt vor, wenn dieKaffeemaschine einfach nicht mehr auf den Knopfdruck reagiert oder seltsame Sachen auf dem Display anzeigt.<\/p>\n<p><span style=\"font-family: 'Times New Roman', serif\">\u00a0<\/span><\/p>\n<h2><\/h2>\n<p>&nbsp;<\/p>\n<h2 class=\"western\"><span style=\"font-family: 'Times New Roman', serif\">Kaffeevollautomaten Reparaturen bieten wir f\u00fcr folgende Marken:<\/span><\/h2>\n<ul>\n<li>\n<p align=\"left\"><a href=\"https:\/\/reparatur24.berlin\/staging\/jura\/\"><span style=\"font-family: 'Times New Roman', serif\">JURA<br \/>\n<\/span><\/a><\/li>\n<li>\n<p align=\"left\"><a href=\"https:\/\/reparatur24.berlin\/staging\/krups\/\"><span style=\"font-family: 'Times New Roman', serif\">KRUPS<\/span><\/a><\/p>\n<\/li>\n<li>\n<p align=\"left\"><a href=\"https:\/\/reparatur24.berlin\/staging\/bosch-2\/\"><span style=\"font-family: 'Times New Roman', serif\">BOSCH<\/span><\/a><\/p>\n<\/li>\n<li>\n<p align=\"left\"><a href=\"https:\/\/reparatur24.berlin\/staging\/aeg-2\/\"><span style=\"font-family: 'Times New Roman', serif\">AEG<\/span><\/a><\/p>\n<\/li>\n<li>\n<p align=\"left\"><a href=\"https:\/\/reparatur24.berlin\/staging\/de-longhi\/\"><span style=\"font-family: 'Times New Roman', serif\">DE LONGHI<\/span><\/a><\/p>\n<p><a href=\"https:\/\/reparatur24.berlin\/staging\/jura\/\"><span style=\"font-family: 'Times New Roman', serif\"><img loading=\"lazy\" decoding=\"async\" class=\"alignright wp-image-2733 size-full\" src=\"https:\/\/reparatur24.berlin\/staging\/wp-content\/uploads\/2017\/11\/kaffeevollautomatenreparatur.png\" alt=\"Reparaturen Berlin Kaffeevollautomaten Reparatur\" width=\"150\" height=\"150\" srcset=\"https:\/\/reparatur24.berlin\/staging\/wp-content\/uploads\/2017\/11\/kaffeevollautomatenreparatur.png 150w, https:\/\/reparatur24.berlin\/staging\/wp-content\/uploads\/2017\/11\/kaffeevollautomatenreparatur-100x100.png 100w\" sizes=\"auto, (max-width: 150px) 100vw, 150px\" \/><\/span><\/a><\/li>\n<li>\n<p align=\"left\"><a href=\"https:\/\/reparatur24.berlin\/staging\/saeco\/\"><span style=\"font-family: 'Times New Roman', serif\">SAECO<\/span><\/a><\/p>\n<\/li>\n<li>\n<p align=\"left\"><a href=\"https:\/\/reparatur24.berlin\/staging\/gaggia\/\"><span style=\"font-family: 'Times New Roman', serif\">GAGGIA<\/span><\/a><\/p>\n<\/li>\n<li>\n<p align=\"left\"><a href=\"https:\/\/reparatur24.berlin\/staging\/siemens-2\/\"><span style=\"font-family: 'Times New Roman', serif\">SIEMENS<\/span><\/a><\/p>\n<\/li>\n<li>\n<p align=\"left\"><a href=\"https:\/\/reparatur24.berlin\/staging\/phillips\/\"><span style=\"font-family: 'Times New Roman', serif\">PHILLIPS<\/span><\/a><\/p>\n<\/li>\n<li>\n<p align=\"left\"><a href=\"https:\/\/reparatur24.berlin\/staging\/melitta\/\"><span style=\"font-family: 'Times New Roman', serif\">MELITTA<\/span><\/a><\/p>\n<\/li>\n<li>\n<p align=\"left\"><a href=\"https:\/\/reparatur24.berlin\/staging\/wmf\/\"><span style=\"font-family: 'Times New Roman', serif\">WMF<\/span><\/a><\/p>\n<\/li>\n<li>\n<p align=\"left\"><a href=\"https:\/\/reparatur24.berlin\/staging\/nivona\/\"><span style=\"font-family: 'Times New Roman', serif\">NIVONA<\/span><\/a><\/p>\n<\/li>\n<li>\n<p align=\"left\"><a href=\"https:\/\/reparatur24.berlin\/staging\/spidem\/\"><span style=\"font-family: 'Times New Roman', serif\">SPIDEM<\/span><\/a><\/p>\n<\/li>\n<\/ul>\n<h2><\/h2>\n<p>&nbsp;<\/p>\n<h2 class=\"western\"><span style=\"font-family: 'Times New Roman', serif\">Kundendienst nur nach Ablauf der Hersteller Garantiezeit<\/span><\/h2>\n<p>Unser Kundendienst ist ein freier &amp; unabh\u00e4ngiger Reparaturdienst und kein Werkskundendienst. Deswegen nehmen wir Auftr\u00e4ge erst nach Ablauf der vom Fertiger \u00fcbernommenen Garantiezeit an. Dies sind binnen vielen Erzeugern 2 Jahre. Erst nach jener Zeit sind wir f\u00fcr Sie verantwortlich.<\/p>\n<p><strong>Aus der Kaffeemaschine l\u00e4uft Wasser durch, was tun?<\/strong><\/p>\n<p>Es kann sein, dass die Kaffeemaschine undicht ist, dass hei\u00dft, dass wahrscheinlich die Dichtung verschlissen, zerdr\u00fcckt oder gerissen ist.<\/p>\n<h2 class=\"western\"><span style=\"font-family: 'Times New Roman', serif\">Vor-Ort-Reparatur und Werkstatt Service in Berlin<\/span><\/h2>\n<p>Unsere Techniker werden f\u00fcrs Erste herausfinden ob sich der Fauxpas unverz\u00fcglich beheben l\u00e4sst. Hierbei haben jene Spezialwerkzeug und g\u00e4ngige Ersatzteile w\u00e4hrenddessen. Sollte die Reparatur lange Zeit in Klasse nehmen oder der Platz nicht ausreichen, kann ebendiese nicht flink durchgef\u00fchrt werden. Genau in dieser Art verh\u00e4lt es sich, wenn die Gefahr eines Wasserschadens oder starker Verschmutzungsgefahr besteht. Beispielsweise anhand Rauchentwicklung. Darauffolgend wird Ihr Endger\u00e4t in unserer hauseigenen Werkstatt in der Bundeshauptstadt repariert. Dies macht viele Male Sinn, da die Techniker dort in k\u00fcrzerer Zeit die Irrt\u00fcmer beheben k\u00f6nnen. Die Abholung und Lieferung ist in unseren Offerten fortlaufend enthalten. Sie ben\u00f6tigen binnen uns keine Angst vor versteckten Aufwendungen zu haben.<\/p>\n<h2 class=\"western\"><span style=\"font-family: 'Times New Roman', serif\">Kaffeevollautomaten Ersatzteilversorgung:<\/span><\/h2>\n<p>Sie k\u00f6nnen jedweder Zeit eine unverbindliche und gratis Anfrage zu Ihrem Kaffeemaschinen Ersatzteil stellen. Sollte das Ersatzteil nicht vorr\u00e4tig sein, wird es umgehend im Zuge unseren Beteiligten bestellt. Als Hauptabnehmer erhalten wir g\u00fcnstigere Konditionen, die wir an Sie weiter geben. Sofort nach Lieferung des erforderlichen Ersatzteiles werden Sie von uns berichtet. Eine Lieferung ist zu jedem beliebigen Zeitpunkt denkbar.<\/p>\n<p><strong>Kaffeemaschine zieht kein Wasser, was tun?<\/strong><\/p>\n<p>Es k\u00f6nnte daran liegen das die Kaffeemaschine verkalkt oder die Wasserpumpe defekt ist. Wenn das Wasserschlauch abgerutscht, eingeklemmt oder kaputt ist kann es ebenfalls dazu f\u00fchren, dass die Kaffeemaschine kein Wasser zieht.<\/p>\n<h2 class=\"western\"><span style=\"font-family: 'Times New Roman', serif\">Neuger\u00e4te:<\/span><\/h2>\n<p>Sollte eine Reparatur wegen zu hoher Unkosten nicht lohnen k\u00f6nnen wir Ihnen mit unseren Beteiligten ein preisg\u00fcnstiges Angebot f\u00fcr den Neukauf anbieten. Anliegen Sie uns vor dem geplanten Neukauf!<\/p>\n<h2 class=\"western\"><span style=\"font-family: 'Times New Roman', serif\">Lieferung, Anschluss und Einweisung neuer Kaffeevollautomaten:<\/span><\/h2>\n<p>Sollte ein Neuger\u00e4t braucht werden, liefern wir Ihnen das innovative Device und einrichten es. Das Altger\u00e4t wird im Bedarfsfall daraufhin umweltschonend entsorgt. Gerne erkl\u00e4ren wir Ihnen ebenso die Leistungsmerkmale des Neuger\u00e4tes und den richtigen Umgang mit Ihrer neuartigen Kaffeemaschine.<\/p>\n<p>Hier k\u00f6nnen Sie Kontakt mit uns aufnehmen![\/vc_column_text][thememove_button text=&#8220;Kontakt aufnehmen&#8220; link=&#8220;url:https%3A%2F%2Freparatur24.berlin%2Fstaging%2Fkontakt%2F|||&#8220;][\/vc_column][vc_column width=&#8220;1\/3&#8243;][vc_column_text]<\/p>\n<p class=\"p1\"><b>Sie finden uns hier:<\/b><\/p>\n<p class=\"p2\"><b>Kundendienst in Berlin &amp; Umland<\/b><br \/>\nBrandenburgische Stra\u00dfe 77<br \/>\n10713 Berlin<br \/>\nTelefon: <strong><span class=\"s1\">030 \/ 58 74 07 55 0<\/span><\/strong><\/p>\n<p class=\"p2\"><b>Unsere \u00d6ffnungszeiten:<\/b><br \/>\nMo \u2013 Fr: 07:00 \u2013 20:00 Uhr<br \/>\nSa: 10:00 \u2013 14:00 Uhr<\/p>\n<p class=\"p3\"><span class=\"s1\"><a href=\"https:\/\/reparatur24.berlin\/staging\/impressum\/\">Impressum<\/a><\/span><\/p>\n<p class=\"p1\"><b>\u00a0<\/b><\/p>\n<p class=\"p1\"><b>Wir reparieren:<\/b><\/p>\n<p class=\"p3\"><span class=\"s1\"><a href=\"https:\/\/reparatur24.berlin\/staging\/waschmaschinen-reparatur\/\">Waschmaschinen<\/a><\/span><\/p>\n<p class=\"p3\"><span class=\"s1\"><a href=\"https:\/\/reparatur24.berlin\/staging\/waeschetrockner-reparatur\/\">W\u00e4schetrockner<\/a><\/span><\/p>\n<p class=\"p3\"><span class=\"s1\"><a href=\"https:\/\/reparatur24.berlin\/staging\/waschtrockner-reparatur-berlin\/\">Waschtrockner<\/a><\/span><\/p>\n<p class=\"p3\"><span class=\"s1\"><a href=\"https:\/\/reparatur24.berlin\/staging\/geschirrspueler-reparatur\/\">Geschirrsp\u00fcler<\/a><\/span><\/p>\n<p class=\"p3\"><span class=\"s1\"><a href=\"https:\/\/reparatur24.berlin\/staging\/elektroherd-reparatur\/\">Elektroherde<\/a><\/span><\/p>\n<p class=\"p3\"><span class=\"s1\"><a href=\"https:\/\/reparatur24.berlin\/staging\/kaffeevollautomaten-reparatur-in-berlin\/\">Kaffeevollautomaten<\/a><\/span><\/p>\n<p class=\"p1\"><b>\u00a0<\/b><\/p>\n<p class=\"p1\"><b>Reparatur-Garantie:<\/b><\/p>\n<p class=\"p2\">Wir arbeiten gewissenhaft, kompetent und kosteng\u00fcnstig mit einer <b>Garantie von 24 Monaten<\/b>.<br \/>\nUnsere Kunden wissen das sehr zu sch\u00e4tzen.<\/p>\n<p class=\"p1\"><b>\u00a0<\/b><\/p>\n<p class=\"p1\"><b>Unsere Leistungen:<\/b><\/p>\n<ul class=\"ul1\">\n<li class=\"li2\">24 Stunden Notdienst<\/li>\n<li class=\"li2\">Reparaturen nach der Hersteller Garantiezeit<\/li>\n<li class=\"li2\">unsere Reparaturgarantie von 24 Monaten<\/li>\n<li class=\"li2\">Wartungsservice aller Art<\/li>\n<li class=\"li2\">Fachberatung f\u00fcr Qualit\u00e4tsware<\/li>\n<li class=\"li2\">Neukauf, wenn Reparatur unwirtschaftlich<\/li>\n<li class=\"li2\">Entsorgung von Altger\u00e4ten<\/li>\n<li class=\"li2\">Lieferung zu Ihnen nach Hause<\/li>\n<li class=\"li2\">Anschluss &amp; Installation<\/li>\n<li class=\"li2\">pers\u00f6nlicher Kundendienst<\/li>\n<\/ul>\n<p class=\"p1\"><b>\u00a0<\/b><\/p>\n<p class=\"p1\"><b>Zentrale Berlin &amp; Umland<\/b><\/p>\n<p class=\"p2\">Anfahrt &amp; Kostenvoranschlag 16 \u20ac<\/p>\n<p>[\/vc_column_text][\/vc_column][\/vc_row][vc_row css=&#8220;.vc_custom_1443177632481{margin-bottom: 70px !important;}&#8220;][vc_column width=&#8220;1\/3&#8243;][vc_row_inner css=&#8220;.vc_custom_1443496397223{margin-bottom: -10px !important;}&#8220;][vc_column_inner el_class=&#8220;hot-line&#8220;][vc_column_text]<img loading=\"lazy\" decoding=\"async\" class=\"alignnone\" src=\"https:\/\/renovation.thememove.com\/data\/images\/contact-hot-line.jpg\" alt=\"\" width=\"370\" height=\"250\" \/>[\/vc_column_text][vc_column_text]<\/p>\n<h4>24\/7 HOTLINE<\/h4>\n<h4 class=\"p1\"><strong><span class=\"s1\">030 \/ 58 74 07 55 0<\/span><\/strong><\/h4>\n<p>[\/vc_column_text][\/vc_column_inner][\/vc_row_inner][vc_column_text]Wir sind von von Montag bis Samstag in der Zeit von 7 bis 22 Uhr f\u00fcr Sie erreichbar.<br \/>\nSenden Sie Ihre Anfrage bitte mit Hilfe des unten folgenden Formulars, oder rufen Sie uns ganz unkompliziert an!<br \/>\nNat\u00fcrlich k\u00f6nnen Sie uns auch gerne in unserem Laden in der Brandenburgische Stra\u00dfe 77, in 10713 Berlin-Wilmersdorf vorbeikommen.[\/vc_column_text][vc_row_inner css=&#8220;.vc_custom_1443177442599{margin-bottom: 20px !important;}&#8220; el_class=&#8220;call-us&#8220;][vc_column_inner width=&#8220;1\/6&#8243; offset=&#8220;vc_col-xs-2&#8243;][thememove_icon icon_fontawesome=&#8220;fa fa-phone&#8220; font_size=&#8220;18&#8243; font_color=&#8220;#111111&#8243;][\/vc_column_inner][vc_column_inner width=&#8220;5\/6&#8243; offset=&#8220;vc_col-xs-10&#8243;][vc_custom_heading text=&#8220;030 \/ 58 74 07 55 0&#8243; font_container=&#8220;tag:h2|font_size:20|text_align:left|color:%23111111&#8243; link=&#8220;url:tel%3A030%20%2F%2058%2074%2007%2055%200|||&#8220;][vc_custom_heading text=&#8220;info@reparatur24.berlin&#8220; font_container=&#8220;tag:p|font_size:14|text_align:left|color:%23111111&#8243;][\/vc_column_inner][\/vc_row_inner][vc_row_inner el_class=&#8220;call-us&#8220;][vc_column_inner width=&#8220;1\/6&#8243; offset=&#8220;vc_col-xs-2&#8243;][thememove_icon icon_fontawesome=&#8220;fa fa-home&#8220; font_size=&#8220;18&#8243; font_color=&#8220;#111111&#8243;][\/vc_column_inner][vc_column_inner width=&#8220;5\/6&#8243; offset=&#8220;vc_col-xs-10&#8243;][vc_custom_heading text=&#8220;Brandenburgische Stra\u00dfe 77<br \/>\n10713 Berlin&#8220; font_container=&#8220;tag:p|font_size:14|text_align:left|color:%23111111&#8243;][\/vc_column_inner][\/vc_row_inner][\/vc_column][vc_column width=&#8220;2\/3&#8243;][vc_gmaps link=&#8220;#E-8_JTNDaWZyYW1lJTIwc3JjJTNEJTIyaHR0cHMlM0ElMkYlMkZ3d3cuZ29vZ2xlLmNvbSUyRm1hcHMlMkZlbWJlZCUzRnBiJTNEJTIxMW0xOCUyMTFtMTIlMjExbTMlMjExZDM4ODcyLjMxNTUyNDk2MjM5NiUyMTJkMTMuMjgyNzkzMDc2ODY4ODcyJTIxM2Q1Mi40ODc4MzExNzk4MDgxNSUyMTJtMyUyMTFmMCUyMTJmMCUyMTNmMCUyMTNtMiUyMTFpMTAyNCUyMTJpNzY4JTIxNGYxMy4xJTIxM20zJTIxMW0yJTIxMXMweDQ3YTg1MTEzNGI4YzMwMjklMjUzQTB4YjU4YTA5Zjc4NTI2ZDcwYiUyMTJzVGVjaG5pa0NlbnRlcjI0JTI1MjBVRyUyMTVlMCUyMTNtMiUyMTFzZGUlMjEyc2RlJTIxNHYxNjM2Mjg4Mzc0OTM3JTIxNW0yJTIxMXNkZSUyMTJzZGUlMjIlMjB3aWR0aCUzRCUyMjYwMCUyMiUyMGhlaWdodCUzRCUyMjQ1MCUyMiUyMHN0eWxlJTNEJTIyYm9yZGVyJTNBMCUzQiUyMiUyMGFsbG93ZnVsbHNjcmVlbiUzRCUyMiUyMiUyMGxvYWRpbmclM0QlMjJsYXp5JTIyJTNFJTNDJTJGaWZyYW1lJTNF&#8220;][contact-form-7 id=&#8220;5&#8243;][vc_single_image image=&#8220;2733&#8243;][\/vc_column][\/vc_row][vc_row full_width=&#8220;stretch_row&#8220; el_class=&#8220;be-a-piece-of-us middle&#8220; css=&#8220;.vc_custom_1439191711650{margin-bottom: 0px !important;padding-top: 65px !important;padding-bottom: 68px !important;background-color: #eeeeee !important;}&#8220;][vc_column width=&#8220;1\/12&#8243; el_class=&#8220;center&#8220;][thememove_icon icon_fontawesome=&#8220;fa fa-users&#8220; font_size=&#8220;26&#8243; font_color=&#8220;#111111&#8243;][\/vc_column][vc_column width=&#8220;2\/3&#8243; el_class=&#8220;center-xs start-sm&#8220;][vc_custom_heading text=&#8220;Bewirb Dich heute und starte morgen.&#8220; font_container=&#8220;tag:h2|font_size:32|text_align:left|color:%231d2736&#8243; link=&#8220;url:http%3A%2F%2Freparatur24.berlin%2Fhaushalt%2Fjob-karriere%2F|||&#8220;][vc_column_text]Wir freuen uns, Dich in unserm Team begr\u00fc\u00dfen zu d\u00fcrfen, Werde Teil des Teams![\/vc_column_text][\/vc_column][vc_column width=&#8220;1\/4&#8243; el_class=&#8220;center&#8220;][\/vc_column][\/vc_row]<\/p>\n","protected":false},"excerpt":{"rendered":"<p>[vc_row][vc_column width=&#8220;5\/6&#8243;][vc_column_text] Kaffeevollautomaten Reparatur Berlin &nbsp; Wir bieten Ihnen einen seri\u00f6sen und kompetenten Dienst f\u00fcr Ihre Kaffeemaschinen. Wir reparieren Ihr defektes Endger\u00e4t, hierdurch Sie es in alter gewohnter Anspruch nutzen k\u00f6nnen. Zu diesem Zweck verschicken wir einen Techniker vorbei, der Ihren Kaffeemaschinen oder die Kaffeemaschine kontrolliert, eine Fehlerdiagnose und einen Kostenvoranschlag erstellt.[\/vc_column_text][thememove_button text=&#8220;Tel.: 030 \/ [&hellip;]<\/p>\n","protected":false},"author":1,"featured_media":0,"parent":0,"menu_order":0,"comment_status":"closed","ping_status":"closed","template":"","meta":{"_uag_custom_page_level_css":"","site-sidebar-layout":"no-sidebar","site-content-layout":"plain-container","ast-site-content-layout":"default","site-content-style":"default","site-sidebar-style":"default","ast-global-header-display":"","ast-banner-title-visibility":"","ast-main-header-display":"","ast-hfb-above-header-display":"","ast-hfb-below-header-display":"","ast-hfb-mobile-header-display":"","site-post-title":"disabled","ast-breadcrumbs-content":"","ast-featured-img":"disabled","footer-sml-layout":"","ast-disable-related-posts":"","theme-transparent-header-meta":"","adv-header-id-meta":"","stick-header-meta":"","header-above-stick-meta":"","header-main-stick-meta":"","header-below-stick-meta":"","astra-migrate-meta-layouts":"default","ast-page-background-enabled":"default","ast-page-background-meta":{"desktop":{"background-color":"","background-image":"","background-repeat":"repeat","background-position":"center center","background-size":"auto","background-attachment":"scroll","background-type":"","background-media":"","overlay-type":"","overlay-color":"","overlay-opacity":"","overlay-gradient":""},"tablet":{"background-color":"","background-image":"","background-repeat":"repeat","background-position":"center center","background-size":"auto","background-attachment":"scroll","background-type":"","background-media":"","overlay-type":"","overlay-color":"","overlay-opacity":"","overlay-gradient":""},"mobile":{"background-color":"","background-image":"","background-repeat":"repeat","background-position":"center center","background-size":"auto","background-attachment":"scroll","background-type":"","background-media":"","overlay-type":"","overlay-color":"","overlay-opacity":"","overlay-gradient":""}},"ast-content-background-meta":{"desktop":{"background-color":"var(--ast-global-color-5)","background-image":"","background-repeat":"repeat","background-position":"center center","background-size":"auto","background-attachment":"scroll","background-type":"","background-media":"","overlay-type":"","overlay-color":"","overlay-opacity":"","overlay-gradient":""},"tablet":{"background-color":"var(--ast-global-color-5)","background-image":"","background-repeat":"repeat","background-position":"center center","background-size":"auto","background-attachment":"scroll","background-type":"","background-media":"","overlay-type":"","overlay-color":"","overlay-opacity":"","overlay-gradient":""},"mobile":{"background-color":"var(--ast-global-color-5)","background-image":"","background-repeat":"repeat","background-position":"center center","background-size":"auto","background-attachment":"scroll","background-type":"","background-media":"","overlay-type":"","overlay-color":"","overlay-opacity":"","overlay-gradient":""}},"footnotes":""},"class_list":["post-2795","page","type-page","status-publish","hentry"],"uagb_featured_image_src":{"full":false,"thumbnail":false,"medium":false,"medium_large":false,"large":false,"1536x1536":false,"2048x2048":false},"uagb_author_info":{"display_name":"samir","author_link":"https:\/\/reparatur24.berlin\/staging\/author\/samir\/"},"uagb_comment_info":0,"uagb_excerpt":"[vc_row][vc_column width=&#8220;5\/6&#8243;][vc_column_text] Kaffeevollautomaten Reparatur Berlin &nbsp; Wir bieten Ihnen einen seri\u00f6sen und kompetenten Dienst f\u00fcr Ihre Kaffeemaschinen. Wir reparieren Ihr defektes Endger\u00e4t, hierdurch Sie es in alter gewohnter Anspruch nutzen k\u00f6nnen. Zu diesem Zweck verschicken wir einen Techniker vorbei, der Ihren Kaffeemaschinen oder die Kaffeemaschine kontrolliert, eine Fehlerdiagnose und einen Kostenvoranschlag erstellt.[\/vc_column_text][thememove_button text=&#8220;Tel.: 030 \/&hellip;","_links":{"self":[{"href":"https:\/\/reparatur24.berlin\/staging\/wp-json\/wp\/v2\/pages\/2795","targetHints":{"allow":["GET"]}}],"collection":[{"href":"https:\/\/reparatur24.berlin\/staging\/wp-json\/wp\/v2\/pages"}],"about":[{"href":"https:\/\/reparatur24.berlin\/staging\/wp-json\/wp\/v2\/types\/page"}],"author":[{"embeddable":true,"href":"https:\/\/reparatur24.berlin\/staging\/wp-json\/wp\/v2\/users\/1"}],"replies":[{"embeddable":true,"href":"https:\/\/reparatur24.berlin\/staging\/wp-json\/wp\/v2\/comments?post=2795"}],"version-history":[{"count":1,"href":"https:\/\/reparatur24.berlin\/staging\/wp-json\/wp\/v2\/pages\/2795\/revisions"}],"predecessor-version":[{"id":10227,"href":"https:\/\/reparatur24.berlin\/staging\/wp-json\/wp\/v2\/pages\/2795\/revisions\/10227"}],"wp:attachment":[{"href":"https:\/\/reparatur24.berlin\/staging\/wp-json\/wp\/v2\/media?parent=2795"}],"curies":[{"name":"wp","href":"https:\/\/api.w.org\/{rel}","templated":true}]}}