{"id":2777,"date":"2017-11-02T23:31:49","date_gmt":"2017-11-02T22:31:49","guid":{"rendered":"http:\/\/reparatur24.berlin\/haushalt\/?page_id=2777"},"modified":"2026-04-17T07:22:21","modified_gmt":"2026-04-17T06:22:21","slug":"elektroherd-reparatur","status":"publish","type":"page","link":"https:\/\/reparatur24.berlin\/staging\/elektroherd-reparatur\/","title":{"rendered":"Elektroherd Reparatur"},"content":{"rendered":"<p>[vc_row full_width=&#8220;stretch_row_content_no_spaces&#8220;][vc_column width=&#8220;1\/4&#8243; css=&#8220;.vc_custom_1600885780072{border-top-width: 50px !important;border-left-width: 25px !important;padding-top: 50px !important;padding-left: 50px !important;background-color: #fbd232 !important;}&#8220;][vc_column_text css=&#8220;.vc_custom_1626105030558{padding-top: 35px !important;padding-bottom: 70px !important;padding-left: -30px !important;}&#8220;]<\/p>\n<h4><img loading=\"lazy\" decoding=\"async\" class=\"aligncenter wp-image-7819\" src=\"https:\/\/reparatur24.berlin\/staging\/wp-content\/uploads\/2020\/09\/zuhause-300x300.png\" alt=\"\" width=\"50\" height=\"50\" srcset=\"https:\/\/reparatur24.berlin\/staging\/wp-content\/uploads\/2020\/09\/zuhause-300x300.png 300w, https:\/\/reparatur24.berlin\/staging\/wp-content\/uploads\/2020\/09\/zuhause-150x150.png 150w, https:\/\/reparatur24.berlin\/staging\/wp-content\/uploads\/2020\/09\/zuhause-100x100.png 100w, https:\/\/reparatur24.berlin\/staging\/wp-content\/uploads\/2020\/09\/zuhause.png 512w\" sizes=\"auto, (max-width: 50px) 100vw, 50px\" \/><\/h4>\n<h4 style=\"text-align: center\">Vor-Ort Kundendienst<\/h4>\n<h4 style=\"text-align: center\">innerhalb von 24 Std.<\/h4>\n<h3 style=\"text-align: center\">24h-Hotline: \u00a0<a href=\"tel:030 \/ 58 74 07 55 0\">030 \/ 58 74 07 55 0<\/a><\/h3>\n<p>[\/vc_column_text][\/vc_column][vc_column width=&#8220;1\/4&#8243; css=&#8220;.vc_custom_1600885852196{background-color: #f4f4f4 !important;}&#8220;][vc_column_text css=&#8220;.vc_custom_1600885893305{padding-top: 25px !important;padding-bottom: 63px !important;}&#8220;]<img loading=\"lazy\" decoding=\"async\" class=\"aligncenter wp-image-4036\" src=\"https:\/\/reparatur24.berlin\/staging\/wp-content\/uploads\/2019\/10\/512px-IHK_Berlin_Logo-300x92.png\" alt=\"\" width=\"215\" height=\"66\" srcset=\"https:\/\/reparatur24.berlin\/staging\/wp-content\/uploads\/2019\/10\/512px-IHK_Berlin_Logo-300x92.png 300w, https:\/\/reparatur24.berlin\/staging\/wp-content\/uploads\/2019\/10\/512px-IHK_Berlin_Logo.png 512w\" sizes=\"auto, (max-width: 215px) 100vw, 215px\" \/><\/p>\n<h4 style=\"text-align: center\">IHK-Mitglied und Ingenieurbetrieb<\/h4>\n<p style=\"text-align: center\">mit \u00fcber 30 Jahre Erfahrung<\/p>\n<p>[\/vc_column_text][\/vc_column][vc_column width=&#8220;1\/4&#8243; css=&#8220;.vc_custom_1600885860758{background-color: #f4f4f4 !important;}&#8220;][vc_column_text css=&#8220;.vc_custom_1600885921573{padding-bottom: 63px !important;}&#8220;]<\/p>\n<h4 style=\"text-align: center\"><img loading=\"lazy\" decoding=\"async\" class=\"aligncenter wp-image-4039 size-medium\" src=\"https:\/\/reparatur24.berlin\/staging\/wp-content\/uploads\/2019\/10\/HWK_Berlin_RGB_S-300x108.png\" alt=\"\" width=\"300\" height=\"108\" srcset=\"https:\/\/reparatur24.berlin\/staging\/wp-content\/uploads\/2019\/10\/HWK_Berlin_RGB_S-300x108.png 300w, https:\/\/reparatur24.berlin\/staging\/wp-content\/uploads\/2019\/10\/HWK_Berlin_RGB_S-768x277.png 768w, https:\/\/reparatur24.berlin\/staging\/wp-content\/uploads\/2019\/10\/HWK_Berlin_RGB_S-1024x369.png 1024w, https:\/\/reparatur24.berlin\/staging\/wp-content\/uploads\/2019\/10\/HWK_Berlin_RGB_S.png 1966w\" sizes=\"auto, (max-width: 300px) 100vw, 300px\" \/>Fachwerkstatt<\/h4>\n<p style=\"text-align: center\">mit bis zu 24 Monaten Reparaturgarantie<\/p>\n<p>[\/vc_column_text][\/vc_column][vc_column width=&#8220;1\/4&#8243; css=&#8220;.vc_custom_1600885943026{background-color: #fbd232 !important;}&#8220;][vc_column_text css=&#8220;.vc_custom_1600885967729{padding-top: 45px !important;padding-bottom: 72px !important;}&#8220;]<\/p>\n<h1 style=\"text-align: center\">16\u20ac<\/h1>\n<p>&nbsp;<\/p>\n<h2 style=\"text-align: center\">Anfahrt Inkl. Kostenvoranschlag<\/h2>\n<h4 style=\"text-align: center\"><\/h4>\n<p>[\/vc_column_text][\/vc_column][\/vc_row][vc_row][vc_column width=&#8220;2\/3&#8243;][vc_column_text]<\/p>\n<h1>Elektroherd &amp; Backofen Reparatur in der Bundeshauptstadt und 20 km Umland<\/h1>\n<p>Wenn Ihr Elektroherd oder Backofen repariert werden muss, stehen wir Ihnen flink zur Auswahl. Falls Sie beherrschen m\u00f6chten was eine fachm\u00e4nnische Reparatur kostet w\u00e4hlen Sie uns. Denn gerade gesch\u00e4ftlich sollte sich das rechnen. Wir haben uns auf die Reparatur von Elektroherden und Kochfeldern spezialisiert und bieten Ihnen gerne einen guten Service an.<\/p>\n<h3>Kochger\u00e4te die wir reparieren:<\/h3>\n<figure id=\"attachment_3448\" aria-describedby=\"caption-attachment-3448\" style=\"width: 300px\" class=\"wp-caption alignright\"><a href=\"https:\/\/reparatur24.berlin\/staging\/elektroherd-reparatur\/\"><img loading=\"lazy\" decoding=\"async\" class=\"wp-image-3448 size-medium\" src=\"https:\/\/reparatur24.berlin\/staging\/wp-content\/uploads\/2019\/05\/srgsvvsd-300x200.jpg\" alt=\"Elektroherd Reparatur\" width=\"300\" height=\"200\" srcset=\"https:\/\/reparatur24.berlin\/staging\/wp-content\/uploads\/2019\/05\/srgsvvsd-300x200.jpg 300w, https:\/\/reparatur24.berlin\/staging\/wp-content\/uploads\/2019\/05\/srgsvvsd-768x513.jpg 768w, https:\/\/reparatur24.berlin\/staging\/wp-content\/uploads\/2019\/05\/srgsvvsd-1024x684.jpg 1024w, https:\/\/reparatur24.berlin\/staging\/wp-content\/uploads\/2019\/05\/srgsvvsd-600x400.jpg 600w, https:\/\/reparatur24.berlin\/staging\/wp-content\/uploads\/2019\/05\/srgsvvsd-60x40.jpg 60w\" sizes=\"auto, (max-width: 300px) 100vw, 300px\" \/><\/a><figcaption id=\"caption-attachment-3448\" class=\"wp-caption-text\">Elektroherd Reparatur Berlin<\/figcaption><\/figure>\n<ul>\n<li><a href=\"https:\/\/reparatur24.berlin\/staging\/elektroherd-fehlermeldung\/\">Elektroherd<\/a><\/li>\n<li><a href=\"https:\/\/reparatur24.berlin\/staging\/backofen-reparatur\/\">Backofen<\/a><\/li>\n<li><a href=\"https:\/\/reparatur24.berlin\/staging\/induktionskochfeld-reparatur\/\">Induktionskochfelder<\/a><\/li>\n<li><a href=\"https:\/\/reparatur24.berlin\/staging\/elektroherd-reparatur\/\">Cerankochfelder<\/a><\/li>\n<li><a href=\"https:\/\/reparatur24.berlin\/staging\/einbaumikrowelle-reparaturen\/\">Einbau Mikrowellen<\/a><\/li>\n<\/ul>\n<p>&nbsp;<\/p>\n<p>&nbsp;<\/p>\n<p>&nbsp;<\/p>\n<p style=\"text-align: center\"><strong>Anfahrt, Diagnose &amp; Kostenangebot ausschlie\u00dflich 16,- Euro<\/strong><\/p>\n<p>Empfehlenswert ist unser Vor- Ort- Service um Ihnen den genauen Fehlgriffe und einen Kostenvoranschlag nennen zu k\u00f6nnen. Einer unserer Techniker kommt rasch zu Ihnen, schaut sich Ihr Device an, untersucht den Fauxpas, erstellt ein Angebot und ber\u00e4t Sie zur Wirtschaftlichkeit einer Reparatur. F\u00fcr diesen Service berechnen wir in der Bundeshauptstadt und 20km Umgebung eine homogene Anfahrtspauschale von ausschlie\u00dflich 16,- Euro. Rufen Sie uns an und wir finden schnellstm\u00f6glich einen geb\u00fchrenden Termin:<\/p>\n<p><strong>Der Elektroherd funktioniert nicht, was tun? <\/strong><\/p>\n<p>\u00dcberpr\u00fcfen Sie im Sicherungskasten s\u00e4mtliche Sicherungen. Springt die Sicherung nach dem Einschalten wieder heraus, so deutet dies auf ein gravierendes Problem hin. Sind mehrere Platten gleichzeitig an und l\u00e4ngere Zeit auf Volllast, dann ist der Herd m\u00f6glicherweise \u00fcberhitzt. Riecht es verschmort dann ist unter Umst\u00e4nden ein entsprechendes Kabel durchgebrannt.<\/p>\n<p>&nbsp;<\/p>\n<h1>Schneller Full-Service dank Ihrer Mithilfe<\/h1>\n<p>Wenn Sie binnen uns anrufen bitten wir Sie die n\u00e4chsten Fakten disponibel zu halten. Das unterst\u00fctzt unseren Mitarbeitern und Ihnen. Aus diesem Grund dessen kann eine einleitende Diagnose schon am Telefon entwerfen werden:<\/p>\n<p>welche Marke hat die Apparatur?(zum Beispiel: <a href=\"https:\/\/reparatur24.berlin\/staging\/siemens\/\">Siemens<\/a>, <a href=\"https:\/\/reparatur24.berlin\/staging\/miele\/\">Miele<\/a>, <a href=\"https:\/\/reparatur24.berlin\/staging\/bosch\/\">Bosch<\/a>, <a href=\"https:\/\/reparatur24.berlin\/staging\/bauknecht\/\">Bauknecht<\/a>, <a href=\"https:\/\/reparatur24.berlin\/staging\/aeg\/\">AEG<\/a>, etc.)<br \/>\nk\u00f6nnen Sie uns eine Fabrikationsnummer\/ Ger\u00e4tenummer nennen?<br \/>\nkurze Beschreibung der St\u00f6rung unterst\u00fctzt au\u00dferordentlich.<br \/>\nIhr Name, Anschrift und <a href=\"https:\/\/reparatur24.berlin\/staging\/impressum\/\">Kontaktdaten<\/a> ist \u00e4u\u00dferst essentiell.<br \/>\nIhre pers\u00f6nliche und <a href=\"https:\/\/reparatur24.berlin\/staging\/kontakt\/\">telefonische Erreichbarkeit<\/a> erleichtert den R\u00fcckruf.<br \/>\nElektroherd Reparatur blo\u00df nach Ablauf der Fabrikant Garantiezeit<\/p>\n<p>Wir sind nicht der Werkskundendienst: Unser Kundendienst ist ein freier und unabh\u00e4ngiger Reparaturdienst und nimmt Auftr\u00e4ge erst nach Ablauf der Garantiezeit an. Erst nach solcher Zeit sind wir f\u00fcr Sie verantwortlich.<\/p>\n<h2>Vor-Ort-Reparatur und Werkstatt Service in Berlin<\/h2>\n<p>Damit die Techniker den K\u00fcchenherd oder das Kochfeld vor Ort reparieren k\u00f6nnen, sind sie mit zwingenden Ersatzteilen und Spezialwerkzeug best\u00fcckt. Sollte es zu Erschwernisse ( der Platz gen\u00fcgt nicht aus oder der Zeitumfang gr\u00f6\u00dfer ist) k\u00f6nnen wir Ihr Device gleichwohl in unserer hauseigenen Werkstatt in der Bundeshauptstadt reparieren. Dies macht etliche Male Sinn, weil die Techniker dort in erheblich k\u00fcrzerer Zeit die gleichen Irrt\u00fcmer beheben k\u00f6nnen. Ob Abholung oder Lieferung ist egal. Denn es ist in unseren Offerten fortw\u00e4hrend enthalten.<\/p>\n<h2>Elektroherd &amp; Kochfeld Reparatur Berlin<\/h2>\n<p>Dank langj\u00e4hriger Erfahrung und unseren kontinuierlich geschulten Technikern k\u00f6nnen weitestgehend s\u00e4mtliche Irrt\u00fcmer schnell vor Ort erledigt werden. Bei ein paar Fehlern m\u00fcssen wir den defekten Elektroherd respektive das Kochfeld trotzdem mit in unsere Werkstatt nehmen. Etwa zum ausget\u00fcftelteren checken des Ger\u00e4tes innerhalb nicht eindeutigem Irrt\u00fcmer. Unser Vor Ort Service enth\u00e4lt einen Kostenvoranschlag. Sie k\u00f6nnen nachfolgend m\u00fchelos entscheiden k\u00f6nnen ob Sie eine Reparatur absolvieren lassen m\u00f6chten oder nicht.<\/p>\n<p>F\u00fcr unsere Anfahrt &amp; unseren Kostenvoranschlag berechnen wir eine Pauschale von 16 Euro.<\/p>\n<p>16 Euro die es sich lohnt in Ihr Endger\u00e4t zu investieren.<\/p>\n<p>Falls Sie mehr zu \u00a0unseren Elektroherd Reparaturen wissen wollen, k\u00f6nnen Sie einfach hier klicken !<\/p>\n<p>&nbsp;[\/vc_column_text][thememove_button text=&#8220;Elektroherd Reparaturen&#8220; link=&#8220;url:http%3A%2F%2Fwaschmaschinen-reparaturen.berlin%2Felektroherd-reparatur%2F|||&#8220;][\/vc_column][vc_column width=&#8220;1\/3&#8243;][thememove_button text=&#8220;Tel.: 030 \/ 58 74 07 55 0&#8243; link=&#8220;url:tel%3A030%20%2F%2058%2074%2007%2055%200|||&#8220;][vc_column_text]<\/p>\n<div class=\"wpb_text_column wpb_content_element \">\n<div class=\"wpb_wrapper\">\n<p class=\"p1\"><b>Sie finden uns hier:<\/b><\/p>\n<p class=\"p2\"><b>Kundendienst in Berlin &amp; Umland<\/b><br \/>\nBrandenburgische Stra\u00dfe 77<br \/>\n10713 Berlin<br \/>\nTelefon: <strong><span class=\"s1\">030 \/ 58 74 07 55 0<\/span><\/strong><\/p>\n<p class=\"p2\"><b>Unsere \u00d6ffnungszeiten:<\/b><br \/>\nMo \u2013 Fr: 07:00 \u2013 20:00 Uhr<br \/>\nSa: 10:00 \u2013 14:00 Uhr<\/p>\n<p class=\"p3\"><span class=\"s1\"><a href=\"https:\/\/reparatur24.berlin\/staging\/impressum\/\">Impressum<\/a><\/span><\/p>\n<p class=\"p1\"><b>\u00a0<\/b><\/p>\n<p class=\"p1\"><b>Wir reparieren:<\/b><\/p>\n<p class=\"p3\"><span class=\"s1\"><a href=\"https:\/\/reparatur24.berlin\/staging\/waschmaschinen-reparatur\/\">Waschmaschinen<\/a><\/span><\/p>\n<p class=\"p3\"><span class=\"s1\"><a href=\"https:\/\/reparatur24.berlin\/staging\/waeschetrockner-reparatur\/\">W\u00e4schetrockner<\/a><\/span><\/p>\n<p class=\"p3\"><span class=\"s1\"><a href=\"https:\/\/reparatur24.berlin\/staging\/waschtrockner-reparatur-berlin\/\">Waschtrockner<\/a><\/span><\/p>\n<p class=\"p3\"><span class=\"s1\"><a href=\"https:\/\/reparatur24.berlin\/staging\/geschirrspueler-reparatur\/\">Geschirrsp\u00fcler<\/a><\/span><\/p>\n<p class=\"p3\"><span class=\"s1\"><a href=\"https:\/\/reparatur24.berlin\/staging\/elektroherd-reparatur\/\">Elektroherde<\/a><\/span><\/p>\n<p class=\"p3\"><span class=\"s1\"><a href=\"https:\/\/reparatur24.berlin\/staging\/kaffeevollautomaten-reparatur-in-berlin\/\">Kaffeevollautomaten<\/a><\/span><\/p>\n<p class=\"p1\"><b>\u00a0<\/b><\/p>\n<p class=\"p1\"><b>Reparatur-Garantie:<\/b><\/p>\n<p class=\"p2\">Wir arbeiten gewissenhaft, kompetent und kosteng\u00fcnstig mit einer <b>Garantie von 24 Monaten<\/b>.<br \/>\nUnsere Kunden wissen das sehr zu sch\u00e4tzen.<\/p>\n<p class=\"p1\"><b>\u00a0<\/b><\/p>\n<p class=\"p1\"><b>Unsere Leistungen:<\/b><\/p>\n<ul class=\"ul1\">\n<li class=\"li2\">24 Stunden Notdienst<\/li>\n<li class=\"li2\">Reparaturen nach der Hersteller Garantiezeit<\/li>\n<li class=\"li2\">unsere Reparaturgarantie von 24 Monaten<\/li>\n<li class=\"li2\">Wartungsservice aller Art<\/li>\n<li class=\"li2\">Fachberatung f\u00fcr Qualit\u00e4tsware<\/li>\n<li class=\"li2\">Neukauf, wenn Reparatur unwirtschaftlich<\/li>\n<li class=\"li2\">Entsorgung von Altger\u00e4ten<\/li>\n<li class=\"li2\">Lieferung zu Ihnen nach Hause<\/li>\n<li class=\"li2\">Anschluss &amp; Installation<\/li>\n<li class=\"li2\">pers\u00f6nlicher Kundendienst<\/li>\n<\/ul>\n<p class=\"p1\"><b>\u00a0<\/b><\/p>\n<p class=\"p1\"><b>Zentrale Berlin &amp; Umland<\/b><\/p>\n<p class=\"p2\">Anfahrt &amp; Kostenvoranschlag 16 \u20ac<\/p>\n<p class=\"p2\"><\/div>\n<\/div>\n<p>[\/vc_column_text][thememove_button text=&#8220;Tel.:030 \/ 58 74 07 55 0&#8243; link=&#8220;url:tel%3A030%20%2F%2058%2074%2007%2055%200|||&#8220;][\/vc_column][\/vc_row][vc_row css=&#8220;.vc_custom_1443177632481{margin-bottom: 70px !important;}&#8220;][vc_column width=&#8220;1\/3&#8243;][vc_row_inner css=&#8220;.vc_custom_1443496397223{margin-bottom: -10px !important;}&#8220;][vc_column_inner el_class=&#8220;hot-line&#8220;][vc_column_text]<img loading=\"lazy\" decoding=\"async\" class=\"alignnone\" src=\"https:\/\/renovation.thememove.com\/data\/images\/contact-hot-line.jpg\" alt=\"\" width=\"370\" height=\"250\" \/>[\/vc_column_text][vc_column_text]<\/p>\n<h4>24\/7 HOTLINE<\/h4>\n<h4 class=\"p1\"><strong><span class=\"s1\">030 \/ 58 74 07 55 0<\/span><\/strong><\/h4>\n<p>[\/vc_column_text][\/vc_column_inner][\/vc_row_inner][vc_column_text]Wir sind von von Montag bis Samstag in der Zeit von 7 bis 22 Uhr f\u00fcr Sie erreichbar.<br \/>\nSenden Sie Ihre Anfrage bitte mit Hilfe des unten folgenden Formulars, oder rufen Sie uns ganz unkompliziert an!<br \/>\nNat\u00fcrlich k\u00f6nnen Sie uns auch gerne in unserem Laden in der Brandenburgische Stra\u00dfe 77, in 10713 Berlin-Wilmersdorf vorbeikommen.[\/vc_column_text][vc_row_inner css=&#8220;.vc_custom_1443177442599{margin-bottom: 20px !important;}&#8220; el_class=&#8220;call-us&#8220;][vc_column_inner width=&#8220;1\/6&#8243; offset=&#8220;vc_col-xs-2&#8243;][thememove_icon icon_fontawesome=&#8220;fa fa-phone&#8220; font_size=&#8220;18&#8243; font_color=&#8220;#111111&#8243;][\/vc_column_inner][vc_column_inner width=&#8220;5\/6&#8243; offset=&#8220;vc_col-xs-10&#8243;][vc_custom_heading text=&#8220;030 \/ 58 74 07 55 0&#8243; font_container=&#8220;tag:h2|font_size:20|text_align:left|color:%23111111&#8243; link=&#8220;url:tel%3A030%20%2F%2058%2074%2007%2055%200|||&#8220;][vc_custom_heading text=&#8220;info@reparatur24.berlin&#8220; font_container=&#8220;tag:p|font_size:14|text_align:left|color:%23111111&#8243; link=&#8220;url:mailto%3Ainfo%40reparatur24.berlin|||&#8220;][\/vc_column_inner][\/vc_row_inner][vc_row_inner el_class=&#8220;call-us&#8220;][vc_column_inner width=&#8220;1\/6&#8243; offset=&#8220;vc_col-xs-2&#8243;][thememove_icon icon_fontawesome=&#8220;fa fa-home&#8220; font_size=&#8220;18&#8243; font_color=&#8220;#111111&#8243;][\/vc_column_inner][vc_column_inner width=&#8220;5\/6&#8243; offset=&#8220;vc_col-xs-10&#8243;][vc_custom_heading text=&#8220;Brandenburgische Stra\u00dfe 77<br \/>\n10713 Berlin&#8220; font_container=&#8220;tag:p|font_size:14|text_align:left|color:%23111111&#8243;][\/vc_column_inner][\/vc_row_inner][\/vc_column][vc_column width=&#8220;2\/3&#8243;][vc_gmaps link=&#8220;#E-8_JTNDaWZyYW1lJTIwc3JjJTNEJTIyaHR0cHMlM0ElMkYlMkZ3d3cuZ29vZ2xlLmNvbSUyRm1hcHMlMkZlbWJlZCUzRnBiJTNEJTIxMW0xOCUyMTFtMTIlMjExbTMlMjExZDM4ODcyLjMxNTUyNDk2MjM5NiUyMTJkMTMuMjgyNzkzMDc2ODY4ODcyJTIxM2Q1Mi40ODc4MzExNzk4MDgxNSUyMTJtMyUyMTFmMCUyMTJmMCUyMTNmMCUyMTNtMiUyMTFpMTAyNCUyMTJpNzY4JTIxNGYxMy4xJTIxM20zJTIxMW0yJTIxMXMweDQ3YTg1MTEzNGI4YzMwMjklMjUzQTB4YjU4YTA5Zjc4NTI2ZDcwYiUyMTJzVGVjaG5pa0NlbnRlcjI0JTI1MjBVRyUyMTVlMCUyMTNtMiUyMTFzZGUlMjEyc2RlJTIxNHYxNjM2Mjg4Mzc0OTM3JTIxNW0yJTIxMXNkZSUyMTJzZGUlMjIlMjB3aWR0aCUzRCUyMjYwMCUyMiUyMGhlaWdodCUzRCUyMjQ1MCUyMiUyMHN0eWxlJTNEJTIyYm9yZGVyJTNBMCUzQiUyMiUyMGFsbG93ZnVsbHNjcmVlbiUzRCUyMiUyMiUyMGxvYWRpbmclM0QlMjJsYXp5JTIyJTNFJTNDJTJGaWZyYW1lJTNF&#8220;][contact-form-7 id=&#8220;5&#8243;][\/vc_column][\/vc_row][vc_row full_width=&#8220;stretch_row&#8220; el_class=&#8220;be-a-piece-of-us middle&#8220; css=&#8220;.vc_custom_1439191711650{margin-bottom: 0px !important;padding-top: 65px !important;padding-bottom: 68px !important;background-color: #eeeeee !important;}&#8220;][vc_column width=&#8220;1\/12&#8243; el_class=&#8220;center&#8220;][thememove_icon icon_fontawesome=&#8220;fa fa-users&#8220; font_size=&#8220;26&#8243; font_color=&#8220;#111111&#8243;][\/vc_column][vc_column width=&#8220;2\/3&#8243; el_class=&#8220;center-xs start-sm&#8220;][vc_custom_heading text=&#8220;Bewirb Dich heute und starte morgen.&#8220; font_container=&#8220;tag:h2|font_size:32|text_align:left|color:%231d2736&#8243; link=&#8220;url:http%3A%2F%2Freparatur24.berlin%2Fhaushalt%2Fjob-karriere%2F|||&#8220;][vc_column_text]Wir freuen uns, Dich in unserm Team begr\u00fc\u00dfen zu d\u00fcrfen, Werde Teil des Teams![\/vc_column_text][\/vc_column][vc_column width=&#8220;1\/4&#8243; el_class=&#8220;center&#8220;][\/vc_column][\/vc_row]<\/p>\n","protected":false},"excerpt":{"rendered":"<p>[vc_row full_width=&#8220;stretch_row_content_no_spaces&#8220;][vc_column width=&#8220;1\/4&#8243; css=&#8220;.vc_custom_1600885780072{border-top-width: 50px !important;border-left-width: 25px !important;padding-top: 50px !important;padding-left: 50px !important;background-color: #fbd232 !important;}&#8220;][vc_column_text css=&#8220;.vc_custom_1626105030558{padding-top: 35px !important;padding-bottom: 70px !important;padding-left: -30px !important;}&#8220;] Vor-Ort Kundendienst innerhalb von 24 Std. 24h-Hotline: \u00a0030 \/ 58 74 07 55 0 [\/vc_column_text][\/vc_column][vc_column width=&#8220;1\/4&#8243; css=&#8220;.vc_custom_1600885852196{background-color: #f4f4f4 !important;}&#8220;][vc_column_text css=&#8220;.vc_custom_1600885893305{padding-top: 25px !important;padding-bottom: 63px !important;}&#8220;] IHK-Mitglied und Ingenieurbetrieb mit \u00fcber 30 Jahre Erfahrung [\/vc_column_text][\/vc_column][vc_column width=&#8220;1\/4&#8243; [&hellip;]<\/p>\n","protected":false},"author":1,"featured_media":0,"parent":0,"menu_order":0,"comment_status":"closed","ping_status":"closed","template":"","meta":{"_uag_custom_page_level_css":"","site-sidebar-layout":"no-sidebar","site-content-layout":"plain-container","ast-site-content-layout":"default","site-content-style":"default","site-sidebar-style":"default","ast-global-header-display":"","ast-banner-title-visibility":"","ast-main-header-display":"","ast-hfb-above-header-display":"","ast-hfb-below-header-display":"","ast-hfb-mobile-header-display":"","site-post-title":"disabled","ast-breadcrumbs-content":"","ast-featured-img":"disabled","footer-sml-layout":"","ast-disable-related-posts":"","theme-transparent-header-meta":"","adv-header-id-meta":"","stick-header-meta":"","header-above-stick-meta":"","header-main-stick-meta":"","header-below-stick-meta":"","astra-migrate-meta-layouts":"default","ast-page-background-enabled":"default","ast-page-background-meta":{"desktop":{"background-color":"","background-image":"","background-repeat":"repeat","background-position":"center center","background-size":"auto","background-attachment":"scroll","background-type":"","background-media":"","overlay-type":"","overlay-color":"","overlay-opacity":"","overlay-gradient":""},"tablet":{"background-color":"","background-image":"","background-repeat":"repeat","background-position":"center center","background-size":"auto","background-attachment":"scroll","background-type":"","background-media":"","overlay-type":"","overlay-color":"","overlay-opacity":"","overlay-gradient":""},"mobile":{"background-color":"","background-image":"","background-repeat":"repeat","background-position":"center center","background-size":"auto","background-attachment":"scroll","background-type":"","background-media":"","overlay-type":"","overlay-color":"","overlay-opacity":"","overlay-gradient":""}},"ast-content-background-meta":{"desktop":{"background-color":"var(--ast-global-color-5)","background-image":"","background-repeat":"repeat","background-position":"center center","background-size":"auto","background-attachment":"scroll","background-type":"","background-media":"","overlay-type":"","overlay-color":"","overlay-opacity":"","overlay-gradient":""},"tablet":{"background-color":"var(--ast-global-color-5)","background-image":"","background-repeat":"repeat","background-position":"center center","background-size":"auto","background-attachment":"scroll","background-type":"","background-media":"","overlay-type":"","overlay-color":"","overlay-opacity":"","overlay-gradient":""},"mobile":{"background-color":"var(--ast-global-color-5)","background-image":"","background-repeat":"repeat","background-position":"center center","background-size":"auto","background-attachment":"scroll","background-type":"","background-media":"","overlay-type":"","overlay-color":"","overlay-opacity":"","overlay-gradient":""}},"footnotes":""},"class_list":["post-2777","page","type-page","status-publish","hentry"],"uagb_featured_image_src":{"full":false,"thumbnail":false,"medium":false,"medium_large":false,"large":false,"1536x1536":false,"2048x2048":false},"uagb_author_info":{"display_name":"samir","author_link":"https:\/\/reparatur24.berlin\/staging\/author\/samir\/"},"uagb_comment_info":0,"uagb_excerpt":"[vc_row full_width=&#8220;stretch_row_content_no_spaces&#8220;][vc_column width=&#8220;1\/4&#8243; css=&#8220;.vc_custom_1600885780072{border-top-width: 50px !important;border-left-width: 25px !important;padding-top: 50px !important;padding-left: 50px !important;background-color: #fbd232 !important;}&#8220;][vc_column_text css=&#8220;.vc_custom_1626105030558{padding-top: 35px !important;padding-bottom: 70px !important;padding-left: -30px !important;}&#8220;] Vor-Ort Kundendienst innerhalb von 24 Std. 24h-Hotline: \u00a0030 \/ 58 74 07 55 0 [\/vc_column_text][\/vc_column][vc_column width=&#8220;1\/4&#8243; css=&#8220;.vc_custom_1600885852196{background-color: #f4f4f4 !important;}&#8220;][vc_column_text css=&#8220;.vc_custom_1600885893305{padding-top: 25px !important;padding-bottom: 63px !important;}&#8220;] IHK-Mitglied und Ingenieurbetrieb mit \u00fcber 30 Jahre Erfahrung [\/vc_column_text][\/vc_column][vc_column width=&#8220;1\/4&#8243;&hellip;","_links":{"self":[{"href":"https:\/\/reparatur24.berlin\/staging\/wp-json\/wp\/v2\/pages\/2777","targetHints":{"allow":["GET"]}}],"collection":[{"href":"https:\/\/reparatur24.berlin\/staging\/wp-json\/wp\/v2\/pages"}],"about":[{"href":"https:\/\/reparatur24.berlin\/staging\/wp-json\/wp\/v2\/types\/page"}],"author":[{"embeddable":true,"href":"https:\/\/reparatur24.berlin\/staging\/wp-json\/wp\/v2\/users\/1"}],"replies":[{"embeddable":true,"href":"https:\/\/reparatur24.berlin\/staging\/wp-json\/wp\/v2\/comments?post=2777"}],"version-history":[{"count":1,"href":"https:\/\/reparatur24.berlin\/staging\/wp-json\/wp\/v2\/pages\/2777\/revisions"}],"predecessor-version":[{"id":10256,"href":"https:\/\/reparatur24.berlin\/staging\/wp-json\/wp\/v2\/pages\/2777\/revisions\/10256"}],"wp:attachment":[{"href":"https:\/\/reparatur24.berlin\/staging\/wp-json\/wp\/v2\/media?parent=2777"}],"curies":[{"name":"wp","href":"https:\/\/api.w.org\/{rel}","templated":true}]}}