{"id":2766,"date":"2017-11-02T23:21:01","date_gmt":"2017-11-02T22:21:01","guid":{"rendered":"http:\/\/reparatur24.berlin\/haushalt\/?page_id=2766"},"modified":"2026-04-18T01:22:10","modified_gmt":"2026-04-18T00:22:10","slug":"ceranfeld-reparatur","status":"publish","type":"page","link":"https:\/\/reparatur24.berlin\/staging\/ceranfeld-reparatur\/","title":{"rendered":"Ceranfeld Reparatur"},"content":{"rendered":"<p>[vc_row][vc_column width=&#8220;5\/6&#8243;][vc_column_text]<\/p>\n<h1><strong>Ceranfeld\/ Kochfeld Reparatur Berlin<\/strong><\/h1>\n<p>&nbsp;<\/p>\n<h2 class=\"western\"><span style=\"font-size: medium\">und 20 km im Berliner Umland<\/span><\/h2>\n<p>Ist Ihr Ceranfeld gesprungen oder gerissen? Wir bieten einen seri\u00f6sen und kompetenten Service f\u00fcr Ihre Ceranfeld bzw. Ihre Glaskeramik Kochfl\u00e4che, Induktionskochfelder und Elektroherd. Wir bieten f\u00fcr Sie sehr seri\u00f6sen und kompetenten Service. Wir stehen Ihnen gerne und schnell zur Verf\u00fcgung[\/vc_column_text][thememove_button text=&#8220;Tel.: 030 \/ 58 74 07 55 0&#8243; link=&#8220;url:tel%3A030%20%2F%2058%2074%2007%2055%200|||&#8220;][\/vc_column][\/vc_row][vc_row][vc_column width=&#8220;2\/3&#8243;][vc_column_text]Halten Sie bei einem Anruf bitte die folgenden Informationen f\u00fcr unseren Mitarbeiter\/innen bereit:<\/p>\n<ul>\n<li>um welches Markenfabrikat handelt es sich?<\/li>\n<li>z.B. : Siemens, Miele, Bosch, Bauknecht, AEG, etc.<\/li>\n<li>k\u00f6nnen Sie uns die Fabrikationsnummer\/<a href=\"https:\/\/de.wikipedia.org\/wiki\/Typenschild#Beispiele\" target=\"_blank\" rel=\"noopener\"> Ger\u00e4tenummer <\/a>nennen?<\/li>\n<li>kurze Beschreibung der St\u00f6rung<\/li>\n<li>Name, Anschrift und Kontaktdaten<\/li>\n<li>Ihre R\u00fcckrufnummer und Erreichbarkeit<\/li>\n<\/ul>\n<p>Mit diesen ersten Hinweisen ist es uns m\u00f6glich den Schaden bereits grob einzuordnen und k\u00f6nnen einen ma\u00dfgeschneiderten Reparaturplan anfertigen. Erforderliche Ersatzteile werden vorab beschafft und Besonderheiten Ihres Haushaltsger\u00e4tes abgekl\u00e4rt. Dies alles dient der schnellstm\u00f6glichen und reibungslosen Reparatur Ihres Haushaltsger\u00e4tes.<\/p>\n<p><strong>Ceranfeld heizt nicht richtig, was tun?<\/strong><\/p>\n<p>Wenn die Herdplatte nicht mehr richtig heizt, pr\u00fcfen Sie zun\u00e4chst die Sicherungen. Sind alle Sicherungen intakt, k\u00f6nnen der Heizwiderstand oder die Halogenstrahler defekt sein.<\/p>\n<h2 class=\"western\">Anfahrt, Diagnose &amp; Kostenangebot nur 16,- Euro<\/h2>\n<p>Um Ihnen den genauen Fehler und einen Kostenvoranschlag nennen zu k\u00f6nnen, empfehlen wir Ihnen den Vor\u2013Ort\u2013Service. Dann kommt unserer Techniker zum \u00dcberpr\u00fcfen des Ger\u00e4tes direkt zu Ihnen. Er analysiert den Fehler, erstellt ein Angebot und ber\u00e4t Sie zur Wirtschaftlichkeit einer Reparatur. F\u00fcr diesen Service berechnen wir in Berlin und 20km Umgebung eine einheitliche Anfahrtspauschale von nur 16,- Euro. Rufen Sie uns an und wir finden schnellstm\u00f6glich einen passenden Termin:<\/p>\n<p><strong>Das Kochfeld Funktioniert nicht, was tun?<\/strong><\/p>\n<p>Bei \u00e4lteren Ceranfeldern wurden noch mechanische Schalter verbaut. Es kann sein, dass durch Reinigung oder durch die st\u00e4ndige Benutzung der Mechanismus der Schalter verstellt wurde.<\/p>\n<h2 class=\"western\">Kundendienst erst nach Ablauf der Hersteller Garantiezeit<\/h2>\n<p>Unser Kundendienst ist ein freier &amp; unabh\u00e4ngiger Reparaturdienst. Das heisst kein Werkskundendienst einer der hier genannten Marken. Deshalb nehmen wir Auftr\u00e4ge nur nach Ablauf der vom Hersteller \u00fcbernommenen Garantiezeit an. Dies sind bei vielen Herstellern 2 Jahre. Erst nach dieser Zeit sind wir f\u00fcr Sie zust\u00e4ndig.<\/p>\n<p><strong>Das Kochfeld gibt einen Stromschlag bei Ber\u00fchrung, was tun?<br \/>\n<\/strong>Das Kochfeld muss zwingend an eine geerdete Steckdose angeschlossen werden, ist es nicht sachgem\u00e4\u00df richtig angeschlossen wird der Strom nicht ordnungsgem\u00e4\u00df abgeleitet. Weiteres Problem k\u00f6nnte die Fl\u00fc\u00dfigkeit sein, die unter die Kochfl\u00e4chen eindringt und die elektrischen Dr\u00e4hte besch\u00e4digt.<\/p>\n<h2 class=\"western\">Ceranfeld Reparatur Berlin<\/h2>\n<p>Ihr Ceranfeld oder Backofen ist defekt und Sie wollen eine sofortige Beratung oder Hilfe bei der Installation? Dann stehen wir gerne zu Ihrer Verf\u00fcgung! Wir sind f\u00fcr Sie da um die verschiedensten Arten von Ger\u00e4ten zu reparieren. Ob es sich dabei um ein Ceranfeld, Induktionskochfeld, einen Elektroherd, Backofen eine Mikrowelle oder Wei\u00dfe Ware handelt ist dabei egal.<\/p>\n<p><b>Wir bieten Ihnen:<\/b><\/p>\n<ul>\n<li>g\u00fcnstige Beschaffung besch\u00e4digter Teile<\/li>\n<li>auch von \u00e4lteren Modellen<\/li>\n<li>zum Beispiel: Glaskeramikfl\u00e4che, Heizk\u00f6rper, Platinen usw.<\/li>\n<li>Ersatzteile vieler g\u00e4ngiger Marken<\/li>\n<li>zum Beispiel: AEG, Bauknecht, Best Cook etc.<\/li>\n<li>Lieferung und Austausch kompletter Kochfelder egal ob<\/li>\n<li>herdgebunden, autark, Induktion oder \u00fcbergro\u00dfe Ausf\u00fchrung.<\/li>\n<li>Schneller und kompetenter Vor-Ort-Einbau sowie Sicherheits- und Funktionskontrolle durch unsere elektrotechnischen Fachkr\u00e4fte<\/li>\n<li>Reparatur aller Sch\u00e4den an Ceranglas sowie Backofenglas.<\/li>\n<li>Komplett-Service f\u00fcr \u201eIhren\u201c Versicherungsnehmer\/ Anspruchsteller<\/li>\n<li>auf Wunsch auch Bewertung des Schadens anhand der Aktenlage<\/li>\n<\/ul>\n<p>F\u00fcr unsere Anfahrt &amp; unseren Kostenvoranschlag wird eine Pauschale von 16 \u20ac berechnet.<\/p>\n<h3 class=\"western\">16 \u20ac die es sich lohnt in Ihr Ger\u00e4t zu investieren.<\/h3>\n<p>&nbsp;<\/p>\n<p>Falls Sie mehr zu unseren Elektroherd Reparaturen wissen wollen einfach hier Klicken ![\/vc_column_text][thememove_button text=&#8220;Elektroherd Reparaturen&#8220; link=&#8220;url:https%3A%2F%2Freparatur24.berlin%2Fstaging%2Felektroherd-reparatur%2F|||&#8220;][\/vc_column][vc_column width=&#8220;1\/3&#8243;][vc_column_text]<\/p>\n<div class=\"wpb_text_column wpb_content_element \">\n<div class=\"wpb_wrapper\">\n<p class=\"p1\"><b>Sie finden uns hier:<\/b><\/p>\n<p class=\"p2\"><b>Kundendienst in Berlin &amp; Umland<\/b><br \/>\nBrandenburgische Stra\u00dfe 77<br \/>\n10713 Berlin<br \/>\nTelefon: <strong><span class=\"s1\">030 \/ 58 74 07 55 0<\/span><\/strong><\/p>\n<p class=\"p2\"><b>Unsere \u00d6ffnungszeiten:<\/b><br \/>\nMo \u2013 Fr: 07:00 \u2013 20:00 Uhr<br \/>\nSa: 10:00 \u2013 14:00 Uhr<\/p>\n<p class=\"p3\"><span class=\"s1\"><a href=\"https:\/\/reparatur24.berlin\/staging\/impressum\/\">Impressum<\/a><\/span><\/p>\n<p class=\"p1\"><b>\u00a0<\/b><\/p>\n<p class=\"p1\"><b>Wir reparieren:<\/b><\/p>\n<p class=\"p3\"><span class=\"s1\"><a href=\"https:\/\/reparatur24.berlin\/staging\/waschmaschinen-reparatur\/\">Waschmaschinen<\/a><\/span><\/p>\n<p class=\"p3\"><span class=\"s1\"><a href=\"https:\/\/reparatur24.berlin\/staging\/waeschetrockner-reparatur\/\">W\u00e4schetrockner<\/a><\/span><\/p>\n<p class=\"p3\"><span class=\"s1\"><a href=\"https:\/\/reparatur24.berlin\/staging\/waschtrockner-reparatur-berlin\/\">Waschtrockner<\/a><\/span><\/p>\n<p class=\"p3\"><span class=\"s1\"><a href=\"https:\/\/reparatur24.berlin\/staging\/geschirrspueler-reparatur\/\">Geschirrsp\u00fcler<\/a><\/span><\/p>\n<p class=\"p3\"><span class=\"s1\"><a href=\"https:\/\/reparatur24.berlin\/staging\/elektroherd-reparatur\/\">Elektroherde<\/a><\/span><\/p>\n<p class=\"p3\"><span class=\"s1\"><a href=\"https:\/\/reparatur24.berlin\/staging\/kaffeevollautomaten-reparatur-in-berlin\/\">Kaffeevollautomaten<\/a><\/span><\/p>\n<p class=\"p1\"><b>\u00a0<\/b><\/p>\n<p class=\"p1\"><b>Reparatur-Garantie:<\/b><\/p>\n<p class=\"p2\">Wir arbeiten gewissenhaft, kompetent und kosteng\u00fcnstig mit einer <b>Garantie von 24 Monaten<\/b>.<br \/>\nUnsere Kunden wissen das sehr zu sch\u00e4tzen.<\/p>\n<p class=\"p1\"><b>\u00a0<\/b><\/p>\n<p class=\"p1\"><b>Unsere Leistungen:<\/b><\/p>\n<ul class=\"ul1\">\n<li class=\"li2\">24 Stunden Notdienst<\/li>\n<li class=\"li2\">Reparaturen nach der Hersteller Garantiezeit<\/li>\n<li class=\"li2\">unsere Reparaturgarantie von 24 Monaten<\/li>\n<li class=\"li2\">Wartungsservice aller Art<\/li>\n<li class=\"li2\">Fachberatung f\u00fcr Qualit\u00e4tsware<\/li>\n<li class=\"li2\">Neukauf, wenn Reparatur unwirtschaftlich<\/li>\n<li class=\"li2\">Entsorgung von Altger\u00e4ten<\/li>\n<li class=\"li2\">Lieferung zu Ihnen nach Hause<\/li>\n<li class=\"li2\">Anschluss &amp; Installation<\/li>\n<li class=\"li2\">pers\u00f6nlicher Kundendienst<\/li>\n<\/ul>\n<p class=\"p1\"><b>\u00a0<\/b><\/p>\n<p class=\"p1\"><b>Zentrale Berlin &amp; Umland<\/b><\/p>\n<p class=\"p2\">Anfahrt &amp; Kostenvoranschlag 16 \u20ac<\/p>\n<\/div>\n<\/div>\n<p>&nbsp;[\/vc_column_text][thememove_button text=&#8220;Jetzt Anrufen !&#8220; link=&#8220;url:tel%3A030%2F587407550|||&#8220;][\/vc_column][\/vc_row][vc_row][vc_column][vc_column_text]<strong>Anfahrt, Diagnose &amp; Kostenangebot nur 16,- Euro<\/strong><\/p>\n<p>Empfehlenswert ist unser Vor- Ort- Service. Der Techniker untersucht bei Ihnen zu Hause gr\u00fcndlich das Ger\u00e4t auf Fehler und erstellt ein Angebot. Dabei wird dann auch besprochen ob sich die Reparatur \u00fcberhaupt noch lohnt. Dieser Service wird mit einer Anfahrtspauschale von nur 16,- Euro berechnet. Rufen Sie uns an um schnellstm\u00f6glich einen passenden Termin zu finden.<\/p>\n<p><strong>Kundendienst nur nach Ablauf der Hersteller Garantiezeit<\/strong><\/p>\n<p>Unser Kundendienst ist ein freier und unabh\u00e4ngiger Reparaturdienst und nicht der Werkskundendienst. Deshalb nehmen wir Auftr\u00e4ge nur nach Ablauf der vom Hersteller \u00fcbernommenen Garantiezeit an. Dies ist bei vielen Herstellern 2 Jahre. Erst nach dieser Zeit sind wir f\u00fcr Sie zust\u00e4ndig.<\/p>\n<p><strong>Vor-Ort-Reparatur und Werkstatt Service in Berlin<\/strong><\/p>\n<p>N\u00f6tige Ersatzteile und Spezialwerkzeug haben unsere Techniker dabei, um den Fehler Ihres Ger\u00e4tes vor Ort reparieren zu k\u00f6nnen.<\/p>\n<p>Unsere Techniker werden den Fehler vor Ort reparieren. Hierf\u00fcr haben wir n\u00f6tige Ersatzteile und Spezialwerkzeug dabei. In dem Fall das eine Reparaturarbeit zu viel Zeit beansprucht oder der Platz nicht ausreicht haben wir die M\u00f6glichkeit das Ger\u00e4t in unserer hauseigenen Werkstatt in Berlin zu reparieren. Dort haben die Techniker Arbeitsabl\u00e4ufe optimiert und k\u00f6nnen den Fehler schneller beheben. Die Abholung und Lieferung ist in unseren Angeboten stets enthalten. Sie brauchen bei uns also keine Angst vor versteckten Kosten zu haben.<\/p>\n<p>Halten Sie bei einem R\u00fcckruf auf jeden Fall die folgenden Informationen zu Ihrem Haushaltsger\u00e4t bereit, denn dadurch kann eine erste Fehlerdiagnose bereits am Telefon erstellt werden.<\/p>\n<p><strong>Wichtige Daten f\u00fcr unseren Reparaturservice:<\/strong><\/p>\n<ul>\n<li>um welche Marke (Siemens, Miele, Bosch, Bauknecht, AEG, etc.) handelt es sich?<\/li>\n<li>k\u00f6nnen Sie uns eine\u00a0Fabrikationsnummer\/\u00a0<a href=\"https:\/\/de.wikipedia.org\/wiki\/Typenschild#Beispiele\" target=\"_blank\" rel=\"noopener\">Ger\u00e4tenummer\u00a0<\/a>nennen?<\/li>\n<li>kurze Beschreibung der St\u00f6rung<\/li>\n<li>Name, Anschrift und Kontaktdaten<\/li>\n<li>Ihre Telefonnummer und Erreichbarkeit<\/li>\n<\/ul>\n<p>Anhand diesen Informationen k\u00f6nnen wir den Defekt erstmals einordnen und einen passenden Reparaturplan erstellen. Erforderliche Ersatzteile sowie Besonderheiten lassen sich so kl\u00e4ren.<\/p>\n<p>Mit diesen ersten Hinweisen kann ein Defekt eingeordnet werden. Dadurch kann eine passende Reparatur geplant werden. Auch erforderlichen Ersatzteilen sowie Besonderheiten Ihres Ger\u00e4tes lassen sich so kl\u00e4ren.<\/p>\n<p>Wir freuen uns auf Ihre Anrufe oder E-Mails. Ihr Reparatur24.Berlin Team![\/vc_column_text][\/vc_column][\/vc_row][vc_row css=&#8220;.vc_custom_1443177632481{margin-bottom: 70px !important;}&#8220;][vc_column width=&#8220;1\/3&#8243;][vc_row_inner css=&#8220;.vc_custom_1443496397223{margin-bottom: -10px !important;}&#8220;][vc_column_inner el_class=&#8220;hot-line&#8220;][vc_column_text]<img loading=\"lazy\" decoding=\"async\" class=\"alignnone\" src=\"https:\/\/renovation.thememove.com\/data\/images\/contact-hot-line.jpg\" alt=\"\" width=\"370\" height=\"250\" \/>[\/vc_column_text][vc_column_text]<\/p>\n<h4>24\/7 HOTLINE<\/h4>\n<h4 class=\"p1\"><strong><span class=\"s1\">030 \/ 58 74 07 55 0<\/span><\/strong><\/h4>\n<p>[\/vc_column_text][\/vc_column_inner][\/vc_row_inner][vc_column_text]Wir sind von Montag bis Samstag in der Zeit von 7 bis 22 Uhr f\u00fcr Sie erreichbar.<br \/>\nSenden Sie Ihre Anfrage bitte mit Hilfe des unten folgenden Formulars, oder rufen Sie uns ganz unkompliziert an!<br \/>\nNat\u00fcrlich k\u00f6nnen Sie auch gerne in unseren Laden in der Brandenburgische Stra\u00dfe 77, in 10713 Berlin-Wilmersdorf vorbeikommen.[\/vc_column_text][vc_row_inner css=&#8220;.vc_custom_1443177442599{margin-bottom: 20px !important;}&#8220; el_class=&#8220;call-us&#8220;][vc_column_inner width=&#8220;1\/6&#8243; offset=&#8220;vc_col-xs-2&#8243;][thememove_icon icon_fontawesome=&#8220;fa fa-phone&#8220; font_size=&#8220;18&#8243; font_color=&#8220;#111111&#8243;][\/vc_column_inner][vc_column_inner width=&#8220;5\/6&#8243; offset=&#8220;vc_col-xs-10&#8243;][vc_custom_heading text=&#8220;030 \/ 58 74 07 55 0&#8243; font_container=&#8220;tag:h2|font_size:20|text_align:left|color:%23111111&#8243; link=&#8220;url:tel%3A030%20%2F%2058%2074%2007%2055%200|||&#8220;][vc_custom_heading text=&#8220;info@reparatur24.berlin&#8220; font_container=&#8220;tag:p|font_size:14|text_align:left|color:%23111111&#8243;][\/vc_column_inner][\/vc_row_inner][vc_row_inner el_class=&#8220;call-us&#8220;][vc_column_inner width=&#8220;1\/6&#8243; offset=&#8220;vc_col-xs-2&#8243;][thememove_icon icon_fontawesome=&#8220;fa fa-home&#8220; font_size=&#8220;18&#8243; font_color=&#8220;#111111&#8243;][\/vc_column_inner][vc_column_inner width=&#8220;5\/6&#8243; offset=&#8220;vc_col-xs-10&#8243;][vc_custom_heading text=&#8220;Brandenburgische Stra\u00dfe 77<br \/>\n10713 Berlin&#8220; font_container=&#8220;tag:p|font_size:14|text_align:left|color:%23111111&#8243;][\/vc_column_inner][\/vc_row_inner][\/vc_column][vc_column width=&#8220;2\/3&#8243;][contact-form-7 id=&#8220;5&#8243;][thememove_gmaps address=&#8220;Brandenburgische Stra\u00dfe 77 10713 Berlin&#8220; map_style=&#8220;style2&#8243;][\/thememove_gmaps][\/vc_column][\/vc_row][vc_row full_width=&#8220;stretch_row&#8220; el_class=&#8220;be-a-piece-of-us middle&#8220; css=&#8220;.vc_custom_1439191711650{margin-bottom: 0px !important;padding-top: 65px !important;padding-bottom: 68px !important;background-color: #eeeeee !important;}&#8220;][vc_column width=&#8220;1\/12&#8243; el_class=&#8220;center&#8220;][thememove_icon icon_fontawesome=&#8220;fa fa-users&#8220; font_size=&#8220;26&#8243; font_color=&#8220;#111111&#8243;][\/vc_column][vc_column width=&#8220;2\/3&#8243; el_class=&#8220;center-xs start-sm&#8220;][vc_custom_heading text=&#8220;Bewirb Dich heute und starte morgen.&#8220; font_container=&#8220;tag:h2|font_size:32|text_align:left|color:%231d2736&#8243; link=&#8220;url:http%3A%2F%2Freparatur24.berlin%2Fhaushalt%2Fjob-karriere%2F|||&#8220;][vc_column_text]Wir freuen uns, Dich in unserm Team begr\u00fc\u00dfen zu d\u00fcrfen, werde Teil des Teams![\/vc_column_text][\/vc_column][vc_column width=&#8220;1\/4&#8243; el_class=&#8220;center&#8220;][\/vc_column][\/vc_row]<\/p>\n","protected":false},"excerpt":{"rendered":"<p>[vc_row][vc_column width=&#8220;5\/6&#8243;][vc_column_text] Ceranfeld\/ Kochfeld Reparatur Berlin &nbsp; und 20 km im Berliner Umland Ist Ihr Ceranfeld gesprungen oder gerissen? Wir bieten einen seri\u00f6sen und kompetenten Service f\u00fcr Ihre Ceranfeld bzw. Ihre Glaskeramik Kochfl\u00e4che, Induktionskochfelder und Elektroherd. Wir bieten f\u00fcr Sie sehr seri\u00f6sen und kompetenten Service. Wir stehen Ihnen gerne und schnell zur Verf\u00fcgung[\/vc_column_text][thememove_button text=&#8220;Tel.: 030 [&hellip;]<\/p>\n","protected":false},"author":1,"featured_media":0,"parent":0,"menu_order":0,"comment_status":"closed","ping_status":"closed","template":"","meta":{"_uag_custom_page_level_css":"","site-sidebar-layout":"no-sidebar","site-content-layout":"plain-container","ast-site-content-layout":"default","site-content-style":"default","site-sidebar-style":"default","ast-global-header-display":"","ast-banner-title-visibility":"","ast-main-header-display":"","ast-hfb-above-header-display":"","ast-hfb-below-header-display":"","ast-hfb-mobile-header-display":"","site-post-title":"disabled","ast-breadcrumbs-content":"","ast-featured-img":"disabled","footer-sml-layout":"","ast-disable-related-posts":"","theme-transparent-header-meta":"","adv-header-id-meta":"","stick-header-meta":"","header-above-stick-meta":"","header-main-stick-meta":"","header-below-stick-meta":"","astra-migrate-meta-layouts":"default","ast-page-background-enabled":"default","ast-page-background-meta":{"desktop":{"background-color":"","background-image":"","background-repeat":"repeat","background-position":"center center","background-size":"auto","background-attachment":"scroll","background-type":"","background-media":"","overlay-type":"","overlay-color":"","overlay-opacity":"","overlay-gradient":""},"tablet":{"background-color":"","background-image":"","background-repeat":"repeat","background-position":"center center","background-size":"auto","background-attachment":"scroll","background-type":"","background-media":"","overlay-type":"","overlay-color":"","overlay-opacity":"","overlay-gradient":""},"mobile":{"background-color":"","background-image":"","background-repeat":"repeat","background-position":"center center","background-size":"auto","background-attachment":"scroll","background-type":"","background-media":"","overlay-type":"","overlay-color":"","overlay-opacity":"","overlay-gradient":""}},"ast-content-background-meta":{"desktop":{"background-color":"var(--ast-global-color-5)","background-image":"","background-repeat":"repeat","background-position":"center center","background-size":"auto","background-attachment":"scroll","background-type":"","background-media":"","overlay-type":"","overlay-color":"","overlay-opacity":"","overlay-gradient":""},"tablet":{"background-color":"var(--ast-global-color-5)","background-image":"","background-repeat":"repeat","background-position":"center center","background-size":"auto","background-attachment":"scroll","background-type":"","background-media":"","overlay-type":"","overlay-color":"","overlay-opacity":"","overlay-gradient":""},"mobile":{"background-color":"var(--ast-global-color-5)","background-image":"","background-repeat":"repeat","background-position":"center center","background-size":"auto","background-attachment":"scroll","background-type":"","background-media":"","overlay-type":"","overlay-color":"","overlay-opacity":"","overlay-gradient":""}},"footnotes":""},"class_list":["post-2766","page","type-page","status-publish","hentry"],"uagb_featured_image_src":{"full":false,"thumbnail":false,"medium":false,"medium_large":false,"large":false,"1536x1536":false,"2048x2048":false},"uagb_author_info":{"display_name":"samir","author_link":"https:\/\/reparatur24.berlin\/staging\/author\/samir\/"},"uagb_comment_info":0,"uagb_excerpt":"[vc_row][vc_column width=&#8220;5\/6&#8243;][vc_column_text] Ceranfeld\/ Kochfeld Reparatur Berlin &nbsp; und 20 km im Berliner Umland Ist Ihr Ceranfeld gesprungen oder gerissen? Wir bieten einen seri\u00f6sen und kompetenten Service f\u00fcr Ihre Ceranfeld bzw. Ihre Glaskeramik Kochfl\u00e4che, Induktionskochfelder und Elektroherd. Wir bieten f\u00fcr Sie sehr seri\u00f6sen und kompetenten Service. Wir stehen Ihnen gerne und schnell zur Verf\u00fcgung[\/vc_column_text][thememove_button text=&#8220;Tel.: 030&hellip;","_links":{"self":[{"href":"https:\/\/reparatur24.berlin\/staging\/wp-json\/wp\/v2\/pages\/2766","targetHints":{"allow":["GET"]}}],"collection":[{"href":"https:\/\/reparatur24.berlin\/staging\/wp-json\/wp\/v2\/pages"}],"about":[{"href":"https:\/\/reparatur24.berlin\/staging\/wp-json\/wp\/v2\/types\/page"}],"author":[{"embeddable":true,"href":"https:\/\/reparatur24.berlin\/staging\/wp-json\/wp\/v2\/users\/1"}],"replies":[{"embeddable":true,"href":"https:\/\/reparatur24.berlin\/staging\/wp-json\/wp\/v2\/comments?post=2766"}],"version-history":[{"count":1,"href":"https:\/\/reparatur24.berlin\/staging\/wp-json\/wp\/v2\/pages\/2766\/revisions"}],"predecessor-version":[{"id":10196,"href":"https:\/\/reparatur24.berlin\/staging\/wp-json\/wp\/v2\/pages\/2766\/revisions\/10196"}],"wp:attachment":[{"href":"https:\/\/reparatur24.berlin\/staging\/wp-json\/wp\/v2\/media?parent=2766"}],"curies":[{"name":"wp","href":"https:\/\/api.w.org\/{rel}","templated":true}]}}