{"id":2749,"date":"2017-11-02T22:36:15","date_gmt":"2017-11-02T21:36:15","guid":{"rendered":"http:\/\/reparatur24.berlin\/haushalt\/?page_id=2749"},"modified":"2026-04-15T12:47:02","modified_gmt":"2026-04-15T11:47:02","slug":"backofen-reparatur-2","status":"publish","type":"page","link":"https:\/\/reparatur24.berlin\/staging\/backofen-reparatur-2\/","title":{"rendered":"Backofen Reparatur"},"content":{"rendered":"<p>[vc_row][vc_column][thememove_button text=&#8220;Tel.: 030 \/ 58 74 07 55 0&#8243; link=&#8220;url:tel%3A030%20%2F%2058%2074%2007%2055%200|||&#8220;][vc_column_text]<\/p>\n<h1><span style=\"font-size: large\">Backofen Reparatur<\/span><\/h1>\n<p>Wir sind Ihr richtiger Ansprechpartner wenn Ihr Backofen nicht mehr wie gel\u00e4ufig funktioniert. Unsere Techniker sind ideal geschult und nehmen sich den Problemen Ihres Backofens, Elektroherdes und Kochbereiche fachgerecht und verantwortungsvoll an. Die Maschine wird w\u00e4hrend Ihnen daraufhin analysiert und schaffbare M\u00e4ngel und Sch\u00e4den z\u00fcgig vor Ort behoben.<br \/>\nElektroherd E-Herd Reparaturen Berlin[\/vc_column_text][vc_single_image image=&#8220;2728&#8243; img_size=&#8220;medium&#8220;][\/vc_column][\/vc_row][vc_row][vc_column width=&#8220;2\/3&#8243;][vc_column_text]<\/p>\n<h2>Anfahrt, Diagnose &amp; Kostenangebot blo\u00df 16,- Euro<\/h2>\n<p>Empfehlenswert ist unser Vor- Ort- Service. Der Techniker analysiert innerhalb Ihnen Daheim gr\u00fcndlich die Ger\u00e4tschaft auf Fehlleistungen und erstellt ein Angebot. Derweil wird anschlie\u00dfend gleichfalls besprochen ob sich die Reparatur allumfassend noch lohnt. Dieser Service wird mit einer Anfahrtspauschale von allein 16,- \u20ac ermittelt. Rufen Sie uns an um schnellstm\u00f6glich einen stimmigen Termin zu finden.<\/p>\n<p><strong>Backoffen funktioniert nicht, was tun?<\/strong><\/p>\n<p>Pr\u00fcfen Sie zuerst die Stromversorgung. Wenn der Backoffen nicht mehr heizt k\u00f6nnten folgende Fehler die Ursache sein:<\/p>\n<ul>\n<li>Das T\u00fcrschloss<\/li>\n<li>Der einstellbare Thermostat<\/li>\n<li>Der Temperaturf\u00fchler<\/li>\n<li>Der Sicherheitsthermostat<\/li>\n<li>Die Unterhitzewiderstand<\/li>\n<\/ul>\n<h2>Kundendienst ausschlie\u00dflich nach Ablauf der Erzeuger Garantiezeit<\/h2>\n<p>Unser Kundendienst ist ein freier und unabh\u00e4ngiger Reparaturdienst und nicht der Werkskundendienst. Aus diesem Grund nehmen wir Auftr\u00e4ge lediglich nach Ablauf der vom Erzeuger \u00fcbernommenen Garantiezeit an. Dies ist im Zuge vielen Produzenten 2 Jahre. Erst nach solcher Zeit sind wir f\u00fcr Sie verantwortlich.<\/p>\n<p><strong>Der Hei\u00dfluftventilator\/ Umluft funktioniert nicht, was tun?<br \/>\n<\/strong>Der h\u00e4ufigste Grund f\u00fcr einen defekten Ventilator ist ein defektes Thermostat, dadurch kann der Backofen nicht heizen und der Ventilator dreht sich nicht. Ein weiteres Problem k\u00f6nnte die Steuerplatine oder Steuerelektronik sein. Die steuert die Funktionen eines Backofens wie Umluftmotor, Heizwiderst\u00e4nde und ebenso Ventilator.<\/p>\n<h3>Vor-Ort-Reparatur und Werkstatt Service in Berlin<\/h3>\n<p>N\u00f6tige Ersatzteile und Spezialwerkzeug haben unsere Techniker in diesem Fall, um den Fauxpas Ihres Ger\u00e4tes vor Ort reparieren zu k\u00f6nnen.<\/p>\n<p>Unsere Techniker werden den Irrt\u00fcmer vor Ort reparieren. Daf\u00fcr haben wir notwendige Ersatzteile und Spezialwerkzeug hierbei. In dem Fall das eine Reparaturarbeit zu reichlich Zeit beansprucht oder der Platz nicht ausreicht haben wir die Chance die Ger\u00e4tschaft in unserer hauseigenen Werkstatt in der Bundeshauptstadt zu reparieren. Dort haben die Techniker Arbeitsabl\u00e4ufe novelliert und k\u00f6nnen den Fehlleistungen schneller beheben. Die Abholung und Lieferung ist in unseren Offerten fortlaufend enthalten. Sie ben\u00f6tigen innerhalb uns also keine Angst vor versteckten Aufwendungen zu haben.<\/p>\n<p><strong>Der Backofen-L\u00fcfter l\u00e4uft ununterbrochen weiter, was tun?<br \/>\n<em>Es kommen f\u00fcr die St\u00f6rung folgende Ursachen in Betracht:<br \/>\n<\/em><\/strong>&#8211; Der Temperaturf\u00fchler<\/p>\n<p>&#8211; Der einstellbare Thermostat<\/p>\n<p>&#8211; Der L\u00fcfter-Thermostat<br \/>\n&#8211; Der Programmschalter<\/p>\n<p>&#8211; Die Steuerplatine<\/p>\n<h2>Backofen Reparatur Berlin<\/h2>\n<p>Wir sind f\u00fcr Sie da wenn es um die Reparatur Ihres Backofens, Elektroherd oder Kochbereiche geht. Wir stehen Ihnen rasch zur Auswahl und funktionieren pflichtbewusst und billig. Gleichfalls f\u00fcr eine Beratung oder Einrichtung k\u00f6nnen Sie uns gerne Kontaktieren. Ganz egal ob es sich um einen Elektroherd, Backofen, eine Mikrowelle, ein Ceran- oder Induktionskochfeld handelt.<\/p>\n<p><strong><em>Der Backofen brummt, knistert oder raselt? Es kommen f\u00fcr die St\u00f6rung folgende Ursachen:<\/em><\/strong><br \/>\n&#8211; Das Fl\u00fcgelrad des Umluftsgebl\u00e4se hat sich blockiert oder ist besch\u00e4digt<\/p>\n<p>&#8211; Der K\u00fchlventilator ist besch\u00e4digt<br \/>\n&#8211; Die Bleche sind schlecht festgeschraubt<\/p>\n<p>&#8211; Die T\u00fcrsicherung oder die Steuerplatine sind defekt<\/p>\n<p>&nbsp;<\/p>\n<p>&nbsp;<\/p>\n<p>Kochger\u00e4te die wir reparieren:<\/p>\n<p><a href=\"https:\/\/reparatur24.berlin\/staging\/elektroherd-reparatur\/\">Elektroherde<\/a><br \/>\n<a href=\"https:\/\/reparatur24.berlin\/staging\/backofen-reparatur\/\">Backofen<\/a><br \/>\n<a href=\"https:\/\/reparatur24.berlin\/staging\/induktionskochfeld-reparatur\/\">Induktionskochfelder<\/a><br \/>\n<a href=\"https:\/\/reparatur24.berlin\/staging\/induktionskochfeld-reparatur\/\">Cerankochfelder<\/a><br \/>\n<a href=\"https:\/\/reparatur24.berlin\/staging\/einbaumikrowelle-reparaturen\/\">Einbau Mikrowellen<\/a><\/p>\n<p>Wir bieten Ihnen eine kompetente Reparatur und seri\u00f6sen Service f\u00fcr ebendiese Apparate an. Vereinbaren Sie also noch heute einen Termin mit unserem Kundendienst unter der Telefonnummer :<\/p>\n<p style=\"text-align: center\"><a href=\"tel:030 \/ 58 74 07 55 0\">030 \/ 58 74 07 55 0<\/a><\/p>\n<p><strong><em>Wenn Ihr Backofen Ihre Nahrungsmittel zu stark erhitzt k\u00f6nnte es an verschiedenen Fehlfunktionen liegen: <\/em><\/strong><\/p>\n<p>&#8211; Der Thermostat oder einer der Widerst\u00e4nde sind defekt<\/p>\n<p>&#8211; Der Umluftventilator oder ein Schalter ist ausser Betrieb<\/p>\n<p>&#8211; Die elektronische Karte ist besch\u00e4digt<\/p>\n<p>&#8211; Der Temperaturf\u00fchler ist defekt<\/p>\n<p>Halten Sie im Zuge einem R\u00fcckruf auf jeden Fall die anschlie\u00dfenden Informationen zu Ihrem Haushaltsger\u00e4t disponibel, denn damit kann eine einleitende Fehlerdiagnose schon am Telefon erstellt werden.<\/p>\n<p>Wichtige Fakten f\u00fcr unseren Reparaturservice:<\/p>\n<p>um welche Marke (Siemens, Miele, Bosch, Bauknecht, AEG, etc.) handelt es sich?<br \/>\nk\u00f6nnen Sie uns eine Fabrikationsnummer\/ Ger\u00e4tenummer nennen?<br \/>\nkurze Beschreibung der St\u00f6rung<br \/>\nName, Anschrift und Kontaktdaten<br \/>\nIhre Telefonnummer und Erreichbarkeit<br \/>\nAnhand diesen Informationen k\u00f6nnen wir den Defekt erstmalig einordnen und einen passgenauen Reparaturplan anlegen. Erforderliche Ersatzteile ebenso Besonderheiten lassen sich auf diese Weise kl\u00e4ren.<\/p>\n<p><strong>Der Backofen f\u00e4ngt an zu rauchen und schlecht zu riechen, was tun?<\/strong><\/p>\n<p>Wenn aus Ihrem Backofen ein unangenehmer Geruch entweicht, dann liegt es oft an Verschmutzung im inneren des Ger\u00e4tes. Auch die Dichtung der Ofent\u00fcr kann sich im Laufe des Jahres abnutzen und somit ist die Isolierung der Backkammer nicht mehr gew\u00e4hrleistet. Weitere Probleme k\u00f6nnen auftreten wenn der Thermostat defekt, nicht richtig eingestellt oder der Stromkreis Ihres Backofens besch\u00e4digt ist.<\/p>\n<p>Mit diesen ersten Hinweisen kann ein Defekt eingeordnet werden. Hiermit kann eine kompatible Reparatur geplant werden. Ebenfalls notwendigen Ersatzteilen wie gleichfalls Besonderheiten Ihres Ger\u00e4tes lassen sich auf diese Weise kl\u00e4ren.<\/p>\n<p>Wir freuen uns auf Ihre <a href=\"tel:030 \/ 55 46 32 05\">Telefonate<\/a> oder <a href=\"info@reparatur24.berlin\">E-Mails<\/a>. Ihr Kundendienst Reparaturen Berlin!<\/p>\n<p>Hier geht es weiter zu den Elektroherden![\/vc_column_text][vc_tta_accordion][vc_tta_section title=&#8220;Inhaltsbereich 1&#8243; tab_id=&#8220;1694075275832-02206614-2870&#8243;][vc_row_inner][vc_column_inner][\/vc_column_inner][\/vc_row_inner][vc_empty_space][\/vc_tta_section][vc_tta_section i_position=&#8220;right&#8220; add_icon=&#8220;true&#8220; title=&#8220;Was tun, wenn Ihr Backofen funktioniert nicht?&#8220; tab_id=&#8220;1694075275833-e0f10f1e-1be9&#8243;][vc_column_text]<span style=\"font-weight: 400\">Pr\u00fcfen Sie zuerst die Stromversorgung. Wenn der Backofen nicht mehr heizt k\u00f6nnten folgende Fehler die Ursache sein:<\/span><\/p>\n<ul>\n<li style=\"font-weight: 400\"><span style=\"font-weight: 400\">Das T\u00fcrschloss<\/span><\/li>\n<li style=\"font-weight: 400\"><span style=\"font-weight: 400\">Der einstellbare Thermostat<\/span><\/li>\n<li style=\"font-weight: 400\"><span style=\"font-weight: 400\">Der Temperaturf\u00fchler<\/span><\/li>\n<li style=\"font-weight: 400\"><span style=\"font-weight: 400\">Der Sicherheitsthermostat<\/span><\/li>\n<li style=\"font-weight: 400\"><span style=\"font-weight: 400\">Die Unterhitzewiderstand<\/span><\/li>\n<\/ul>\n<p>[\/vc_column_text][\/vc_tta_section][\/vc_tta_accordion][thememove_button text=&#8220;Elektroherd Reparaturen&#8220; link=&#8220;url:http%3A%2F%2Fwaschmaschinen-reparaturen.berlin%2Felektroherd-reparatur%2F|||&#8220;][\/vc_column][vc_column width=&#8220;1\/3&#8243;][vc_column_text]<\/p>\n<div class=\"wpb_text_column wpb_content_element \">\n<div class=\"wpb_wrapper\">\n<p class=\"p1\"><b>Sie finden uns hier:<\/b><\/p>\n<p class=\"p2\"><b>Kundendienst in Berlin &amp; Umland<\/b><br \/>\nBrandenburgische Stra\u00dfe 77<br \/>\n10713 Berlin<br \/>\nTelefon: <strong><span class=\"s1\">030 \/ 58 74 07 55 0<\/span><\/strong><\/p>\n<p class=\"p2\"><b>Unsere \u00d6ffnungszeiten:<\/b><br \/>\nMo \u2013 Fr: 07:00 \u2013 20:00 Uhr<br \/>\nSa: 10:00 \u2013 14:00 Uhr<\/p>\n<p class=\"p3\"><span class=\"s1\"><a href=\"https:\/\/reparatur24.berlin\/staging\/impressum\/\">Impressum<\/a><\/span><\/p>\n<p class=\"p1\"><b>\u00a0<\/b><\/p>\n<p class=\"p1\"><b>Wir reparieren:<\/b><\/p>\n<p class=\"p3\"><span class=\"s1\"><a href=\"https:\/\/reparatur24.berlin\/staging\/waschmaschinen-reparatur\/\">Waschmaschinen<\/a><\/span><\/p>\n<p class=\"p3\"><span class=\"s1\"><a href=\"https:\/\/reparatur24.berlin\/staging\/waeschetrockner-reparatur\/\">W\u00e4schetrockner<\/a><\/span><\/p>\n<p class=\"p3\"><span class=\"s1\"><a href=\"https:\/\/reparatur24.berlin\/staging\/waschtrockner-reparatur-berlin\/\">Waschtrockner<\/a><\/span><\/p>\n<p class=\"p3\"><span class=\"s1\"><a href=\"https:\/\/reparatur24.berlin\/staging\/geschirrspueler-reparatur\/\">Geschirrsp\u00fcler<\/a><\/span><\/p>\n<p class=\"p3\"><span class=\"s1\"><a href=\"https:\/\/reparatur24.berlin\/staging\/elektroherd-reparatur\/\">Elektroherde<\/a><\/span><\/p>\n<p class=\"p3\"><span class=\"s1\"><a href=\"https:\/\/reparatur24.berlin\/staging\/kaffeevollautomaten-reparatur-in-berlin\/\">Kaffeevollautomaten<\/a><\/span><\/p>\n<p class=\"p1\"><b>\u00a0<\/b><\/p>\n<p class=\"p1\"><b>Reparatur-Garantie:<\/b><\/p>\n<p class=\"p2\">Wir arbeiten gewissenhaft, kompetent und kosteng\u00fcnstig mit einer <b>Garantie von 24 Monaten<\/b>.<br \/>\nUnsere Kunden wissen das sehr zu sch\u00e4tzen.<\/p>\n<p class=\"p1\"><b>\u00a0<\/b><\/p>\n<p class=\"p1\"><b>Unsere Leistungen:<\/b><\/p>\n<ul class=\"ul1\">\n<li class=\"li2\">24 Stunden Notdienst<\/li>\n<li class=\"li2\">Reparaturen nach der Hersteller Garantiezeit<\/li>\n<li class=\"li2\">unsere Reparaturgarantie von 24 Monaten<\/li>\n<li class=\"li2\">Wartungsservice aller Art<\/li>\n<li class=\"li2\">Fachberatung f\u00fcr Qualit\u00e4tsware<\/li>\n<li class=\"li2\">Neukauf, wenn Reparatur unwirtschaftlich<\/li>\n<li class=\"li2\">Entsorgung von Altger\u00e4ten<\/li>\n<li class=\"li2\">Lieferung zu Ihnen nach Hause<\/li>\n<li class=\"li2\">Anschluss &amp; Installation<\/li>\n<li class=\"li2\">pers\u00f6nlicher Kundendienst<\/li>\n<\/ul>\n<p class=\"p1\"><b>\u00a0<\/b><\/p>\n<p class=\"p1\"><b>Zentrale Berlin &amp; Umland<\/b><\/p>\n<p class=\"p2\">Anfahrt &amp; Kostenvoranschlag 16 \u20ac<\/p>\n<\/div>\n<\/div>\n<p>[\/vc_column_text][thememove_button text=&#8220;Jetzt Anrufen&#8220; link=&#8220;url:tel%3A030%2F587407550|||&#8220;][\/vc_column][\/vc_row][vc_row][vc_column][vc_googleplus el_id=&#8220;https:\/\/www.google.de\/maps\/place\/EG+Gallas+Company+Reparatur\/@52.4879339,13.3179746,3a,75y,90t\/data=!3m8!1e2!3m6!1sAF1QipO2u-d3PT84SpiV-L5p0QrJX7qTmyhKMXm_tHl8!2e10!3e12!6shttps:%2F%2Flh5.googleusercontent.com%2Fp%2FAF1QipO2u-d3PT84SpiV-L5p0QrJX7qTmyhKMXm_tHl8%3Dw86-h86-k-no!7i1018!8i1018!4m5!3m4!1s0x47a851a935858931:0x788917c46653e2fa!8m2!3d52.4878312!4d13.317812&#8243;][vc_facebook type=&#8220;button_count&#8220; el_id=&#8220;https:\/\/www.facebook.com\/EGGallasCompanyUG\/?ref=bookmarks&#8220;][\/vc_column][\/vc_row][vc_row css=&#8220;.vc_custom_1443177632481{margin-bottom: 70px !important;}&#8220;][vc_column width=&#8220;1\/3&#8243;][vc_row_inner css=&#8220;.vc_custom_1443496397223{margin-bottom: -10px !important;}&#8220;][vc_column_inner el_class=&#8220;hot-line&#8220;][vc_column_text]<img loading=\"lazy\" decoding=\"async\" class=\"alignnone\" src=\"https:\/\/renovation.thememove.com\/data\/images\/contact-hot-line.jpg\" alt=\"\" width=\"370\" height=\"250\" \/>[\/vc_column_text][vc_column_text]<\/p>\n<h4>24\/7 HOTLINE<\/h4>\n<h4 class=\"p1\"><strong><span class=\"s1\">030 \/ 58 74 07 55 0<\/span><\/strong><\/h4>\n<p>[\/vc_column_text][\/vc_column_inner][\/vc_row_inner][vc_column_text]Wir sind von von Montag bis Samstag in der Zeit von 7 bis 22 Uhr f\u00fcr Sie erreichbar.<br \/>\nSenden Sie Ihre Anfrage bitte mit Hilfe des unten folgenden Formulars, oder rufen Sie uns ganz unkompliziert an!<br \/>\nNat\u00fcrlich k\u00f6nnen Sie uns auch gerne in unserem Laden in der Brandenburgische Stra\u00dfe 77, in 10713 Berlin-Wilmersdorf vorbeikommen.[\/vc_column_text][vc_row_inner css=&#8220;.vc_custom_1443177442599{margin-bottom: 20px !important;}&#8220; el_class=&#8220;call-us&#8220;][vc_column_inner width=&#8220;1\/6&#8243; offset=&#8220;vc_col-xs-2&#8243;][thememove_icon icon_fontawesome=&#8220;fa fa-phone&#8220; font_size=&#8220;18&#8243; font_color=&#8220;#111111&#8243;][\/vc_column_inner][vc_column_inner width=&#8220;5\/6&#8243; offset=&#8220;vc_col-xs-10&#8243;][vc_custom_heading text=&#8220;030 \/ 58 74 07 55 0&#8243; font_container=&#8220;tag:h2|font_size:20|text_align:left|color:%23111111&#8243; link=&#8220;url:tel%3A030%20%2F%2058%2074%2007%2055%200|||&#8220;][vc_custom_heading text=&#8220;info@reparatur24.berlin&#8220; font_container=&#8220;tag:p|font_size:14|text_align:left|color:%23111111&#8243; link=&#8220;url:http%3A%2F%2Finfo%40reparatur24.berlin||target:%20_blank|&#8220;][\/vc_column_inner][\/vc_row_inner][vc_row_inner el_class=&#8220;call-us&#8220;][vc_column_inner width=&#8220;1\/6&#8243; offset=&#8220;vc_col-xs-2&#8243;][thememove_icon icon_fontawesome=&#8220;fa fa-home&#8220; font_size=&#8220;18&#8243; font_color=&#8220;#111111&#8243;][\/vc_column_inner][vc_column_inner width=&#8220;5\/6&#8243; offset=&#8220;vc_col-xs-10&#8243;][vc_custom_heading text=&#8220;Brandenburgische Stra\u00dfe 77<br \/>\n10713 Berlin&#8220; font_container=&#8220;tag:p|font_size:14|text_align:left|color:%23111111&#8243;][\/vc_column_inner][\/vc_row_inner][\/vc_column][vc_column width=&#8220;2\/3&#8243;][contact-form-7 id=&#8220;5&#8243;][\/vc_column][\/vc_row][vc_row full_width=&#8220;stretch_row&#8220; el_class=&#8220;be-a-piece-of-us middle&#8220; css=&#8220;.vc_custom_1439191711650{margin-bottom: 0px !important;padding-top: 65px !important;padding-bottom: 68px !important;background-color: #eeeeee !important;}&#8220;][vc_column width=&#8220;1\/12&#8243; el_class=&#8220;center&#8220;][thememove_icon icon_fontawesome=&#8220;fa fa-users&#8220; font_size=&#8220;26&#8243; font_color=&#8220;#111111&#8243;][\/vc_column][vc_column width=&#8220;2\/3&#8243; el_class=&#8220;center-xs start-sm&#8220;][vc_custom_heading text=&#8220;Bewirb Dich heute und starte morgen.&#8220; font_container=&#8220;tag:h2|font_size:32|text_align:left|color:%231d2736&#8243; link=&#8220;url:http%3A%2F%2Freparatur24.berlin%2Fhaushalt%2Fjob-karriere%2F|||&#8220;][vc_column_text]Wir freuen uns, Dich in unserm Team begr\u00fc\u00dfen zu d\u00fcrfen, Werde Teil des Teams![\/vc_column_text][\/vc_column][vc_column width=&#8220;1\/4&#8243; el_class=&#8220;center&#8220;][\/vc_column][\/vc_row]<\/p>\n","protected":false},"excerpt":{"rendered":"<p>[vc_row][vc_column][thememove_button text=&#8220;Tel.: 030 \/ 58 74 07 55 0&#8243; link=&#8220;url:tel%3A030%20%2F%2058%2074%2007%2055%200|||&#8220;][vc_column_text] Backofen Reparatur Wir sind Ihr richtiger Ansprechpartner wenn Ihr Backofen nicht mehr wie gel\u00e4ufig funktioniert. Unsere Techniker sind ideal geschult und nehmen sich den Problemen Ihres Backofens, Elektroherdes und Kochbereiche fachgerecht und verantwortungsvoll an. Die Maschine wird w\u00e4hrend Ihnen daraufhin analysiert und schaffbare M\u00e4ngel und [&hellip;]<\/p>\n","protected":false},"author":1,"featured_media":0,"parent":0,"menu_order":0,"comment_status":"closed","ping_status":"closed","template":"","meta":{"_uag_custom_page_level_css":"","site-sidebar-layout":"no-sidebar","site-content-layout":"plain-container","ast-site-content-layout":"default","site-content-style":"default","site-sidebar-style":"default","ast-global-header-display":"","ast-banner-title-visibility":"","ast-main-header-display":"","ast-hfb-above-header-display":"","ast-hfb-below-header-display":"","ast-hfb-mobile-header-display":"","site-post-title":"disabled","ast-breadcrumbs-content":"","ast-featured-img":"disabled","footer-sml-layout":"","ast-disable-related-posts":"","theme-transparent-header-meta":"","adv-header-id-meta":"","stick-header-meta":"","header-above-stick-meta":"","header-main-stick-meta":"","header-below-stick-meta":"","astra-migrate-meta-layouts":"default","ast-page-background-enabled":"default","ast-page-background-meta":{"desktop":{"background-color":"","background-image":"","background-repeat":"repeat","background-position":"center center","background-size":"auto","background-attachment":"scroll","background-type":"","background-media":"","overlay-type":"","overlay-color":"","overlay-opacity":"","overlay-gradient":""},"tablet":{"background-color":"","background-image":"","background-repeat":"repeat","background-position":"center center","background-size":"auto","background-attachment":"scroll","background-type":"","background-media":"","overlay-type":"","overlay-color":"","overlay-opacity":"","overlay-gradient":""},"mobile":{"background-color":"","background-image":"","background-repeat":"repeat","background-position":"center center","background-size":"auto","background-attachment":"scroll","background-type":"","background-media":"","overlay-type":"","overlay-color":"","overlay-opacity":"","overlay-gradient":""}},"ast-content-background-meta":{"desktop":{"background-color":"var(--ast-global-color-5)","background-image":"","background-repeat":"repeat","background-position":"center center","background-size":"auto","background-attachment":"scroll","background-type":"","background-media":"","overlay-type":"","overlay-color":"","overlay-opacity":"","overlay-gradient":""},"tablet":{"background-color":"var(--ast-global-color-5)","background-image":"","background-repeat":"repeat","background-position":"center center","background-size":"auto","background-attachment":"scroll","background-type":"","background-media":"","overlay-type":"","overlay-color":"","overlay-opacity":"","overlay-gradient":""},"mobile":{"background-color":"var(--ast-global-color-5)","background-image":"","background-repeat":"repeat","background-position":"center center","background-size":"auto","background-attachment":"scroll","background-type":"","background-media":"","overlay-type":"","overlay-color":"","overlay-opacity":"","overlay-gradient":""}},"footnotes":""},"class_list":["post-2749","page","type-page","status-publish","hentry"],"uagb_featured_image_src":{"full":false,"thumbnail":false,"medium":false,"medium_large":false,"large":false,"1536x1536":false,"2048x2048":false},"uagb_author_info":{"display_name":"samir","author_link":"https:\/\/reparatur24.berlin\/staging\/author\/samir\/"},"uagb_comment_info":0,"uagb_excerpt":"[vc_row][vc_column][thememove_button text=&#8220;Tel.: 030 \/ 58 74 07 55 0&#8243; link=&#8220;url:tel%3A030%20%2F%2058%2074%2007%2055%200|||&#8220;][vc_column_text] Backofen Reparatur Wir sind Ihr richtiger Ansprechpartner wenn Ihr Backofen nicht mehr wie gel\u00e4ufig funktioniert. Unsere Techniker sind ideal geschult und nehmen sich den Problemen Ihres Backofens, Elektroherdes und Kochbereiche fachgerecht und verantwortungsvoll an. Die Maschine wird w\u00e4hrend Ihnen daraufhin analysiert und schaffbare M\u00e4ngel und&hellip;","_links":{"self":[{"href":"https:\/\/reparatur24.berlin\/staging\/wp-json\/wp\/v2\/pages\/2749","targetHints":{"allow":["GET"]}}],"collection":[{"href":"https:\/\/reparatur24.berlin\/staging\/wp-json\/wp\/v2\/pages"}],"about":[{"href":"https:\/\/reparatur24.berlin\/staging\/wp-json\/wp\/v2\/types\/page"}],"author":[{"embeddable":true,"href":"https:\/\/reparatur24.berlin\/staging\/wp-json\/wp\/v2\/users\/1"}],"replies":[{"embeddable":true,"href":"https:\/\/reparatur24.berlin\/staging\/wp-json\/wp\/v2\/comments?post=2749"}],"version-history":[{"count":1,"href":"https:\/\/reparatur24.berlin\/staging\/wp-json\/wp\/v2\/pages\/2749\/revisions"}],"predecessor-version":[{"id":10231,"href":"https:\/\/reparatur24.berlin\/staging\/wp-json\/wp\/v2\/pages\/2749\/revisions\/10231"}],"wp:attachment":[{"href":"https:\/\/reparatur24.berlin\/staging\/wp-json\/wp\/v2\/media?parent=2749"}],"curies":[{"name":"wp","href":"https:\/\/api.w.org\/{rel}","templated":true}]}}